{"id":1319,"date":"2024-11-04T16:14:17","date_gmt":"2024-11-04T18:14:17","guid":{"rendered":"https:\/\/sites.usp.br\/boletimoipp\/?page_id=1319"},"modified":"2024-11-04T16:30:38","modified_gmt":"2024-11-04T18:30:38","slug":"julho-e-agosto-de-2024","status":"publish","type":"page","link":"https:\/\/sites.usp.br\/boletimoipp\/julho-e-agosto-de-2024\/","title":{"rendered":"Julho e Agosto de 2024"},"content":{"rendered":"<p><a href=\"https:\/\/sites.usp.br\/boletimoipp\/wp-content\/uploads\/sites\/823\/2024\/10\/Boletim_OIPP_julho_agosto_2024.pdf\" target=\"_blank\" rel=\"noopener\"><img loading=\"lazy\" decoding=\"async\" class=\"alignnone wp-image-1307 size-medium\" src=\"https:\/\/sites.usp.br\/boletimoipp\/wp-content\/uploads\/sites\/823\/2024\/10\/capa-213x300.png\" alt=\"\" width=\"213\" height=\"300\" srcset=\"https:\/\/sites.usp.br\/boletimoipp\/wp-content\/uploads\/sites\/823\/2024\/10\/capa-213x300.png 213w, https:\/\/sites.usp.br\/boletimoipp\/wp-content\/uploads\/sites\/823\/2024\/10\/capa-400x564.png 400w, https:\/\/sites.usp.br\/boletimoipp\/wp-content\/uploads\/sites\/823\/2024\/10\/capa.png 567w\" sizes=\"auto, (max-width: 213px) 100vw, 213px\" \/><\/a><\/p>\n<p>Publicado em 04\/10\/2024<\/p>\n<hr \/>\n<p><span style=\"color: #333333;\"><a style=\"color: #333333;\" href=\"https:\/\/sites.usp.br\/boletimoipp\/wp-content\/uploads\/sites\/823\/2024\/10\/Queiroz_julho_agosto_2024.pdf\" target=\"_blank\" rel=\"noopener\">Capacidades estatais locais na implementa\u00e7\u00e3o de pol\u00edticas culturais: o caso da Lei Aldir Blanc<\/a><\/span><\/p>\n<p><span style=\"color: #999999;\">Violeta Pereira de Queiroz<\/span><\/p>\n<p><span style=\"color: #333333;\"><a style=\"color: #333333;\" href=\"https:\/\/sites.usp.br\/boletimoipp\/wp-content\/uploads\/sites\/823\/2024\/10\/Reis_Netto_julho_agosto_2024.pdf\" target=\"_blank\" rel=\"noopener\">Intera\u00e7\u00f5es socioestatais e mudan\u00e7a institucional no Programa de Valoriza\u00e7\u00e3o de Iniciativas Culturais \u2013 VAI<\/a><\/span><\/p>\n<p><span style=\"color: #999999;\">Vanessa Freitas dos Reis e Jos\u00e9 Ver\u00edssimo Rom\u00e3o Neto<\/span><\/p>\n<p><span style=\"color: #333333;\"><a style=\"color: #333333;\" href=\"https:\/\/sites.usp.br\/boletimoipp\/wp-content\/uploads\/sites\/823\/2024\/10\/Sertorio_julho_agosto_2024.pdf\" target=\"_blank\" rel=\"noopener\">Saneamento b\u00e1sico e o modelo de coaliz\u00f5es de defesa: notas sobre o caso ARES-PCJ<\/a><\/span><\/p>\n<p><span style=\"color: #999999;\">Danilo Madjarof Sertorio<\/span><\/p>\n<p>&nbsp;<\/p>\n","protected":false},"excerpt":{"rendered":"<p>Publicado em 04\/10\/2024 Capacidades estatais locais na implementa\u00e7\u00e3o de pol\u00edticas culturais: o caso da Lei Aldir Blanc Violeta Pereira de Queiroz Intera\u00e7\u00f5es socioestatais e mudan\u00e7a institucional no Programa de Valoriza\u00e7\u00e3o de Iniciativas Culturais \u2013 VAI Vanessa Freitas dos Reis e Jos\u00e9 Ver\u00edssimo Rom\u00e3o Neto Saneamento b\u00e1sico e o modelo de coaliz\u00f5es de defesa: notas sobre [&hellip;]<\/p>\n","protected":false},"author":22000,"featured_media":0,"parent":0,"menu_order":0,"comment_status":"closed","ping_status":"closed","template":"","meta":{"_monsterinsights_skip_tracking":false,"_monsterinsights_sitenote_active":false,"_monsterinsights_sitenote_note":"","_monsterinsights_sitenote_category":0,"footnotes":"","_links_to":"","_links_to_target":""},"class_list":["post-1319","page","type-page","status-publish","hentry"],"_links":{"self":[{"href":"https:\/\/sites.usp.br\/boletimoipp\/wp-json\/wp\/v2\/pages\/1319","targetHints":{"allow":["GET"]}}],"collection":[{"href":"https:\/\/sites.usp.br\/boletimoipp\/wp-json\/wp\/v2\/pages"}],"about":[{"href":"https:\/\/sites.usp.br\/boletimoipp\/wp-json\/wp\/v2\/types\/page"}],"author":[{"embeddable":true,"href":"https:\/\/sites.usp.br\/boletimoipp\/wp-json\/wp\/v2\/users\/22000"}],"replies":[{"embeddable":true,"href":"https:\/\/sites.usp.br\/boletimoipp\/wp-json\/wp\/v2\/comments?post=1319"}],"version-history":[{"count":3,"href":"https:\/\/sites.usp.br\/boletimoipp\/wp-json\/wp\/v2\/pages\/1319\/revisions"}],"predecessor-version":[{"id":1334,"href":"https:\/\/sites.usp.br\/boletimoipp\/wp-json\/wp\/v2\/pages\/1319\/revisions\/1334"}],"wp:attachment":[{"href":"https:\/\/sites.usp.br\/boletimoipp\/wp-json\/wp\/v2\/media?parent=1319"}],"curies":[{"name":"wp","href":"https:\/\/api.w.org\/{rel}","templated":true}]}}