{"id":1340,"date":"2024-12-18T16:19:41","date_gmt":"2024-12-18T18:19:41","guid":{"rendered":"https:\/\/sites.usp.br\/boletimoipp\/?page_id=1340"},"modified":"2024-12-18T16:35:18","modified_gmt":"2024-12-18T18:35:18","slug":"setembro-e-outubro-de-2024","status":"publish","type":"page","link":"https:\/\/sites.usp.br\/boletimoipp\/setembro-e-outubro-de-2024\/","title":{"rendered":"Setembro e Outubro de 2024"},"content":{"rendered":"<p><a href=\"https:\/\/sites.usp.br\/boletimoipp\/wp-content\/uploads\/sites\/823\/2024\/11\/Boletim_OIPP_setembro_outubro_2024.pdf\" target=\"_blank\" rel=\"noopener\"><img loading=\"lazy\" decoding=\"async\" class=\"alignnone wp-image-1327 size-medium\" src=\"https:\/\/sites.usp.br\/boletimoipp\/wp-content\/uploads\/sites\/823\/2024\/11\/capa-213x300.jpg\" alt=\"\" width=\"213\" height=\"300\" srcset=\"https:\/\/sites.usp.br\/boletimoipp\/wp-content\/uploads\/sites\/823\/2024\/11\/capa-213x300.jpg 213w, https:\/\/sites.usp.br\/boletimoipp\/wp-content\/uploads\/sites\/823\/2024\/11\/capa-400x564.jpg 400w, https:\/\/sites.usp.br\/boletimoipp\/wp-content\/uploads\/sites\/823\/2024\/11\/capa.jpg 566w\" sizes=\"auto, (max-width: 213px) 100vw, 213px\" \/><\/a><\/p>\n<p>Publicado em 04\/11\/2024<\/p>\n<hr \/>\n<p><span style=\"color: #000000;\"><a style=\"color: #000000;\" href=\"https:\/\/sites.usp.br\/boletimoipp\/wp-content\/uploads\/sites\/823\/2024\/11\/Ribeiro_Oliveira_set_out_2024.pdf\" target=\"_blank\" rel=\"noopener\">Popularidade Digital e Sucesso Eleitoral: a influ\u00eancia do N\u00famero de Seguidores no Instagram nas Elei\u00e7\u00f5es para C\u00e2maras Municipais em 2024<\/a><\/span><\/p>\n<p><span style=\"color: #999999;\">M\u00e1rcio Moretto Ribeiro, Vinicius Cordeiro de Oliveira<\/span><\/p>\n<p><a href=\"https:\/\/sites.usp.br\/boletimoipp\/wp-content\/uploads\/sites\/823\/2024\/11\/Fuziger_Rizzi_Silva_set_out_2024.pdf\" target=\"_blank\" rel=\"noopener\"><span style=\"color: #000000;\">Considera\u00e7\u00f5es acerca do Projeto de Lei Federal n\u00ba 3.135\/2020 -Criminaliza\u00e7\u00e3o da pr\u00e1tica de discrimina\u00e7\u00e3o em decorr\u00eancia de aporofobia<\/span><\/a><\/p>\n<p><span style=\"color: #999999;\">Rodrigo Jos\u00e9 Fuziger, Ester Gammardella Rizzi, Douglas Henrique Santos da Silva<\/span><\/p>\n<p><span style=\"color: #000000;\"><a style=\"color: #000000;\" href=\"https:\/\/sites.usp.br\/boletimoipp\/wp-content\/uploads\/sites\/823\/2024\/11\/Salge_Bichir_set_out_2024.pdf\" target=\"_blank\" rel=\"noopener\">Considera\u00e7\u00f5es preliminares sobre a difus\u00e3o federativa da seguran\u00e7a cidad\u00e3 brasileira <\/a>\u00a0<\/span><\/p>\n<p><span style=\"color: #999999;\">Jo\u00e3o Victor Santos Salge, Renata Bichir<\/span><\/p>\n<p><span style=\"color: #000000;\"><a style=\"color: #000000;\" href=\"https:\/\/sites.usp.br\/boletimoipp\/wp-content\/uploads\/sites\/823\/2024\/11\/Rocha_Lucchesi_set_out_2024.pdf\" target=\"_blank\" rel=\"noopener\">The budgetary process through the instrumentation perspective: an opportunity for comparison in implementation studies<\/a><\/span><\/p>\n<p><span style=\"color: #999999;\">Felipe Novaes da Rocha, Andrea Lucchesi<\/span><\/p>\n<p>&nbsp;<\/p>\n<p>&nbsp;<\/p>\n<p>&nbsp;<\/p>\n","protected":false},"excerpt":{"rendered":"<p>Publicado em 04\/11\/2024 Popularidade Digital e Sucesso Eleitoral: a influ\u00eancia do N\u00famero de Seguidores no Instagram nas Elei\u00e7\u00f5es para C\u00e2maras Municipais em 2024 M\u00e1rcio Moretto Ribeiro, Vinicius Cordeiro de Oliveira Considera\u00e7\u00f5es acerca do Projeto de Lei Federal n\u00ba 3.135\/2020 -Criminaliza\u00e7\u00e3o da pr\u00e1tica de discrimina\u00e7\u00e3o em decorr\u00eancia de aporofobia Rodrigo Jos\u00e9 Fuziger, Ester Gammardella Rizzi, Douglas [&hellip;]<\/p>\n","protected":false},"author":22000,"featured_media":0,"parent":0,"menu_order":0,"comment_status":"closed","ping_status":"closed","template":"","meta":{"_monsterinsights_skip_tracking":false,"_monsterinsights_sitenote_active":false,"_monsterinsights_sitenote_note":"","_monsterinsights_sitenote_category":0,"footnotes":"","_links_to":"","_links_to_target":""},"class_list":["post-1340","page","type-page","status-publish","hentry"],"_links":{"self":[{"href":"https:\/\/sites.usp.br\/boletimoipp\/wp-json\/wp\/v2\/pages\/1340","targetHints":{"allow":["GET"]}}],"collection":[{"href":"https:\/\/sites.usp.br\/boletimoipp\/wp-json\/wp\/v2\/pages"}],"about":[{"href":"https:\/\/sites.usp.br\/boletimoipp\/wp-json\/wp\/v2\/types\/page"}],"author":[{"embeddable":true,"href":"https:\/\/sites.usp.br\/boletimoipp\/wp-json\/wp\/v2\/users\/22000"}],"replies":[{"embeddable":true,"href":"https:\/\/sites.usp.br\/boletimoipp\/wp-json\/wp\/v2\/comments?post=1340"}],"version-history":[{"count":4,"href":"https:\/\/sites.usp.br\/boletimoipp\/wp-json\/wp\/v2\/pages\/1340\/revisions"}],"predecessor-version":[{"id":1353,"href":"https:\/\/sites.usp.br\/boletimoipp\/wp-json\/wp\/v2\/pages\/1340\/revisions\/1353"}],"wp:attachment":[{"href":"https:\/\/sites.usp.br\/boletimoipp\/wp-json\/wp\/v2\/media?parent=1340"}],"curies":[{"name":"wp","href":"https:\/\/api.w.org\/{rel}","templated":true}]}}