{"id":136,"date":"2020-09-23T12:01:40","date_gmt":"2020-09-23T14:01:40","guid":{"rendered":"https:\/\/sites.usp.br\/boletimoipp\/?page_id=136"},"modified":"2020-10-06T11:49:42","modified_gmt":"2020-10-06T13:49:42","slug":"submissoes","status":"publish","type":"page","link":"https:\/\/sites.usp.br\/boletimoipp\/submissoes\/","title":{"rendered":"Regras de Submiss\u00e3o"},"content":{"rendered":"<p>O Boletim de Pol\u00edticas P\u00fablicas do OIPP tem periodicidade mensal e recebe artigos acad\u00eamicos curtos para ampla divulga\u00e7\u00e3o entre acad\u00eamicos e profissionais do Campo de P\u00fablicas no Brasil. Os artigos podem ser resumos de resultados de pesquisa, an\u00e1lise de conjuntura, resenhas de livros, estudos de caso, em linguagem destinada a fomentar o debate sobre pol\u00edticas p\u00fablicas e gest\u00e3o governamental. Apresenta\u00e7\u00e3o de resultados de inicia\u00e7\u00e3o cient\u00edfica e monografia tamb\u00e9m s\u00e3o bem-vindos.<\/p>\n<p>Os artigos devem ser encaminhados para o email &#8220;boletimoipp@gmail.com&#8221;.<\/p>\n<p>Abaixo apresentamos as regras de submiss\u00e3o do Boletim de Pol\u00edticas P\u00fablicas:<\/p>\n<p>a. O Boletim de Pol\u00edticas P\u00fablicas do OIPP aceitar\u00e1 artigos de at\u00e9 10 mil caracteres (com espa\u00e7o), considerando todos os elementos do texto (gr\u00e1ficos, tabelas e refer\u00eancias bibliogr\u00e1ficas).<\/p>\n<p>b. Os artigos devem ser enviados com o(s) nome(s) dos(as) autores(as) e filia\u00e7\u00e3o institucional.<\/p>\n<p>c. O comit\u00ea editorial do Boletim de Pol\u00edticas P\u00fablicas do OIPP reserva-se o direito de decidir sobre a aceita\u00e7\u00e3o do artigo.<\/p>\n<p>d. O Boletim de Pol\u00edticas P\u00fablicas do OIPP publicar\u00e1 um n\u00famero limitado de artigos por n\u00famero. Artigos aceitos n\u00e3o necessariamente ser\u00e3o publicados no m\u00eas de envio, podendo sair em n\u00fameros posteriores.<\/p>\n<p>e. Artigos que s\u00e3o produto de pesquisa em n\u00edvel de gradua\u00e7\u00e3o devem ser submetidos em coautoria com docente.<\/p>\n<p>f. O Boletim de Pol\u00edticas P\u00fablicas do OIPP aceitar\u00e1 artigos em fluxo cont\u00ednuo.<\/p>\n<p>g. N\u00e3o haver\u00e1 qualquer tipo de remunera\u00e7\u00e3o para os autores dos artigos.<\/p>\n<p>h. Ser\u00e3o aceitos artigos em portugu\u00eas, ingl\u00eas e espanhol.<\/p>\n<p>i. Os artigos em portugu\u00eas devem seguir padr\u00e3o ABNT.<\/p>\n<p>j. As refer\u00eancias bibliogr\u00e1ficas devem ser inseridas ao final do texto no padr\u00e3o ABNT e devem listar apenar as obras citadas no texto.<\/p>\n<p>k. Os artigos devem ser enviados em formato eletr\u00f4nico .doc, fonte Times New Roman, tamanho 12, espa\u00e7amento entre linhas de 1,5.<\/p>\n","protected":false},"excerpt":{"rendered":"<p>O Boletim de Pol\u00edticas P\u00fablicas do OIPP tem periodicidade mensal e recebe artigos acad\u00eamicos curtos para ampla divulga\u00e7\u00e3o entre acad\u00eamicos e profissionais do Campo de P\u00fablicas no Brasil. Os artigos podem ser resumos de resultados de pesquisa, an\u00e1lise de conjuntura, resenhas de livros, estudos de caso, em linguagem destinada a fomentar o debate sobre pol\u00edticas [&hellip;]<\/p>\n","protected":false},"author":22000,"featured_media":0,"parent":0,"menu_order":0,"comment_status":"closed","ping_status":"closed","template":"","meta":{"_monsterinsights_skip_tracking":false,"_monsterinsights_sitenote_active":false,"_monsterinsights_sitenote_note":"","_monsterinsights_sitenote_category":0,"footnotes":"","_links_to":"","_links_to_target":""},"class_list":["post-136","page","type-page","status-publish","hentry"],"_links":{"self":[{"href":"https:\/\/sites.usp.br\/boletimoipp\/wp-json\/wp\/v2\/pages\/136","targetHints":{"allow":["GET"]}}],"collection":[{"href":"https:\/\/sites.usp.br\/boletimoipp\/wp-json\/wp\/v2\/pages"}],"about":[{"href":"https:\/\/sites.usp.br\/boletimoipp\/wp-json\/wp\/v2\/types\/page"}],"author":[{"embeddable":true,"href":"https:\/\/sites.usp.br\/boletimoipp\/wp-json\/wp\/v2\/users\/22000"}],"replies":[{"embeddable":true,"href":"https:\/\/sites.usp.br\/boletimoipp\/wp-json\/wp\/v2\/comments?post=136"}],"version-history":[{"count":4,"href":"https:\/\/sites.usp.br\/boletimoipp\/wp-json\/wp\/v2\/pages\/136\/revisions"}],"predecessor-version":[{"id":359,"href":"https:\/\/sites.usp.br\/boletimoipp\/wp-json\/wp\/v2\/pages\/136\/revisions\/359"}],"wp:attachment":[{"href":"https:\/\/sites.usp.br\/boletimoipp\/wp-json\/wp\/v2\/media?parent=136"}],"curies":[{"name":"wp","href":"https:\/\/api.w.org\/{rel}","templated":true}]}}