{"id":1362,"date":"2025-05-15T13:05:30","date_gmt":"2025-05-15T15:05:30","guid":{"rendered":"https:\/\/sites.usp.br\/boletimoipp\/?page_id=1362"},"modified":"2025-05-15T13:05:30","modified_gmt":"2025-05-15T15:05:30","slug":"novembro-e-dezembro-de-2024","status":"publish","type":"page","link":"https:\/\/sites.usp.br\/boletimoipp\/novembro-e-dezembro-de-2024\/","title":{"rendered":"Novembro e Dezembro de 2024"},"content":{"rendered":"<p><a href=\"https:\/\/sites.usp.br\/boletimoipp\/wp-content\/uploads\/sites\/823\/2024\/12\/Boletim_OIPP_novembro_dezembro_2024.pdf\" target=\"_blank\" rel=\"noopener\"><img loading=\"lazy\" decoding=\"async\" class=\"alignnone wp-image-1343 size-medium\" src=\"https:\/\/sites.usp.br\/boletimoipp\/wp-content\/uploads\/sites\/823\/2024\/12\/capa-213x300.jpg\" alt=\"\" width=\"213\" height=\"300\" srcset=\"https:\/\/sites.usp.br\/boletimoipp\/wp-content\/uploads\/sites\/823\/2024\/12\/capa-213x300.jpg 213w, https:\/\/sites.usp.br\/boletimoipp\/wp-content\/uploads\/sites\/823\/2024\/12\/capa-400x564.jpg 400w, https:\/\/sites.usp.br\/boletimoipp\/wp-content\/uploads\/sites\/823\/2024\/12\/capa.jpg 565w\" sizes=\"auto, (max-width: 213px) 100vw, 213px\" \/><\/a><\/p>\n<p>Publicado em 18\/12\/2024<\/p>\n<hr \/>\n<p><a href=\"https:\/\/sites.usp.br\/boletimoipp\/wp-content\/uploads\/sites\/823\/2024\/12\/Seide_nov_dez_2024.pdf\" target=\"_blank\" rel=\"noopener\"><span style=\"color: #000000;\">Estudo de Caso: Analisando o Processo de Implementa\u00e7\u00e3o do Or\u00e7amento Participativo em Angola<\/span><\/a><\/p>\n<p><span style=\"color: #999999;\">Mafudje Seide<\/span><\/p>\n<p><span style=\"color: #000000;\"><a style=\"color: #000000;\" href=\"https:\/\/sites.usp.br\/boletimoipp\/wp-content\/uploads\/sites\/823\/2024\/12\/Koffi_nov_dez_2024.pdf\" target=\"_blank\" rel=\"noopener\">As Influ\u00eancias Culturais do Neocolonialismo na Costa do Marfim sob o Governo de F\u00e9lix Houphou\u00ebt-Boigny (1960-1993)<\/a><\/span><\/p>\n<p><span style=\"color: #999999;\">Yao Jean-Pierre Koffi<\/span><\/p>\n<p><a href=\"https:\/\/sites.usp.br\/boletimoipp\/wp-content\/uploads\/sites\/823\/2024\/12\/Lima_Peres_nov_dez_2024.pdf\" target=\"_blank\" rel=\"noopener\"><span style=\"color: #000000;\">Pol\u00edtica p\u00fablica or\u00e7ament\u00e1ria sens\u00edvel a g\u00eanero e ra\u00e7a: desafios e perspectivas<\/span><\/a><\/p>\n<p><span style=\"color: #999999;\">Beatriz Akinyele Ribeiro Lima, \u00darsula Dias Peres<\/span><\/p>\n","protected":false},"excerpt":{"rendered":"<p>Publicado em 18\/12\/2024 Estudo de Caso: Analisando o Processo de Implementa\u00e7\u00e3o do Or\u00e7amento Participativo em Angola Mafudje Seide As Influ\u00eancias Culturais do Neocolonialismo na Costa do Marfim sob o Governo de F\u00e9lix Houphou\u00ebt-Boigny (1960-1993) Yao Jean-Pierre Koffi Pol\u00edtica p\u00fablica or\u00e7ament\u00e1ria sens\u00edvel a g\u00eanero e ra\u00e7a: desafios e perspectivas Beatriz Akinyele Ribeiro Lima, \u00darsula Dias Peres<\/p>\n","protected":false},"author":22000,"featured_media":0,"parent":0,"menu_order":0,"comment_status":"closed","ping_status":"closed","template":"","meta":{"_monsterinsights_skip_tracking":false,"_monsterinsights_sitenote_active":false,"_monsterinsights_sitenote_note":"","_monsterinsights_sitenote_category":0,"footnotes":"","_links_to":"","_links_to_target":""},"class_list":["post-1362","page","type-page","status-publish","hentry"],"_links":{"self":[{"href":"https:\/\/sites.usp.br\/boletimoipp\/wp-json\/wp\/v2\/pages\/1362","targetHints":{"allow":["GET"]}}],"collection":[{"href":"https:\/\/sites.usp.br\/boletimoipp\/wp-json\/wp\/v2\/pages"}],"about":[{"href":"https:\/\/sites.usp.br\/boletimoipp\/wp-json\/wp\/v2\/types\/page"}],"author":[{"embeddable":true,"href":"https:\/\/sites.usp.br\/boletimoipp\/wp-json\/wp\/v2\/users\/22000"}],"replies":[{"embeddable":true,"href":"https:\/\/sites.usp.br\/boletimoipp\/wp-json\/wp\/v2\/comments?post=1362"}],"version-history":[{"count":1,"href":"https:\/\/sites.usp.br\/boletimoipp\/wp-json\/wp\/v2\/pages\/1362\/revisions"}],"predecessor-version":[{"id":1363,"href":"https:\/\/sites.usp.br\/boletimoipp\/wp-json\/wp\/v2\/pages\/1362\/revisions\/1363"}],"wp:attachment":[{"href":"https:\/\/sites.usp.br\/boletimoipp\/wp-json\/wp\/v2\/media?parent=1362"}],"curies":[{"name":"wp","href":"https:\/\/api.w.org\/{rel}","templated":true}]}}