{"id":169,"date":"2020-09-23T14:51:22","date_gmt":"2020-09-23T16:51:22","guid":{"rendered":"https:\/\/sites.usp.br\/boletimoipp\/?page_id=169"},"modified":"2021-11-30T14:59:36","modified_gmt":"2021-11-30T16:59:36","slug":"edicao-de-junho-de-2020","status":"publish","type":"page","link":"https:\/\/sites.usp.br\/boletimoipp\/edicao-de-junho-de-2020\/","title":{"rendered":"Junho de 2020"},"content":{"rendered":"<h6><a href=\"https:\/\/sites.usp.br\/boletimoipp\/wp-content\/uploads\/sites\/823\/2021\/11\/Boletim_OIPP_junho_2020_com-ISSN.pdf\" target=\"_blank\" rel=\"noopener\"><img loading=\"lazy\" decoding=\"async\" class=\"alignnone wp-image-170 size-medium\" src=\"https:\/\/sites.usp.br\/boletimoipp\/wp-content\/uploads\/sites\/823\/2020\/09\/junho_2020-213x300.jpg\" alt=\"\" width=\"213\" height=\"300\" srcset=\"https:\/\/sites.usp.br\/boletimoipp\/wp-content\/uploads\/sites\/823\/2020\/09\/junho_2020-213x300.jpg 213w, https:\/\/sites.usp.br\/boletimoipp\/wp-content\/uploads\/sites\/823\/2020\/09\/junho_2020-400x564.jpg 400w, https:\/\/sites.usp.br\/boletimoipp\/wp-content\/uploads\/sites\/823\/2020\/09\/junho_2020.jpg 567w\" sizes=\"auto, (max-width: 213px) 100vw, 213px\" \/><\/a><\/h6>\n<p>Publicado: 30\/06\/2020<\/p>\n<hr \/>\n<h6><strong><span style=\"color: #000000;\">Artigos<\/span><\/strong><\/h6>\n<p><strong>An\u00e1lise de Conjuntura<\/strong><\/p>\n<p><span style=\"color: #000000;\"><a style=\"color: #000000;\" href=\"https:\/\/sites.usp.br\/boletimoipp\/wp-content\/uploads\/sites\/823\/2020\/09\/Andr\u00e9_Mountian_et_al_2020.pdf\" target=\"_blank\" rel=\"noopener noreferrer\">Situa\u00e7\u00e3o do mercado de trabalho e dos indicadores de sa\u00fade com os dados da PNAD COVID-19<\/a><\/span><\/p>\n<p><span style=\"color: #999999;\">Andr\u00e9 Gal Mountian, Bruno Augusto de Oliveira Garcia, Jo\u00e3o Marcus Pereira Rodrigues, Let\u00edcia Figueiredo Collado, Marcelo Nakamura Saito<\/span><\/p>\n<p><strong>Pesquisas em Pol\u00edticas P\u00fablicas<\/strong><\/p>\n<p><span style=\"color: #000000;\"><a style=\"color: #000000;\" href=\"https:\/\/sites.usp.br\/boletimoipp\/wp-content\/uploads\/sites\/823\/2020\/09\/Silva_el_al_2020.pdf\" target=\"_blank\" rel=\"noopener noreferrer\">Fundeb em Foco<\/a><\/span><\/p>\n<p><span style=\"color: #999999;\">Ergon Cugler de Moraes Silva, Giovanna Louren\u00e7\u00e3o Macedo, Guilherme Silva Lamana Camargo, Jhonatan Ferreira Alencar, Maria Carolina Santana de Barros, Marina Bergstrom Paredes, Pamela Quevedo Joia Duarte da Costa e Vict\u00f3ria Helena Craveiro Marcondes, Jos\u00e9 Carlos Vaz<\/span><\/p>\n<p><strong><span style=\"color: black;\">Sociedade, Pol\u00edticas P\u00fablicas e Gest\u00e3o Governamental<\/span><\/strong><\/p>\n<p><span style=\"color: #000000;\"><a style=\"color: #000000;\" href=\"https:\/\/sites.usp.br\/boletimoipp\/wp-content\/uploads\/sites\/823\/2020\/09\/Souza_et_al_2020.pdf\" target=\"_blank\" rel=\"noopener noreferrer\">\u201cCaixa de Ferramentas\u201d e Pol\u00edticas P\u00fablicas: muito al\u00e9m da ideia do ciclo<\/a><\/span><\/p>\n<p><span style=\"color: #999999;\">Carlos Henrique F. de Souza, Cristiane Kerches da Silva Leite, Giovanna Louren\u00e7\u00e3o Macedo<\/span><\/p>\n<p><span style=\"color: #000000;\"><a style=\"color: #000000;\" href=\"https:\/\/sites.usp.br\/boletimoipp\/wp-content\/uploads\/sites\/823\/2020\/09\/Ribeiro_2020.pdf\" target=\"_blank\" rel=\"noopener noreferrer\">Bolsonarismo, isolamento social e constitui\u00e7\u00e3o da esfera p\u00fablica<\/a><\/span><\/p>\n<p><span style=\"color: #999999;\">Marcio Moretto Ribeiro<\/span><\/p>\n<p>&nbsp;<\/p>\n","protected":false},"excerpt":{"rendered":"<p>Publicado: 30\/06\/2020 Artigos An\u00e1lise de Conjuntura Situa\u00e7\u00e3o do mercado de trabalho e dos indicadores de sa\u00fade com os dados da PNAD COVID-19 Andr\u00e9 Gal Mountian, Bruno Augusto de Oliveira Garcia, Jo\u00e3o Marcus Pereira Rodrigues, Let\u00edcia Figueiredo Collado, Marcelo Nakamura Saito Pesquisas em Pol\u00edticas P\u00fablicas Fundeb em Foco Ergon Cugler de Moraes Silva, Giovanna Louren\u00e7\u00e3o Macedo, [&hellip;]<\/p>\n","protected":false},"author":22000,"featured_media":0,"parent":0,"menu_order":0,"comment_status":"closed","ping_status":"closed","template":"","meta":{"_monsterinsights_skip_tracking":false,"_monsterinsights_sitenote_active":false,"_monsterinsights_sitenote_note":"","_monsterinsights_sitenote_category":0,"footnotes":"","_links_to":"","_links_to_target":""},"class_list":["post-169","page","type-page","status-publish","hentry"],"_links":{"self":[{"href":"https:\/\/sites.usp.br\/boletimoipp\/wp-json\/wp\/v2\/pages\/169","targetHints":{"allow":["GET"]}}],"collection":[{"href":"https:\/\/sites.usp.br\/boletimoipp\/wp-json\/wp\/v2\/pages"}],"about":[{"href":"https:\/\/sites.usp.br\/boletimoipp\/wp-json\/wp\/v2\/types\/page"}],"author":[{"embeddable":true,"href":"https:\/\/sites.usp.br\/boletimoipp\/wp-json\/wp\/v2\/users\/22000"}],"replies":[{"embeddable":true,"href":"https:\/\/sites.usp.br\/boletimoipp\/wp-json\/wp\/v2\/comments?post=169"}],"version-history":[{"count":6,"href":"https:\/\/sites.usp.br\/boletimoipp\/wp-json\/wp\/v2\/pages\/169\/revisions"}],"predecessor-version":[{"id":840,"href":"https:\/\/sites.usp.br\/boletimoipp\/wp-json\/wp\/v2\/pages\/169\/revisions\/840"}],"wp:attachment":[{"href":"https:\/\/sites.usp.br\/boletimoipp\/wp-json\/wp\/v2\/media?parent=169"}],"curies":[{"name":"wp","href":"https:\/\/api.w.org\/{rel}","templated":true}]}}