{"id":244,"date":"2020-09-26T01:46:07","date_gmt":"2020-09-26T03:46:07","guid":{"rendered":"https:\/\/sites.usp.br\/boletimoipp\/?page_id=244"},"modified":"2021-11-30T14:36:54","modified_gmt":"2021-11-30T16:36:54","slug":"edicao-de-julho-de-2020","status":"publish","type":"page","link":"https:\/\/sites.usp.br\/boletimoipp\/edicao-de-julho-de-2020\/","title":{"rendered":"Julho de 2020"},"content":{"rendered":"<p><a href=\"https:\/\/sites.usp.br\/boletimoipp\/wp-content\/uploads\/sites\/823\/2021\/11\/Boletim_OIPP_julho_2020_com-ISSN.pdf\" target=\"_blank\" rel=\"noopener\"><img loading=\"lazy\" decoding=\"async\" class=\"alignnone wp-image-246 size-medium\" src=\"https:\/\/sites.usp.br\/boletimoipp\/wp-content\/uploads\/sites\/823\/2020\/09\/julho_2020-1-213x300.jpg\" alt=\"\" width=\"213\" height=\"300\" srcset=\"https:\/\/sites.usp.br\/boletimoipp\/wp-content\/uploads\/sites\/823\/2020\/09\/julho_2020-1-213x300.jpg 213w, https:\/\/sites.usp.br\/boletimoipp\/wp-content\/uploads\/sites\/823\/2020\/09\/julho_2020-1-400x564.jpg 400w, https:\/\/sites.usp.br\/boletimoipp\/wp-content\/uploads\/sites\/823\/2020\/09\/julho_2020-1.jpg 564w\" sizes=\"auto, (max-width: 213px) 100vw, 213px\" \/><\/a><\/p>\n<p>Publicado: 30\/07\/2020<\/p>\n<hr \/>\n<h6><strong><span style=\"color: #000000;\">Artigos<\/span><\/strong><\/h6>\n<p><strong>An\u00e1lise de Conjuntura<\/strong><\/p>\n<p><span style=\"color: #000000;\"><a style=\"color: #000000;\" href=\"https:\/\/sites.usp.br\/boletimoipp\/wp-content\/uploads\/sites\/823\/2020\/09\/Collado_et_al_2020.pdf\" target=\"_blank\" rel=\"noopener noreferrer\">Efeitos da crise sanit\u00e1ria sobre o mercado de trabalho: estamos todos no mesmo barco?<\/a><\/span><\/p>\n<p><span style=\"color: #999999;\">Let\u00edcia Figueiredo Collado, Marcelo Nakamura Saito, Agnaldo Valentin, Andr\u00e9 Gal Mountian<\/span><\/p>\n<p><span style=\"color: #000000;\"><a style=\"color: #000000;\" href=\"https:\/\/sites.usp.br\/boletimoipp\/wp-content\/uploads\/sites\/823\/2020\/09\/Garcia_el_al_2020.pdf\" target=\"_blank\" rel=\"noopener noreferrer\">Desigualdade, indicadores de sa\u00fade e crise sanit\u00e1ria<\/a><\/span><\/p>\n<p><span style=\"color: #999999;\">Bruno Augusto de Oliveira Garcia, Jo\u00e3o Marcus Pereira Rodrigues, Agnaldo Valentin, Andr\u00e9 Gal Mountian<\/span><\/p>\n<p><strong><span style=\"color: black;\">Sociedade, Pol\u00edticas P\u00fablicas e Gest\u00e3o Governamental<\/span><\/strong><\/p>\n<p><span style=\"color: #000000;\"><a style=\"color: #000000;\" href=\"https:\/\/sites.usp.br\/boletimoipp\/wp-content\/uploads\/sites\/823\/2020\/09\/Carvalho_et_al_2020.pdf\" target=\"_blank\" rel=\"noopener noreferrer\">Pandemia, pobreza e desigualdade no Brasil<\/a><\/span><\/p>\n<p><span style=\"color: #999999;\">Andr\u00e9 Roncaglia de Carvalho, Eloiza Regina Ferreira de Almeida, Luciana Rosa Souza, Solange Gon\u00e7alves<\/span><\/p>\n<p><a href=\"https:\/\/sites.usp.br\/boletimoipp\/wp-content\/uploads\/sites\/823\/2020\/09\/Marques_Fabiano_Jr_2020.pdf\" target=\"_blank\" rel=\"noopener noreferrer\"><span style=\"color: #000000;\">Acesso \u00e0s \u00e1reas verdes urbanas como parte das fun\u00e7\u00f5es sociais da cidade<\/span><\/a><\/p>\n<p><span style=\"color: #999999;\">Ta\u00edcia Helena Negrin Marques, Antonio Aparecido Fabiano Junior<\/span><\/p>\n<h6><\/h6>\n<p>&nbsp;<\/p>\n","protected":false},"excerpt":{"rendered":"<p>Publicado: 30\/07\/2020 Artigos An\u00e1lise de Conjuntura Efeitos da crise sanit\u00e1ria sobre o mercado de trabalho: estamos todos no mesmo barco? Let\u00edcia Figueiredo Collado, Marcelo Nakamura Saito, Agnaldo Valentin, Andr\u00e9 Gal Mountian Desigualdade, indicadores de sa\u00fade e crise sanit\u00e1ria Bruno Augusto de Oliveira Garcia, Jo\u00e3o Marcus Pereira Rodrigues, Agnaldo Valentin, Andr\u00e9 Gal Mountian Sociedade, Pol\u00edticas P\u00fablicas [&hellip;]<\/p>\n","protected":false},"author":22000,"featured_media":0,"parent":0,"menu_order":0,"comment_status":"closed","ping_status":"closed","template":"","meta":{"_monsterinsights_skip_tracking":false,"_monsterinsights_sitenote_active":false,"_monsterinsights_sitenote_note":"","_monsterinsights_sitenote_category":0,"footnotes":"","_links_to":"","_links_to_target":""},"class_list":["post-244","page","type-page","status-publish","hentry"],"_links":{"self":[{"href":"https:\/\/sites.usp.br\/boletimoipp\/wp-json\/wp\/v2\/pages\/244","targetHints":{"allow":["GET"]}}],"collection":[{"href":"https:\/\/sites.usp.br\/boletimoipp\/wp-json\/wp\/v2\/pages"}],"about":[{"href":"https:\/\/sites.usp.br\/boletimoipp\/wp-json\/wp\/v2\/types\/page"}],"author":[{"embeddable":true,"href":"https:\/\/sites.usp.br\/boletimoipp\/wp-json\/wp\/v2\/users\/22000"}],"replies":[{"embeddable":true,"href":"https:\/\/sites.usp.br\/boletimoipp\/wp-json\/wp\/v2\/comments?post=244"}],"version-history":[{"count":5,"href":"https:\/\/sites.usp.br\/boletimoipp\/wp-json\/wp\/v2\/pages\/244\/revisions"}],"predecessor-version":[{"id":829,"href":"https:\/\/sites.usp.br\/boletimoipp\/wp-json\/wp\/v2\/pages\/244\/revisions\/829"}],"wp:attachment":[{"href":"https:\/\/sites.usp.br\/boletimoipp\/wp-json\/wp\/v2\/media?parent=244"}],"curies":[{"name":"wp","href":"https:\/\/api.w.org\/{rel}","templated":true}]}}