{"id":361,"date":"2020-10-13T00:45:49","date_gmt":"2020-10-13T02:45:49","guid":{"rendered":"https:\/\/sites.usp.br\/boletimoipp\/?page_id=361"},"modified":"2021-04-13T09:02:09","modified_gmt":"2021-04-13T11:02:09","slug":"expediente","status":"publish","type":"page","link":"https:\/\/sites.usp.br\/boletimoipp\/expediente\/","title":{"rendered":"Expediente"},"content":{"rendered":"<h5><span style=\"color: #000000;\"><strong>Conselho Editorial<\/strong><\/span><\/h5>\n<p>O Conselho Editorial do Boletim de Pol\u00edticas P\u00fablicas \u00e9 formado pelos(as) seguintes docentes da Universidade de S\u00e3o Paulo,\u00a0 vinculados(as) ao Observat\u00f3rio Interdisciplinar de Pol\u00edticas P\u00fablicas (OIPP):<\/p>\n<p>Agnaldo Valentin, Alexandre Ribeiro Leichsenring, Andr\u00e9 Gal Mountian, Cristiane Kerches da Silva Leite, Graziela Serroni Perosa, Jos\u00e9 Carlos Vaz, Ursula Dias Peres, Valeria Barbosa de Magalhaes e Vivian Grace Fern\u00e1ndez-D\u00e1vila Urquidi.<\/p>\n<h5><span style=\"color: #000000;\">Editor<\/span><\/h5>\n<p>Andr\u00e9 Gal Mountian<\/p>\n<h5><span style=\"color: #000000;\"><strong>Vice Editor<\/strong><\/span><\/h5>\n<p>Agnaldo Valentin<\/p>\n<h5><span style=\"color: #000000;\"><strong>Periodicidade da publica\u00e7\u00e3o<\/strong><\/span><\/h5>\n<p>O Boletim de Pol\u00edticas P\u00fablicas do OIPP tem periodicidade mensal.<\/p>\n<h5><span style=\"color: #000000;\"><strong>Idiomas<\/strong><\/span><\/h5>\n<p>O Boletim de Pol\u00edticas P\u00fablicas aceita artigos em portugu\u00eas, ingl\u00eas e espanhol.<\/p>\n<h5><span style=\"color: #000000;\">Contato\u00a0<\/span><\/h5>\n<p><span style=\"font-family: 'Source Sans Pro', Helvetica, sans-serif; font-size: 16px;\">O\u00a0Boletim de Pol\u00edticas P\u00fablicas\u00a0\u00e9 uma iniciativa do\u00a0Observat\u00f3rio Interdisciplinar de Pol\u00edticas P\u00fablicas (OIPP)\u00a0Professor Doutor Jos\u00e9 Renato de Campos Ara\u00fajo, composto por docentes e pesquisadores da Escola de Artes Ci\u00eancias Humanidades (EACH\/USP).<\/span><\/p>\n<p>O Observat\u00f3rio Interdisciplinar de Pol\u00edticas P\u00fablicas (OIPP) est\u00e1 localizado no campus da USP Leste, na Escola de Artes Ci\u00eancias e Humidades (EACH\/USP).<\/p>\n<div>Email: \u201cboletimoipp@gmail.com\u201d<\/div>\n<div class=\"textwidget\">Rua Arlindo B\u00e9ttio, 1000<br \/>\nBairro: Vila Guaraciaba<br \/>\nS\u00e3o Paulo\/SP<br \/>\nCEP: 03828-000<\/div>\n","protected":false},"excerpt":{"rendered":"<p>Conselho Editorial O Conselho Editorial do Boletim de Pol\u00edticas P\u00fablicas \u00e9 formado pelos(as) seguintes docentes da Universidade de S\u00e3o Paulo,\u00a0 vinculados(as) ao Observat\u00f3rio Interdisciplinar de Pol\u00edticas P\u00fablicas (OIPP): Agnaldo Valentin, Alexandre Ribeiro Leichsenring, Andr\u00e9 Gal Mountian, Cristiane Kerches da Silva Leite, Graziela Serroni Perosa, Jos\u00e9 Carlos Vaz, Ursula Dias Peres, Valeria Barbosa de Magalhaes e [&hellip;]<\/p>\n","protected":false},"author":22000,"featured_media":0,"parent":0,"menu_order":0,"comment_status":"closed","ping_status":"closed","template":"","meta":{"_monsterinsights_skip_tracking":false,"_monsterinsights_sitenote_active":false,"_monsterinsights_sitenote_note":"","_monsterinsights_sitenote_category":0,"footnotes":"","_links_to":"","_links_to_target":""},"class_list":["post-361","page","type-page","status-publish","hentry"],"_links":{"self":[{"href":"https:\/\/sites.usp.br\/boletimoipp\/wp-json\/wp\/v2\/pages\/361","targetHints":{"allow":["GET"]}}],"collection":[{"href":"https:\/\/sites.usp.br\/boletimoipp\/wp-json\/wp\/v2\/pages"}],"about":[{"href":"https:\/\/sites.usp.br\/boletimoipp\/wp-json\/wp\/v2\/types\/page"}],"author":[{"embeddable":true,"href":"https:\/\/sites.usp.br\/boletimoipp\/wp-json\/wp\/v2\/users\/22000"}],"replies":[{"embeddable":true,"href":"https:\/\/sites.usp.br\/boletimoipp\/wp-json\/wp\/v2\/comments?post=361"}],"version-history":[{"count":4,"href":"https:\/\/sites.usp.br\/boletimoipp\/wp-json\/wp\/v2\/pages\/361\/revisions"}],"predecessor-version":[{"id":592,"href":"https:\/\/sites.usp.br\/boletimoipp\/wp-json\/wp\/v2\/pages\/361\/revisions\/592"}],"wp:attachment":[{"href":"https:\/\/sites.usp.br\/boletimoipp\/wp-json\/wp\/v2\/media?parent=361"}],"curies":[{"name":"wp","href":"https:\/\/api.w.org\/{rel}","templated":true}]}}