{"id":399,"date":"2020-10-30T14:51:58","date_gmt":"2020-10-30T16:51:58","guid":{"rendered":"https:\/\/sites.usp.br\/boletimoipp\/?page_id=399"},"modified":"2021-11-30T14:54:12","modified_gmt":"2021-11-30T16:54:12","slug":"setembro-de-2020","status":"publish","type":"page","link":"https:\/\/sites.usp.br\/boletimoipp\/setembro-de-2020\/","title":{"rendered":"Setembro de 2020"},"content":{"rendered":"<p><a href=\"https:\/\/sites.usp.br\/boletimoipp\/wp-content\/uploads\/sites\/823\/2021\/11\/Boletim_OIPP_setembro_2020_com-ISSN.pdf\" target=\"_blank\" rel=\"noopener\"><img loading=\"lazy\" decoding=\"async\" class=\"alignnone wp-image-260 size-medium\" src=\"https:\/\/sites.usp.br\/boletimoipp\/wp-content\/uploads\/sites\/823\/2020\/09\/setembro_2020-211x300.jpg\" alt=\"\" width=\"211\" height=\"300\" srcset=\"https:\/\/sites.usp.br\/boletimoipp\/wp-content\/uploads\/sites\/823\/2020\/09\/setembro_2020-211x300.jpg 211w, https:\/\/sites.usp.br\/boletimoipp\/wp-content\/uploads\/sites\/823\/2020\/09\/setembro_2020-400x568.jpg 400w, https:\/\/sites.usp.br\/boletimoipp\/wp-content\/uploads\/sites\/823\/2020\/09\/setembro_2020.jpg 563w\" sizes=\"auto, (max-width: 211px) 100vw, 211px\" \/><\/a><\/p>\n<p>Publicado: 30\/09\/2020<\/p>\n<hr \/>\n<h6><span style=\"color: #000000;\"><strong>Artigos<\/strong><\/span><\/h6>\n<p><strong>An\u00e1lise de Conjuntura<\/strong><\/p>\n<p><a href=\"https:\/\/sites.usp.br\/boletimoipp\/wp-content\/uploads\/sites\/823\/2020\/09\/Collado-et-al_2020-2.pdf\" target=\"_blank\" rel=\"noopener noreferrer\"><span style=\"color: #000000;\">Evolu\u00e7\u00e3o do mercado de trabalho e do Aux\u00edlio Emergencial durante a crise sanit\u00e1ria<\/span><\/a><\/p>\n<p><span style=\"color: #999999;\">Let\u00edcia Figueiredo Collado, Jo\u00e3o Marcus Pereira Rodrigues, Agnaldo Valentin, Andr\u00e9 Gal Mountian<\/span><\/p>\n<p><span style=\"color: #000000;\"><a style=\"color: #000000;\" href=\"https:\/\/sites.usp.br\/boletimoipp\/wp-content\/uploads\/sites\/823\/2020\/09\/Garcia-et-al_2020-2.pdf\" target=\"_blank\" rel=\"noopener noreferrer\">Evolu\u00e7\u00e3o dos indicadores de sa\u00fade, de atividades escolares e de empr\u00e9stimos com os dados da PNAD COVID<\/a><\/span><\/p>\n<p><span style=\"color: #999999;\">Bruno Augusto Garcia, Marcelo Nakamura Saito, Agnaldo Valentin, Andr\u00e9 Gal Mountian<\/span><\/p>\n<p><strong>Pesquisas em Pol\u00edticas P\u00fablicas<\/strong><\/p>\n<p><span style=\"color: #000000;\"><a style=\"color: #000000;\" href=\"https:\/\/sites.usp.br\/boletimoipp\/wp-content\/uploads\/sites\/823\/2020\/09\/Peres-et-al_2020-2.pdf\" target=\"_blank\" rel=\"noopener noreferrer\">Socorro Fiscal da Uni\u00e3o na pandemia: desigualdades nas transfer\u00eancias para estados e munic\u00edpios<\/a><\/span><\/p>\n<p><span style=\"color: #999999;\">Ursula Dias Peres, F\u00e1bio Pereira dos Santos, Felipe Jos\u00e9 Miguel Garcia, Luma Mundin Costa e Rony Cardoso<\/span><\/p>\n<p><strong><span style=\"color: black;\">Sociedade, Pol\u00edticas P\u00fablicas e Gest\u00e3o Governamental<\/span><\/strong><\/p>\n<p><a href=\"https:\/\/sites.usp.br\/boletimoipp\/wp-content\/uploads\/sites\/823\/2020\/09\/Biondi-et-al_2020-1.pdf\" target=\"_blank\" rel=\"noopener noreferrer\"><span style=\"color: #000000;\">Rearranjo da narrativa antiproibicionista: Como a incorpora\u00e7\u00e3o da pauta medicinal na agenda da descriminaliza\u00e7\u00e3o da cannabis reposiciona o movimento antiproibicionista<\/span><\/a><\/p>\n<p><span style=\"color: #999999;\">Bruna Chamas Biondi, Daniela Sal\u00fa Mateus da Silva, Ergon Cugler de Moraes Silva, La\u00eds Sim\u00f5es de Castro Barlati, Wagner Tadeu Iglecias, Ana Claudia Sanches Baptista<\/span><\/p>\n","protected":false},"excerpt":{"rendered":"<p>Publicado: 30\/09\/2020 Artigos An\u00e1lise de Conjuntura Evolu\u00e7\u00e3o do mercado de trabalho e do Aux\u00edlio Emergencial durante a crise sanit\u00e1ria Let\u00edcia Figueiredo Collado, Jo\u00e3o Marcus Pereira Rodrigues, Agnaldo Valentin, Andr\u00e9 Gal Mountian Evolu\u00e7\u00e3o dos indicadores de sa\u00fade, de atividades escolares e de empr\u00e9stimos com os dados da PNAD COVID Bruno Augusto Garcia, Marcelo Nakamura Saito, Agnaldo [&hellip;]<\/p>\n","protected":false},"author":22000,"featured_media":0,"parent":0,"menu_order":0,"comment_status":"closed","ping_status":"closed","template":"","meta":{"_monsterinsights_skip_tracking":false,"_monsterinsights_sitenote_active":false,"_monsterinsights_sitenote_note":"","_monsterinsights_sitenote_category":0,"footnotes":"","_links_to":"","_links_to_target":""},"class_list":["post-399","page","type-page","status-publish","hentry"],"_links":{"self":[{"href":"https:\/\/sites.usp.br\/boletimoipp\/wp-json\/wp\/v2\/pages\/399","targetHints":{"allow":["GET"]}}],"collection":[{"href":"https:\/\/sites.usp.br\/boletimoipp\/wp-json\/wp\/v2\/pages"}],"about":[{"href":"https:\/\/sites.usp.br\/boletimoipp\/wp-json\/wp\/v2\/types\/page"}],"author":[{"embeddable":true,"href":"https:\/\/sites.usp.br\/boletimoipp\/wp-json\/wp\/v2\/users\/22000"}],"replies":[{"embeddable":true,"href":"https:\/\/sites.usp.br\/boletimoipp\/wp-json\/wp\/v2\/comments?post=399"}],"version-history":[{"count":5,"href":"https:\/\/sites.usp.br\/boletimoipp\/wp-json\/wp\/v2\/pages\/399\/revisions"}],"predecessor-version":[{"id":838,"href":"https:\/\/sites.usp.br\/boletimoipp\/wp-json\/wp\/v2\/pages\/399\/revisions\/838"}],"wp:attachment":[{"href":"https:\/\/sites.usp.br\/boletimoipp\/wp-json\/wp\/v2\/media?parent=399"}],"curies":[{"name":"wp","href":"https:\/\/api.w.org\/{rel}","templated":true}]}}