{"id":485,"date":"2020-12-23T18:52:54","date_gmt":"2020-12-23T20:52:54","guid":{"rendered":"https:\/\/sites.usp.br\/boletimoipp\/?page_id=485"},"modified":"2021-11-30T14:50:14","modified_gmt":"2021-11-30T16:50:14","slug":"novembro-de-2020","status":"publish","type":"page","link":"https:\/\/sites.usp.br\/boletimoipp\/novembro-de-2020\/","title":{"rendered":"Novembro de 2020"},"content":{"rendered":"<p><a href=\"https:\/\/sites.usp.br\/boletimoipp\/wp-content\/uploads\/sites\/823\/2021\/11\/Boletim_OIPP_novembro_2020_com-issn.pdf\" target=\"_blank\" rel=\"noopener\"><img loading=\"lazy\" decoding=\"async\" class=\"alignnone wp-image-503 size-medium\" src=\"https:\/\/sites.usp.br\/boletimoipp\/wp-content\/uploads\/sites\/823\/2020\/12\/capa-2-212x300.jpg\" alt=\"\" width=\"212\" height=\"300\" srcset=\"https:\/\/sites.usp.br\/boletimoipp\/wp-content\/uploads\/sites\/823\/2020\/12\/capa-2-212x300.jpg 212w, https:\/\/sites.usp.br\/boletimoipp\/wp-content\/uploads\/sites\/823\/2020\/12\/capa-2-400x567.jpg 400w, https:\/\/sites.usp.br\/boletimoipp\/wp-content\/uploads\/sites\/823\/2020\/12\/capa-2.jpg 566w\" sizes=\"auto, (max-width: 212px) 100vw, 212px\" \/><\/a><\/p>\n<p>Publicado: 30\/11\/2020<\/p>\n<hr \/>\n<h6><span style=\"color: #000000;\"><strong>Artigos<\/strong><\/span><\/h6>\n<p><strong>An\u00e1lise de Conjuntura<\/strong><\/p>\n<p><span style=\"color: #000000;\"><a style=\"color: #000000;\" href=\"https:\/\/sites.usp.br\/boletimoipp\/wp-content\/uploads\/sites\/823\/2020\/11\/Valentin_et_al_nov_2020.pdf\" target=\"_blank\" rel=\"noopener noreferrer\">Mercado de trabalho formal na cidade de S\u00e3o Paulo e os efeitos da crise sanit\u00e1ria<\/a><\/span><\/p>\n<p><span style=\"color: #999999;\">Agnaldo Valentin, Andr\u00e9 Gal Mountian, Jo\u00e3o Guilherme Rocha Machado<\/span><a href=\"#_ftnref1\" name=\"_ftn1\"><\/a><\/p>\n<p><strong>Pesquisas em Pol\u00edticas P\u00fablicas<\/strong><\/p>\n<p><a href=\"https:\/\/sites.usp.br\/boletimoipp\/wp-content\/uploads\/sites\/823\/2020\/11\/Paredes_Valentin_nov_2020.pdf\" target=\"_blank\" rel=\"noopener noreferrer\"><span style=\"color: #000000;\">A Mem\u00f3ria das Pol\u00edticas P\u00fablicas &#8211; Um Estudo da Percep\u00e7\u00e3o Presente e Pret\u00e9rita Sobre a Infla\u00e7\u00e3o<\/span><\/a><\/p>\n<p><span style=\"color: #999999;\">Marina Bergstrom Paredes, Agnaldo Valentin<\/span><\/p>\n<p><span style=\"color: #000000;\"><a style=\"color: #000000;\" href=\"https:\/\/sites.usp.br\/boletimoipp\/wp-content\/uploads\/sites\/823\/2020\/11\/Zancheta_et_al_nov_2020.pdf\" target=\"_blank\" rel=\"noopener noreferrer\">Planejamento como Indutor do Processo Or\u00e7ament\u00e1rio: O caso do munic\u00edpio de Manaus-AM<\/a><\/span><\/p>\n<p><span style=\"color: #999999;\">Catarina Amaral Zancheta, Elisa Codonho Premazzi, Ergon Cugler de Moraes Silva, Yasmin de Sousa Pinheiro,\u00a0 Ursula Dias Peres<\/span><\/p>\n<p><strong><span style=\"color: black;\">Sociedade, Pol\u00edticas P\u00fablicas e Gest\u00e3o Governamental<\/span><\/strong><\/p>\n<p><a href=\"https:\/\/sites.usp.br\/boletimoipp\/wp-content\/uploads\/sites\/823\/2020\/11\/Barreto_nov_2020.pdf\" target=\"_blank\" rel=\"noopener noreferrer\"><span style=\"color: #000000;\">Lei Aldir Blanc de Emerg\u00eancia e o fim do Plano Nacional de Cultura (2010-2020)<\/span><\/a><\/p>\n<p><span style=\"color: #999999;\">Luisa Marques Barreto<\/span><\/p>\n<p><a href=\"https:\/\/sites.usp.br\/boletimoipp\/wp-content\/uploads\/sites\/823\/2020\/11\/Sanches_nov_2020.pdf\" target=\"_blank\" rel=\"noopener noreferrer\"><span style=\"color: #000000;\">A COVID-19 a servi\u00e7o da necropol\u00edtica brasileira<\/span><\/a><\/p>\n<p><span style=\"color: #999999;\">Rodrigo de Araujo Merida Sanches<\/span><\/p>\n<p>&nbsp;<\/p>\n","protected":false},"excerpt":{"rendered":"<p>Publicado: 30\/11\/2020 Artigos An\u00e1lise de Conjuntura Mercado de trabalho formal na cidade de S\u00e3o Paulo e os efeitos da crise sanit\u00e1ria Agnaldo Valentin, Andr\u00e9 Gal Mountian, Jo\u00e3o Guilherme Rocha Machado Pesquisas em Pol\u00edticas P\u00fablicas A Mem\u00f3ria das Pol\u00edticas P\u00fablicas &#8211; Um Estudo da Percep\u00e7\u00e3o Presente e Pret\u00e9rita Sobre a Infla\u00e7\u00e3o Marina Bergstrom Paredes, Agnaldo Valentin [&hellip;]<\/p>\n","protected":false},"author":22000,"featured_media":0,"parent":0,"menu_order":0,"comment_status":"closed","ping_status":"closed","template":"","meta":{"_monsterinsights_skip_tracking":false,"_monsterinsights_sitenote_active":false,"_monsterinsights_sitenote_note":"","_monsterinsights_sitenote_category":0,"footnotes":"","_links_to":"","_links_to_target":""},"class_list":["post-485","page","type-page","status-publish","hentry"],"_links":{"self":[{"href":"https:\/\/sites.usp.br\/boletimoipp\/wp-json\/wp\/v2\/pages\/485","targetHints":{"allow":["GET"]}}],"collection":[{"href":"https:\/\/sites.usp.br\/boletimoipp\/wp-json\/wp\/v2\/pages"}],"about":[{"href":"https:\/\/sites.usp.br\/boletimoipp\/wp-json\/wp\/v2\/types\/page"}],"author":[{"embeddable":true,"href":"https:\/\/sites.usp.br\/boletimoipp\/wp-json\/wp\/v2\/users\/22000"}],"replies":[{"embeddable":true,"href":"https:\/\/sites.usp.br\/boletimoipp\/wp-json\/wp\/v2\/comments?post=485"}],"version-history":[{"count":5,"href":"https:\/\/sites.usp.br\/boletimoipp\/wp-json\/wp\/v2\/pages\/485\/revisions"}],"predecessor-version":[{"id":836,"href":"https:\/\/sites.usp.br\/boletimoipp\/wp-json\/wp\/v2\/pages\/485\/revisions\/836"}],"wp:attachment":[{"href":"https:\/\/sites.usp.br\/boletimoipp\/wp-json\/wp\/v2\/media?parent=485"}],"curies":[{"name":"wp","href":"https:\/\/api.w.org\/{rel}","templated":true}]}}