{"id":572,"date":"2021-04-12T11:01:33","date_gmt":"2021-04-12T13:01:33","guid":{"rendered":"https:\/\/sites.usp.br\/boletimoipp\/?page_id=572"},"modified":"2021-11-30T14:47:46","modified_gmt":"2021-11-30T16:47:46","slug":"janeiro-de-2021","status":"publish","type":"page","link":"https:\/\/sites.usp.br\/boletimoipp\/janeiro-de-2021\/","title":{"rendered":"Janeiro de 2021"},"content":{"rendered":"<p><a href=\"https:\/\/sites.usp.br\/boletimoipp\/wp-content\/uploads\/sites\/823\/2021\/11\/Boletim_OIPP_jan_2021.pdf\" target=\"_blank\" rel=\"noopener\"><img loading=\"lazy\" decoding=\"async\" class=\"alignnone wp-image-578 size-medium\" src=\"https:\/\/sites.usp.br\/boletimoipp\/wp-content\/uploads\/sites\/823\/2021\/04\/capa-212x300.jpg\" alt=\"\" width=\"212\" height=\"300\" srcset=\"https:\/\/sites.usp.br\/boletimoipp\/wp-content\/uploads\/sites\/823\/2021\/04\/capa-212x300.jpg 212w, https:\/\/sites.usp.br\/boletimoipp\/wp-content\/uploads\/sites\/823\/2021\/04\/capa-400x566.jpg 400w, https:\/\/sites.usp.br\/boletimoipp\/wp-content\/uploads\/sites\/823\/2021\/04\/capa.jpg 565w\" sizes=\"auto, (max-width: 212px) 100vw, 212px\" \/><\/a><\/p>\n<p>Publicado: 31\/01\/2021<\/p>\n<hr \/>\n<h6><span style=\"color: #000000;\"><strong>Artigos<\/strong><\/span><\/h6>\n<p><a href=\"https:\/\/sites.usp.br\/boletimoipp\/wp-content\/uploads\/sites\/823\/2021\/02\/carta-dos-editores-2.pdf\" target=\"_blank\" rel=\"noopener noreferrer\"><span style=\"color: #000000;\">Carta dos editores<\/span><\/a><\/p>\n<p><strong><span style=\"color: #000000;\">COVID-19 e o Futuro da Democracia no Brasil<\/span><\/strong><\/p>\n<p><span style=\"color: #000000;\"><a style=\"color: #000000;\" href=\"https:\/\/sites.usp.br\/boletimoipp\/wp-content\/uploads\/sites\/823\/2021\/02\/Marcos-Nobre_janeiro_2020.pdf\" target=\"_blank\" rel=\"noopener noreferrer\">Rep\u00fablica Partida e Tens\u00f5es Democr\u00e1ticas<\/a><\/span><\/p>\n<p><span style=\"color: #999999;\">Marcos Nobre<\/span><\/p>\n<p><strong>O Centen\u00e1rio de dois cl\u00e1ssicos: Celso Furtado e Florestan Fernandes<\/strong><\/p>\n<p><span style=\"color: #000000;\"><a style=\"color: #000000;\" href=\"https:\/\/sites.usp.br\/boletimoipp\/wp-content\/uploads\/sites\/823\/2021\/02\/Rosa-Freire-dAguiar_janeiro_2020.pdf\" target=\"_blank\" rel=\"noopener noreferrer\">Celso Furtado: os momentos de uma vida e de uma obra<\/a><\/span><\/p>\n<p><span style=\"color: #999999;\">Rosa Freire d\u2019Aguiar<\/span><\/p>\n<p><span style=\"color: #000000;\"><a style=\"color: #000000;\" href=\"https:\/\/sites.usp.br\/boletimoipp\/wp-content\/uploads\/sites\/823\/2021\/02\/Maria-Arminda-do-Nascimento-Arruda_jan_2020.pdf\" target=\"_blank\" rel=\"noopener noreferrer\">A Import\u00e2ncia da obra de Florestan Fernandes para as Ci\u00eancias Sociais<\/a><\/span><\/p>\n<p><span style=\"color: #999999;\">Maria Arminda do Nascimento Arruda<\/span><\/p>\n<p><strong>Participa\u00e7\u00e3o Social e Pol\u00edticas P\u00fablicas<\/strong><\/p>\n<p><span style=\"color: #000000;\"><a style=\"color: #000000;\" href=\"https:\/\/sites.usp.br\/boletimoipp\/wp-content\/uploads\/sites\/823\/2021\/02\/Adrian-Gurza-Lavalle_jan_2020.pdf\" target=\"_blank\" rel=\"noopener noreferrer\">O modelo institucional brasileiro de participa\u00e7\u00e3o e sua relev\u00e2ncia para as pol\u00edticas p\u00fablicas<\/a><\/span><\/p>\n<p><span style=\"color: #999999;\">Adrian Gurza Lavalle<\/span><\/p>\n","protected":false},"excerpt":{"rendered":"<p>Publicado: 31\/01\/2021 Artigos Carta dos editores COVID-19 e o Futuro da Democracia no Brasil Rep\u00fablica Partida e Tens\u00f5es Democr\u00e1ticas Marcos Nobre O Centen\u00e1rio de dois cl\u00e1ssicos: Celso Furtado e Florestan Fernandes Celso Furtado: os momentos de uma vida e de uma obra Rosa Freire d\u2019Aguiar A Import\u00e2ncia da obra de Florestan Fernandes para as Ci\u00eancias [&hellip;]<\/p>\n","protected":false},"author":22000,"featured_media":0,"parent":0,"menu_order":0,"comment_status":"closed","ping_status":"closed","template":"","meta":{"_monsterinsights_skip_tracking":false,"_monsterinsights_sitenote_active":false,"_monsterinsights_sitenote_note":"","_monsterinsights_sitenote_category":0,"footnotes":"","_links_to":"","_links_to_target":""},"class_list":["post-572","page","type-page","status-publish","hentry"],"_links":{"self":[{"href":"https:\/\/sites.usp.br\/boletimoipp\/wp-json\/wp\/v2\/pages\/572","targetHints":{"allow":["GET"]}}],"collection":[{"href":"https:\/\/sites.usp.br\/boletimoipp\/wp-json\/wp\/v2\/pages"}],"about":[{"href":"https:\/\/sites.usp.br\/boletimoipp\/wp-json\/wp\/v2\/types\/page"}],"author":[{"embeddable":true,"href":"https:\/\/sites.usp.br\/boletimoipp\/wp-json\/wp\/v2\/users\/22000"}],"replies":[{"embeddable":true,"href":"https:\/\/sites.usp.br\/boletimoipp\/wp-json\/wp\/v2\/comments?post=572"}],"version-history":[{"count":5,"href":"https:\/\/sites.usp.br\/boletimoipp\/wp-json\/wp\/v2\/pages\/572\/revisions"}],"predecessor-version":[{"id":834,"href":"https:\/\/sites.usp.br\/boletimoipp\/wp-json\/wp\/v2\/pages\/572\/revisions\/834"}],"wp:attachment":[{"href":"https:\/\/sites.usp.br\/boletimoipp\/wp-json\/wp\/v2\/media?parent=572"}],"curies":[{"name":"wp","href":"https:\/\/api.w.org\/{rel}","templated":true}]}}