{"id":594,"date":"2021-04-30T15:04:56","date_gmt":"2021-04-30T17:04:56","guid":{"rendered":"https:\/\/sites.usp.br\/boletimoipp\/?page_id=594"},"modified":"2021-11-30T14:47:06","modified_gmt":"2021-11-30T16:47:06","slug":"fevereiro-de-2021","status":"publish","type":"page","link":"https:\/\/sites.usp.br\/boletimoipp\/fevereiro-de-2021\/","title":{"rendered":"Fevereiro de 2021"},"content":{"rendered":"<h5><a href=\"https:\/\/sites.usp.br\/boletimoipp\/wp-content\/uploads\/sites\/823\/2021\/11\/Boletim_OIPP_Fevereiro_2021_com-ISSN.pdf\" target=\"_blank\" rel=\"noopener\"><img loading=\"lazy\" decoding=\"async\" class=\"alignnone wp-image-581 size-medium\" src=\"https:\/\/sites.usp.br\/boletimoipp\/wp-content\/uploads\/sites\/823\/2021\/04\/capa-1-211x300.jpg\" alt=\"\" width=\"211\" height=\"300\" srcset=\"https:\/\/sites.usp.br\/boletimoipp\/wp-content\/uploads\/sites\/823\/2021\/04\/capa-1-211x300.jpg 211w, https:\/\/sites.usp.br\/boletimoipp\/wp-content\/uploads\/sites\/823\/2021\/04\/capa-1-400x568.jpg 400w, https:\/\/sites.usp.br\/boletimoipp\/wp-content\/uploads\/sites\/823\/2021\/04\/capa-1.jpg 562w\" sizes=\"auto, (max-width: 211px) 100vw, 211px\" \/><\/a><\/h5>\n<p>Publicado: 12\/04\/2021<\/p>\n<hr \/>\n<h6><span style=\"color: #000000;\"><strong>Artigos<\/strong><\/span><\/h6>\n<p><strong>Pesquisas em Pol\u00edticas P\u00fablicas<\/strong><\/p>\n<p><a href=\"https:\/\/sites.usp.br\/boletimoipp\/wp-content\/uploads\/sites\/823\/2021\/04\/Silva-et-al_fevereiro_2021.pdf\" target=\"_blank\" rel=\"noopener noreferrer\"><span style=\"color: #000000;\">Judici\u00e1rio Paulista e as reintegra\u00e7\u00f5es de posse durante a pandemia da Covid-19: Casos das ocupa\u00e7\u00f5es de Bela Vista (SP) e Ribeir\u00e3o Preto (SP)<\/span><\/a><\/p>\n<p><span style=\"color: #999999;\">Dora Perelmutter Gon\u00e7alves Silva, Ergon Cugler de Moraes Silva, Let\u00edcia Sakihama de Menezes Hora, Millena Caleffi Cordon,\u00a0 Vin\u00edcius Papst Soares, Ester Gammardella\u00a0 Rizzi<\/span><\/p>\n<p><span style=\"color: #000000;\"><a style=\"color: #000000;\" href=\"https:\/\/sites.usp.br\/boletimoipp\/wp-content\/uploads\/sites\/823\/2021\/04\/Coelho-et-al_fevereiro_2021.pdf\" target=\"_blank\" rel=\"noopener noreferrer\">Capacidade Estatal nos Munic\u00edpios: alguns aprendizados oriundos do Programa Conex\u00e3o P\u00fablica do Centro de Lideran\u00e7a P\u00fablica (CLP)<\/a><\/span><\/p>\n<p><span style=\"color: #999999;\">Fernando de Souza Coelho,\u00a0 J\u00e9ssica Kranz Barcelos,\u00a0 Patr\u00edcia Vieira Ferreira<\/span><\/p>\n<p><strong>Sociedade, Pol\u00edticas P\u00fablicas e Gest\u00e3o Governamental<\/strong><\/p>\n<p><span style=\"color: #000000;\"><a style=\"color: #000000;\" href=\"https:\/\/sites.usp.br\/boletimoipp\/wp-content\/uploads\/sites\/823\/2021\/04\/Accioly_fevereiro_2021.pdf\" target=\"_blank\" rel=\"noopener noreferrer\">Branquitude no meio acad\u00eamico<\/a><\/span><\/p>\n<p><span style=\"color: #999999;\">Izabel Accioly<\/span><\/p>\n<p>&nbsp;<\/p>\n","protected":false},"excerpt":{"rendered":"<p>Publicado: 12\/04\/2021 Artigos Pesquisas em Pol\u00edticas P\u00fablicas Judici\u00e1rio Paulista e as reintegra\u00e7\u00f5es de posse durante a pandemia da Covid-19: Casos das ocupa\u00e7\u00f5es de Bela Vista (SP) e Ribeir\u00e3o Preto (SP) Dora Perelmutter Gon\u00e7alves Silva, Ergon Cugler de Moraes Silva, Let\u00edcia Sakihama de Menezes Hora, Millena Caleffi Cordon,\u00a0 Vin\u00edcius Papst Soares, Ester Gammardella\u00a0 Rizzi Capacidade Estatal [&hellip;]<\/p>\n","protected":false},"author":22000,"featured_media":0,"parent":0,"menu_order":0,"comment_status":"closed","ping_status":"closed","template":"","meta":{"_monsterinsights_skip_tracking":false,"_monsterinsights_sitenote_active":false,"_monsterinsights_sitenote_note":"","_monsterinsights_sitenote_category":0,"footnotes":"","_links_to":"","_links_to_target":""},"class_list":["post-594","page","type-page","status-publish","hentry"],"_links":{"self":[{"href":"https:\/\/sites.usp.br\/boletimoipp\/wp-json\/wp\/v2\/pages\/594","targetHints":{"allow":["GET"]}}],"collection":[{"href":"https:\/\/sites.usp.br\/boletimoipp\/wp-json\/wp\/v2\/pages"}],"about":[{"href":"https:\/\/sites.usp.br\/boletimoipp\/wp-json\/wp\/v2\/types\/page"}],"author":[{"embeddable":true,"href":"https:\/\/sites.usp.br\/boletimoipp\/wp-json\/wp\/v2\/users\/22000"}],"replies":[{"embeddable":true,"href":"https:\/\/sites.usp.br\/boletimoipp\/wp-json\/wp\/v2\/comments?post=594"}],"version-history":[{"count":4,"href":"https:\/\/sites.usp.br\/boletimoipp\/wp-json\/wp\/v2\/pages\/594\/revisions"}],"predecessor-version":[{"id":833,"href":"https:\/\/sites.usp.br\/boletimoipp\/wp-json\/wp\/v2\/pages\/594\/revisions\/833"}],"wp:attachment":[{"href":"https:\/\/sites.usp.br\/boletimoipp\/wp-json\/wp\/v2\/media?parent=594"}],"curies":[{"name":"wp","href":"https:\/\/api.w.org\/{rel}","templated":true}]}}