{"id":613,"date":"2021-05-30T18:45:59","date_gmt":"2021-05-30T20:45:59","guid":{"rendered":"https:\/\/sites.usp.br\/boletimoipp\/?page_id=613"},"modified":"2021-11-30T14:46:13","modified_gmt":"2021-11-30T16:46:13","slug":"marco-de-2021","status":"publish","type":"page","link":"https:\/\/sites.usp.br\/boletimoipp\/marco-de-2021\/","title":{"rendered":"Mar\u00e7o de 2021"},"content":{"rendered":"<h5><a href=\"https:\/\/sites.usp.br\/boletimoipp\/wp-content\/uploads\/sites\/823\/2021\/11\/Boletim_OIPP_marco_2021-com-ISSN.pdf\" target=\"_blank\" rel=\"noopener\"><img loading=\"lazy\" decoding=\"async\" class=\"alignnone wp-image-604 size-medium\" src=\"https:\/\/sites.usp.br\/boletimoipp\/wp-content\/uploads\/sites\/823\/2021\/04\/capa-213x300.png\" alt=\"\" width=\"213\" height=\"300\" srcset=\"https:\/\/sites.usp.br\/boletimoipp\/wp-content\/uploads\/sites\/823\/2021\/04\/capa-213x300.png 213w, https:\/\/sites.usp.br\/boletimoipp\/wp-content\/uploads\/sites\/823\/2021\/04\/capa-400x563.png 400w, https:\/\/sites.usp.br\/boletimoipp\/wp-content\/uploads\/sites\/823\/2021\/04\/capa.png 569w\" sizes=\"auto, (max-width: 213px) 100vw, 213px\" \/><\/a><\/h5>\n<p>Publicado: 30\/04\/2021<\/p>\n<hr \/>\n<h6><span style=\"color: #000000;\"><strong>Artigos<\/strong><\/span><\/h6>\n<p><strong>Pesquisas em Pol\u00edticas P\u00fablicas<\/strong><\/p>\n<p><a href=\"https:\/\/sites.usp.br\/boletimoipp\/wp-content\/uploads\/sites\/823\/2021\/04\/Lobato-et-al_marco_2021.pdf\" target=\"_blank\" rel=\"noopener\"><span style=\"color: #000000;\">Desalento no Brasil: Caracteriza\u00e7\u00e3o e Impactos da Pandemia<\/span><\/a><\/p>\n<p><span style=\"color: #999999;\">Bianca Maria Lobato, Ergon Cugler de Moraes Silva, Let\u00edcia Figueiredo Collado, Marcelo Nakamura Saito, Yasmin de Sousa Pinheiro, Cristiane Kerches da Silva Leite<\/span><\/p>\n<p><span style=\"color: #000000;\"><a style=\"color: #000000;\" href=\"https:\/\/sites.usp.br\/boletimoipp\/wp-content\/uploads\/sites\/823\/2021\/04\/Alves-et-al_marco_2021.pdf\" target=\"_blank\" rel=\"noopener\">Financiamento P\u00fablico da Cultura &#8211; Tens\u00f5es e Perspectivas em \u00c2mbito Federal<\/a><\/span><\/p>\n<p><span style=\"color: #999999;\">J\u00e9ssica Alves, Diego Strobel, Ursula Dias Peres<\/span><\/p>\n<p><strong>Sociedade, Pol\u00edticas P\u00fablicas e Gest\u00e3o Governamental<\/strong><\/p>\n<p><a href=\"https:\/\/sites.usp.br\/boletimoipp\/wp-content\/uploads\/sites\/823\/2021\/04\/Ropain_marco_2021.pdf\" target=\"_blank\" rel=\"noopener\"><span style=\"color: #000000;\">Viol\u00eancia e migra\u00e7\u00f5es na Col\u00f4mbia em tempos de pandemia<\/span><\/a><\/p>\n<p><span style=\"color: #999999;\">Juli\u00e1n Cuaspa Ropa\u00edn<\/span><\/p>\n<p><span style=\"color: #333333;\"><a style=\"color: #333333;\" href=\"https:\/\/sites.usp.br\/boletimoipp\/wp-content\/uploads\/sites\/823\/2021\/04\/Silva_Machado_marco_2021.pdf\" target=\"_blank\" rel=\"noopener\">O racismo estrutural no s\u00e9culo XXI e suas ra\u00edzes hist\u00f3ricas<\/a><\/span><\/p>\n<p><span style=\"color: #999999;\">Michelly Stheffany Melo da Silva, Jorge Machado<\/span><\/p>\n<p>&nbsp;<\/p>\n","protected":false},"excerpt":{"rendered":"<p>Publicado: 30\/04\/2021 Artigos Pesquisas em Pol\u00edticas P\u00fablicas Desalento no Brasil: Caracteriza\u00e7\u00e3o e Impactos da Pandemia Bianca Maria Lobato, Ergon Cugler de Moraes Silva, Let\u00edcia Figueiredo Collado, Marcelo Nakamura Saito, Yasmin de Sousa Pinheiro, Cristiane Kerches da Silva Leite Financiamento P\u00fablico da Cultura &#8211; Tens\u00f5es e Perspectivas em \u00c2mbito Federal J\u00e9ssica Alves, Diego Strobel, Ursula Dias [&hellip;]<\/p>\n","protected":false},"author":22000,"featured_media":0,"parent":0,"menu_order":0,"comment_status":"closed","ping_status":"closed","template":"","meta":{"_monsterinsights_skip_tracking":false,"_monsterinsights_sitenote_active":false,"_monsterinsights_sitenote_note":"","_monsterinsights_sitenote_category":0,"footnotes":"","_links_to":"","_links_to_target":""},"class_list":["post-613","page","type-page","status-publish","hentry"],"_links":{"self":[{"href":"https:\/\/sites.usp.br\/boletimoipp\/wp-json\/wp\/v2\/pages\/613","targetHints":{"allow":["GET"]}}],"collection":[{"href":"https:\/\/sites.usp.br\/boletimoipp\/wp-json\/wp\/v2\/pages"}],"about":[{"href":"https:\/\/sites.usp.br\/boletimoipp\/wp-json\/wp\/v2\/types\/page"}],"author":[{"embeddable":true,"href":"https:\/\/sites.usp.br\/boletimoipp\/wp-json\/wp\/v2\/users\/22000"}],"replies":[{"embeddable":true,"href":"https:\/\/sites.usp.br\/boletimoipp\/wp-json\/wp\/v2\/comments?post=613"}],"version-history":[{"count":5,"href":"https:\/\/sites.usp.br\/boletimoipp\/wp-json\/wp\/v2\/pages\/613\/revisions"}],"predecessor-version":[{"id":832,"href":"https:\/\/sites.usp.br\/boletimoipp\/wp-json\/wp\/v2\/pages\/613\/revisions\/832"}],"wp:attachment":[{"href":"https:\/\/sites.usp.br\/boletimoipp\/wp-json\/wp\/v2\/media?parent=613"}],"curies":[{"name":"wp","href":"https:\/\/api.w.org\/{rel}","templated":true}]}}