{"id":641,"date":"2021-07-01T22:48:51","date_gmt":"2021-07-02T00:48:51","guid":{"rendered":"https:\/\/sites.usp.br\/boletimoipp\/?page_id=641"},"modified":"2021-11-30T14:45:12","modified_gmt":"2021-11-30T16:45:12","slug":"abril-de-2021","status":"publish","type":"page","link":"https:\/\/sites.usp.br\/boletimoipp\/abril-de-2021\/","title":{"rendered":"Abril de 2021"},"content":{"rendered":"<p><a href=\"https:\/\/sites.usp.br\/boletimoipp\/wp-content\/uploads\/sites\/823\/2021\/11\/Boletim_OIPP_abril_2021_-com-ISSN.pdf\" target=\"_blank\" rel=\"noopener\"><img loading=\"lazy\" decoding=\"async\" class=\"alignnone wp-image-623 size-medium\" src=\"https:\/\/sites.usp.br\/boletimoipp\/wp-content\/uploads\/sites\/823\/2021\/05\/capa-1-213x300.png\" alt=\"\" width=\"213\" height=\"300\" srcset=\"https:\/\/sites.usp.br\/boletimoipp\/wp-content\/uploads\/sites\/823\/2021\/05\/capa-1-213x300.png 213w, https:\/\/sites.usp.br\/boletimoipp\/wp-content\/uploads\/sites\/823\/2021\/05\/capa-1-400x563.png 400w, https:\/\/sites.usp.br\/boletimoipp\/wp-content\/uploads\/sites\/823\/2021\/05\/capa-1.png 568w\" sizes=\"auto, (max-width: 213px) 100vw, 213px\" \/><\/a><\/p>\n<p>&nbsp;<\/p>\n<p>Publicado: 30\/05\/2021<\/p>\n<hr \/>\n<h6><span style=\"color: #000000;\"><strong>Artigos<\/strong><\/span><\/h6>\n<p><strong>Pesquisas em Pol\u00edticas P\u00fablicas<\/strong><\/p>\n<p><span style=\"color: #000000;\"><a style=\"color: #000000;\" href=\"https:\/\/sites.usp.br\/boletimoipp\/wp-content\/uploads\/sites\/823\/2021\/05\/Lopes_abril_2021-1.pdf\" target=\"_blank\" rel=\"noopener\">Contribui\u00e7\u00f5es do PNAE e da log\u00edstica dos pequenos no contexto alimentar da pandemia de Covid-19<\/a><\/span><\/p>\n<p><span style=\"color: #999999;\">Helo\u00edsa Santos Molina Lopes<\/span><\/p>\n<p><span style=\"color: #000000;\"><a style=\"color: #000000;\" href=\"https:\/\/sites.usp.br\/boletimoipp\/wp-content\/uploads\/sites\/823\/2021\/07\/Emilio_Valentin_abril_2021.pdf\">Cidadania Cultural em S\u00e3o Paulo: uma avalia\u00e7\u00e3o do Projeto Casas de Cultura<\/a><\/span><\/p>\n<p><span style=\"color: #999999;\">Grasielle Em\u00edlio, Agnaldo Valentin<\/span><\/p>\n<p><a href=\"https:\/\/sites.usp.br\/boletimoipp\/wp-content\/uploads\/sites\/823\/2021\/05\/Alcantara_Mountian_abril_2021-1.pdf\" target=\"_blank\" rel=\"noopener\"><span style=\"color: #000000;\">G\u00eanero e Previd\u00eancia: Contexto e evolu\u00e7\u00e3o das regras previdenci\u00e1rias para as mulheres brasileiras<\/span>\u00a0<\/a><\/p>\n<p><span style=\"color: #999999;\">Isllane Teixeira Nol\u00eato Alc\u00e2ntara, Andr\u00e9 Gal Mountian<\/span><\/p>\n<p>&nbsp;<\/p>\n<p>&nbsp;<\/p>\n","protected":false},"excerpt":{"rendered":"<p>&nbsp; Publicado: 30\/05\/2021 Artigos Pesquisas em Pol\u00edticas P\u00fablicas Contribui\u00e7\u00f5es do PNAE e da log\u00edstica dos pequenos no contexto alimentar da pandemia de Covid-19 Helo\u00edsa Santos Molina Lopes Cidadania Cultural em S\u00e3o Paulo: uma avalia\u00e7\u00e3o do Projeto Casas de Cultura Grasielle Em\u00edlio, Agnaldo Valentin G\u00eanero e Previd\u00eancia: Contexto e evolu\u00e7\u00e3o das regras previdenci\u00e1rias para as mulheres [&hellip;]<\/p>\n","protected":false},"author":22000,"featured_media":0,"parent":0,"menu_order":0,"comment_status":"closed","ping_status":"closed","template":"","meta":{"_monsterinsights_skip_tracking":false,"_monsterinsights_sitenote_active":false,"_monsterinsights_sitenote_note":"","_monsterinsights_sitenote_category":0,"footnotes":"","_links_to":"","_links_to_target":""},"class_list":["post-641","page","type-page","status-publish","hentry"],"_links":{"self":[{"href":"https:\/\/sites.usp.br\/boletimoipp\/wp-json\/wp\/v2\/pages\/641","targetHints":{"allow":["GET"]}}],"collection":[{"href":"https:\/\/sites.usp.br\/boletimoipp\/wp-json\/wp\/v2\/pages"}],"about":[{"href":"https:\/\/sites.usp.br\/boletimoipp\/wp-json\/wp\/v2\/types\/page"}],"author":[{"embeddable":true,"href":"https:\/\/sites.usp.br\/boletimoipp\/wp-json\/wp\/v2\/users\/22000"}],"replies":[{"embeddable":true,"href":"https:\/\/sites.usp.br\/boletimoipp\/wp-json\/wp\/v2\/comments?post=641"}],"version-history":[{"count":5,"href":"https:\/\/sites.usp.br\/boletimoipp\/wp-json\/wp\/v2\/pages\/641\/revisions"}],"predecessor-version":[{"id":831,"href":"https:\/\/sites.usp.br\/boletimoipp\/wp-json\/wp\/v2\/pages\/641\/revisions\/831"}],"wp:attachment":[{"href":"https:\/\/sites.usp.br\/boletimoipp\/wp-json\/wp\/v2\/media?parent=641"}],"curies":[{"name":"wp","href":"https:\/\/api.w.org\/{rel}","templated":true}]}}