{"id":671,"date":"2021-08-03T00:29:36","date_gmt":"2021-08-03T02:29:36","guid":{"rendered":"https:\/\/sites.usp.br\/boletimoipp\/?page_id=671"},"modified":"2021-11-23T12:29:18","modified_gmt":"2021-11-23T14:29:18","slug":"maio-de-2021","status":"publish","type":"page","link":"https:\/\/sites.usp.br\/boletimoipp\/maio-de-2021\/","title":{"rendered":"Maio de 2021"},"content":{"rendered":"<p><a href=\"https:\/\/sites.usp.br\/boletimoipp\/wp-content\/uploads\/sites\/823\/2021\/08\/Boletim_OIPP_maio_2021.pdf\"><img loading=\"lazy\" decoding=\"async\" class=\"https:\/\/sites.usp.br\/boletimoipp\/wp-content\/uploads\/sites\/823\/2021\/08\/Boletim_OIPP_maio_2021.pdf alignnone wp-image-653 size-medium\" src=\"https:\/\/sites.usp.br\/boletimoipp\/wp-content\/uploads\/sites\/823\/2021\/07\/capa-213x300.jpg\" alt=\"\" width=\"213\" height=\"300\" srcset=\"https:\/\/sites.usp.br\/boletimoipp\/wp-content\/uploads\/sites\/823\/2021\/07\/capa-213x300.jpg 213w, https:\/\/sites.usp.br\/boletimoipp\/wp-content\/uploads\/sites\/823\/2021\/07\/capa-400x564.jpg 400w, https:\/\/sites.usp.br\/boletimoipp\/wp-content\/uploads\/sites\/823\/2021\/07\/capa.jpg 565w\" sizes=\"auto, (max-width: 213px) 100vw, 213px\" \/><\/a><\/p>\n<p>Publicado: 01\/07\/2021<\/p>\n<hr \/>\n<h6><span style=\"color: #000000;\"><strong>Artigos<\/strong><\/span><\/h6>\n<p><strong>Pesquisas em Pol\u00edticas P\u00fablicas<\/strong><\/p>\n<p><span style=\"color: #000000;\"><a style=\"color: #000000;\" href=\"https:\/\/sites.usp.br\/boletimoipp\/wp-content\/uploads\/sites\/823\/2021\/07\/Pineda_Machado_maio_2021-1.pdf\" target=\"_blank\" rel=\"noopener\">Virada Argumentativa e An\u00e1lise de Discurso em Pol\u00edticas P\u00fablicas: O I PND<\/a><\/span><\/p>\n<p><span style=\"color: #999999;\">Andr\u00e9a Martini Pineda, Jo\u00e3o Guilherme Rocha Machado<\/span><\/p>\n<p><strong><span style=\"color: #000000;\">Sociedade, Pol\u00edticas P\u00fablicas e Gest\u00e3o Governamental<\/span><\/strong><\/p>\n<p><span style=\"color: #000000;\"><a style=\"color: #000000;\" href=\"https:\/\/sites.usp.br\/boletimoipp\/wp-content\/uploads\/sites\/823\/2021\/07\/Gejer_maio_2021-1.pdf\" target=\"_blank\" rel=\"noopener\">O futuro \u00e9 circular: um novo paradigma para produtos, sistemas e cidades<\/a><\/span><\/p>\n<p><span style=\"color: #999999;\">L\u00e9a Gejer<\/span><\/p>\n<p><span style=\"color: #000000;\"><a style=\"color: #000000;\" href=\"https:\/\/sites.usp.br\/boletimoipp\/wp-content\/uploads\/sites\/823\/2021\/07\/Mountian_maio_2021-2.pdf\" target=\"_blank\" rel=\"noopener\">Qualidade de emprego: debates e dilemas te\u00f3ricos<\/a><\/span><\/p>\n<p><span style=\"color: #999999;\">Andr\u00e9 Gal Mountian<\/span><\/p>\n<p>&nbsp;<\/p>\n","protected":false},"excerpt":{"rendered":"<p>Publicado: 01\/07\/2021 Artigos Pesquisas em Pol\u00edticas P\u00fablicas Virada Argumentativa e An\u00e1lise de Discurso em Pol\u00edticas P\u00fablicas: O I PND Andr\u00e9a Martini Pineda, Jo\u00e3o Guilherme Rocha Machado Sociedade, Pol\u00edticas P\u00fablicas e Gest\u00e3o Governamental O futuro \u00e9 circular: um novo paradigma para produtos, sistemas e cidades L\u00e9a Gejer Qualidade de emprego: debates e dilemas te\u00f3ricos Andr\u00e9 Gal [&hellip;]<\/p>\n","protected":false},"author":22000,"featured_media":0,"parent":0,"menu_order":0,"comment_status":"closed","ping_status":"closed","template":"","meta":{"_monsterinsights_skip_tracking":false,"_monsterinsights_sitenote_active":false,"_monsterinsights_sitenote_note":"","_monsterinsights_sitenote_category":0,"footnotes":"","_links_to":"","_links_to_target":""},"class_list":["post-671","page","type-page","status-publish","hentry"],"_links":{"self":[{"href":"https:\/\/sites.usp.br\/boletimoipp\/wp-json\/wp\/v2\/pages\/671","targetHints":{"allow":["GET"]}}],"collection":[{"href":"https:\/\/sites.usp.br\/boletimoipp\/wp-json\/wp\/v2\/pages"}],"about":[{"href":"https:\/\/sites.usp.br\/boletimoipp\/wp-json\/wp\/v2\/types\/page"}],"author":[{"embeddable":true,"href":"https:\/\/sites.usp.br\/boletimoipp\/wp-json\/wp\/v2\/users\/22000"}],"replies":[{"embeddable":true,"href":"https:\/\/sites.usp.br\/boletimoipp\/wp-json\/wp\/v2\/comments?post=671"}],"version-history":[{"count":4,"href":"https:\/\/sites.usp.br\/boletimoipp\/wp-json\/wp\/v2\/pages\/671\/revisions"}],"predecessor-version":[{"id":813,"href":"https:\/\/sites.usp.br\/boletimoipp\/wp-json\/wp\/v2\/pages\/671\/revisions\/813"}],"wp:attachment":[{"href":"https:\/\/sites.usp.br\/boletimoipp\/wp-json\/wp\/v2\/media?parent=671"}],"curies":[{"name":"wp","href":"https:\/\/api.w.org\/{rel}","templated":true}]}}