{"id":689,"date":"2021-09-30T00:16:18","date_gmt":"2021-09-30T02:16:18","guid":{"rendered":"https:\/\/sites.usp.br\/boletimoipp\/?page_id=689"},"modified":"2021-11-30T14:40:47","modified_gmt":"2021-11-30T16:40:47","slug":"junho-de-2021","status":"publish","type":"page","link":"https:\/\/sites.usp.br\/boletimoipp\/junho-de-2021\/","title":{"rendered":"Junho de 2021"},"content":{"rendered":"<p><a href=\"https:\/\/sites.usp.br\/boletimoipp\/wp-content\/uploads\/sites\/823\/2021\/11\/Boletim_OIPP_junho_2021.pdf\" target=\"_blank\" rel=\"noopener\"><img loading=\"lazy\" decoding=\"async\" class=\"alignnone wp-image-678 size-medium\" src=\"https:\/\/sites.usp.br\/boletimoipp\/wp-content\/uploads\/sites\/823\/2021\/08\/capa-211x300.jpg\" alt=\"\" width=\"211\" height=\"300\" srcset=\"https:\/\/sites.usp.br\/boletimoipp\/wp-content\/uploads\/sites\/823\/2021\/08\/capa-211x300.jpg 211w, https:\/\/sites.usp.br\/boletimoipp\/wp-content\/uploads\/sites\/823\/2021\/08\/capa-400x568.jpg 400w, https:\/\/sites.usp.br\/boletimoipp\/wp-content\/uploads\/sites\/823\/2021\/08\/capa.jpg 565w\" sizes=\"auto, (max-width: 211px) 100vw, 211px\" \/><\/a><\/p>\n<p>Publicado: 03\/08\/2021<\/p>\n<hr \/>\n<h6><span style=\"color: #000000;\"><strong>Artigos<\/strong><\/span><\/h6>\n<p><strong>Pesquisas em Pol\u00edticas P\u00fablicas<\/strong><\/p>\n<p><a href=\"https:\/\/sites.usp.br\/boletimoipp\/wp-content\/uploads\/sites\/823\/2021\/08\/Leite-et-al_junho_2021.pdf\" target=\"_blank\" rel=\"noopener\"><span style=\"color: #000000;\">A pol\u00edtica da vacina\u00e7\u00e3o de Covid 19 na cobertura midi\u00e1tica: an\u00e1lise explorat\u00f3ria preliminar<\/span><\/a><\/p>\n<p><span style=\"color: #999999;\">Cristiane Kerches da Silva Leite, Leticia Sakihama de Menezes Hora, Nathalia Bonfim Kaiya, Raquel Paiva Gomes<\/span><\/p>\n<p><span style=\"color: #000000;\"><a style=\"color: #000000;\" href=\"https:\/\/sites.usp.br\/boletimoipp\/wp-content\/uploads\/sites\/823\/2021\/08\/Silva-et-al_junho_2021.pdf\" target=\"_blank\" rel=\"noopener\">(R)exist\u00eancia LGBTQIA+: Da aus\u00eancia de dados \u00e0 omiss\u00e3o governamental e vice-versa\u00a0\u00a0\u00a0<\/a><\/span><\/p>\n<p><span style=\"color: #999999;\">Daniela Sal\u00fa Mateus da Silva, Ergon Cugler de Moraes Silva, Let\u00edcia Sakihama de Menezes Hora, Nat\u00e1lia Fiorante Breda, Yuri Fraccaroli, Jos\u00e9 Carlos Vaz<\/span><\/p>\n<p><a href=\"https:\/\/sites.usp.br\/boletimoipp\/wp-content\/uploads\/sites\/823\/2021\/08\/Breda_Vaz_junho_2021.pdf\" target=\"_blank\" rel=\"noopener\"><span style=\"color: #000000;\">Pol\u00edticas P\u00fablicas Pautadas em Evid\u00eancias: Proposi\u00e7\u00e3o de um Modelo de Cesta de Indicadores voltados \u00e0 popula\u00e7\u00e3o LGBT \u00a0\u00a0\u00a0<\/span>\u00a0<\/a><\/p>\n<p><span style=\"color: #999999;\">Nat\u00e1lia Fiorante Breda, Jos\u00e9 Carlos Vaz<\/span><\/p>\n<p><strong>Sociedade, Pol\u00edticas P\u00fablicas e Gest\u00e3o Governamental<\/strong><\/p>\n<p><a href=\"https:\/\/sites.usp.br\/boletimoipp\/wp-content\/uploads\/sites\/823\/2021\/08\/Korsakas-et-al_junho_2021.pdf\" target=\"_blank\" rel=\"noopener\"><span style=\"color: #000000;\">E por falar em Jogos Ol\u00edmpicos, onde anda o direito ao esporte? \u00a0\u00a0<\/span><\/a><\/p>\n<p><span style=\"color: #999999;\">Paula Korsakas, Ester Gammardella Rizzi, Mariana Harumi Cruz Tsukamoto e Larissa Rafaela Galatti<\/span><\/p>\n<p>&nbsp;<\/p>\n","protected":false},"excerpt":{"rendered":"<p>Publicado: 03\/08\/2021 Artigos Pesquisas em Pol\u00edticas P\u00fablicas A pol\u00edtica da vacina\u00e7\u00e3o de Covid 19 na cobertura midi\u00e1tica: an\u00e1lise explorat\u00f3ria preliminar Cristiane Kerches da Silva Leite, Leticia Sakihama de Menezes Hora, Nathalia Bonfim Kaiya, Raquel Paiva Gomes (R)exist\u00eancia LGBTQIA+: Da aus\u00eancia de dados \u00e0 omiss\u00e3o governamental e vice-versa\u00a0\u00a0\u00a0 Daniela Sal\u00fa Mateus da Silva, Ergon Cugler de [&hellip;]<\/p>\n","protected":false},"author":22000,"featured_media":0,"parent":0,"menu_order":0,"comment_status":"closed","ping_status":"closed","template":"","meta":{"_monsterinsights_skip_tracking":false,"_monsterinsights_sitenote_active":false,"_monsterinsights_sitenote_note":"","_monsterinsights_sitenote_category":0,"footnotes":"","_links_to":"","_links_to_target":""},"class_list":["post-689","page","type-page","status-publish","hentry"],"_links":{"self":[{"href":"https:\/\/sites.usp.br\/boletimoipp\/wp-json\/wp\/v2\/pages\/689","targetHints":{"allow":["GET"]}}],"collection":[{"href":"https:\/\/sites.usp.br\/boletimoipp\/wp-json\/wp\/v2\/pages"}],"about":[{"href":"https:\/\/sites.usp.br\/boletimoipp\/wp-json\/wp\/v2\/types\/page"}],"author":[{"embeddable":true,"href":"https:\/\/sites.usp.br\/boletimoipp\/wp-json\/wp\/v2\/users\/22000"}],"replies":[{"embeddable":true,"href":"https:\/\/sites.usp.br\/boletimoipp\/wp-json\/wp\/v2\/comments?post=689"}],"version-history":[{"count":5,"href":"https:\/\/sites.usp.br\/boletimoipp\/wp-json\/wp\/v2\/pages\/689\/revisions"}],"predecessor-version":[{"id":830,"href":"https:\/\/sites.usp.br\/boletimoipp\/wp-json\/wp\/v2\/pages\/689\/revisions\/830"}],"wp:attachment":[{"href":"https:\/\/sites.usp.br\/boletimoipp\/wp-json\/wp\/v2\/media?parent=689"}],"curies":[{"name":"wp","href":"https:\/\/api.w.org\/{rel}","templated":true}]}}