{"id":713,"date":"2021-10-29T17:14:09","date_gmt":"2021-10-29T19:14:09","guid":{"rendered":"https:\/\/sites.usp.br\/boletimoipp\/?page_id=713"},"modified":"2021-11-23T12:15:59","modified_gmt":"2021-11-23T14:15:59","slug":"julho-de-2021-2","status":"publish","type":"page","link":"https:\/\/sites.usp.br\/boletimoipp\/julho-de-2021-2\/","title":{"rendered":"Julho de 2021"},"content":{"rendered":"<p>&nbsp;<\/p>\n<p><a href=\"https:\/\/sites.usp.br\/boletimoipp\/wp-content\/uploads\/sites\/823\/2021\/09\/Boletim_OIPP_julho_2021.pdf\" target=\"_blank\" rel=\"noopener\"><img loading=\"lazy\" decoding=\"async\" class=\"alignnone wp-image-707\" src=\"https:\/\/sites.usp.br\/boletimoipp\/wp-content\/uploads\/sites\/823\/2021\/09\/capa1-221x300.jpg\" alt=\"\" width=\"210\" height=\"285\" srcset=\"https:\/\/sites.usp.br\/boletimoipp\/wp-content\/uploads\/sites\/823\/2021\/09\/capa1-221x300.jpg 221w, https:\/\/sites.usp.br\/boletimoipp\/wp-content\/uploads\/sites\/823\/2021\/09\/capa1-400x544.jpg 400w, https:\/\/sites.usp.br\/boletimoipp\/wp-content\/uploads\/sites\/823\/2021\/09\/capa1.jpg 495w\" sizes=\"auto, (max-width: 210px) 100vw, 210px\" \/><\/a><\/p>\n<p>Publicado: 30\/09\/2021<\/p>\n<hr \/>\n<h6><span style=\"color: #000000;\"><strong>Artigos<\/strong><\/span><\/h6>\n<p><strong>Pesquisas em Pol\u00edticas P\u00fablicas<\/strong><\/p>\n<p><a href=\"https:\/\/sites.usp.br\/boletimoipp\/wp-content\/uploads\/sites\/823\/2021\/09\/Chavarria_Silva_julho_2021.pdf\" target=\"_blank\" rel=\"noopener\"><span style=\"color: #000000;\">A constru\u00e7\u00e3o de sentidos na transi\u00e7\u00e3o democr\u00e1tica: Estudo de caso da arena digital nas elei\u00e7\u00f5es departamentais de La Paz (Bol\u00edvia) em 2021\u00a0<\/span><\/a><\/p>\n<p><span style=\"color: #999999;\">H\u00e9ctor Solano Chavarr\u00eda (Costa Rica), Ergon Cugler de Moraes Silva (Brasil)<\/span><\/p>\n<p><span style=\"color: #000000;\"><a style=\"color: #000000;\" href=\"https:\/\/sites.usp.br\/boletimoipp\/wp-content\/uploads\/sites\/823\/2021\/09\/Chaves_Valentin_julho_2021.pdf\" target=\"_blank\" rel=\"noopener\">Os Impactos da Constru\u00e7\u00e3o de uma Penitenci\u00e1ria numa Cidade do Interior de SP: Um estudo de caso de Votorantim\u00a0<\/a><\/span><\/p>\n<p><span style=\"color: #999999;\">Aline de Oliveira Chaves, Agnaldo Valentin<\/span><\/p>\n<p><strong>Sociedade, Pol\u00edticas P\u00fablicas e Gest\u00e3o Governamental<\/strong><\/p>\n<p><a href=\"https:\/\/sites.usp.br\/boletimoipp\/wp-content\/uploads\/sites\/823\/2021\/09\/Struwka_julho_2021.pdf\" target=\"_blank\" rel=\"noopener\"><span style=\"color: #000000;\">Comida na mesa: a import\u00e2ncia da agricultura familiar camponesa na produ\u00e7\u00e3o de alimentos<\/span><\/a><\/p>\n<p><span style=\"color: #999999;\">Solange Struwka<\/span><\/p>\n<p><a href=\"https:\/\/sites.usp.br\/boletimoipp\/wp-content\/uploads\/sites\/823\/2021\/09\/Cinquegrana-Jr_julho_2021.pdf\" target=\"_blank\" rel=\"noopener\"><span style=\"color: #000000;\">A Nova M\u00eddia e a Pol\u00edtica<\/span><\/a><\/p>\n<p><span style=\"color: #999999;\">Carlos Cinquegrana Jr.<\/span><\/p>\n<p>&nbsp;<\/p>\n","protected":false},"excerpt":{"rendered":"<p>&nbsp; Publicado: 30\/09\/2021 Artigos Pesquisas em Pol\u00edticas P\u00fablicas A constru\u00e7\u00e3o de sentidos na transi\u00e7\u00e3o democr\u00e1tica: Estudo de caso da arena digital nas elei\u00e7\u00f5es departamentais de La Paz (Bol\u00edvia) em 2021\u00a0 H\u00e9ctor Solano Chavarr\u00eda (Costa Rica), Ergon Cugler de Moraes Silva (Brasil) Os Impactos da Constru\u00e7\u00e3o de uma Penitenci\u00e1ria numa Cidade do Interior de SP: Um [&hellip;]<\/p>\n","protected":false},"author":22000,"featured_media":0,"parent":0,"menu_order":0,"comment_status":"closed","ping_status":"closed","template":"","meta":{"_monsterinsights_skip_tracking":false,"_monsterinsights_sitenote_active":false,"_monsterinsights_sitenote_note":"","_monsterinsights_sitenote_category":0,"footnotes":"","_links_to":"","_links_to_target":""},"class_list":["post-713","page","type-page","status-publish","hentry"],"_links":{"self":[{"href":"https:\/\/sites.usp.br\/boletimoipp\/wp-json\/wp\/v2\/pages\/713","targetHints":{"allow":["GET"]}}],"collection":[{"href":"https:\/\/sites.usp.br\/boletimoipp\/wp-json\/wp\/v2\/pages"}],"about":[{"href":"https:\/\/sites.usp.br\/boletimoipp\/wp-json\/wp\/v2\/types\/page"}],"author":[{"embeddable":true,"href":"https:\/\/sites.usp.br\/boletimoipp\/wp-json\/wp\/v2\/users\/22000"}],"replies":[{"embeddable":true,"href":"https:\/\/sites.usp.br\/boletimoipp\/wp-json\/wp\/v2\/comments?post=713"}],"version-history":[{"count":4,"href":"https:\/\/sites.usp.br\/boletimoipp\/wp-json\/wp\/v2\/pages\/713\/revisions"}],"predecessor-version":[{"id":807,"href":"https:\/\/sites.usp.br\/boletimoipp\/wp-json\/wp\/v2\/pages\/713\/revisions\/807"}],"wp:attachment":[{"href":"https:\/\/sites.usp.br\/boletimoipp\/wp-json\/wp\/v2\/media?parent=713"}],"curies":[{"name":"wp","href":"https:\/\/api.w.org\/{rel}","templated":true}]}}