{"id":79,"date":"2014-02-24T16:51:20","date_gmt":"2014-02-24T18:51:20","guid":{"rendered":"http:\/\/sites.usp.br\/boletimoipp\/?page_id=79"},"modified":"2024-11-17T16:22:45","modified_gmt":"2024-11-17T18:22:45","slug":"pagina-inicial","status":"publish","type":"page","link":"https:\/\/sites.usp.br\/boletimoipp\/","title":{"rendered":"Boletim de Pol\u00edticas P\u00fablicas"},"content":{"rendered":"<p style=\"text-align: left;\">O<strong> Boletim de Pol\u00edticas P\u00fablicas (Qualis da CAPES e ISSN <b>2675-9934)<\/b> <\/strong>\u00e9 uma iniciativa do\u00a0<strong>Observat\u00f3rio Interdisciplinar de Pol\u00edticas P\u00fablicas (OIPP)<\/strong> Professor Doutor Jos\u00e9 Renato de Campos Ara\u00fajo, composto por docentes e pesquisadores da Escola de Artes Ci\u00eancias Humanidades (EACH\/USP).<\/p>\n<p style=\"text-align: left;\">O Boletim \u00a0visa constituir um espa\u00e7o de divulga\u00e7\u00e3o do papel das pol\u00edticas p\u00fablicas e da gest\u00e3o governamental em suas diversas vertentes e concep\u00e7\u00f5es metodol\u00f3gicas.<\/p>\n<p style=\"text-align: left;\">O Boletim de Pol\u00edticas P\u00fablicas do OIPP tem periodicidade mensal e recebe artigos acad\u00eamicos curtos para ampla divulga\u00e7\u00e3o entre acad\u00eamicos e profissionais do Campo de P\u00fablicas no Brasil. Os artigos podem ser ensaios breves,\u00a0<i><span class=\"il\">position<\/span>\u00a0<span class=\"il\">papers<\/span><\/i>, resumos de resultados de pesquisa, an\u00e1lises de conjuntura, resenhas de livros, estudos de caso ou outros formatos, em linguagem destinada a fomentar o debate sobre pol\u00edticas p\u00fablicas e gest\u00e3o governamental. Apresenta\u00e7\u00e3o de resultados de pesquisas de inicia\u00e7\u00e3o cient\u00edfica e monografias (TCC) tamb\u00e9m s\u00e3o bem-vindos.<\/p>\n<p><a href=\"https:\/\/sites.usp.br\/boletimoipp\/wp-content\/uploads\/sites\/823\/2020\/09\/each_campus.jpg\"><img loading=\"lazy\" decoding=\"async\" class=\"alignnone wp-image-213\" src=\"https:\/\/sites.usp.br\/boletimoipp\/wp-content\/uploads\/sites\/823\/2020\/09\/each_campus-300x199.jpg\" alt=\"\" width=\"612\" height=\"406\" srcset=\"https:\/\/sites.usp.br\/boletimoipp\/wp-content\/uploads\/sites\/823\/2020\/09\/each_campus-300x199.jpg 300w, https:\/\/sites.usp.br\/boletimoipp\/wp-content\/uploads\/sites\/823\/2020\/09\/each_campus-768x509.jpg 768w, https:\/\/sites.usp.br\/boletimoipp\/wp-content\/uploads\/sites\/823\/2020\/09\/each_campus-400x265.jpg 400w, https:\/\/sites.usp.br\/boletimoipp\/wp-content\/uploads\/sites\/823\/2020\/09\/each_campus.jpg 1024w\" sizes=\"auto, (max-width: 612px) 100vw, 612px\" \/><\/a><\/p>\n","protected":false},"excerpt":{"rendered":"<p>O Boletim de Pol\u00edticas P\u00fablicas (Qualis da CAPES e ISSN 2675-9934) \u00e9 uma iniciativa do\u00a0Observat\u00f3rio Interdisciplinar de Pol\u00edticas P\u00fablicas (OIPP) Professor Doutor Jos\u00e9 Renato de Campos Ara\u00fajo, composto por docentes e pesquisadores da Escola de Artes Ci\u00eancias Humanidades (EACH\/USP). O Boletim \u00a0visa constituir um espa\u00e7o de divulga\u00e7\u00e3o do papel das pol\u00edticas p\u00fablicas e da gest\u00e3o [&hellip;]<\/p>\n","protected":false},"author":1,"featured_media":0,"parent":0,"menu_order":0,"comment_status":"closed","ping_status":"closed","template":"","meta":{"_monsterinsights_skip_tracking":false,"_monsterinsights_sitenote_active":false,"_monsterinsights_sitenote_note":"","_monsterinsights_sitenote_category":0,"footnotes":"","_links_to":"","_links_to_target":""},"class_list":["post-79","page","type-page","status-publish","hentry"],"_links":{"self":[{"href":"https:\/\/sites.usp.br\/boletimoipp\/wp-json\/wp\/v2\/pages\/79","targetHints":{"allow":["GET"]}}],"collection":[{"href":"https:\/\/sites.usp.br\/boletimoipp\/wp-json\/wp\/v2\/pages"}],"about":[{"href":"https:\/\/sites.usp.br\/boletimoipp\/wp-json\/wp\/v2\/types\/page"}],"author":[{"embeddable":true,"href":"https:\/\/sites.usp.br\/boletimoipp\/wp-json\/wp\/v2\/users\/1"}],"replies":[{"embeddable":true,"href":"https:\/\/sites.usp.br\/boletimoipp\/wp-json\/wp\/v2\/comments?post=79"}],"version-history":[{"count":4,"href":"https:\/\/sites.usp.br\/boletimoipp\/wp-json\/wp\/v2\/pages\/79\/revisions"}],"predecessor-version":[{"id":1137,"href":"https:\/\/sites.usp.br\/boletimoipp\/wp-json\/wp\/v2\/pages\/79\/revisions\/1137"}],"wp:attachment":[{"href":"https:\/\/sites.usp.br\/boletimoipp\/wp-json\/wp\/v2\/media?parent=79"}],"curies":[{"name":"wp","href":"https:\/\/api.w.org\/{rel}","templated":true}]}}