{"id":842,"date":"2021-12-01T15:41:13","date_gmt":"2021-12-01T17:41:13","guid":{"rendered":"https:\/\/sites.usp.br\/boletimoipp\/?page_id=842"},"modified":"2021-12-01T16:03:33","modified_gmt":"2021-12-01T18:03:33","slug":"agosto-de-2021","status":"publish","type":"page","link":"https:\/\/sites.usp.br\/boletimoipp\/agosto-de-2021\/","title":{"rendered":"Agosto de 2021"},"content":{"rendered":"<p><a href=\"https:\/\/sites.usp.br\/boletimoipp\/wp-content\/uploads\/sites\/823\/2021\/10\/Boletim_OIPP_agosto_2021.pdf\" target=\"_blank\" rel=\"noopener\"><img loading=\"lazy\" decoding=\"async\" class=\"alignnone wp-image-749 size-medium\" src=\"https:\/\/sites.usp.br\/boletimoipp\/wp-content\/uploads\/sites\/823\/2021\/10\/capa-211x300.jpg\" alt=\"\" width=\"211\" height=\"300\" srcset=\"https:\/\/sites.usp.br\/boletimoipp\/wp-content\/uploads\/sites\/823\/2021\/10\/capa-211x300.jpg 211w, https:\/\/sites.usp.br\/boletimoipp\/wp-content\/uploads\/sites\/823\/2021\/10\/capa-400x568.jpg 400w, https:\/\/sites.usp.br\/boletimoipp\/wp-content\/uploads\/sites\/823\/2021\/10\/capa.jpg 561w\" sizes=\"auto, (max-width: 211px) 100vw, 211px\" \/><\/a><\/p>\n<p>Publicado: 29\/10\/2021<\/p>\n<hr \/>\n<h6><span style=\"color: #000000;\"><strong>Artigos<\/strong><\/span><\/h6>\n<p><strong>Pesquisas em Pol\u00edticas P\u00fablicas<\/strong><\/p>\n<p><a href=\"https:\/\/sites.usp.br\/boletimoipp\/wp-content\/uploads\/sites\/823\/2021\/10\/Collado_Leichsenring_Mountian_agosto_2021.pdf\" target=\"_blank\" rel=\"noopener\"><span style=\"color: #000000;\">A Saga do Censo Demogr\u00e1fico brasileiro de 2020<\/span><\/a><\/p>\n<p><span style=\"color: #999999;\">Let\u00edcia Figueiredo Collado, Alexandre Ribeiro Leichsenring, Andr\u00e9 Gal Mountian<\/span><\/p>\n<p><span style=\"color: #000000;\"><a style=\"color: #000000;\" href=\"https:\/\/sites.usp.br\/boletimoipp\/wp-content\/uploads\/sites\/823\/2021\/10\/Alves_Peres_agosto_2021.pdf\" target=\"_blank\" rel=\"noopener\">FUNDURB e Plano Diretor de S\u00e3o Paulo: como a governan\u00e7a or\u00e7ament\u00e1ria influencia a pol\u00edtica urbana municipal?<\/a><\/span><\/p>\n<p><span style=\"color: #999999;\">J\u00e9ssica Alves, Ursula Dias Peres<\/span><\/p>\n<p><strong>Sociedade, Pol\u00edticas P\u00fablicas e Gest\u00e3o Governamental<\/strong><\/p>\n<p><span style=\"color: #000000;\"><a style=\"color: #000000;\" href=\"https:\/\/sites.usp.br\/boletimoipp\/wp-content\/uploads\/sites\/823\/2021\/10\/Rizzi_agosto_2021.pdf\" target=\"_blank\" rel=\"noopener\">2021: H\u00e1 ainda Democracia e Estado de Direito no Brasil?<\/a><\/span><\/p>\n<p><span style=\"color: #999999;\">Ester Gammardella Rizzi<\/span><\/p>\n<p>&nbsp;<\/p>\n","protected":false},"excerpt":{"rendered":"<p>Publicado: 29\/10\/2021 Artigos Pesquisas em Pol\u00edticas P\u00fablicas A Saga do Censo Demogr\u00e1fico brasileiro de 2020 Let\u00edcia Figueiredo Collado, Alexandre Ribeiro Leichsenring, Andr\u00e9 Gal Mountian FUNDURB e Plano Diretor de S\u00e3o Paulo: como a governan\u00e7a or\u00e7ament\u00e1ria influencia a pol\u00edtica urbana municipal? J\u00e9ssica Alves, Ursula Dias Peres Sociedade, Pol\u00edticas P\u00fablicas e Gest\u00e3o Governamental 2021: H\u00e1 ainda Democracia [&hellip;]<\/p>\n","protected":false},"author":22000,"featured_media":0,"parent":0,"menu_order":0,"comment_status":"closed","ping_status":"closed","template":"","meta":{"_monsterinsights_skip_tracking":false,"_monsterinsights_sitenote_active":false,"_monsterinsights_sitenote_note":"","_monsterinsights_sitenote_category":0,"footnotes":"","_links_to":"","_links_to_target":""},"class_list":["post-842","page","type-page","status-publish","hentry"],"_links":{"self":[{"href":"https:\/\/sites.usp.br\/boletimoipp\/wp-json\/wp\/v2\/pages\/842","targetHints":{"allow":["GET"]}}],"collection":[{"href":"https:\/\/sites.usp.br\/boletimoipp\/wp-json\/wp\/v2\/pages"}],"about":[{"href":"https:\/\/sites.usp.br\/boletimoipp\/wp-json\/wp\/v2\/types\/page"}],"author":[{"embeddable":true,"href":"https:\/\/sites.usp.br\/boletimoipp\/wp-json\/wp\/v2\/users\/22000"}],"replies":[{"embeddable":true,"href":"https:\/\/sites.usp.br\/boletimoipp\/wp-json\/wp\/v2\/comments?post=842"}],"version-history":[{"count":3,"href":"https:\/\/sites.usp.br\/boletimoipp\/wp-json\/wp\/v2\/pages\/842\/revisions"}],"predecessor-version":[{"id":857,"href":"https:\/\/sites.usp.br\/boletimoipp\/wp-json\/wp\/v2\/pages\/842\/revisions\/857"}],"wp:attachment":[{"href":"https:\/\/sites.usp.br\/boletimoipp\/wp-json\/wp\/v2\/media?parent=842"}],"curies":[{"name":"wp","href":"https:\/\/api.w.org\/{rel}","templated":true}]}}