{"id":864,"date":"2022-01-31T18:37:23","date_gmt":"2022-01-31T20:37:23","guid":{"rendered":"https:\/\/sites.usp.br\/boletimoipp\/?page_id=864"},"modified":"2022-01-31T19:27:19","modified_gmt":"2022-01-31T21:27:19","slug":"setembro-de-2021","status":"publish","type":"page","link":"https:\/\/sites.usp.br\/boletimoipp\/setembro-de-2021\/","title":{"rendered":"Setembro de 2021"},"content":{"rendered":"<p><a href=\"https:\/\/sites.usp.br\/boletimoipp\/wp-content\/uploads\/sites\/823\/2021\/12\/Boletim_OIPP_setembro_2021.pdf\" target=\"_blank\" rel=\"noopener\"><img loading=\"lazy\" decoding=\"async\" class=\"alignnone wp-image-847 size-medium\" src=\"https:\/\/sites.usp.br\/boletimoipp\/wp-content\/uploads\/sites\/823\/2021\/12\/capa-213x300.jpg\" alt=\"\" width=\"213\" height=\"300\" srcset=\"https:\/\/sites.usp.br\/boletimoipp\/wp-content\/uploads\/sites\/823\/2021\/12\/capa-213x300.jpg 213w, https:\/\/sites.usp.br\/boletimoipp\/wp-content\/uploads\/sites\/823\/2021\/12\/capa-400x562.jpg 400w, https:\/\/sites.usp.br\/boletimoipp\/wp-content\/uploads\/sites\/823\/2021\/12\/capa.jpg 498w\" sizes=\"auto, (max-width: 213px) 100vw, 213px\" \/><\/a><\/p>\n<p>Publicado: 01\/12\/2021<\/p>\n<hr \/>\n<h6><span style=\"color: #000000;\"><strong>Artigos<\/strong><\/span><\/h6>\n<p><strong>Pesquisas em Pol\u00edticas P\u00fablicas<\/strong><\/p>\n<p><a href=\"https:\/\/sites.usp.br\/boletimoipp\/wp-content\/uploads\/sites\/823\/2021\/12\/Nerling_Reis_set_2021.pdf\" target=\"_blank\" rel=\"noopener\"><span style=\"color: #000000;\">O Poder Legislativo no Plano Plurianual do Munic\u00edpio de S\u00e3o Paulo (2022-2025): O PL 676\/2021<\/span><\/a><\/p>\n<p><span style=\"color: #999999;\">Marcelo Arno Nerling, Ikaro Gomes dos Reis<\/span><\/p>\n<p><strong>Sociedade, Pol\u00edticas P\u00fablicas e Gest\u00e3o Governamental<\/strong><\/p>\n<p><span style=\"color: #000000;\"><a style=\"color: #000000;\" href=\"https:\/\/sites.usp.br\/boletimoipp\/wp-content\/uploads\/sites\/823\/2021\/12\/Martins_set_2021.pdf\" target=\"_blank\" rel=\"noopener\">Capitalismo Carcer\u00e1rio &#8211; notas sobre o livro da abolicionista penal Jackie Wang\u00a0<\/a><\/span><\/p>\n<p><span style=\"color: #999999;\">Bruno Xavier Martins<\/span><\/p>\n<p><span style=\"color: #000000;\"><a style=\"color: #000000;\" href=\"https:\/\/sites.usp.br\/boletimoipp\/wp-content\/uploads\/sites\/823\/2021\/12\/Cinquegrana-Jr_set_2021.pdf\" target=\"_blank\" rel=\"noopener\">Cinco campanhas: a democracia brasileira no S\u00e9culo XXI\u00a0\u00a0\u00a0\u00a0\u00a0\u00a0\u00a0<\/a><\/span><\/p>\n<p><span style=\"color: #999999;\">Carlos Cinquegrana Jr.<\/span><\/p>\n<p>&nbsp;<\/p>\n","protected":false},"excerpt":{"rendered":"<p>Publicado: 01\/12\/2021 Artigos Pesquisas em Pol\u00edticas P\u00fablicas O Poder Legislativo no Plano Plurianual do Munic\u00edpio de S\u00e3o Paulo (2022-2025): O PL 676\/2021 Marcelo Arno Nerling, Ikaro Gomes dos Reis Sociedade, Pol\u00edticas P\u00fablicas e Gest\u00e3o Governamental Capitalismo Carcer\u00e1rio &#8211; notas sobre o livro da abolicionista penal Jackie Wang\u00a0 Bruno Xavier Martins Cinco campanhas: a democracia brasileira [&hellip;]<\/p>\n","protected":false},"author":22000,"featured_media":0,"parent":0,"menu_order":0,"comment_status":"closed","ping_status":"closed","template":"","meta":{"_monsterinsights_skip_tracking":false,"_monsterinsights_sitenote_active":false,"_monsterinsights_sitenote_note":"","_monsterinsights_sitenote_category":0,"footnotes":"","_links_to":"","_links_to_target":""},"class_list":["post-864","page","type-page","status-publish","hentry"],"_links":{"self":[{"href":"https:\/\/sites.usp.br\/boletimoipp\/wp-json\/wp\/v2\/pages\/864","targetHints":{"allow":["GET"]}}],"collection":[{"href":"https:\/\/sites.usp.br\/boletimoipp\/wp-json\/wp\/v2\/pages"}],"about":[{"href":"https:\/\/sites.usp.br\/boletimoipp\/wp-json\/wp\/v2\/types\/page"}],"author":[{"embeddable":true,"href":"https:\/\/sites.usp.br\/boletimoipp\/wp-json\/wp\/v2\/users\/22000"}],"replies":[{"embeddable":true,"href":"https:\/\/sites.usp.br\/boletimoipp\/wp-json\/wp\/v2\/comments?post=864"}],"version-history":[{"count":2,"href":"https:\/\/sites.usp.br\/boletimoipp\/wp-json\/wp\/v2\/pages\/864\/revisions"}],"predecessor-version":[{"id":866,"href":"https:\/\/sites.usp.br\/boletimoipp\/wp-json\/wp\/v2\/pages\/864\/revisions\/866"}],"wp:attachment":[{"href":"https:\/\/sites.usp.br\/boletimoipp\/wp-json\/wp\/v2\/media?parent=864"}],"curies":[{"name":"wp","href":"https:\/\/api.w.org\/{rel}","templated":true}]}}