{"id":895,"date":"2022-02-25T09:53:49","date_gmt":"2022-02-25T11:53:49","guid":{"rendered":"https:\/\/sites.usp.br\/boletimoipp\/?page_id=895"},"modified":"2022-02-25T10:07:00","modified_gmt":"2022-02-25T12:07:00","slug":"janeiro-de-2022","status":"publish","type":"page","link":"https:\/\/sites.usp.br\/boletimoipp\/janeiro-de-2022\/","title":{"rendered":"Janeiro de 2022"},"content":{"rendered":"<h5><a href=\"https:\/\/sites.usp.br\/boletimoipp\/wp-content\/uploads\/sites\/823\/2022\/01\/Boletim_OIPP_janeiro_2022.pdf\" target=\"_blank\" rel=\"noopener\"><img loading=\"lazy\" decoding=\"async\" class=\"alignnone wp-image-875 size-medium\" style=\"font-family: 'Source Sans Pro', Helvetica, sans-serif; font-size: 16px;\" src=\"https:\/\/sites.usp.br\/boletimoipp\/wp-content\/uploads\/sites\/823\/2022\/01\/capa-1-210x300.jpg\" alt=\"\" width=\"210\" height=\"300\" srcset=\"https:\/\/sites.usp.br\/boletimoipp\/wp-content\/uploads\/sites\/823\/2022\/01\/capa-1-210x300.jpg 210w, https:\/\/sites.usp.br\/boletimoipp\/wp-content\/uploads\/sites\/823\/2022\/01\/capa-1-400x571.jpg 400w, https:\/\/sites.usp.br\/boletimoipp\/wp-content\/uploads\/sites\/823\/2022\/01\/capa-1.jpg 558w\" sizes=\"auto, (max-width: 210px) 100vw, 210px\" \/><\/a><\/h5>\n<p>Publicado: 31\/01\/2022<\/p>\n<hr \/>\n<h6><span style=\"color: #000000;\"><strong>Artigos<\/strong><\/span><\/h6>\n<p><strong>Pesquisas em Pol\u00edticas P\u00fablicas<\/strong><\/p>\n<p><span style=\"color: #000000;\"><a style=\"color: #000000;\" href=\"https:\/\/sites.usp.br\/boletimoipp\/wp-content\/uploads\/sites\/823\/2022\/01\/Caetano_Pulhez_jan_2022.pdf\" target=\"_blank\" rel=\"noopener\">Requalifica\u00e7\u00e3o do Anhangaba\u00fa: a entrada do tema na agenda governamental<\/a><\/span><\/p>\n<p><span style=\"color: #999999;\">Julia Caetano e Magaly Marques Pulhez<\/span><\/p>\n<p><a href=\"https:\/\/sites.usp.br\/boletimoipp\/wp-content\/uploads\/sites\/823\/2022\/01\/Silva_Rodrigues_jan_2022.pdf\" target=\"_blank\" rel=\"noopener\"><span style=\"color: #000000;\">Verdadeiro Black Metal: Welfare State e uma cultura de consumo dist\u00f3pica na Noruega <\/span><\/a><\/p>\n<p><span style=\"color: #999999;\">Jady Gabrielle Silva e Marta Maria Assump\u00e7\u00e3o Rodrigues<\/span><\/p>\n<p><strong>Sociedade, Pol\u00edticas P\u00fablicas e Gest\u00e3o Governamental<\/strong><\/p>\n<p><span style=\"color: #000000;\"><a style=\"color: #000000;\" href=\"https:\/\/sites.usp.br\/boletimoipp\/wp-content\/uploads\/sites\/823\/2022\/01\/Mountian_jan_2022.pdf\" target=\"_blank\" rel=\"noopener\">Investimento P\u00fablico e Desenvolvimento Econ\u00f4mico: notas de um poss\u00edvel di\u00e1logo entre Keynes e Rosenstein-Rodan <\/a><\/span><\/p>\n<p><span style=\"color: #999999;\">Andr\u00e9 Gal Mountian<\/span><\/p>\n<p>&nbsp;<\/p>\n","protected":false},"excerpt":{"rendered":"<p>Publicado: 31\/01\/2022 Artigos Pesquisas em Pol\u00edticas P\u00fablicas Requalifica\u00e7\u00e3o do Anhangaba\u00fa: a entrada do tema na agenda governamental Julia Caetano e Magaly Marques Pulhez Verdadeiro Black Metal: Welfare State e uma cultura de consumo dist\u00f3pica na Noruega Jady Gabrielle Silva e Marta Maria Assump\u00e7\u00e3o Rodrigues Sociedade, Pol\u00edticas P\u00fablicas e Gest\u00e3o Governamental Investimento P\u00fablico e Desenvolvimento Econ\u00f4mico: [&hellip;]<\/p>\n","protected":false},"author":22000,"featured_media":0,"parent":0,"menu_order":0,"comment_status":"closed","ping_status":"closed","template":"","meta":{"_monsterinsights_skip_tracking":false,"_monsterinsights_sitenote_active":false,"_monsterinsights_sitenote_note":"","_monsterinsights_sitenote_category":0,"footnotes":"","_links_to":"","_links_to_target":""},"class_list":["post-895","page","type-page","status-publish","hentry"],"_links":{"self":[{"href":"https:\/\/sites.usp.br\/boletimoipp\/wp-json\/wp\/v2\/pages\/895","targetHints":{"allow":["GET"]}}],"collection":[{"href":"https:\/\/sites.usp.br\/boletimoipp\/wp-json\/wp\/v2\/pages"}],"about":[{"href":"https:\/\/sites.usp.br\/boletimoipp\/wp-json\/wp\/v2\/types\/page"}],"author":[{"embeddable":true,"href":"https:\/\/sites.usp.br\/boletimoipp\/wp-json\/wp\/v2\/users\/22000"}],"replies":[{"embeddable":true,"href":"https:\/\/sites.usp.br\/boletimoipp\/wp-json\/wp\/v2\/comments?post=895"}],"version-history":[{"count":3,"href":"https:\/\/sites.usp.br\/boletimoipp\/wp-json\/wp\/v2\/pages\/895\/revisions"}],"predecessor-version":[{"id":901,"href":"https:\/\/sites.usp.br\/boletimoipp\/wp-json\/wp\/v2\/pages\/895\/revisions\/901"}],"wp:attachment":[{"href":"https:\/\/sites.usp.br\/boletimoipp\/wp-json\/wp\/v2\/media?parent=895"}],"curies":[{"name":"wp","href":"https:\/\/api.w.org\/{rel}","templated":true}]}}