{"id":966,"date":"2022-07-01T18:53:47","date_gmt":"2022-07-01T20:53:47","guid":{"rendered":"https:\/\/sites.usp.br\/boletimoipp\/?page_id=966"},"modified":"2022-09-08T22:41:45","modified_gmt":"2022-09-09T00:41:45","slug":"maio-de-2022","status":"publish","type":"page","link":"https:\/\/sites.usp.br\/boletimoipp\/maio-de-2022\/","title":{"rendered":"Maio de 2022"},"content":{"rendered":"<p><img loading=\"lazy\" decoding=\"async\" class=\"alignnone wp-image-951 size-medium\" src=\"https:\/\/sites.usp.br\/boletimoipp\/wp-content\/uploads\/sites\/823\/2022\/05\/capa-1-212x300.jpg\" alt=\"\" width=\"212\" height=\"300\" srcset=\"https:\/\/sites.usp.br\/boletimoipp\/wp-content\/uploads\/sites\/823\/2022\/05\/capa-1-212x300.jpg 212w, https:\/\/sites.usp.br\/boletimoipp\/wp-content\/uploads\/sites\/823\/2022\/05\/capa-1-400x566.jpg 400w, https:\/\/sites.usp.br\/boletimoipp\/wp-content\/uploads\/sites\/823\/2022\/05\/capa-1.jpg 562w\" sizes=\"auto, (max-width: 212px) 100vw, 212px\" \/><\/p>\n<p>Publicado em 31\/05\/2022<\/p>\n<hr \/>\n<p><strong>Pesquisas em Pol\u00edticas P\u00fablicas<\/strong><\/p>\n<p><span style=\"color: #000000;\"><a style=\"color: #000000;\" href=\"https:\/\/sites.usp.br\/boletimoipp\/wp-content\/uploads\/sites\/823\/2022\/05\/Passafaro_Peres_maio_2022.pdf\" target=\"_blank\" rel=\"noopener\">Pol\u00edticas de enfrentamento \u00e0 viol\u00eancia contra mulheres na cidade de S\u00e3o Paulo<\/a><\/span><\/p>\n<p><span style=\"color: #999999;\">Marina Passafaro, Ursula Dias Peres<\/span><\/p>\n<p><span style=\"color: #000000;\"><a style=\"color: #000000;\" href=\"https:\/\/sites.usp.br\/boletimoipp\/wp-content\/uploads\/sites\/823\/2022\/05\/Saiki_Kohler_maio_2022.pdf\" target=\"_blank\" rel=\"noopener\">Concess\u00e3o, ado\u00e7\u00e3o e naming rights: novos modelos de financiamento para o patrim\u00f4nio hist\u00f3rico e art\u00edstico nacional<\/a><\/span><\/p>\n<p><span style=\"color: #999999;\">Gabriella Saiki, Andr\u00e9 Fontan K\u00f6hler<\/span><\/p>\n<p><strong>Sociedade, Pol\u00edticas P\u00fablicas e Gest\u00e3o Governamental<\/strong><\/p>\n<p><span style=\"color: #000000;\"><a style=\"color: #000000;\" href=\"https:\/\/sites.usp.br\/boletimoipp\/wp-content\/uploads\/sites\/823\/2022\/05\/Rizzi_maio_2022.pdf\" target=\"_blank\" rel=\"noopener\">Constituinte Chilena \u2013 Parte 2\u00a0 \u00a0\u00a0<\/a><\/span><\/p>\n<p><span style=\"color: #999999;\">Ester Gammardella Rizzi<\/span><\/p>\n<p><span style=\"color: #000000;\"><a style=\"color: #000000;\" href=\"https:\/\/sites.usp.br\/boletimoipp\/wp-content\/uploads\/sites\/823\/2022\/05\/Gama-et-al_maio_2022.pdf\" target=\"_blank\" rel=\"noopener\">Time limitation for occupation of indigenous land in Brazil<\/a><\/span><\/p>\n<p><span style=\"color: #999999;\">Giliarde Benavinuto Albuquerque Cavalcante Virgulino Ribeiro Nascimento e Gama, Leila Adriana Baptaglin, Francisco Gilson Rebou\u00e7as P\u00f4rto J\u00fanior<\/span><\/p>\n<p>&nbsp;<\/p>\n","protected":false},"excerpt":{"rendered":"<p>Publicado em 31\/05\/2022 Pesquisas em Pol\u00edticas P\u00fablicas Pol\u00edticas de enfrentamento \u00e0 viol\u00eancia contra mulheres na cidade de S\u00e3o Paulo Marina Passafaro, Ursula Dias Peres Concess\u00e3o, ado\u00e7\u00e3o e naming rights: novos modelos de financiamento para o patrim\u00f4nio hist\u00f3rico e art\u00edstico nacional Gabriella Saiki, Andr\u00e9 Fontan K\u00f6hler Sociedade, Pol\u00edticas P\u00fablicas e Gest\u00e3o Governamental Constituinte Chilena \u2013 Parte [&hellip;]<\/p>\n","protected":false},"author":22000,"featured_media":0,"parent":0,"menu_order":0,"comment_status":"closed","ping_status":"closed","template":"","meta":{"_monsterinsights_skip_tracking":false,"_monsterinsights_sitenote_active":false,"_monsterinsights_sitenote_note":"","_monsterinsights_sitenote_category":0,"footnotes":"","_links_to":"","_links_to_target":""},"class_list":["post-966","page","type-page","status-publish","hentry"],"_links":{"self":[{"href":"https:\/\/sites.usp.br\/boletimoipp\/wp-json\/wp\/v2\/pages\/966","targetHints":{"allow":["GET"]}}],"collection":[{"href":"https:\/\/sites.usp.br\/boletimoipp\/wp-json\/wp\/v2\/pages"}],"about":[{"href":"https:\/\/sites.usp.br\/boletimoipp\/wp-json\/wp\/v2\/types\/page"}],"author":[{"embeddable":true,"href":"https:\/\/sites.usp.br\/boletimoipp\/wp-json\/wp\/v2\/users\/22000"}],"replies":[{"embeddable":true,"href":"https:\/\/sites.usp.br\/boletimoipp\/wp-json\/wp\/v2\/comments?post=966"}],"version-history":[{"count":2,"href":"https:\/\/sites.usp.br\/boletimoipp\/wp-json\/wp\/v2\/pages\/966\/revisions"}],"predecessor-version":[{"id":980,"href":"https:\/\/sites.usp.br\/boletimoipp\/wp-json\/wp\/v2\/pages\/966\/revisions\/980"}],"wp:attachment":[{"href":"https:\/\/sites.usp.br\/boletimoipp\/wp-json\/wp\/v2\/media?parent=966"}],"curies":[{"name":"wp","href":"https:\/\/api.w.org\/{rel}","templated":true}]}}