{"id":983,"date":"2022-09-08T22:45:21","date_gmt":"2022-09-09T00:45:21","guid":{"rendered":"https:\/\/sites.usp.br\/boletimoipp\/?page_id=983"},"modified":"2022-09-08T23:13:11","modified_gmt":"2022-09-09T01:13:11","slug":"junho-de-2022","status":"publish","type":"page","link":"https:\/\/sites.usp.br\/boletimoipp\/junho-de-2022\/","title":{"rendered":"Junho de 2022"},"content":{"rendered":"<p><strong>Edi\u00e7\u00e3o especial sobre o livro &#8220;<\/strong><strong>Pol\u00edticas P\u00fablicas e Covid-19: a experi\u00eancia brasileira&#8221;\u00a0&#8211; parte 1<\/strong><\/p>\n<p><img loading=\"lazy\" decoding=\"async\" class=\"alignnone wp-image-968 size-medium\" src=\"https:\/\/sites.usp.br\/boletimoipp\/wp-content\/uploads\/sites\/823\/2022\/07\/capa-210x300.jpg\" alt=\"\" width=\"210\" height=\"300\" srcset=\"https:\/\/sites.usp.br\/boletimoipp\/wp-content\/uploads\/sites\/823\/2022\/07\/capa-210x300.jpg 210w, https:\/\/sites.usp.br\/boletimoipp\/wp-content\/uploads\/sites\/823\/2022\/07\/capa-400x570.jpg 400w, https:\/\/sites.usp.br\/boletimoipp\/wp-content\/uploads\/sites\/823\/2022\/07\/capa.jpg 561w\" sizes=\"auto, (max-width: 210px) 100vw, 210px\" \/><\/p>\n<p>Publicado em 01\/06\/2022<\/p>\n<hr \/>\n<p><a href=\"https:\/\/sites.usp.br\/boletimoipp\/wp-content\/uploads\/sites\/823\/2022\/07\/apresentacao.pdf\"><span style=\"color: #000000;\">Apresenta\u00e7\u00e3o<\/span><\/a><\/p>\n<p><a href=\"https:\/\/sites.usp.br\/boletimoipp\/wp-content\/uploads\/sites\/823\/2022\/07\/Valentin_et_al_junho_2022.pdf\" target=\"_blank\" rel=\"noopener\"><span style=\"color: #000000;\">Aux\u00edlio Emergencial e burocracia de n\u00edvel de sistemas: alguns coment\u00e1rios sobre a implementa\u00e7\u00e3o por meio do aplicativo da Caixa Econ\u00f4mica Federal\u00a0<\/span><\/a><\/p>\n<p><span style=\"color: #999999;\">Agnaldo Valentin, Andr\u00e9 Gal Mountian, Jo\u00e3o Guilherme Rocha Machado, Caio Scaravajar Oliveira, Marcos Vinicius Rossi, Thalita Paula Goncalves Portela, Lucas Cesar Garcia, Raquel Paiva Gomes<\/span><\/p>\n<p><span style=\"color: #000000;\"><a style=\"color: #000000;\" href=\"https:\/\/sites.usp.br\/boletimoipp\/wp-content\/uploads\/sites\/823\/2022\/07\/Rodrigues_junho_2022.pdf\" target=\"_blank\" rel=\"noopener\">Sobre as marcas do bolsonarismo durante (mas n\u00e3o apenas) a pandemia: desgoverno, negacionismo e desmonte institucional\u00a0\u00a0<\/a><\/span><\/p>\n<p><span style=\"color: #999999;\">Marta M. Assump\u00e7\u00e3o Rodrigues<\/span><\/p>\n<p><a href=\"https:\/\/sites.usp.br\/boletimoipp\/wp-content\/uploads\/sites\/823\/2022\/07\/Nerling_junho_2022.pdf\" target=\"_blank\" rel=\"noopener\"><span style=\"color: #000000;\">O planejamento dos programas de dura\u00e7\u00e3o continuada e jurisdi\u00e7\u00e3o constitucional de exce\u00e7\u00e3o\u00a0 \u00a0<\/span> \u00a0 \u00a0<\/a><\/p>\n<p><span style=\"color: #999999;\">Marcelo Arno Neling<\/span><\/p>\n<p>&nbsp;<\/p>\n<p>&nbsp;<\/p>\n<p>&nbsp;<\/p>\n","protected":false},"excerpt":{"rendered":"<p>Edi\u00e7\u00e3o especial sobre o livro &#8220;Pol\u00edticas P\u00fablicas e Covid-19: a experi\u00eancia brasileira&#8221;\u00a0&#8211; parte 1 Publicado em 01\/06\/2022 Apresenta\u00e7\u00e3o Aux\u00edlio Emergencial e burocracia de n\u00edvel de sistemas: alguns coment\u00e1rios sobre a implementa\u00e7\u00e3o por meio do aplicativo da Caixa Econ\u00f4mica Federal\u00a0 Agnaldo Valentin, Andr\u00e9 Gal Mountian, Jo\u00e3o Guilherme Rocha Machado, Caio Scaravajar Oliveira, Marcos Vinicius Rossi, Thalita [&hellip;]<\/p>\n","protected":false},"author":22000,"featured_media":0,"parent":0,"menu_order":0,"comment_status":"closed","ping_status":"closed","template":"","meta":{"_monsterinsights_skip_tracking":false,"_monsterinsights_sitenote_active":false,"_monsterinsights_sitenote_note":"","_monsterinsights_sitenote_category":0,"footnotes":"","_links_to":"","_links_to_target":""},"class_list":["post-983","page","type-page","status-publish","hentry"],"_links":{"self":[{"href":"https:\/\/sites.usp.br\/boletimoipp\/wp-json\/wp\/v2\/pages\/983","targetHints":{"allow":["GET"]}}],"collection":[{"href":"https:\/\/sites.usp.br\/boletimoipp\/wp-json\/wp\/v2\/pages"}],"about":[{"href":"https:\/\/sites.usp.br\/boletimoipp\/wp-json\/wp\/v2\/types\/page"}],"author":[{"embeddable":true,"href":"https:\/\/sites.usp.br\/boletimoipp\/wp-json\/wp\/v2\/users\/22000"}],"replies":[{"embeddable":true,"href":"https:\/\/sites.usp.br\/boletimoipp\/wp-json\/wp\/v2\/comments?post=983"}],"version-history":[{"count":2,"href":"https:\/\/sites.usp.br\/boletimoipp\/wp-json\/wp\/v2\/pages\/983\/revisions"}],"predecessor-version":[{"id":996,"href":"https:\/\/sites.usp.br\/boletimoipp\/wp-json\/wp\/v2\/pages\/983\/revisions\/996"}],"wp:attachment":[{"href":"https:\/\/sites.usp.br\/boletimoipp\/wp-json\/wp\/v2\/media?parent=983"}],"curies":[{"name":"wp","href":"https:\/\/api.w.org\/{rel}","templated":true}]}}