{"id":989,"date":"2022-09-08T23:09:59","date_gmt":"2022-09-09T01:09:59","guid":{"rendered":"https:\/\/sites.usp.br\/boletimoipp\/?page_id=989"},"modified":"2022-09-08T23:09:59","modified_gmt":"2022-09-09T01:09:59","slug":"julho-de-2022","status":"publish","type":"page","link":"https:\/\/sites.usp.br\/boletimoipp\/julho-de-2022\/","title":{"rendered":"Julho de 2022"},"content":{"rendered":"<p><a href=\"https:\/\/sites.usp.br\/boletimoipp\/wp-content\/uploads\/sites\/823\/2022\/09\/capa.jpg\"><img loading=\"lazy\" decoding=\"async\" class=\"alignnone size-medium wp-image-990\" src=\"https:\/\/sites.usp.br\/boletimoipp\/wp-content\/uploads\/sites\/823\/2022\/09\/capa-212x300.jpg\" alt=\"\" width=\"212\" height=\"300\" srcset=\"https:\/\/sites.usp.br\/boletimoipp\/wp-content\/uploads\/sites\/823\/2022\/09\/capa-212x300.jpg 212w, https:\/\/sites.usp.br\/boletimoipp\/wp-content\/uploads\/sites\/823\/2022\/09\/capa-400x565.jpg 400w, https:\/\/sites.usp.br\/boletimoipp\/wp-content\/uploads\/sites\/823\/2022\/09\/capa.jpg 568w\" sizes=\"auto, (max-width: 212px) 100vw, 212px\" \/><\/a><\/p>\n<p>Publicado em 08\/09\/2022<\/p>\n<hr \/>\n<p><a href=\"https:\/\/sites.usp.br\/boletimoipp\/wp-content\/uploads\/sites\/823\/2022\/09\/Apresentacao.pdf\" target=\"_blank\" rel=\"noopener\"><span style=\"color: #000000;\">Apresenta\u00e7\u00e3o<\/span><\/a><\/p>\n<p><span style=\"color: #000000;\"><a style=\"color: #000000;\" href=\"https:\/\/sites.usp.br\/boletimoipp\/wp-content\/uploads\/sites\/823\/2022\/09\/Peres_et-al_julho_2022.pdf\" target=\"_blank\" rel=\"noopener\">Descoordena\u00e7\u00e3o e desigualdades federativas no Brasil com a pandemia de Covid-19\u00a0<\/a><\/span><\/p>\n<p><span style=\"color: #999999;\">Ursula Dias Peres, F\u00e1bio Pereira dos Santos, Cristiane Kerches da Silva Leite, Yasmin de Sousa Pinheiro <\/span><\/p>\n<p><span style=\"color: #000000;\"><a style=\"color: #000000;\" href=\"https:\/\/sites.usp.br\/boletimoipp\/wp-content\/uploads\/sites\/823\/2022\/09\/Rizzi_Melo_julho_2022.pdf\" target=\"_blank\" rel=\"noopener\">As a\u00e7\u00f5es e omiss\u00f5es da Secretaria Estadual de Educa\u00e7\u00e3o de S\u00e3o Paulo para a garantia do direito \u00e0 educa\u00e7\u00e3o em meio \u00e0 pandemia de COVID-19<\/a><\/span><\/p>\n<p><span style=\"color: #999999;\">Ester Gammardella Rizzi, Maria Luzia Melo<\/span><\/p>\n<p>&nbsp;<\/p>\n","protected":false},"excerpt":{"rendered":"<p>Publicado em 08\/09\/2022 Apresenta\u00e7\u00e3o Descoordena\u00e7\u00e3o e desigualdades federativas no Brasil com a pandemia de Covid-19\u00a0 Ursula Dias Peres, F\u00e1bio Pereira dos Santos, Cristiane Kerches da Silva Leite, Yasmin de Sousa Pinheiro As a\u00e7\u00f5es e omiss\u00f5es da Secretaria Estadual de Educa\u00e7\u00e3o de S\u00e3o Paulo para a garantia do direito \u00e0 educa\u00e7\u00e3o em meio \u00e0 pandemia de [&hellip;]<\/p>\n","protected":false},"author":22000,"featured_media":0,"parent":0,"menu_order":0,"comment_status":"closed","ping_status":"closed","template":"","meta":{"_monsterinsights_skip_tracking":false,"_monsterinsights_sitenote_active":false,"_monsterinsights_sitenote_note":"","_monsterinsights_sitenote_category":0,"footnotes":"","_links_to":"","_links_to_target":""},"class_list":["post-989","page","type-page","status-publish","hentry"],"_links":{"self":[{"href":"https:\/\/sites.usp.br\/boletimoipp\/wp-json\/wp\/v2\/pages\/989","targetHints":{"allow":["GET"]}}],"collection":[{"href":"https:\/\/sites.usp.br\/boletimoipp\/wp-json\/wp\/v2\/pages"}],"about":[{"href":"https:\/\/sites.usp.br\/boletimoipp\/wp-json\/wp\/v2\/types\/page"}],"author":[{"embeddable":true,"href":"https:\/\/sites.usp.br\/boletimoipp\/wp-json\/wp\/v2\/users\/22000"}],"replies":[{"embeddable":true,"href":"https:\/\/sites.usp.br\/boletimoipp\/wp-json\/wp\/v2\/comments?post=989"}],"version-history":[{"count":1,"href":"https:\/\/sites.usp.br\/boletimoipp\/wp-json\/wp\/v2\/pages\/989\/revisions"}],"predecessor-version":[{"id":994,"href":"https:\/\/sites.usp.br\/boletimoipp\/wp-json\/wp\/v2\/pages\/989\/revisions\/994"}],"wp:attachment":[{"href":"https:\/\/sites.usp.br\/boletimoipp\/wp-json\/wp\/v2\/media?parent=989"}],"curies":[{"name":"wp","href":"https:\/\/api.w.org\/{rel}","templated":true}]}}