{"id":1112,"date":"2023-05-24T01:03:24","date_gmt":"2023-05-24T03:03:24","guid":{"rendered":"https:\/\/sites.usp.br\/bpeanimal\/?page_id=1112"},"modified":"2025-01-04T21:53:36","modified_gmt":"2025-01-04T23:53:36","slug":"hamsters-contencao-manual-de-hamsters","status":"publish","type":"page","link":"https:\/\/sites.usp.br\/bpeanimal\/pagina-inicial\/hamsters\/hamsters-manipulacao-e-contencao\/hamsters-contencao-manual-de-hamsters\/","title":{"rendered":"Hamsters &#8211; Manipula\u00e7\u00e3o e conten\u00e7\u00e3o &#8211; Conten\u00e7\u00e3o manual"},"content":{"rendered":"\t\t<div data-elementor-type=\"wp-page\" data-elementor-id=\"1112\" class=\"elementor elementor-1112\" data-elementor-post-type=\"page\">\n\t\t\t\t\t\t<section class=\"elementor-section elementor-top-section elementor-element elementor-element-e6143a9 elementor-section-boxed elementor-section-height-default elementor-section-height-default\" data-id=\"e6143a9\" data-element_type=\"section\">\n\t\t\t\t\t\t<div class=\"elementor-container elementor-column-gap-default\">\n\t\t\t\t\t<div class=\"elementor-column elementor-col-100 elementor-top-column elementor-element elementor-element-894819b\" data-id=\"894819b\" data-element_type=\"column\">\n\t\t\t<div class=\"elementor-widget-wrap elementor-element-populated\">\n\t\t\t\t\t\t<div class=\"elementor-element elementor-element-2b06358 elementor-widget elementor-widget-video\" data-id=\"2b06358\" data-element_type=\"widget\" data-settings=\"{&quot;youtube_url&quot;:&quot;https:\\\/\\\/youtu.be\\\/K0f-y6ewpqY&quot;,&quot;video_type&quot;:&quot;youtube&quot;,&quot;controls&quot;:&quot;yes&quot;}\" data-widget_type=\"video.default\">\n\t\t\t\t<div class=\"elementor-widget-container\">\n\t\t\t\t\t<div class=\"elementor-wrapper elementor-open-inline\">\n\t\t\t<div class=\"elementor-video\"><\/div>\t\t<\/div>\n\t\t\t\t<\/div>\n\t\t\t\t<\/div>\n\t\t\t\t\t<\/div>\n\t\t<\/div>\n\t\t\t\t\t<\/div>\n\t\t<\/section>\n\t\t\t\t<section class=\"elementor-section elementor-top-section elementor-element elementor-element-a02ee0b elementor-section-boxed elementor-section-height-default elementor-section-height-default\" data-id=\"a02ee0b\" data-element_type=\"section\">\n\t\t\t\t\t\t<div class=\"elementor-container elementor-column-gap-default\">\n\t\t\t\t\t<div class=\"elementor-column elementor-col-100 elementor-top-column elementor-element elementor-element-7c1f81f\" data-id=\"7c1f81f\" data-element_type=\"column\">\n\t\t\t<div class=\"elementor-widget-wrap elementor-element-populated\">\n\t\t\t\t\t\t<div class=\"elementor-element elementor-element-1929f16 elementor-widget elementor-widget-heading\" data-id=\"1929f16\" data-element_type=\"widget\" data-widget_type=\"heading.default\">\n\t\t\t\t<div class=\"elementor-widget-container\">\n\t\t\t<h2 class=\"elementor-heading-title elementor-size-default\">conten\u00e7\u00e3o manual de hamsters<\/h2>\t\t<\/div>\n\t\t\t\t<\/div>\n\t\t\t\t\t<\/div>\n\t\t<\/div>\n\t\t\t\t\t<\/div>\n\t\t<\/section>\n\t\t\t\t<section class=\"elementor-section elementor-top-section elementor-element elementor-element-85286de elementor-section-boxed elementor-section-height-default elementor-section-height-default\" data-id=\"85286de\" data-element_type=\"section\">\n\t\t\t\t\t\t<div class=\"elementor-container elementor-column-gap-default\">\n\t\t\t\t\t<div class=\"elementor-column elementor-col-100 elementor-top-column elementor-element elementor-element-35aed5e\" data-id=\"35aed5e\" data-element_type=\"column\">\n\t\t\t<div class=\"elementor-widget-wrap elementor-element-populated\">\n\t\t\t\t\t\t<div class=\"elementor-element elementor-element-352b4ac elementor-widget elementor-widget-text-editor\" data-id=\"352b4ac\" data-element_type=\"widget\" data-widget_type=\"text-editor.default\">\n\t\t\t\t<div class=\"elementor-widget-container\">\n\t\t\t\t\t\t\t<p><b>Materiais:<\/b><\/p>\n<ul>\n<li style=\"font-weight: 400;\" aria-level=\"1\"><span style=\"font-weight: 400;\">Luvas descart\u00e1veis para procedimentos;<\/span><\/li>\n<li style=\"font-weight: 400;\" aria-level=\"1\"><span style=\"font-weight: 400;\">Jaleco;<\/span><\/li>\n<li style=\"font-weight: 400;\" aria-level=\"1\"><span style=\"font-weight: 400;\">Tubo de papel\u00e3o (opcional).<\/span><\/li>\n<\/ul>\n<p><b>Procedimento:<\/b><\/p>\n<ol>\n<li style=\"font-weight: 400;\" aria-level=\"1\"><span style=\"font-weight: 400;\">Remova o hamster da gaiola, permitindo que ele suba na m\u00e3o ou em um tubo de papel\u00e3o e coloque-o em uma superf\u00edcie plana. Evite surpreender o hamster;<\/span><\/li>\n<li style=\"font-weight: 400;\" aria-level=\"1\"><span style=\"font-weight: 400;\">Aproxime-se do hamster por tr\u00e1s e coloque a palma da m\u00e3o para baixo sobre o dorso do hamster com o polegar perto da cabe\u00e7a;<\/span><\/li>\n<li style=\"font-weight: 400;\" aria-level=\"1\"><span style=\"font-weight: 400;\">Feche a m\u00e3o lentamente e segure a pele solta sobre o pesco\u00e7o e o dorso, juntando-a firmemente na m\u00e3o e puxando a pele at\u00e9 que fique esticada sobre o t\u00f3rax e abd\u00f4men. Segurar mais pele diminui a luta e resulta em um hamster melhor contido;<\/span><\/li>\n<li style=\"font-weight: 400;\" aria-level=\"1\"><span style=\"font-weight: 400;\">Uma vez que o animal estiver imobilizado com firmeza, levant\u00e1-lo usando a mesma m\u00e3o para apoiar o corpo do hamster;<\/span><\/li>\n<li style=\"font-weight: 400;\" aria-level=\"1\"><span style=\"font-weight: 400;\">Dominar esta t\u00e9cnica permitir\u00e1 que voc\u00ea execute com seguran\u00e7a diversos procedimentos.&nbsp;<\/span><\/li>\n<\/ol>\t\t\t\t\t\t<\/div>\n\t\t\t\t<\/div>\n\t\t\t\t<div class=\"elementor-element elementor-element-dfa8fba elementor-widget elementor-widget-text-editor\" data-id=\"dfa8fba\" data-element_type=\"widget\" data-widget_type=\"text-editor.default\">\n\t\t\t\t<div class=\"elementor-widget-container\">\n\t\t\t\t\t\t\t<p style=\"background-color: #fee8e8;\"><span style=\"color: #ff0000;\"><b>ATEN\u00c7\u00c3O<\/b><\/span><\/p>\n\n<p style=\"background-color: #fee8e8;\"><span style=\"color: #ff0000;\">Para evitar o estresse desnecess\u00e1rio do animal, realize o procedimento da forma mais breve poss\u00edvel.<\/span><\/p>\t\t\t\t\t\t<\/div>\n\t\t\t\t<\/div>\n\t\t\t\t<div class=\"elementor-element elementor-element-99c6131 elementor-widget elementor-widget-text-editor\" data-id=\"99c6131\" data-element_type=\"widget\" data-widget_type=\"text-editor.default\">\n\t\t\t\t<div class=\"elementor-widget-container\">\n\t\t\t\t\t\t\t<p><strong>Refer\u00eancia:<\/strong><\/p>\t\t\t\t\t\t<\/div>\n\t\t\t\t<\/div>\n\t\t\t\t<div class=\"elementor-element elementor-element-7d95643 elementor-widget elementor-widget-text-editor\" data-id=\"7d95643\" data-element_type=\"widget\" data-widget_type=\"text-editor.default\">\n\t\t\t\t<div class=\"elementor-widget-container\">\n\t\t\t\t\t\t\t<pre>DONOVAN, John; BROWN, Patricia. Handling and restraint. Current Protocols in Immunology, v. 73, n. 1, p. 1.3. 1-1.3. 6, 2006.<\/pre>\t\t\t\t\t\t<\/div>\n\t\t\t\t<\/div>\n\t\t\t\t\t<\/div>\n\t\t<\/div>\n\t\t\t\t\t<\/div>\n\t\t<\/section>\n\t\t\t\t<\/div>\n\t\t","protected":false},"excerpt":{"rendered":"<p>conten\u00e7\u00e3o manual de hamsters Materiais: Luvas descart\u00e1veis para procedimentos; Jaleco; Tubo de papel\u00e3o (opcional). Procedimento: Remova o hamster da gaiola, permitindo que ele suba na m\u00e3o ou em um tubo de papel\u00e3o e coloque-o em uma superf\u00edcie plana. Evite surpreender o hamster; Aproxime-se do hamster por tr\u00e1s e coloque a palma da m\u00e3o para baixo [&hellip;]<\/p>\n","protected":false},"author":23521,"featured_media":0,"parent":2576,"menu_order":0,"comment_status":"closed","ping_status":"closed","template":"","meta":{"_monsterinsights_skip_tracking":false,"_monsterinsights_sitenote_active":false,"_monsterinsights_sitenote_note":"","_monsterinsights_sitenote_category":0,"footnotes":"","_links_to":"","_links_to_target":""},"class_list":["post-1112","page","type-page","status-publish","hentry"],"_links":{"self":[{"href":"https:\/\/sites.usp.br\/bpeanimal\/wp-json\/wp\/v2\/pages\/1112","targetHints":{"allow":["GET"]}}],"collection":[{"href":"https:\/\/sites.usp.br\/bpeanimal\/wp-json\/wp\/v2\/pages"}],"about":[{"href":"https:\/\/sites.usp.br\/bpeanimal\/wp-json\/wp\/v2\/types\/page"}],"author":[{"embeddable":true,"href":"https:\/\/sites.usp.br\/bpeanimal\/wp-json\/wp\/v2\/users\/23521"}],"replies":[{"embeddable":true,"href":"https:\/\/sites.usp.br\/bpeanimal\/wp-json\/wp\/v2\/comments?post=1112"}],"version-history":[{"count":4,"href":"https:\/\/sites.usp.br\/bpeanimal\/wp-json\/wp\/v2\/pages\/1112\/revisions"}],"predecessor-version":[{"id":4241,"href":"https:\/\/sites.usp.br\/bpeanimal\/wp-json\/wp\/v2\/pages\/1112\/revisions\/4241"}],"up":[{"embeddable":true,"href":"https:\/\/sites.usp.br\/bpeanimal\/wp-json\/wp\/v2\/pages\/2576"}],"wp:attachment":[{"href":"https:\/\/sites.usp.br\/bpeanimal\/wp-json\/wp\/v2\/media?parent=1112"}],"curies":[{"name":"wp","href":"https:\/\/api.w.org\/{rel}","templated":true}]}}