{"id":1140,"date":"2023-05-24T01:14:29","date_gmt":"2023-05-24T03:14:29","guid":{"rendered":"https:\/\/sites.usp.br\/bpeanimal\/?page_id=1140"},"modified":"2025-06-27T14:09:02","modified_gmt":"2025-06-27T16:09:02","slug":"hamsters-administracao-de-substancias","status":"publish","type":"page","link":"https:\/\/sites.usp.br\/bpeanimal\/pagina-inicial\/hamsters\/hamsters-administracao-de-substancias\/","title":{"rendered":"Hamsters &#8211; Administra\u00e7\u00e3o de subst\u00e2ncias"},"content":{"rendered":"\t\t<div data-elementor-type=\"wp-page\" data-elementor-id=\"1140\" class=\"elementor elementor-1140\" data-elementor-post-type=\"page\">\n\t\t\t\t\t\t<section class=\"elementor-section elementor-top-section elementor-element elementor-element-a361533 elementor-section-boxed elementor-section-height-default elementor-section-height-default\" data-id=\"a361533\" data-element_type=\"section\">\n\t\t\t\t\t\t<div class=\"elementor-container elementor-column-gap-default\">\n\t\t\t\t\t<div class=\"elementor-column elementor-col-100 elementor-top-column elementor-element elementor-element-872f0d9\" data-id=\"872f0d9\" data-element_type=\"column\">\n\t\t\t<div class=\"elementor-widget-wrap elementor-element-populated\">\n\t\t\t\t\t\t<div class=\"elementor-element elementor-element-36a076f elementor-widget elementor-widget-text-editor\" data-id=\"36a076f\" data-element_type=\"widget\" data-widget_type=\"text-editor.default\">\n\t\t\t\t<div class=\"elementor-widget-container\">\n\t\t\t\t\t\t\t<ul><li><a href=\"https:\/\/sites.usp.br\/bpeanimal\/hamsters-via-subcutanea-regiao-posterior-do-pescoco\/\" target=\"_blank\" rel=\"noopener\">Via subcut\u00e2nea &#8211; Regi\u00e3o posterior do pesco\u00e7o (entre as esc\u00e1pulas)<\/a><\/li><li><a href=\"https:\/\/sites.usp.br\/bpeanimal\/hamsters-via-subcutanea-regiao-lombar-ou-flanco\/\" target=\"_blank\" rel=\"noopener\">Via subcut\u00e2nea &#8211; Regi\u00e3o lombar ou flanco<\/a><\/li><li><a href=\"https:\/\/sites.usp.br\/bpeanimal\/hamsters-via-intramuscular\/\" target=\"_blank\" rel=\"noopener\">Via intramuscular<\/a><\/li><li><a href=\"https:\/\/sites.usp.br\/bpeanimal\/pagina-inicial\/hamsters\/hamsters-administracao-de-substancias\/hamsters-via-intraperitoneal\/\" target=\"_blank\" rel=\"noopener\">Via Intraperitoneal<\/a><\/li><li><a href=\"https:\/\/sites.usp.br\/bpeanimal\/pagina-inicial\/hamsters\/hamsters-administracao-de-substancias\/hamsters-via-intranasal\/\" target=\"_blank\" rel=\"noopener\">Via intranasal<\/a><\/li><li><a style=\"font-family: var( --e-global-typography-text-font-family ), Sans-serif; font-weight: var( --e-global-typography-text-font-weight );\" href=\"https:\/\/sites.usp.br\/bpeanimal\/hamsters-via-plexo-retro-orbital\/\" target=\"_blank\" rel=\"noopener\">Via plexo retro-orbital<\/a><\/li><li><a href=\"https:\/\/sites.usp.br\/bpeanimal\/hamsters-via-oral-gavagem\/\" target=\"_blank\" rel=\"noopener\">Via oral (gavagem)<\/a><\/li><\/ul>\t\t\t\t\t\t<\/div>\n\t\t\t\t<\/div>\n\t\t\t\t\t<\/div>\n\t\t<\/div>\n\t\t\t\t\t<\/div>\n\t\t<\/section>\n\t\t\t\t<\/div>\n\t\t","protected":false},"excerpt":{"rendered":"<p>Via subcut\u00e2nea &#8211; Regi\u00e3o posterior do pesco\u00e7o (entre as esc\u00e1pulas) Via subcut\u00e2nea &#8211; Regi\u00e3o lombar ou flanco Via intramuscular Via Intraperitoneal Via intranasal Via plexo retro-orbital Via oral (gavagem)<\/p>\n","protected":false},"author":23521,"featured_media":0,"parent":1075,"menu_order":21,"comment_status":"closed","ping_status":"closed","template":"","meta":{"_monsterinsights_skip_tracking":false,"_monsterinsights_sitenote_active":false,"_monsterinsights_sitenote_note":"","_monsterinsights_sitenote_category":0,"footnotes":"","_links_to":"","_links_to_target":""},"class_list":["post-1140","page","type-page","status-publish","hentry"],"_links":{"self":[{"href":"https:\/\/sites.usp.br\/bpeanimal\/wp-json\/wp\/v2\/pages\/1140","targetHints":{"allow":["GET"]}}],"collection":[{"href":"https:\/\/sites.usp.br\/bpeanimal\/wp-json\/wp\/v2\/pages"}],"about":[{"href":"https:\/\/sites.usp.br\/bpeanimal\/wp-json\/wp\/v2\/types\/page"}],"author":[{"embeddable":true,"href":"https:\/\/sites.usp.br\/bpeanimal\/wp-json\/wp\/v2\/users\/23521"}],"replies":[{"embeddable":true,"href":"https:\/\/sites.usp.br\/bpeanimal\/wp-json\/wp\/v2\/comments?post=1140"}],"version-history":[{"count":4,"href":"https:\/\/sites.usp.br\/bpeanimal\/wp-json\/wp\/v2\/pages\/1140\/revisions"}],"predecessor-version":[{"id":5093,"href":"https:\/\/sites.usp.br\/bpeanimal\/wp-json\/wp\/v2\/pages\/1140\/revisions\/5093"}],"up":[{"embeddable":true,"href":"https:\/\/sites.usp.br\/bpeanimal\/wp-json\/wp\/v2\/pages\/1075"}],"wp:attachment":[{"href":"https:\/\/sites.usp.br\/bpeanimal\/wp-json\/wp\/v2\/media?parent=1140"}],"curies":[{"name":"wp","href":"https:\/\/api.w.org\/{rel}","templated":true}]}}