{"id":3657,"date":"2024-12-29T12:37:02","date_gmt":"2024-12-29T14:37:02","guid":{"rendered":"https:\/\/sites.usp.br\/bpeanimal\/?page_id=3657"},"modified":"2025-02-25T18:07:49","modified_gmt":"2025-02-25T20:07:49","slug":"ratas-contencion-para-la-realizacion-de-procedimientos-contencion-de-la-rata-por-el-dorso-tecnica-ii","status":"publish","type":"page","link":"https:\/\/sites.usp.br\/bpeanimal\/es\/boas-praticas-em-experimentacao-animal-espanol\/ratas\/ratas-manipulacion-y-contencion\/ratas-contencion-para-la-realizacion-de-procedimientos-contencion-de-la-rata-por-el-dorso-tecnica-ii\/","title":{"rendered":"Ratas &#8211; Manipulaci\u00f3n y contenci\u00f3n &#8211; Contenci\u00f3n de la rata por el dorso &#8211; T\u00e9cnica II"},"content":{"rendered":"\t\t<div data-elementor-type=\"wp-page\" data-elementor-id=\"3657\" class=\"elementor elementor-3657\" data-elementor-post-type=\"page\">\n\t\t\t\t\t\t<section class=\"elementor-section elementor-top-section elementor-element elementor-element-37603de elementor-section-boxed elementor-section-height-default elementor-section-height-default\" data-id=\"37603de\" data-element_type=\"section\">\n\t\t\t\t\t\t<div class=\"elementor-container elementor-column-gap-default\">\n\t\t\t\t\t<div class=\"elementor-column elementor-col-100 elementor-top-column elementor-element elementor-element-475a467\" data-id=\"475a467\" data-element_type=\"column\">\n\t\t\t<div class=\"elementor-widget-wrap elementor-element-populated\">\n\t\t\t\t\t\t<div class=\"elementor-element elementor-element-3a4b22e elementor-widget elementor-widget-html\" data-id=\"3a4b22e\" data-element_type=\"widget\" data-widget_type=\"html.default\">\n\t\t\t\t<div class=\"elementor-widget-container\">\n\t\t\t\t<div data-id=\"09c5ff2\" data-element_type=\"widget\" data-model-cid=\"c56\" class=\"elementor-element elementor-element-09c5ff2 elementor-element--toggle-edit-tools elementor-widget elementor-widget-polylang-language-switcher cpel-switcher--layout-horizontal cpel-switcher--align-right elementor-element-editable ui-resizable  cpel-switcher--aspect-ratio-43\" data-widget_type=\"polylang-language-switcher.default\" align=\"right\">\t<div class=\"elementor-widget-container\" align=\"right\">\r\n \t    <nav class=\"cpel-switcher__nav\"><ul class=\"cpel-switcher__list\"><li1 class=\"cpel-switcher__lang\">\r\n \t         <!-- Link para a p\u00e1gina em pt - br -->\r\n \t    <a lang=\"pt-BR\" hreflang=\"pt-BR\" href=\"https:\/\/sites.usp.br\/bpeanimal\/pagina-inicial\/ratos\/ratos-manipulacao-e-contencao\/ratos-contencao-para-realizacao-de-procedimentos-contencao-do-rato-pelo-dorso-tecnica-ii\/\">\r\n \t    <b><span1 class=\"cpel-switcher__code\">Trocar idioma:<\/span1><span class=\"cpel-switcher__flag cpel-switcher__flag--br\"><img decoding=\"async\" src=\"data:image\/svg+xml;utf8,%3Csvg width='21' height='15' xmlns='http:\/\/www.w3.org\/2000\/svg' xmlns:xlink='http:\/\/www.w3.org\/1999\/xlink'%3E%3Cdefs%3E%3ClinearGradient x1='50%' y1='0%' x2='50%' y2='100%' id='a'%3E%3Cstop stop-color='%23FFF' offset='0%'\/%3E%3Cstop stop-color='%23F0F0F0' offset='100%'\/%3E%3C\/linearGradient%3E%3ClinearGradient x1='50%' y1='0%' x2='50%' y2='100%' id='b'%3E%3Cstop stop-color='%2305AB41' offset='0%'\/%3E%3Cstop stop-color='%23019C39' offset='100%'\/%3E%3C\/linearGradient%3E%3ClinearGradient x1='50%' y1='0%' x2='50%' y2='100%' id='d'%3E%3Cstop stop-color='%23053087' offset='0%'\/%3E%3Cstop stop-color='%23012877' offset='100%'\/%3E%3C\/linearGradient%3E%3Ccircle id='c' cx='3.5' cy='3.5' r='3.5'\/%3E%3C\/defs%3E%3Cg fill='none' fill-rule='evenodd'%3E%3Cpath fill='url(%23a)' d='M0 0h21v15H0z'\/%3E%3Cpath fill='url(%23b)' d='M0 0h21v15H0z'\/%3E%3Cpath d='M2.422 7.773c-.233-.15-.228-.398 0-.546l7.656-4.954a.85.85 0 01.844 0l7.656 4.954c.233.15.228.398 0 .546l-7.656 4.954a.85.85 0 01-.844 0L2.422 7.773z' fill='%23FDD216'\/%3E%3Cg transform='translate(7 4)'%3E%3Cmask id='e' fill='%23fff'%3E%3Cuse xlink:href='%23c'\/%3E%3C\/mask%3E%3Cuse fill='url(%23d)' xlink:href='%23c'\/%3E%3Cpath d='M-.1 2.974c.265-.215 1.463-.04 3.534.512 1.474.394 3.173 1.262 3.562 1.742l.314.388.778-.629-.315-.388c-.55-.68-2.421-1.636-4.081-2.079-2.586-.69-3.758-.86-4.422-.323l-.388.314.629.777.389-.314z' fill='%23FFF' fill-rule='nonzero' mask='url(%23e)'\/%3E%3C\/g%3E%3C\/g%3E%3C\/svg%3E\" alt=\"Portugu\u00eas\"><\/span><\/a><\/li1><\/b>\t<\/div>\r\n\t\t<div class=\"ui-resizable-handle ui-resizable-e\" style=\"z-index: 90;\"><\/div><div class=\"ui-resizable-handle ui-resizable-w\" style=\"z-index: 90;\"><\/div><\/div>\t\t<\/div>\n\t\t\t\t<\/div>\n\t\t\t\t\t<\/div>\n\t\t<\/div>\n\t\t\t\t\t<\/div>\n\t\t<\/section>\n\t\t\t\t<section class=\"elementor-section elementor-top-section elementor-element elementor-element-675d368 elementor-section-boxed elementor-section-height-default elementor-section-height-default\" data-id=\"675d368\" data-element_type=\"section\">\n\t\t\t\t\t\t<div class=\"elementor-container elementor-column-gap-default\">\n\t\t\t\t\t<div class=\"elementor-column elementor-col-100 elementor-top-column elementor-element elementor-element-2550a7c\" data-id=\"2550a7c\" data-element_type=\"column\">\n\t\t\t<div class=\"elementor-widget-wrap elementor-element-populated\">\n\t\t\t\t\t\t<div class=\"elementor-element elementor-element-21dd4ec elementor-widget elementor-widget-video\" data-id=\"21dd4ec\" data-element_type=\"widget\" data-settings=\"{&quot;youtube_url&quot;:&quot;https:\\\/\\\/youtu.be\\\/4-z0jmT5w-k&quot;,&quot;video_type&quot;:&quot;youtube&quot;,&quot;controls&quot;:&quot;yes&quot;}\" data-widget_type=\"video.default\">\n\t\t\t\t<div class=\"elementor-widget-container\">\n\t\t\t\t\t<div class=\"elementor-wrapper elementor-open-inline\">\n\t\t\t<div class=\"elementor-video\"><\/div>\t\t<\/div>\n\t\t\t\t<\/div>\n\t\t\t\t<\/div>\n\t\t\t\t\t<\/div>\n\t\t<\/div>\n\t\t\t\t\t<\/div>\n\t\t<\/section>\n\t\t\t\t<section class=\"elementor-section elementor-top-section elementor-element elementor-element-855dbfc elementor-section-boxed elementor-section-height-default elementor-section-height-default\" data-id=\"855dbfc\" data-element_type=\"section\">\n\t\t\t\t\t\t<div class=\"elementor-container elementor-column-gap-default\">\n\t\t\t\t\t<div class=\"elementor-column elementor-col-100 elementor-top-column elementor-element elementor-element-729f07a\" data-id=\"729f07a\" data-element_type=\"column\">\n\t\t\t<div class=\"elementor-widget-wrap elementor-element-populated\">\n\t\t\t\t\t\t<div class=\"elementor-element elementor-element-165fcfd elementor-widget elementor-widget-heading\" data-id=\"165fcfd\" data-element_type=\"widget\" data-widget_type=\"heading.default\">\n\t\t\t\t<div class=\"elementor-widget-container\">\n\t\t\t<h2 class=\"elementor-heading-title elementor-size-default\">Contenci\u00f3n para la realizaci\u00f3n de procedimientos<\/h2>\t\t<\/div>\n\t\t\t\t<\/div>\n\t\t\t\t<div class=\"elementor-element elementor-element-a91c3f5 elementor-widget elementor-widget-heading\" data-id=\"a91c3f5\" data-element_type=\"widget\" data-widget_type=\"heading.default\">\n\t\t\t\t<div class=\"elementor-widget-container\">\n\t\t\t<h2 class=\"elementor-heading-title elementor-size-default\">Contenci\u00f3n de la rata por el dorso -T\u00e9cnica II<\/h2>\t\t<\/div>\n\t\t\t\t<\/div>\n\t\t\t\t<div class=\"elementor-element elementor-element-7af13c6 elementor-widget elementor-widget-text-editor\" data-id=\"7af13c6\" data-element_type=\"widget\" data-widget_type=\"text-editor.default\">\n\t\t\t\t<div class=\"elementor-widget-container\">\n\t\t\t\t\t\t\t<p><b>Materiales:<\/b><\/p><ul><li aria-level=\"1\">Guantes descartables para los procedimientos;<\/li><li style=\"font-weight: 400;\" aria-level=\"1\"><span style=\"font-weight: 400;\">Bata de laboratorio;<\/span><\/li><li style=\"font-weight: 400;\" aria-level=\"1\">Jaula limpia con material de cama esterilizado.<\/li><\/ul><p><b>Procedimientos:<\/b><\/p><ol><li style=\"font-weight: 400;\" aria-level=\"1\"><span style=\"font-weight: 400;\">Con la rata sobre una superficie plana, posicione la palma de la mano sobre el dorso del animal;<\/span><\/li><li style=\"font-weight: 400;\" aria-level=\"1\"><span style=\"font-weight: 400;\">Sostenga el animal posicionando el pulgar, el dedo \u00edndice y el dedo medio encima de los miembros tor\u00e1cicos;<\/span><\/li><li style=\"font-weight: 400;\" aria-level=\"1\"><span style=\"font-weight: 400;\">Posicione los otros dedos alrededor del t\u00f3rax y levante al animal;<\/span><\/li><li style=\"font-weight: 400;\" aria-level=\"1\"><span style=\"font-weight: 400;\">Inmediatamente con la otra mano, sostenga firmemente los miembros p\u00e9lvicos para inmovilizarlos;<\/span><\/li><li style=\"font-weight: 400;\" aria-level=\"1\">Dominar esta t\u00e9cnica le permitir\u00e1 que ejecute con seguridad diversos procedimientos.<\/li><\/ol>\t\t\t\t\t\t<\/div>\n\t\t\t\t<\/div>\n\t\t\t\t<div class=\"elementor-element elementor-element-5cd9c78 elementor-widget elementor-widget-text-editor\" data-id=\"5cd9c78\" data-element_type=\"widget\" data-widget_type=\"text-editor.default\">\n\t\t\t\t<div class=\"elementor-widget-container\">\n\t\t\t\t\t\t\t<p style=\"background-color: #fee8e8;\"><span style=\"color: #ff0000;\"><b>ATENCI\u00d3N<\/b><\/span><\/p><p style=\"background-color: #fee8e8;\"><span style=\"font-weight: 400; color: #ff0000;\">Nunca realice este procedimiento con el animal apoyado en la rejilla de la jaula, para evitar que la rata lastime o quiebre las u\u00f1as. Preferiblemente, realice la contenci\u00f3n dentro de una jaula limpia o sobre una placa de parafina.<\/span><\/p><p style=\"background-color: #fee8e8;\"><span style=\"font-weight: 400; color: #ff0000;\">Para evitar estr\u00e9s innecesario del animal, realice el procedimiento de la forma m\u00e1s breve posible.<\/span><\/p><p style=\"background-color: #fee8e8;\"><span style=\"font-weight: 400; color: #ff0000;\">Esta t\u00e9cnica de contenci\u00f3n requiere que otra persona realice la administraci\u00f3n de sustancias.<\/span><\/p>\t\t\t\t\t\t<\/div>\n\t\t\t\t<\/div>\n\t\t\t\t\t<\/div>\n\t\t<\/div>\n\t\t\t\t\t<\/div>\n\t\t<\/section>\n\t\t\t\t<\/div>\n\t\t","protected":false},"excerpt":{"rendered":"<p>Trocar idioma: Contenci\u00f3n para la realizaci\u00f3n de procedimientos Contenci\u00f3n de la rata por el dorso -T\u00e9cnica II Materiales: Guantes descartables para los procedimientos; Bata de laboratorio; Jaula limpia con material de cama esterilizado. Procedimientos: Con la rata sobre una superficie plana, posicione la palma de la mano sobre el dorso del animal; Sostenga el animal [&hellip;]<\/p>\n","protected":false},"author":23773,"featured_media":0,"parent":3911,"menu_order":21,"comment_status":"closed","ping_status":"closed","template":"","meta":{"_monsterinsights_skip_tracking":false,"_monsterinsights_sitenote_active":false,"_monsterinsights_sitenote_note":"","_monsterinsights_sitenote_category":0,"footnotes":"","_links_to":"","_links_to_target":""},"class_list":["post-3657","page","type-page","status-publish","hentry"],"_links":{"self":[{"href":"https:\/\/sites.usp.br\/bpeanimal\/wp-json\/wp\/v2\/pages\/3657","targetHints":{"allow":["GET"]}}],"collection":[{"href":"https:\/\/sites.usp.br\/bpeanimal\/wp-json\/wp\/v2\/pages"}],"about":[{"href":"https:\/\/sites.usp.br\/bpeanimal\/wp-json\/wp\/v2\/types\/page"}],"author":[{"embeddable":true,"href":"https:\/\/sites.usp.br\/bpeanimal\/wp-json\/wp\/v2\/users\/23773"}],"replies":[{"embeddable":true,"href":"https:\/\/sites.usp.br\/bpeanimal\/wp-json\/wp\/v2\/comments?post=3657"}],"version-history":[{"count":4,"href":"https:\/\/sites.usp.br\/bpeanimal\/wp-json\/wp\/v2\/pages\/3657\/revisions"}],"predecessor-version":[{"id":4613,"href":"https:\/\/sites.usp.br\/bpeanimal\/wp-json\/wp\/v2\/pages\/3657\/revisions\/4613"}],"up":[{"embeddable":true,"href":"https:\/\/sites.usp.br\/bpeanimal\/wp-json\/wp\/v2\/pages\/3911"}],"wp:attachment":[{"href":"https:\/\/sites.usp.br\/bpeanimal\/wp-json\/wp\/v2\/media?parent=3657"}],"curies":[{"name":"wp","href":"https:\/\/api.w.org\/{rel}","templated":true}]}}