{"id":3667,"date":"2024-12-30T11:22:31","date_gmt":"2024-12-30T13:22:31","guid":{"rendered":"https:\/\/sites.usp.br\/bpeanimal\/?page_id=3667"},"modified":"2025-02-25T18:15:44","modified_gmt":"2025-02-25T20:15:44","slug":"ratas-contencion-para-la-realizacion-de-procedimientos-contencion-de-la-rata-por-el-dorso-tecnica-iii","status":"publish","type":"page","link":"https:\/\/sites.usp.br\/bpeanimal\/es\/boas-praticas-em-experimentacao-animal-espanol\/ratas\/ratas-manipulacion-y-contencion\/ratas-contencion-para-la-realizacion-de-procedimientos-contencion-de-la-rata-por-el-dorso-tecnica-iii\/","title":{"rendered":"Ratas &#8211; Manipulaci\u00f3n y contenci\u00f3n &#8211; Contenci\u00f3n de la rata por el dorso &#8211; T\u00e9cnica III"},"content":{"rendered":"\t\t<div data-elementor-type=\"wp-page\" data-elementor-id=\"3667\" class=\"elementor elementor-3667\" data-elementor-post-type=\"page\">\n\t\t\t\t\t\t<section class=\"elementor-section elementor-top-section elementor-element elementor-element-bb22963 elementor-section-boxed elementor-section-height-default elementor-section-height-default\" data-id=\"bb22963\" data-element_type=\"section\">\n\t\t\t\t\t\t<div class=\"elementor-container elementor-column-gap-default\">\n\t\t\t\t\t<div class=\"elementor-column elementor-col-100 elementor-top-column elementor-element elementor-element-beaea6d\" data-id=\"beaea6d\" data-element_type=\"column\">\n\t\t\t<div class=\"elementor-widget-wrap elementor-element-populated\">\n\t\t\t\t\t\t<div class=\"elementor-element elementor-element-e0e50dd elementor-widget elementor-widget-html\" data-id=\"e0e50dd\" data-element_type=\"widget\" data-widget_type=\"html.default\">\n\t\t\t\t<div class=\"elementor-widget-container\">\n\t\t\t\t<div data-id=\"09c5ff2\" data-element_type=\"widget\" data-model-cid=\"c56\" class=\"elementor-element elementor-element-09c5ff2 elementor-element--toggle-edit-tools elementor-widget elementor-widget-polylang-language-switcher cpel-switcher--layout-horizontal cpel-switcher--align-right elementor-element-editable ui-resizable  cpel-switcher--aspect-ratio-43\" data-widget_type=\"polylang-language-switcher.default\" align=\"right\">\t<div class=\"elementor-widget-container\" align=\"right\">\r\n \t    <nav class=\"cpel-switcher__nav\"><ul class=\"cpel-switcher__list\"><li1 class=\"cpel-switcher__lang\"> \r\n \t      <!-- Link para a p\u00e1gina em pt - br -->\r\n \t    <a lang=\"pt-BR\" hreflang=\"pt-BR\" href=\"https:\/\/sites.usp.br\/bpeanimal\/pagina-inicial\/ratos\/ratos-manipulacao-e-contencao\/ratos-contencao-para-realizacao-de-procedimentos-contencao-do-rato-pelo-dorso-tecnica-iii\/\">\r\n \t    <b><span1 class=\"cpel-switcher__code\">Trocar idioma:<\/span1><span class=\"cpel-switcher__flag cpel-switcher__flag--br\"><img decoding=\"async\" src=\"data:image\/svg+xml;utf8,%3Csvg width='21' height='15' xmlns='http:\/\/www.w3.org\/2000\/svg' xmlns:xlink='http:\/\/www.w3.org\/1999\/xlink'%3E%3Cdefs%3E%3ClinearGradient x1='50%' y1='0%' x2='50%' y2='100%' id='a'%3E%3Cstop stop-color='%23FFF' offset='0%'\/%3E%3Cstop stop-color='%23F0F0F0' offset='100%'\/%3E%3C\/linearGradient%3E%3ClinearGradient x1='50%' y1='0%' x2='50%' y2='100%' id='b'%3E%3Cstop stop-color='%2305AB41' offset='0%'\/%3E%3Cstop stop-color='%23019C39' offset='100%'\/%3E%3C\/linearGradient%3E%3ClinearGradient x1='50%' y1='0%' x2='50%' y2='100%' id='d'%3E%3Cstop stop-color='%23053087' offset='0%'\/%3E%3Cstop stop-color='%23012877' offset='100%'\/%3E%3C\/linearGradient%3E%3Ccircle id='c' cx='3.5' cy='3.5' r='3.5'\/%3E%3C\/defs%3E%3Cg fill='none' fill-rule='evenodd'%3E%3Cpath fill='url(%23a)' d='M0 0h21v15H0z'\/%3E%3Cpath fill='url(%23b)' d='M0 0h21v15H0z'\/%3E%3Cpath d='M2.422 7.773c-.233-.15-.228-.398 0-.546l7.656-4.954a.85.85 0 01.844 0l7.656 4.954c.233.15.228.398 0 .546l-7.656 4.954a.85.85 0 01-.844 0L2.422 7.773z' fill='%23FDD216'\/%3E%3Cg transform='translate(7 4)'%3E%3Cmask id='e' fill='%23fff'%3E%3Cuse xlink:href='%23c'\/%3E%3C\/mask%3E%3Cuse fill='url(%23d)' xlink:href='%23c'\/%3E%3Cpath d='M-.1 2.974c.265-.215 1.463-.04 3.534.512 1.474.394 3.173 1.262 3.562 1.742l.314.388.778-.629-.315-.388c-.55-.68-2.421-1.636-4.081-2.079-2.586-.69-3.758-.86-4.422-.323l-.388.314.629.777.389-.314z' fill='%23FFF' fill-rule='nonzero' mask='url(%23e)'\/%3E%3C\/g%3E%3C\/g%3E%3C\/svg%3E\" alt=\"Portugu\u00eas\"><\/span><\/a><\/li1><\/b>\t<\/div>\r\n\t\t<div class=\"ui-resizable-handle ui-resizable-e\" style=\"z-index: 90;\"><\/div><div class=\"ui-resizable-handle ui-resizable-w\" style=\"z-index: 90;\"><\/div><\/div>\t\t<\/div>\n\t\t\t\t<\/div>\n\t\t\t\t\t<\/div>\n\t\t<\/div>\n\t\t\t\t\t<\/div>\n\t\t<\/section>\n\t\t\t\t<section class=\"elementor-section elementor-top-section elementor-element elementor-element-2623d37 elementor-section-boxed elementor-section-height-default elementor-section-height-default\" data-id=\"2623d37\" data-element_type=\"section\">\n\t\t\t\t\t\t<div class=\"elementor-container elementor-column-gap-default\">\n\t\t\t\t\t<div class=\"elementor-column elementor-col-100 elementor-top-column elementor-element elementor-element-aeb6f12\" data-id=\"aeb6f12\" data-element_type=\"column\">\n\t\t\t<div class=\"elementor-widget-wrap elementor-element-populated\">\n\t\t\t\t\t\t<div class=\"elementor-element elementor-element-fd25be4 elementor-widget elementor-widget-video\" data-id=\"fd25be4\" data-element_type=\"widget\" data-settings=\"{&quot;youtube_url&quot;:&quot;https:\\\/\\\/youtu.be\\\/F4HHwFhKPrY&quot;,&quot;video_type&quot;:&quot;youtube&quot;,&quot;controls&quot;:&quot;yes&quot;}\" data-widget_type=\"video.default\">\n\t\t\t\t<div class=\"elementor-widget-container\">\n\t\t\t\t\t<div class=\"elementor-wrapper elementor-open-inline\">\n\t\t\t<div class=\"elementor-video\"><\/div>\t\t<\/div>\n\t\t\t\t<\/div>\n\t\t\t\t<\/div>\n\t\t\t\t\t<\/div>\n\t\t<\/div>\n\t\t\t\t\t<\/div>\n\t\t<\/section>\n\t\t\t\t<section class=\"elementor-section elementor-top-section elementor-element elementor-element-f1116a8 elementor-section-boxed elementor-section-height-default elementor-section-height-default\" data-id=\"f1116a8\" data-element_type=\"section\">\n\t\t\t\t\t\t<div class=\"elementor-container elementor-column-gap-default\">\n\t\t\t\t\t<div class=\"elementor-column elementor-col-100 elementor-top-column elementor-element elementor-element-42aa4d4\" data-id=\"42aa4d4\" data-element_type=\"column\">\n\t\t\t<div class=\"elementor-widget-wrap elementor-element-populated\">\n\t\t\t\t\t\t<div class=\"elementor-element elementor-element-df7d3cf elementor-widget elementor-widget-heading\" data-id=\"df7d3cf\" data-element_type=\"widget\" data-widget_type=\"heading.default\">\n\t\t\t\t<div class=\"elementor-widget-container\">\n\t\t\t<h2 class=\"elementor-heading-title elementor-size-default\">Contenci\u00f3n para la realizaci\u00f3n de procedimientos\u200b<\/h2>\t\t<\/div>\n\t\t\t\t<\/div>\n\t\t\t\t<div class=\"elementor-element elementor-element-5db4d80 elementor-widget elementor-widget-heading\" data-id=\"5db4d80\" data-element_type=\"widget\" data-widget_type=\"heading.default\">\n\t\t\t\t<div class=\"elementor-widget-container\">\n\t\t\t<h2 class=\"elementor-heading-title elementor-size-default\">Contenci\u00f3n de la rata por el dorso -T\u00e9cnica III<\/h2>\t\t<\/div>\n\t\t\t\t<\/div>\n\t\t\t\t<div class=\"elementor-element elementor-element-32b3142 elementor-widget elementor-widget-text-editor\" data-id=\"32b3142\" data-element_type=\"widget\" data-widget_type=\"text-editor.default\">\n\t\t\t\t<div class=\"elementor-widget-container\">\n\t\t\t\t\t\t\t<p><b>Materiales:<\/b><\/p><ul><li aria-level=\"1\">Guantes descartables para los procedimientos;<\/li><li style=\"font-weight: 400;\" aria-level=\"1\">Bata de laboratorio;<\/li><li style=\"font-weight: 400;\" aria-level=\"1\">Jaula limpia con material de cama esterilizado.<\/li><\/ul><p><b>Procedimientos:<\/b><\/p><ol><li style=\"font-weight: 400;\" aria-level=\"1\"><span style=\"font-weight: 400;\">Con la rata sobre una superficie plana, posicione la palma de la mano sobre el dorso del animal;<\/span><\/li><li style=\"font-weight: 400;\" aria-level=\"1\"><span style=\"font-weight: 400;\">Deslice suavemente el pulgar y el dedo \u00edndice hacia adelante, posicion\u00e1ndolos en la base del cr\u00e1neo;<\/span><\/li><li style=\"font-weight: 400;\" aria-level=\"1\"><span style=\"font-weight: 400;\">Con una presi\u00f3n firme, pero suave, sostenga la piel de la regi\u00f3n del cuello y el dorso, de tal forma que restrinja el movimiento de la cabeza de la rata y lev\u00e1ntela;<\/span><\/li><li style=\"font-weight: 400;\" aria-level=\"1\"><span style=\"font-weight: 400;\">Dominar esta t\u00e9cnica le permitir\u00e1 que ejecute con seguridad diversos procedimientos.<\/span><\/li><\/ol>\t\t\t\t\t\t<\/div>\n\t\t\t\t<\/div>\n\t\t\t\t<div class=\"elementor-element elementor-element-141c0a1 elementor-widget elementor-widget-text-editor\" data-id=\"141c0a1\" data-element_type=\"widget\" data-widget_type=\"text-editor.default\">\n\t\t\t\t<div class=\"elementor-widget-container\">\n\t\t\t\t\t\t\t<p style=\"background-color: #fee8e8;\"><span style=\"color: #ff0000;\"><b>ATENCI\u00d3N<\/b><\/span><\/p><p style=\"background-color: #fee8e8;\"><span style=\"font-weight: 400; color: #ff0000;\">Nunca realice este procedimiento con el animal apoyado en la rejilla de la jaula, para evitar que la rata lastime o quiebre las u\u00f1as. Preferiblemente, realice la contenci\u00f3n dentro de una jaula limpia o sobre una placa de parafina.<\/span><\/p><p style=\"background-color: #fee8e8;\"><span style=\"font-weight: 400; color: #ff0000;\">Para evitar estr\u00e9s innecesario del animal, realice el procedimiento de la forma m\u00e1s breve posible.<\/span><\/p><p style=\"background-color: #fee8e8;\"><span style=\"font-weight: 400; color: #ff0000;\">Esta t\u00e9cnica permite la administraci\u00f3n de sustancias con o sin la ayuda de otra persona.<\/span><\/p>\t\t\t\t\t\t<\/div>\n\t\t\t\t<\/div>\n\t\t\t\t\t<\/div>\n\t\t<\/div>\n\t\t\t\t\t<\/div>\n\t\t<\/section>\n\t\t\t\t<\/div>\n\t\t","protected":false},"excerpt":{"rendered":"<p>Trocar idioma: Contenci\u00f3n para la realizaci\u00f3n de procedimientos\u200b Contenci\u00f3n de la rata por el dorso -T\u00e9cnica III Materiales: Guantes descartables para los procedimientos; Bata de laboratorio; Jaula limpia con material de cama esterilizado. Procedimientos: Con la rata sobre una superficie plana, posicione la palma de la mano sobre el dorso del animal; Deslice suavemente el [&hellip;]<\/p>\n","protected":false},"author":23773,"featured_media":0,"parent":3911,"menu_order":23,"comment_status":"closed","ping_status":"closed","template":"","meta":{"_monsterinsights_skip_tracking":false,"_monsterinsights_sitenote_active":false,"_monsterinsights_sitenote_note":"","_monsterinsights_sitenote_category":0,"footnotes":"","_links_to":"","_links_to_target":""},"class_list":["post-3667","page","type-page","status-publish","hentry"],"_links":{"self":[{"href":"https:\/\/sites.usp.br\/bpeanimal\/wp-json\/wp\/v2\/pages\/3667","targetHints":{"allow":["GET"]}}],"collection":[{"href":"https:\/\/sites.usp.br\/bpeanimal\/wp-json\/wp\/v2\/pages"}],"about":[{"href":"https:\/\/sites.usp.br\/bpeanimal\/wp-json\/wp\/v2\/types\/page"}],"author":[{"embeddable":true,"href":"https:\/\/sites.usp.br\/bpeanimal\/wp-json\/wp\/v2\/users\/23773"}],"replies":[{"embeddable":true,"href":"https:\/\/sites.usp.br\/bpeanimal\/wp-json\/wp\/v2\/comments?post=3667"}],"version-history":[{"count":4,"href":"https:\/\/sites.usp.br\/bpeanimal\/wp-json\/wp\/v2\/pages\/3667\/revisions"}],"predecessor-version":[{"id":4622,"href":"https:\/\/sites.usp.br\/bpeanimal\/wp-json\/wp\/v2\/pages\/3667\/revisions\/4622"}],"up":[{"embeddable":true,"href":"https:\/\/sites.usp.br\/bpeanimal\/wp-json\/wp\/v2\/pages\/3911"}],"wp:attachment":[{"href":"https:\/\/sites.usp.br\/bpeanimal\/wp-json\/wp\/v2\/media?parent=3667"}],"curies":[{"name":"wp","href":"https:\/\/api.w.org\/{rel}","templated":true}]}}