{"id":3888,"date":"2025-01-01T19:05:35","date_gmt":"2025-01-01T21:05:35","guid":{"rendered":"https:\/\/sites.usp.br\/bpeanimal\/?page_id=3888"},"modified":"2025-06-26T00:52:22","modified_gmt":"2025-06-26T02:52:22","slug":"ratones-administracion-de-sustancias","status":"publish","type":"page","link":"https:\/\/sites.usp.br\/bpeanimal\/es\/boas-praticas-em-experimentacao-animal-espanol\/ratones\/ratones-administracion-de-sustancias\/","title":{"rendered":"Ratones \u2013 Administraci\u00f3n de sustancias"},"content":{"rendered":"\t\t<div data-elementor-type=\"wp-page\" data-elementor-id=\"3888\" class=\"elementor elementor-3888\" data-elementor-post-type=\"page\">\n\t\t\t\t\t\t<section class=\"elementor-section elementor-top-section elementor-element elementor-element-d4ae1b2 elementor-section-boxed elementor-section-height-default elementor-section-height-default\" data-id=\"d4ae1b2\" data-element_type=\"section\">\n\t\t\t\t\t\t<div class=\"elementor-container elementor-column-gap-default\">\n\t\t\t\t\t<div class=\"elementor-column elementor-col-100 elementor-top-column elementor-element elementor-element-2c0de8e\" data-id=\"2c0de8e\" data-element_type=\"column\">\n\t\t\t<div class=\"elementor-widget-wrap elementor-element-populated\">\n\t\t\t\t\t\t<div class=\"elementor-element elementor-element-3b34526 elementor-widget elementor-widget-text-editor\" data-id=\"3b34526\" data-element_type=\"widget\" data-widget_type=\"text-editor.default\">\n\t\t\t\t<div class=\"elementor-widget-container\">\n\t\t\t\t\t\t\t<ul><li><a style=\"font-family: var( --e-global-typography-text-font-family ), Sans-serif; font-weight: var( --e-global-typography-text-font-weight );\" href=\"https:\/\/sites.usp.br\/bpeanimal\/es\/boas-praticas-em-experimentacao-animal-espanol\/ratones\/ratones-administracion-de-sustancias\/ratones-administracion-de-sustancias-via-oral-sonda\/\" target=\"_blank\" rel=\"noopener\">V\u00eda oral (Canulaci\u00f3n por sonda)<\/a><\/li><li><a style=\"font-family: var( --e-global-typography-text-font-family ), Sans-serif; font-weight: var( --e-global-typography-text-font-weight );\" href=\"https:\/\/sites.usp.br\/bpeanimal\/es\/boas-praticas-em-experimentacao-animal-espanol\/ratones\/ratones-administracion-de-sustancias\/ratones-administracion-de-sustancias-via-subcutanea-region-posterior-del-cuello-entre-las-escapulas\/\" target=\"_blank\" rel=\"noopener\">V\u00eda subcut\u00e1nea \u2013 Regi\u00f3n posterior del cuello (entre las esc\u00e1pulas)<\/a><\/li><li><a style=\"font-family: var( --e-global-typography-text-font-family ), Sans-serif; font-weight: var( --e-global-typography-text-font-weight );\" href=\"https:\/\/sites.usp.br\/bpeanimal\/es\/boas-praticas-em-experimentacao-animal-espanol\/ratones\/ratones-administracion-de-sustancias\/ratones-administracion-de-sustancias-via-subcutanea-region-lumbar-o-flanco\/\" target=\"_blank\" rel=\"noopener\">V\u00eda subcut\u00e1nea &#8211; Regi\u00f3n lumbar o flanco<\/a><\/li><li><a style=\"font-family: var( --e-global-typography-text-font-family ), Sans-serif; font-weight: var( --e-global-typography-text-font-weight );\" href=\"https:\/\/sites.usp.br\/bpeanimal\/es\/boas-praticas-em-experimentacao-animal-espanol\/ratones\/ratones-administracion-de-sustancias\/ratones-administracion-de-sustancias-via-plexo-retroorbital\/\" target=\"_blank\" rel=\"noopener\">V\u00eda Plexo Retroorbital<\/a><\/li><li><a style=\"font-family: var( --e-global-typography-text-font-family ), Sans-serif; font-weight: var( --e-global-typography-text-font-weight );\" href=\"https:\/\/sites.usp.br\/bpeanimal\/es\/boas-praticas-em-experimentacao-animal-espanol\/ratones\/ratones-administracion-de-sustancias\/ratones-administracion-de-sustancias-via-intraperitoneal\/\" target=\"_blank\" rel=\"noopener\">V\u00eda Intraperitoneal<\/a><\/li><li><a style=\"font-family: var( --e-global-typography-text-font-family ), Sans-serif; font-weight: var( --e-global-typography-text-font-weight );\" href=\"https:\/\/sites.usp.br\/bpeanimal\/es\/boas-praticas-em-experimentacao-animal-espanol\/ratones\/ratones-administracion-de-sustancias\/ratones-administracion-de-sustancias-via-intranasal\/\" target=\"_blank\" rel=\"noopener\">V\u00eda Intranasal<\/a><\/li><li><a style=\"font-family: var( --e-global-typography-text-font-family ), Sans-serif; font-weight: var( --e-global-typography-text-font-weight );\" href=\"https:\/\/sites.usp.br\/bpeanimal\/es\/boas-praticas-em-experimentacao-animal-espanol\/ratones\/ratones-administracion-de-sustancias\/ratones-administracion-de-sustancias-via-intramuscular\/\" target=\"_blank\" rel=\"noopener\">V\u00eda Intramuscular<\/a><\/li><li><a href=\"https:\/\/sites.usp.br\/bpeanimal\/es\/boas-praticas-em-experimentacao-animal-espanol\/ratones\/ratones-administracion-de-sustancias\/ratones-administracion-de-sustancias-vena-lateral-de-la-cola\/\" target=\"_blank\" rel=\"noopener\">Vena lateral de la cola<\/a><\/li><\/ul>\t\t\t\t\t\t<\/div>\n\t\t\t\t<\/div>\n\t\t\t\t\t<\/div>\n\t\t<\/div>\n\t\t\t\t\t<\/div>\n\t\t<\/section>\n\t\t\t\t<\/div>\n\t\t","protected":false},"excerpt":{"rendered":"<p>V\u00eda oral (Canulaci\u00f3n por sonda) V\u00eda subcut\u00e1nea \u2013 Regi\u00f3n posterior del cuello (entre las esc\u00e1pulas) V\u00eda subcut\u00e1nea &#8211; Regi\u00f3n lumbar o flanco V\u00eda Plexo Retroorbital V\u00eda Intraperitoneal V\u00eda Intranasal V\u00eda Intramuscular Vena lateral de la cola<\/p>\n","protected":false},"author":23772,"featured_media":0,"parent":3884,"menu_order":27,"comment_status":"closed","ping_status":"closed","template":"","meta":{"_monsterinsights_skip_tracking":false,"_monsterinsights_sitenote_active":false,"_monsterinsights_sitenote_note":"","_monsterinsights_sitenote_category":0,"footnotes":"","_links_to":"","_links_to_target":""},"class_list":["post-3888","page","type-page","status-publish","hentry"],"_links":{"self":[{"href":"https:\/\/sites.usp.br\/bpeanimal\/wp-json\/wp\/v2\/pages\/3888","targetHints":{"allow":["GET"]}}],"collection":[{"href":"https:\/\/sites.usp.br\/bpeanimal\/wp-json\/wp\/v2\/pages"}],"about":[{"href":"https:\/\/sites.usp.br\/bpeanimal\/wp-json\/wp\/v2\/types\/page"}],"author":[{"embeddable":true,"href":"https:\/\/sites.usp.br\/bpeanimal\/wp-json\/wp\/v2\/users\/23772"}],"replies":[{"embeddable":true,"href":"https:\/\/sites.usp.br\/bpeanimal\/wp-json\/wp\/v2\/comments?post=3888"}],"version-history":[{"count":4,"href":"https:\/\/sites.usp.br\/bpeanimal\/wp-json\/wp\/v2\/pages\/3888\/revisions"}],"predecessor-version":[{"id":5077,"href":"https:\/\/sites.usp.br\/bpeanimal\/wp-json\/wp\/v2\/pages\/3888\/revisions\/5077"}],"up":[{"embeddable":true,"href":"https:\/\/sites.usp.br\/bpeanimal\/wp-json\/wp\/v2\/pages\/3884"}],"wp:attachment":[{"href":"https:\/\/sites.usp.br\/bpeanimal\/wp-json\/wp\/v2\/media?parent=3888"}],"curies":[{"name":"wp","href":"https:\/\/api.w.org\/{rel}","templated":true}]}}