{"id":4023,"date":"2025-01-03T23:54:43","date_gmt":"2025-01-04T01:54:43","guid":{"rendered":"https:\/\/sites.usp.br\/bpeanimal\/?page_id=4023"},"modified":"2025-06-25T18:29:53","modified_gmt":"2025-06-25T20:29:53","slug":"ratones-colecta-de-sangre-puncion-intracardiaca","status":"publish","type":"page","link":"https:\/\/sites.usp.br\/bpeanimal\/es\/boas-praticas-em-experimentacao-animal-espanol\/ratones\/ratones-colecta-de-sangre\/ratones-colecta-de-sangre-puncion-intracardiaca\/","title":{"rendered":"Ratones &#8211; Colecta de Sangre &#8211; Punci\u00f3n Intracard\u00edaca"},"content":{"rendered":"\t\t<div data-elementor-type=\"wp-page\" data-elementor-id=\"4023\" class=\"elementor elementor-4023\" data-elementor-post-type=\"page\">\n\t\t\t\t\t\t<section class=\"elementor-section elementor-top-section elementor-element elementor-element-180da0f elementor-section-boxed elementor-section-height-default elementor-section-height-default\" data-id=\"180da0f\" data-element_type=\"section\">\n\t\t\t\t\t\t<div class=\"elementor-container elementor-column-gap-default\">\n\t\t\t\t\t<div class=\"elementor-column elementor-col-100 elementor-top-column elementor-element elementor-element-0dfc082\" data-id=\"0dfc082\" data-element_type=\"column\">\n\t\t\t<div class=\"elementor-widget-wrap elementor-element-populated\">\n\t\t\t\t\t\t<div class=\"elementor-element elementor-element-a3df5ec elementor-widget elementor-widget-video\" data-id=\"a3df5ec\" data-element_type=\"widget\" data-settings=\"{&quot;youtube_url&quot;:&quot;https:\\\/\\\/youtu.be\\\/7gX9Rxtyk7Q&quot;,&quot;video_type&quot;:&quot;youtube&quot;,&quot;controls&quot;:&quot;yes&quot;}\" data-widget_type=\"video.default\">\n\t\t\t\t<div class=\"elementor-widget-container\">\n\t\t\t\t\t<div class=\"elementor-wrapper elementor-open-inline\">\n\t\t\t<div class=\"elementor-video\"><\/div>\t\t<\/div>\n\t\t\t\t<\/div>\n\t\t\t\t<\/div>\n\t\t\t\t\t<\/div>\n\t\t<\/div>\n\t\t\t\t\t<\/div>\n\t\t<\/section>\n\t\t\t\t<section class=\"elementor-section elementor-top-section elementor-element elementor-element-3c55e17 elementor-section-boxed elementor-section-height-default elementor-section-height-default\" data-id=\"3c55e17\" data-element_type=\"section\">\n\t\t\t\t\t\t<div class=\"elementor-container elementor-column-gap-default\">\n\t\t\t\t\t<div class=\"elementor-column elementor-col-100 elementor-top-column elementor-element elementor-element-4a53634\" data-id=\"4a53634\" data-element_type=\"column\">\n\t\t\t<div class=\"elementor-widget-wrap elementor-element-populated\">\n\t\t\t\t\t\t<div class=\"elementor-element elementor-element-f6145ab elementor-widget elementor-widget-heading\" data-id=\"f6145ab\" data-element_type=\"widget\" data-widget_type=\"heading.default\">\n\t\t\t\t<div class=\"elementor-widget-container\">\n\t\t\t<h2 class=\"elementor-heading-title elementor-size-default\">Colecta de sangre\n<\/h2>\t\t<\/div>\n\t\t\t\t<\/div>\n\t\t\t\t<div class=\"elementor-element elementor-element-770ad68 elementor-widget elementor-widget-heading\" data-id=\"770ad68\" data-element_type=\"widget\" data-widget_type=\"heading.default\">\n\t\t\t\t<div class=\"elementor-widget-container\">\n\t\t\t<h2 class=\"elementor-heading-title elementor-size-default\">Punci\u00f3n intracard\u00edaca\n<\/h2>\t\t<\/div>\n\t\t\t\t<\/div>\n\t\t\t\t<div class=\"elementor-element elementor-element-69c87c4 elementor-widget elementor-widget-text-editor\" data-id=\"69c87c4\" data-element_type=\"widget\" data-widget_type=\"text-editor.default\">\n\t\t\t\t<div class=\"elementor-widget-container\">\n\t\t\t\t\t\t\t<p><b>Materiales:<\/b><\/p><ul><li style=\"font-weight: 400;\" aria-level=\"1\"><span style=\"font-weight: 400;\">Guantes descartables para los procedimientos;<\/span><\/li><li style=\"font-weight: 400;\" aria-level=\"1\"><span style=\"font-weight: 400;\">Bata de laboratorio;<\/span><\/li><li style=\"font-weight: 400;\" aria-level=\"1\"><span style=\"font-weight: 400;\">Jeringa(1 a 3 ml);<\/span><\/li><li style=\"font-weight: 400;\" aria-level=\"1\"><span style=\"font-weight: 400;\">Aguja hipod\u00e9rmica (calibre 24 G a 26 G);<\/span><\/li><li style=\"font-weight: 400;\" aria-level=\"1\">Tubo c\u00f3nico de pl\u00e1stico de 1,5 ml;<\/li><li style=\"font-weight: 400;\" aria-level=\"1\"><span style=\"font-weight: 400;\">Alcohol et\u00edlico 70%;<\/span><\/li><li style=\"font-weight: 400;\" aria-level=\"1\"><span style=\"font-weight: 400;\">Algod\u00f3n o gasa;<\/span><\/li><li style=\"font-weight: 400;\" aria-level=\"1\"><span style=\"font-weight: 400;\">Soporte y cuerda para fijar al animal;<\/span><\/li><li style=\"font-weight: 400;\" aria-level=\"1\"><span style=\"font-weight: 400;\">Dispositivo de anestesia por inhalaci\u00f3n o anest\u00e9sico inyectable;<\/span><\/li><li style=\"font-weight: 400;\" aria-level=\"1\"><span style=\"font-weight: 400;\">Contenedor para la eliminaci\u00f3n de objetos punzocortantes.<\/span><\/li><\/ul><p><b>Procedimientos:<\/b><\/p><ol><li style=\"font-weight: 400;\" aria-level=\"1\"><span style=\"font-weight: 400;\">Con el rat\u00f3n anestesiado, posici\u00f3nelo en dec\u00fabito dorsal sobre el soporte en una superficie plana. Luego sujete los miembros tor\u00e1cicos con una cuerda hasta que queden bien extendidos;<\/span><\/li><li style=\"font-weight: 400;\" aria-level=\"1\"><span style=\"font-weight: 400;\">Realice la antisepsia en la regi\u00f3n tor\u00e1cica del animal con alcohol et\u00edlico al 70%;<\/span><\/li><li style=\"font-weight: 400;\" aria-level=\"1\"><span style=\"font-weight: 400;\">Inserte la aguja en el lado izquierdo del cart\u00edlago xifoides, cerca de la base del estern\u00f3n, formando un \u00e1ngulo entre 20 y 30 grados con respecto al cuerpo del animal;<\/span><\/li><li style=\"font-weight: 400;\" aria-level=\"1\"><span style=\"font-weight: 400;\">Introduzca la aguja lentamente, ejerciendo una ligera presi\u00f3n negativa sobre el \u00e9mbolo de la jeringa (la sangre debe fluir hacia el cuerpo de la aguja tan pronto como el bisel penetre en una de las c\u00e1maras del coraz\u00f3n). Es posible sentir la pulsaci\u00f3n cuando se inserta la aguja en el coraz\u00f3n del animal;<\/span><\/li><li style=\"font-weight: 400;\" aria-level=\"1\"><span style=\"font-weight: 400;\">Tire del \u00e9mbolo de la jeringa de forma continua y lenta hasta que finalice el flujo sangu\u00edneo;<\/span><\/li><li style=\"font-weight: 400;\" aria-level=\"1\"><span style=\"font-weight: 400;\">Deseche la aguja en un contenedor apropiado para materiales punzocortantes.<\/span><\/li><\/ol>\t\t\t\t\t\t<\/div>\n\t\t\t\t<\/div>\n\t\t\t\t<div class=\"elementor-element elementor-element-1c90eb5 elementor-widget__width-initial elementor-widget elementor-widget-text-editor\" data-id=\"1c90eb5\" data-element_type=\"widget\" data-widget_type=\"text-editor.default\">\n\t\t\t\t<div class=\"elementor-widget-container\">\n\t\t\t\t\t\t\t<p style=\"background-color: #fee8e8;\"><span style=\"color: #ff0000;\"><b>ATENCI\u00d3N<\/b><\/span><\/p><p style=\"background-color: #fee8e8;\"><span style=\"font-weight: 400; color: #ff0000;\">Esta t\u00e9cnica s\u00f3lo puede realizarse con el animal anestesiado y por personas debidamente capacitadas. Por ser invasivo, el procedimiento se considera terminal, lo que significa que debe realizarse la eutanasia, con el animal bajo anestesia general.<\/span><\/p>\t\t\t\t\t\t<\/div>\n\t\t\t\t<\/div>\n\t\t\t\t<div class=\"elementor-element elementor-element-1b7bc08 elementor-widget elementor-widget-text-editor\" data-id=\"1b7bc08\" data-element_type=\"widget\" data-widget_type=\"text-editor.default\">\n\t\t\t\t<div class=\"elementor-widget-container\">\n\t\t\t\t\t\t\t<p><strong>Referencia:<\/strong><\/p>\t\t\t\t\t\t<\/div>\n\t\t\t\t<\/div>\n\t\t\t\t<div class=\"elementor-element elementor-element-9f1a0a0 elementor-widget elementor-widget-text-editor\" data-id=\"9f1a0a0\" data-element_type=\"widget\" data-widget_type=\"text-editor.default\">\n\t\t\t\t<div class=\"elementor-widget-container\">\n\t\t\t\t\t\t\t<pre><span style=\"font-weight: 400;\">DONOVAN, John; BROWN, Patricia. Blood collection. Current protocols in neuroscience, v. 33, n. 1, p. A. 4G. 1-A. 4G. 9, 2005. DOI:\u00a0<\/span><a href=\"https:\/\/currentprotocols.onlinelibrary.wiley.com\/doi\/10.1002\/0471142301.nsa04gs33\" target=\"_blank\" rel=\"noopener\">10.1002\/0471142301<\/a><\/pre>\t\t\t\t\t\t<\/div>\n\t\t\t\t<\/div>\n\t\t\t\t\t<\/div>\n\t\t<\/div>\n\t\t\t\t\t<\/div>\n\t\t<\/section>\n\t\t\t\t<\/div>\n\t\t","protected":false},"excerpt":{"rendered":"<p>Colecta de sangre Punci\u00f3n intracard\u00edaca Materiales: Guantes descartables para los procedimientos; Bata de laboratorio; Jeringa(1 a 3 ml); Aguja hipod\u00e9rmica (calibre 24 G a 26 G); Tubo c\u00f3nico de pl\u00e1stico de 1,5 ml; Alcohol et\u00edlico 70%; Algod\u00f3n o gasa; Soporte y cuerda para fijar al animal; Dispositivo de anestesia por inhalaci\u00f3n o anest\u00e9sico inyectable; Contenedor [&hellip;]<\/p>\n","protected":false},"author":23772,"featured_media":0,"parent":3889,"menu_order":8,"comment_status":"closed","ping_status":"closed","template":"","meta":{"_monsterinsights_skip_tracking":false,"_monsterinsights_sitenote_active":false,"_monsterinsights_sitenote_note":"","_monsterinsights_sitenote_category":0,"footnotes":"","_links_to":"","_links_to_target":""},"class_list":["post-4023","page","type-page","status-publish","hentry"],"_links":{"self":[{"href":"https:\/\/sites.usp.br\/bpeanimal\/wp-json\/wp\/v2\/pages\/4023","targetHints":{"allow":["GET"]}}],"collection":[{"href":"https:\/\/sites.usp.br\/bpeanimal\/wp-json\/wp\/v2\/pages"}],"about":[{"href":"https:\/\/sites.usp.br\/bpeanimal\/wp-json\/wp\/v2\/types\/page"}],"author":[{"embeddable":true,"href":"https:\/\/sites.usp.br\/bpeanimal\/wp-json\/wp\/v2\/users\/23772"}],"replies":[{"embeddable":true,"href":"https:\/\/sites.usp.br\/bpeanimal\/wp-json\/wp\/v2\/comments?post=4023"}],"version-history":[{"count":4,"href":"https:\/\/sites.usp.br\/bpeanimal\/wp-json\/wp\/v2\/pages\/4023\/revisions"}],"predecessor-version":[{"id":5024,"href":"https:\/\/sites.usp.br\/bpeanimal\/wp-json\/wp\/v2\/pages\/4023\/revisions\/5024"}],"up":[{"embeddable":true,"href":"https:\/\/sites.usp.br\/bpeanimal\/wp-json\/wp\/v2\/pages\/3889"}],"wp:attachment":[{"href":"https:\/\/sites.usp.br\/bpeanimal\/wp-json\/wp\/v2\/media?parent=4023"}],"curies":[{"name":"wp","href":"https:\/\/api.w.org\/{rel}","templated":true}]}}