{"id":4060,"date":"2025-01-04T00:16:16","date_gmt":"2025-01-04T02:16:16","guid":{"rendered":"https:\/\/sites.usp.br\/bpeanimal\/?page_id=4060"},"modified":"2025-02-25T18:37:45","modified_gmt":"2025-02-25T20:37:45","slug":"ratas-administracion-de-sustancias-via-subcutanea-region-lumbar-o-flanco","status":"publish","type":"page","link":"https:\/\/sites.usp.br\/bpeanimal\/es\/boas-praticas-em-experimentacao-animal-espanol\/ratas\/ratas-administracion-de-sustancias\/ratas-administracion-de-sustancias-via-subcutanea-region-lumbar-o-flanco\/","title":{"rendered":"Ratas &#8211; Administraci\u00f3n de Sustancias &#8211; V\u00eda Subcut\u00e1nea &#8211; Regi\u00f3n lumbar o flanco"},"content":{"rendered":"\t\t<div data-elementor-type=\"wp-page\" data-elementor-id=\"4060\" class=\"elementor elementor-4060\" data-elementor-post-type=\"page\">\n\t\t\t\t\t\t<section class=\"elementor-section elementor-top-section elementor-element elementor-element-67e5328 elementor-section-boxed elementor-section-height-default elementor-section-height-default\" data-id=\"67e5328\" data-element_type=\"section\">\n\t\t\t\t\t\t<div class=\"elementor-container elementor-column-gap-default\">\n\t\t\t\t\t<div class=\"elementor-column elementor-col-100 elementor-top-column elementor-element elementor-element-4f3dcf5\" data-id=\"4f3dcf5\" data-element_type=\"column\">\n\t\t\t<div class=\"elementor-widget-wrap elementor-element-populated\">\n\t\t\t\t\t\t<div class=\"elementor-element elementor-element-c53f53d elementor-widget elementor-widget-html\" data-id=\"c53f53d\" data-element_type=\"widget\" data-widget_type=\"html.default\">\n\t\t\t\t<div class=\"elementor-widget-container\">\n\t\t\t\t<div data-id=\"09c5ff2\" data-element_type=\"widget\" data-model-cid=\"c56\" class=\"elementor-element elementor-element-09c5ff2 elementor-element--toggle-edit-tools elementor-widget elementor-widget-polylang-language-switcher cpel-switcher--layout-horizontal cpel-switcher--align-right elementor-element-editable ui-resizable  cpel-switcher--aspect-ratio-43\" data-widget_type=\"polylang-language-switcher.default\" align=\"right\">\t<div class=\"elementor-widget-container\" align=\"right\">\r\n \t    <nav class=\"cpel-switcher__nav\"><ul class=\"cpel-switcher__list\"><li1 class=\"cpel-switcher__lang\"> \r\n \t      <!-- Link para a p\u00e1gina em pt - br -->\r\n \t    <a lang=\"pt-BR\" hreflang=\"pt-BR\" href=\"https:\/\/sites.usp.br\/bpeanimal\/pagina-inicial\/ratos\/ratos-administracao-de-substancias\/ratos-administracao-de-substancias-via-subcutanea-regiao-lombar-ou-flanco\/\">\r\n \t    <b><span1 class=\"cpel-switcher__code\">Trocar idioma:<\/span1><span class=\"cpel-switcher__flag cpel-switcher__flag--br\"><img decoding=\"async\" src=\"data:image\/svg+xml;utf8,%3Csvg width='21' height='15' xmlns='http:\/\/www.w3.org\/2000\/svg' xmlns:xlink='http:\/\/www.w3.org\/1999\/xlink'%3E%3Cdefs%3E%3ClinearGradient x1='50%' y1='0%' x2='50%' y2='100%' id='a'%3E%3Cstop stop-color='%23FFF' offset='0%'\/%3E%3Cstop stop-color='%23F0F0F0' offset='100%'\/%3E%3C\/linearGradient%3E%3ClinearGradient x1='50%' y1='0%' x2='50%' y2='100%' id='b'%3E%3Cstop stop-color='%2305AB41' offset='0%'\/%3E%3Cstop stop-color='%23019C39' offset='100%'\/%3E%3C\/linearGradient%3E%3ClinearGradient x1='50%' y1='0%' x2='50%' y2='100%' id='d'%3E%3Cstop stop-color='%23053087' offset='0%'\/%3E%3Cstop stop-color='%23012877' offset='100%'\/%3E%3C\/linearGradient%3E%3Ccircle id='c' cx='3.5' cy='3.5' r='3.5'\/%3E%3C\/defs%3E%3Cg fill='none' fill-rule='evenodd'%3E%3Cpath fill='url(%23a)' d='M0 0h21v15H0z'\/%3E%3Cpath fill='url(%23b)' d='M0 0h21v15H0z'\/%3E%3Cpath d='M2.422 7.773c-.233-.15-.228-.398 0-.546l7.656-4.954a.85.85 0 01.844 0l7.656 4.954c.233.15.228.398 0 .546l-7.656 4.954a.85.85 0 01-.844 0L2.422 7.773z' fill='%23FDD216'\/%3E%3Cg transform='translate(7 4)'%3E%3Cmask id='e' fill='%23fff'%3E%3Cuse xlink:href='%23c'\/%3E%3C\/mask%3E%3Cuse fill='url(%23d)' xlink:href='%23c'\/%3E%3Cpath d='M-.1 2.974c.265-.215 1.463-.04 3.534.512 1.474.394 3.173 1.262 3.562 1.742l.314.388.778-.629-.315-.388c-.55-.68-2.421-1.636-4.081-2.079-2.586-.69-3.758-.86-4.422-.323l-.388.314.629.777.389-.314z' fill='%23FFF' fill-rule='nonzero' mask='url(%23e)'\/%3E%3C\/g%3E%3C\/g%3E%3C\/svg%3E\" alt=\"Portugu\u00eas\"><\/span><\/a><\/li1><\/b>\t<\/div>\r\n\t\t<div class=\"ui-resizable-handle ui-resizable-e\" style=\"z-index: 90;\"><\/div><div class=\"ui-resizable-handle ui-resizable-w\" style=\"z-index: 90;\"><\/div><\/div>\t\t<\/div>\n\t\t\t\t<\/div>\n\t\t\t\t\t<\/div>\n\t\t<\/div>\n\t\t\t\t\t<\/div>\n\t\t<\/section>\n\t\t\t\t<section class=\"elementor-section elementor-top-section elementor-element elementor-element-73a25bc elementor-section-boxed elementor-section-height-default elementor-section-height-default\" data-id=\"73a25bc\" data-element_type=\"section\">\n\t\t\t\t\t\t<div class=\"elementor-container elementor-column-gap-default\">\n\t\t\t\t\t<div class=\"elementor-column elementor-col-100 elementor-top-column elementor-element elementor-element-189bcae\" data-id=\"189bcae\" data-element_type=\"column\">\n\t\t\t<div class=\"elementor-widget-wrap elementor-element-populated\">\n\t\t\t\t\t\t<div class=\"elementor-element elementor-element-e3104cf elementor-widget elementor-widget-video\" data-id=\"e3104cf\" data-element_type=\"widget\" data-settings=\"{&quot;youtube_url&quot;:&quot;https:\\\/\\\/youtu.be\\\/-3fk7Z5TUc8&quot;,&quot;video_type&quot;:&quot;youtube&quot;,&quot;controls&quot;:&quot;yes&quot;}\" data-widget_type=\"video.default\">\n\t\t\t\t<div class=\"elementor-widget-container\">\n\t\t\t\t\t<div class=\"elementor-wrapper elementor-open-inline\">\n\t\t\t<div class=\"elementor-video\"><\/div>\t\t<\/div>\n\t\t\t\t<\/div>\n\t\t\t\t<\/div>\n\t\t\t\t\t<\/div>\n\t\t<\/div>\n\t\t\t\t\t<\/div>\n\t\t<\/section>\n\t\t\t\t<section class=\"elementor-section elementor-top-section elementor-element elementor-element-3976bed elementor-section-boxed elementor-section-height-default elementor-section-height-default\" data-id=\"3976bed\" data-element_type=\"section\">\n\t\t\t\t\t\t<div class=\"elementor-container elementor-column-gap-default\">\n\t\t\t\t\t<div class=\"elementor-column elementor-col-100 elementor-top-column elementor-element elementor-element-a2c2978\" data-id=\"a2c2978\" data-element_type=\"column\">\n\t\t\t<div class=\"elementor-widget-wrap elementor-element-populated\">\n\t\t\t\t\t\t<div class=\"elementor-element elementor-element-38662ab elementor-widget elementor-widget-heading\" data-id=\"38662ab\" data-element_type=\"widget\" data-widget_type=\"heading.default\">\n\t\t\t\t<div class=\"elementor-widget-container\">\n\t\t\t<h2 class=\"elementor-heading-title elementor-size-default\">Administraci\u00f3n de Sustancias<\/h2>\t\t<\/div>\n\t\t\t\t<\/div>\n\t\t\t\t<div class=\"elementor-element elementor-element-0b8eb2f elementor-widget elementor-widget-heading\" data-id=\"0b8eb2f\" data-element_type=\"widget\" data-widget_type=\"heading.default\">\n\t\t\t\t<div class=\"elementor-widget-container\">\n\t\t\t<h2 class=\"elementor-heading-title elementor-size-default\">V\u00eda Subcut\u00e1nea \u2013 Regi\u00f3n lumbar o flanco<\/h2>\t\t<\/div>\n\t\t\t\t<\/div>\n\t\t\t\t<div class=\"elementor-element elementor-element-d535400 elementor-widget elementor-widget-text-editor\" data-id=\"d535400\" data-element_type=\"widget\" data-widget_type=\"text-editor.default\">\n\t\t\t\t<div class=\"elementor-widget-container\">\n\t\t\t\t\t\t\t<p><b>Materiales:<\/b><\/p><ul><li aria-level=\"1\">Guantes descartables para los procedimientos;<\/li><li aria-level=\"1\">Bata de laboratorio;<\/li><li aria-level=\"1\">Jeringa (de 1 ml a 3 ml);<\/li><li aria-level=\"1\">Aguja hipod\u00e9rmica (calibre de 22 G a 30 G);<\/li><li aria-level=\"1\">Alcohol et\u00edlico 70%;<\/li><li aria-level=\"1\">Algod\u00f3n o gasa.<\/li><\/ul><p><b>Procedimentos:<\/b><\/p><ol><li>Rellene la jeringa con la cantidad de la sustancia apropiada para la administraci\u00f3n;<\/li><li>Realice la contenci\u00f3n de la rata;<\/li><li>Forme un pliegue estirando la piel con un movimiento de pinza con el dedo pulgar y el dedo \u00edndice en la regi\u00f3n lumbar del animal;<\/li><li>Realice la antisepsia del \u00e1rea de administraci\u00f3n con alcohol al 70%;<\/li><li>Inserte la aguja en la base del pliegue de la piel, con un \u00e1ngulo de aproximadamente 45 grados en relaci\u00f3n al cuerpo del animal;<\/li><li>Administre la sustancia con un movimiento continuo.<\/li><\/ol>\t\t\t\t\t\t<\/div>\n\t\t\t\t<\/div>\n\t\t\t\t\t<\/div>\n\t\t<\/div>\n\t\t\t\t\t<\/div>\n\t\t<\/section>\n\t\t\t\t<section class=\"elementor-section elementor-top-section elementor-element elementor-element-42b01ba elementor-section-boxed elementor-section-height-default elementor-section-height-default\" data-id=\"42b01ba\" data-element_type=\"section\">\n\t\t\t\t\t\t<div class=\"elementor-container elementor-column-gap-default\">\n\t\t\t\t\t<div class=\"elementor-column elementor-col-100 elementor-top-column elementor-element elementor-element-eee4dcf\" data-id=\"eee4dcf\" data-element_type=\"column\">\n\t\t\t<div class=\"elementor-widget-wrap elementor-element-populated\">\n\t\t\t\t\t\t<div class=\"elementor-element elementor-element-9750af5 elementor-widget elementor-widget-image\" data-id=\"9750af5\" data-element_type=\"widget\" data-widget_type=\"image.default\">\n\t\t\t\t<div class=\"elementor-widget-container\">\n\t\t\t\t\t\t\t\t\t\t<figure class=\"wp-caption\">\n\t\t\t\t\t\t\t\t\t\t<img fetchpriority=\"high\" decoding=\"async\" width=\"286\" height=\"300\" src=\"https:\/\/sites.usp.br\/bpeanimal\/wp-content\/uploads\/sites\/1236\/2023\/05\/figura10-286x300.png\" class=\"attachment-medium size-medium wp-image-992\" alt=\"\" srcset=\"https:\/\/sites.usp.br\/bpeanimal\/wp-content\/uploads\/sites\/1236\/2023\/05\/figura10-286x300.png 286w, https:\/\/sites.usp.br\/bpeanimal\/wp-content\/uploads\/sites\/1236\/2023\/05\/figura10.png 375w\" sizes=\"(max-width: 286px) 100vw, 286px\" \/>\t\t\t\t\t\t\t\t\t\t\t<figcaption class=\"widget-image-caption wp-caption-text\">Representaci\u00f3n gr\u00e1fica de la v\u00eda subcut\u00e1nea.<\/figcaption>\n\t\t\t\t\t\t\t\t\t\t<\/figure>\n\t\t\t\t\t\t\t<\/div>\n\t\t\t\t<\/div>\n\t\t\t\t\t<\/div>\n\t\t<\/div>\n\t\t\t\t\t<\/div>\n\t\t<\/section>\n\t\t\t\t<\/div>\n\t\t","protected":false},"excerpt":{"rendered":"<p>Trocar idioma: Administraci\u00f3n de Sustancias V\u00eda Subcut\u00e1nea \u2013 Regi\u00f3n lumbar o flanco Materiales: Guantes descartables para los procedimientos; Bata de laboratorio; Jeringa (de 1 ml a 3 ml); Aguja hipod\u00e9rmica (calibre de 22 G a 30 G); Alcohol et\u00edlico 70%; Algod\u00f3n o gasa. Procedimentos: Rellene la jeringa con la cantidad de la sustancia apropiada para [&hellip;]<\/p>\n","protected":false},"author":23772,"featured_media":0,"parent":3899,"menu_order":19,"comment_status":"closed","ping_status":"closed","template":"","meta":{"_monsterinsights_skip_tracking":false,"_monsterinsights_sitenote_active":false,"_monsterinsights_sitenote_note":"","_monsterinsights_sitenote_category":0,"footnotes":"","_links_to":"","_links_to_target":""},"class_list":["post-4060","page","type-page","status-publish","hentry"],"_links":{"self":[{"href":"https:\/\/sites.usp.br\/bpeanimal\/wp-json\/wp\/v2\/pages\/4060","targetHints":{"allow":["GET"]}}],"collection":[{"href":"https:\/\/sites.usp.br\/bpeanimal\/wp-json\/wp\/v2\/pages"}],"about":[{"href":"https:\/\/sites.usp.br\/bpeanimal\/wp-json\/wp\/v2\/types\/page"}],"author":[{"embeddable":true,"href":"https:\/\/sites.usp.br\/bpeanimal\/wp-json\/wp\/v2\/users\/23772"}],"replies":[{"embeddable":true,"href":"https:\/\/sites.usp.br\/bpeanimal\/wp-json\/wp\/v2\/comments?post=4060"}],"version-history":[{"count":4,"href":"https:\/\/sites.usp.br\/bpeanimal\/wp-json\/wp\/v2\/pages\/4060\/revisions"}],"predecessor-version":[{"id":4646,"href":"https:\/\/sites.usp.br\/bpeanimal\/wp-json\/wp\/v2\/pages\/4060\/revisions\/4646"}],"up":[{"embeddable":true,"href":"https:\/\/sites.usp.br\/bpeanimal\/wp-json\/wp\/v2\/pages\/3899"}],"wp:attachment":[{"href":"https:\/\/sites.usp.br\/bpeanimal\/wp-json\/wp\/v2\/media?parent=4060"}],"curies":[{"name":"wp","href":"https:\/\/api.w.org\/{rel}","templated":true}]}}