{"id":4201,"date":"2025-01-04T03:45:26","date_gmt":"2025-01-04T05:45:26","guid":{"rendered":"https:\/\/sites.usp.br\/bpeanimal\/?page_id=4201"},"modified":"2025-06-25T16:52:13","modified_gmt":"2025-06-25T18:52:13","slug":"ratones-administracion-de-sustancias-via-plexo-retroorbital","status":"publish","type":"page","link":"https:\/\/sites.usp.br\/bpeanimal\/es\/boas-praticas-em-experimentacao-animal-espanol\/ratones\/ratones-administracion-de-sustancias\/ratones-administracion-de-sustancias-via-plexo-retroorbital\/","title":{"rendered":"Ratones &#8211; Administraci\u00f3n de sustancias &#8211; V\u00eda Plexo Retroorbital"},"content":{"rendered":"\t\t<div data-elementor-type=\"wp-page\" data-elementor-id=\"4201\" class=\"elementor elementor-4201\" data-elementor-post-type=\"page\">\n\t\t\t\t\t\t<section class=\"elementor-section elementor-top-section elementor-element elementor-element-dfedb9c elementor-section-boxed elementor-section-height-default elementor-section-height-default\" data-id=\"dfedb9c\" data-element_type=\"section\">\n\t\t\t\t\t\t<div class=\"elementor-container elementor-column-gap-default\">\n\t\t\t\t\t<div class=\"elementor-column elementor-col-100 elementor-top-column elementor-element elementor-element-12d4a34\" data-id=\"12d4a34\" data-element_type=\"column\">\n\t\t\t<div class=\"elementor-widget-wrap elementor-element-populated\">\n\t\t\t\t\t\t<div class=\"elementor-element elementor-element-47b88d7 elementor-widget elementor-widget-video\" data-id=\"47b88d7\" data-element_type=\"widget\" data-settings=\"{&quot;youtube_url&quot;:&quot;https:\\\/\\\/youtu.be\\\/dKkIFhBLBD4&quot;,&quot;video_type&quot;:&quot;youtube&quot;,&quot;controls&quot;:&quot;yes&quot;}\" data-widget_type=\"video.default\">\n\t\t\t\t<div class=\"elementor-widget-container\">\n\t\t\t\t\t<div class=\"elementor-wrapper elementor-open-inline\">\n\t\t\t<div class=\"elementor-video\"><\/div>\t\t<\/div>\n\t\t\t\t<\/div>\n\t\t\t\t<\/div>\n\t\t\t\t\t<\/div>\n\t\t<\/div>\n\t\t\t\t\t<\/div>\n\t\t<\/section>\n\t\t\t\t<section class=\"elementor-section elementor-top-section elementor-element elementor-element-dc8ecfb elementor-section-boxed elementor-section-height-default elementor-section-height-default\" data-id=\"dc8ecfb\" data-element_type=\"section\">\n\t\t\t\t\t\t<div class=\"elementor-container elementor-column-gap-default\">\n\t\t\t\t\t<div class=\"elementor-column elementor-col-100 elementor-top-column elementor-element elementor-element-164cdf7\" data-id=\"164cdf7\" data-element_type=\"column\">\n\t\t\t<div class=\"elementor-widget-wrap elementor-element-populated\">\n\t\t\t\t\t\t<div class=\"elementor-element elementor-element-0a563a8 elementor-widget elementor-widget-heading\" data-id=\"0a563a8\" data-element_type=\"widget\" data-widget_type=\"heading.default\">\n\t\t\t\t<div class=\"elementor-widget-container\">\n\t\t\t<h2 class=\"elementor-heading-title elementor-size-default\">Administraci\u00f3n de sustancias\n<\/h2>\t\t<\/div>\n\t\t\t\t<\/div>\n\t\t\t\t<div class=\"elementor-element elementor-element-d5f9fac elementor-widget elementor-widget-heading\" data-id=\"d5f9fac\" data-element_type=\"widget\" data-widget_type=\"heading.default\">\n\t\t\t\t<div class=\"elementor-widget-container\">\n\t\t\t<h2 class=\"elementor-heading-title elementor-size-default\">V\u00eda plexo retroorbital\n<\/h2>\t\t<\/div>\n\t\t\t\t<\/div>\n\t\t\t\t<div class=\"elementor-element elementor-element-c1cffe2 elementor-widget elementor-widget-text-editor\" data-id=\"c1cffe2\" data-element_type=\"widget\" data-widget_type=\"text-editor.default\">\n\t\t\t\t<div class=\"elementor-widget-container\">\n\t\t\t\t\t\t\t<p><b>Materiales:<\/b><\/p><ul><li style=\"font-weight: 400;\" aria-level=\"1\"><span style=\"font-weight: 400;\">Guantes descartables para los procedimientos;<\/span><\/li><li style=\"font-weight: 400;\" aria-level=\"1\"><span style=\"font-weight: 400;\">Bata de laboratorio;<\/span><\/li><li style=\"font-weight: 400;\" aria-level=\"1\"><span style=\"font-weight: 400;\">Jeringa ultrafina de 0,3 o 0,5 ml con aguja de 8 \u00d7 0,3 mm;<\/span><\/li><li style=\"font-weight: 400;\" aria-level=\"1\"><span style=\"font-weight: 400;\">Soluci\u00f3n oft\u00e1lmica est\u00e9ril con anestesia local (gotas anest\u00e9sicas para los ojos);<\/span><\/li><li style=\"font-weight: 400;\" aria-level=\"1\"><span style=\"font-weight: 400;\">Anest\u00e9sico general (preferiblemente inhalatorio);<\/span><\/li><li style=\"font-weight: 400;\" aria-level=\"1\"><span style=\"font-weight: 400;\">Gasa;<\/span><\/li><li style=\"font-weight: 400;\" aria-level=\"1\"><span style=\"font-weight: 400;\">Contenedor para la eliminaci\u00f3n de objetos punzocortantes.<\/span><\/li><\/ul><p><b>Procedimientos:<\/b><\/p><ol><li style=\"font-weight: 400;\" aria-level=\"1\"><span style=\"font-weight: 400;\">Llene la jeringa con el volumen adecuado de sustancia seg\u00fan la dosis. El volumen m\u00e1ximo permitido es 0,2 ml;<\/span><\/li><li style=\"font-weight: 400;\" aria-level=\"1\"><span style=\"font-weight: 400;\">Con el rat\u00f3n anestesiado, suj\u00e9telo suavemente por la piel del dorso provocando una ligera protrusi\u00f3n del globo ocular y col\u00f3quelo con la cabeza orientada hacia arriba;<\/span><\/li><li style=\"font-weight: 400;\" aria-level=\"1\"><span style=\"font-weight: 400;\">Instile una gota de colirio con anest\u00e9sico local en el ojo del animal;<\/span><\/li><li style=\"font-weight: 400;\" aria-level=\"1\"><span style=\"font-weight: 400;\">Coloque el bisel de la aguja en el \u00e1ngulo medial del ojo, insertando aproximadamente 3 mm de la aguja suavemente por debajo del globo ocular, con una angulaci\u00f3n de entre 30 y 45 grados, hasta sentir el contacto de la punta de la aguja en la cavidad orbitaria;<\/span><\/li><li style=\"font-weight: 400;\" aria-level=\"1\"><span style=\"font-weight: 400;\">Empuje lentamente el \u00e9mbolo de la jeringa, en un movimiento continuo, hasta inyectar el volumen total de la sustancia y retire la aguja. No es necesario tirar del \u00e9mbolo de la jeringa antes de la inyecci\u00f3n;<\/span><\/li><li style=\"font-weight: 400;\" aria-level=\"1\"><span style=\"font-weight: 400;\">Cuando sea necesario, realice hemostasia manteniendo los p\u00e1rpados cerrados mediante una ligera compresi\u00f3n con una gasa;<\/span><\/li><li style=\"font-weight: 400;\" aria-level=\"1\"><span style=\"font-weight: 400;\">Deseche la jeringa y la aguja en un contenedor apropiado para materiales punzocortantes.<\/span><\/li><\/ol>\t\t\t\t\t\t<\/div>\n\t\t\t\t<\/div>\n\t\t\t\t<div class=\"elementor-element elementor-element-f75fb74 elementor-widget elementor-widget-text-editor\" data-id=\"f75fb74\" data-element_type=\"widget\" data-widget_type=\"text-editor.default\">\n\t\t\t\t<div class=\"elementor-widget-container\">\n\t\t\t\t\t\t\t<p style=\"background-color: #fee8e8;\"><span style=\"color: #ff0000;\"><b>ATENCI\u00d3N<\/b><\/span><\/p><p style=\"background-color: #fee8e8;\"><span style=\"font-weight: 400; color: #ff0000;\">Esta t\u00e9cnica s\u00f3lo puede realizarse con el animal anestesiado y por personas debidamente capacitadas. Alternativamente, se puede sustituir administrando sustancias a trav\u00e9s de la vena lateral de la cola.<\/span><\/p>\t\t\t\t\t\t<\/div>\n\t\t\t\t<\/div>\n\t\t\t\t<div class=\"elementor-element elementor-element-ab475a9 elementor-widget elementor-widget-text-editor\" data-id=\"ab475a9\" data-element_type=\"widget\" data-widget_type=\"text-editor.default\">\n\t\t\t\t<div class=\"elementor-widget-container\">\n\t\t\t\t\t\t\t<p><strong><span style=\"color: #000000; font-family: var( --e-global-typography-text-font-family ), Sans-serif;\">Referencia:<\/span><\/strong><\/p>\t\t\t\t\t\t<\/div>\n\t\t\t\t<\/div>\n\t\t\t\t<div class=\"elementor-element elementor-element-cef3859 elementor-widget elementor-widget-text-editor\" data-id=\"cef3859\" data-element_type=\"widget\" data-widget_type=\"text-editor.default\">\n\t\t\t\t<div class=\"elementor-widget-container\">\n\t\t\t\t\t\t\t<pre><span style=\"color: #000000;\">BOGDANSKE, John J. et al. Laboratory mouse procedural techniques: manual and DVD. CRC Press, 2010. DOI:\u00a0<\/span><a style=\"font-family: var( --e-global-typography-text-font-family ), Sans-serif; font-weight: var( --e-global-typography-text-font-weight );\" href=\"https:\/\/www.taylorfrancis.com\/books\/mono\/10.1201\/9780429187940\/laboratory-mouse-laboratory-rat-procedural-techniques-john-bogdanske\" target=\"_blank\" rel=\"noopener\">10.1201\/9780429187940<\/a><\/pre>\t\t\t\t\t\t<\/div>\n\t\t\t\t<\/div>\n\t\t\t\t\t<\/div>\n\t\t<\/div>\n\t\t\t\t\t<\/div>\n\t\t<\/section>\n\t\t\t\t<\/div>\n\t\t","protected":false},"excerpt":{"rendered":"<p>Administraci\u00f3n de sustancias V\u00eda plexo retroorbital Materiales: Guantes descartables para los procedimientos; Bata de laboratorio; Jeringa ultrafina de 0,3 o 0,5 ml con aguja de 8 \u00d7 0,3 mm; Soluci\u00f3n oft\u00e1lmica est\u00e9ril con anestesia local (gotas anest\u00e9sicas para los ojos); Anest\u00e9sico general (preferiblemente inhalatorio); Gasa; Contenedor para la eliminaci\u00f3n de objetos punzocortantes. Procedimientos: Llene la [&hellip;]<\/p>\n","protected":false},"author":23772,"featured_media":0,"parent":3888,"menu_order":16,"comment_status":"closed","ping_status":"closed","template":"","meta":{"_monsterinsights_skip_tracking":false,"_monsterinsights_sitenote_active":false,"_monsterinsights_sitenote_note":"","_monsterinsights_sitenote_category":0,"footnotes":"","_links_to":"","_links_to_target":""},"class_list":["post-4201","page","type-page","status-publish","hentry"],"_links":{"self":[{"href":"https:\/\/sites.usp.br\/bpeanimal\/wp-json\/wp\/v2\/pages\/4201","targetHints":{"allow":["GET"]}}],"collection":[{"href":"https:\/\/sites.usp.br\/bpeanimal\/wp-json\/wp\/v2\/pages"}],"about":[{"href":"https:\/\/sites.usp.br\/bpeanimal\/wp-json\/wp\/v2\/types\/page"}],"author":[{"embeddable":true,"href":"https:\/\/sites.usp.br\/bpeanimal\/wp-json\/wp\/v2\/users\/23772"}],"replies":[{"embeddable":true,"href":"https:\/\/sites.usp.br\/bpeanimal\/wp-json\/wp\/v2\/comments?post=4201"}],"version-history":[{"count":4,"href":"https:\/\/sites.usp.br\/bpeanimal\/wp-json\/wp\/v2\/pages\/4201\/revisions"}],"predecessor-version":[{"id":4994,"href":"https:\/\/sites.usp.br\/bpeanimal\/wp-json\/wp\/v2\/pages\/4201\/revisions\/4994"}],"up":[{"embeddable":true,"href":"https:\/\/sites.usp.br\/bpeanimal\/wp-json\/wp\/v2\/pages\/3888"}],"wp:attachment":[{"href":"https:\/\/sites.usp.br\/bpeanimal\/wp-json\/wp\/v2\/media?parent=4201"}],"curies":[{"name":"wp","href":"https:\/\/api.w.org\/{rel}","templated":true}]}}