{"id":429,"date":"2023-01-12T15:47:16","date_gmt":"2023-01-12T17:47:16","guid":{"rendered":"https:\/\/sites.usp.br\/bpeanimal\/?page_id=429"},"modified":"2025-03-19T12:02:34","modified_gmt":"2025-03-19T14:02:34","slug":"ratos-contencao-para-realizacao-de-procedimentos-contencao-do-rato-pelo-dorso-tecnica-ii","status":"publish","type":"page","link":"https:\/\/sites.usp.br\/bpeanimal\/pagina-inicial\/ratos\/ratos-manipulacao-e-contencao\/ratos-contencao-para-realizacao-de-procedimentos-contencao-do-rato-pelo-dorso-tecnica-ii\/","title":{"rendered":"Ratos &#8211; Manipula\u00e7\u00e3o e conten\u00e7\u00e3o &#8211; Conten\u00e7\u00e3o do rato pelo dorso &#8211; T\u00e9cnica II"},"content":{"rendered":"\t\t<div data-elementor-type=\"wp-page\" data-elementor-id=\"429\" class=\"elementor elementor-429\" data-elementor-post-type=\"page\">\n\t\t\t\t\t\t<section class=\"elementor-section elementor-top-section elementor-element elementor-element-e4a984b elementor-section-boxed elementor-section-height-default elementor-section-height-default\" data-id=\"e4a984b\" data-element_type=\"section\">\n\t\t\t\t\t\t<div class=\"elementor-container elementor-column-gap-default\">\n\t\t\t\t\t<div class=\"elementor-column elementor-col-100 elementor-top-column elementor-element elementor-element-758ebe7\" data-id=\"758ebe7\" data-element_type=\"column\">\n\t\t\t<div class=\"elementor-widget-wrap elementor-element-populated\">\n\t\t\t\t\t\t<div class=\"elementor-element elementor-element-7a7d2bd elementor-widget elementor-widget-html\" data-id=\"7a7d2bd\" data-element_type=\"widget\" data-widget_type=\"html.default\">\n\t\t\t\t<div class=\"elementor-widget-container\">\n\t\t\t\t<div data-id=\"09c5ff2\" data-element_type=\"widget\" data-model-cid=\"c56\" class=\"elementor-element elementor-element-09c5ff2 elementor-element--toggle-edit-tools elementor-widget elementor-widget-polylang-language-switcher cpel-switcher--layout-horizontal cpel-switcher--align-right elementor-element-editable ui-resizable  cpel-switcher--aspect-ratio-43\" data-widget_type=\"polylang-language-switcher.default\" align=\"right\">\t<div class=\"elementor-widget-container\" align=\"right\">\r\n \t    <nav class=\"cpel-switcher__nav\"><ul class=\"cpel-switcher__list\"><li1 class=\"cpel-switcher__lang\"> \r\n \t      <!-- Link para a p\u00e1gina em pt - br -->\r\n \t    <a lang=\"pt-BR\" hreflang=\"pt-BR\" href=\"https:\/\/sites.usp.br\/bpeanimal\/es\/boas-praticas-em-experimentacao-animal-espanol\/ratas\/ratas-manipulacion-y-contencion\/ratas-contencion-para-la-realizacion-de-procedimientos-contencion-de-la-rata-por-el-dorso-tecnica-ii\/\">\r\n \t    <b><span1 class=\"cpel-switcher__code\">Cambiar idioma:<\/span1><span class=\"cpel-switcher__flag cpel-switcher__flag--es\"><img decoding=\"async\" src=\"data:image\/png;base64,iVBORw0KGgoAAAANSUhEUgAAABAAAAALCAMAAABBPP0LAAAAflBMVEX\/AAD9AAD3AADxAADrAAD\/eXn9bGz8YWH8WVn6UVH5SEj5Pz\/3NDT0Kir9\/QD+\/nL+\/lT18lDt4Uf6+j\/39zD39yf19R3n5wDxflXsZ1Pt4Y3x8zr0wbLs1NXz8xPj4wD37t3jmkvsUU\/Bz6nrykm3vJ72IiL0FBTyDAvhAABEt4UZAAAAX0lEQVR4AQXBQUrFQBBAwXqTDkYE94Jb73+qfwVRcYxVQRBRToiUfoaVpGTrtdS9SO0Z9FR9lVy\/g5c99+dKl30N5uxPuviexXEc9\/msC7TOkd4kHu\/Dlh4itCJ8AP4B0w4Qwmm7CFQAAAAASUVORK5CYII=\" alt=\"Espa\u00f1ol\" width=\"16\" height=\"11\" style=\"width: 16px; height: 11px;\"><\/span><\/a><\/li1><\/b>\t<\/div>\r\n\t\t<div class=\"ui-resizable-handle ui-resizable-e\" style=\"z-index: 90;\"><\/div><div class=\"ui-resizable-handle ui-resizable-w\" style=\"z-index: 90;\"><\/div><\/div>\t\t<\/div>\n\t\t\t\t<\/div>\n\t\t\t\t\t<\/div>\n\t\t<\/div>\n\t\t\t\t\t<\/div>\n\t\t<\/section>\n\t\t\t\t<section class=\"elementor-section elementor-top-section elementor-element elementor-element-675d368 elementor-section-boxed elementor-section-height-default elementor-section-height-default\" data-id=\"675d368\" data-element_type=\"section\">\n\t\t\t\t\t\t<div class=\"elementor-container elementor-column-gap-default\">\n\t\t\t\t\t<div class=\"elementor-column elementor-col-100 elementor-top-column elementor-element elementor-element-2550a7c\" data-id=\"2550a7c\" data-element_type=\"column\">\n\t\t\t<div class=\"elementor-widget-wrap elementor-element-populated\">\n\t\t\t\t\t\t<div class=\"elementor-element elementor-element-21dd4ec elementor-widget elementor-widget-video\" data-id=\"21dd4ec\" data-element_type=\"widget\" data-settings=\"{&quot;youtube_url&quot;:&quot;https:\\\/\\\/youtu.be\\\/4-z0jmT5w-k&quot;,&quot;video_type&quot;:&quot;youtube&quot;,&quot;controls&quot;:&quot;yes&quot;}\" data-widget_type=\"video.default\">\n\t\t\t\t<div class=\"elementor-widget-container\">\n\t\t\t\t\t<div class=\"elementor-wrapper elementor-open-inline\">\n\t\t\t<div class=\"elementor-video\"><\/div>\t\t<\/div>\n\t\t\t\t<\/div>\n\t\t\t\t<\/div>\n\t\t\t\t\t<\/div>\n\t\t<\/div>\n\t\t\t\t\t<\/div>\n\t\t<\/section>\n\t\t\t\t<section class=\"elementor-section elementor-top-section elementor-element elementor-element-855dbfc elementor-section-boxed elementor-section-height-default elementor-section-height-default\" data-id=\"855dbfc\" data-element_type=\"section\">\n\t\t\t\t\t\t<div class=\"elementor-container elementor-column-gap-default\">\n\t\t\t\t\t<div class=\"elementor-column elementor-col-100 elementor-top-column elementor-element elementor-element-729f07a\" data-id=\"729f07a\" data-element_type=\"column\">\n\t\t\t<div class=\"elementor-widget-wrap elementor-element-populated\">\n\t\t\t\t\t\t<div class=\"elementor-element elementor-element-165fcfd elementor-widget elementor-widget-heading\" data-id=\"165fcfd\" data-element_type=\"widget\" data-widget_type=\"heading.default\">\n\t\t\t\t<div class=\"elementor-widget-container\">\n\t\t\t<h2 class=\"elementor-heading-title elementor-size-default\">Conten\u00e7\u00e3o para realiza\u00e7\u00e3o de procedimentos<\/h2>\t\t<\/div>\n\t\t\t\t<\/div>\n\t\t\t\t<div class=\"elementor-element elementor-element-a91c3f5 elementor-widget elementor-widget-heading\" data-id=\"a91c3f5\" data-element_type=\"widget\" data-widget_type=\"heading.default\">\n\t\t\t\t<div class=\"elementor-widget-container\">\n\t\t\t<h2 class=\"elementor-heading-title elementor-size-default\">Conten\u00e7\u00e3o do rato pelo dorso - T\u00e9cnica II\u00a0<\/h2>\t\t<\/div>\n\t\t\t\t<\/div>\n\t\t\t\t<div class=\"elementor-element elementor-element-7af13c6 elementor-widget elementor-widget-text-editor\" data-id=\"7af13c6\" data-element_type=\"widget\" data-widget_type=\"text-editor.default\">\n\t\t\t\t<div class=\"elementor-widget-container\">\n\t\t\t\t\t\t\t<p><b>Materiais:<\/b><\/p><ul><li aria-level=\"1\"><span style=\"font-weight: 400;\">Luvas descart\u00e1veis para procedimentos;<\/span><\/li><li style=\"font-weight: 400;\" aria-level=\"1\"><span style=\"font-weight: 400;\">Jaleco;<\/span><\/li><li style=\"font-weight: 400;\" aria-level=\"1\"><span style=\"font-weight: 400;\">Gaiola limpa com maravalha esterilizada.<\/span><\/li><\/ul><p><b>Procedimentos:<\/b><\/p><ol><li style=\"font-weight: 400;\" aria-level=\"1\"><span style=\"font-weight: 400;\">Com o rato sobre uma superf\u00edcie plana, posicione a palma da m\u00e3o sobre o dorso do animal;<\/span><\/li><li style=\"font-weight: 400;\" aria-level=\"1\"><span style=\"font-weight: 400;\">Segure o animal posicionando o polegar, o indicador e o dedo m\u00e9dio acima dos membros tor\u00e1cicos;<\/span><\/li><li style=\"font-weight: 400;\" aria-level=\"1\"><span style=\"font-weight: 400;\">Posicione os outros dedos ao redor do t\u00f3rax e levante o animal;<\/span><\/li><li style=\"font-weight: 400;\" aria-level=\"1\"><span style=\"font-weight: 400;\">Imediatamente com outra m\u00e3o, segure firmemente os membros p\u00e9lvicos, de modo a imobiliz\u00e1-los;<\/span><\/li><li style=\"font-weight: 400;\" aria-level=\"1\"><span style=\"font-weight: 400;\">Dominar esta t\u00e9cnica permitir\u00e1 que voc\u00ea execute com seguran\u00e7a diversos procedimentos.<\/span><\/li><\/ol>\t\t\t\t\t\t<\/div>\n\t\t\t\t<\/div>\n\t\t\t\t<div class=\"elementor-element elementor-element-5cd9c78 elementor-widget elementor-widget-text-editor\" data-id=\"5cd9c78\" data-element_type=\"widget\" data-widget_type=\"text-editor.default\">\n\t\t\t\t<div class=\"elementor-widget-container\">\n\t\t\t\t\t\t\t<p style=\"background-color: #fee8e8;\"><span style=\"color: #ff0000;\"><b>ATEN\u00c7\u00c3O<\/b><\/span><\/p>\n\n<p style=\"background-color: #fee8e8;\"><span style=\"font-weight: 400; color: #ff0000;\">Nunca realize o procedimento com o animal apoiado na grade da gaiola, para evitar que o rato prenda as unhas ou se machuque. Preferencialmente, realize a conten\u00e7\u00e3o dentro de uma gaiola limpa ou sobre uma uma superf\u00edcie antiderrapante.<\/span><\/p>\n\n<p style=\"background-color: #fee8e8;\"><span style=\"font-weight: 400; color: #ff0000;\">Para evitar o estresse desnecess\u00e1rio do animal, realize o procedimento da forma mais breve poss\u00edvel.<\/span><\/p>\n\n<p style=\"background-color: #fee8e8;\"><span style=\"font-weight: 400; color: #ff0000;\">Essa t\u00e9cnica de conten\u00e7\u00e3o requer que outra pessoa realize a administra\u00e7\u00e3o de subst\u00e2ncias.<\/span><\/p>\t\t\t\t\t\t<\/div>\n\t\t\t\t<\/div>\n\t\t\t\t\t<\/div>\n\t\t<\/div>\n\t\t\t\t\t<\/div>\n\t\t<\/section>\n\t\t\t\t<\/div>\n\t\t","protected":false},"excerpt":{"rendered":"<p>Cambiar idioma: Conten\u00e7\u00e3o para realiza\u00e7\u00e3o de procedimentos Conten\u00e7\u00e3o do rato pelo dorso &#8211; T\u00e9cnica II\u00a0 Materiais: Luvas descart\u00e1veis para procedimentos; Jaleco; Gaiola limpa com maravalha esterilizada. Procedimentos: Com o rato sobre uma superf\u00edcie plana, posicione a palma da m\u00e3o sobre o dorso do animal; Segure o animal posicionando o polegar, o indicador e o dedo [&hellip;]<\/p>\n","protected":false},"author":23415,"featured_media":0,"parent":893,"menu_order":25,"comment_status":"closed","ping_status":"closed","template":"","meta":{"_monsterinsights_skip_tracking":false,"_monsterinsights_sitenote_active":false,"_monsterinsights_sitenote_note":"","_monsterinsights_sitenote_category":0,"footnotes":"","_links_to":"","_links_to_target":""},"class_list":["post-429","page","type-page","status-publish","hentry"],"_links":{"self":[{"href":"https:\/\/sites.usp.br\/bpeanimal\/wp-json\/wp\/v2\/pages\/429","targetHints":{"allow":["GET"]}}],"collection":[{"href":"https:\/\/sites.usp.br\/bpeanimal\/wp-json\/wp\/v2\/pages"}],"about":[{"href":"https:\/\/sites.usp.br\/bpeanimal\/wp-json\/wp\/v2\/types\/page"}],"author":[{"embeddable":true,"href":"https:\/\/sites.usp.br\/bpeanimal\/wp-json\/wp\/v2\/users\/23415"}],"replies":[{"embeddable":true,"href":"https:\/\/sites.usp.br\/bpeanimal\/wp-json\/wp\/v2\/comments?post=429"}],"version-history":[{"count":4,"href":"https:\/\/sites.usp.br\/bpeanimal\/wp-json\/wp\/v2\/pages\/429\/revisions"}],"predecessor-version":[{"id":4762,"href":"https:\/\/sites.usp.br\/bpeanimal\/wp-json\/wp\/v2\/pages\/429\/revisions\/4762"}],"up":[{"embeddable":true,"href":"https:\/\/sites.usp.br\/bpeanimal\/wp-json\/wp\/v2\/pages\/893"}],"wp:attachment":[{"href":"https:\/\/sites.usp.br\/bpeanimal\/wp-json\/wp\/v2\/media?parent=429"}],"curies":[{"name":"wp","href":"https:\/\/api.w.org\/{rel}","templated":true}]}}