{"id":475,"date":"2023-01-12T16:26:25","date_gmt":"2023-01-12T18:26:25","guid":{"rendered":"https:\/\/sites.usp.br\/bpeanimal\/?page_id=475"},"modified":"2025-03-19T12:14:23","modified_gmt":"2025-03-19T14:14:23","slug":"ratos-administracao-de-substancias-via-intramuscular","status":"publish","type":"page","link":"https:\/\/sites.usp.br\/bpeanimal\/pagina-inicial\/ratos\/ratos-administracao-de-substancias\/ratos-administracao-de-substancias-via-intramuscular\/","title":{"rendered":"Ratos &#8211; Administra\u00e7\u00e3o de Subst\u00e2ncias &#8211; Via Intramuscular"},"content":{"rendered":"\t\t<div data-elementor-type=\"wp-page\" data-elementor-id=\"475\" class=\"elementor elementor-475\" data-elementor-post-type=\"page\">\n\t\t\t\t\t\t<section class=\"elementor-section elementor-top-section elementor-element elementor-element-88084dd elementor-section-boxed elementor-section-height-default elementor-section-height-default\" data-id=\"88084dd\" data-element_type=\"section\">\n\t\t\t\t\t\t<div class=\"elementor-container elementor-column-gap-default\">\n\t\t\t\t\t<div class=\"elementor-column elementor-col-100 elementor-top-column elementor-element elementor-element-0746745\" data-id=\"0746745\" data-element_type=\"column\">\n\t\t\t<div class=\"elementor-widget-wrap elementor-element-populated\">\n\t\t\t\t\t\t<div class=\"elementor-element elementor-element-bba4c46 elementor-widget elementor-widget-html\" data-id=\"bba4c46\" data-element_type=\"widget\" data-widget_type=\"html.default\">\n\t\t\t\t<div class=\"elementor-widget-container\">\n\t\t\t\t<div data-id=\"09c5ff2\" data-element_type=\"widget\" data-model-cid=\"c56\" class=\"elementor-element elementor-element-09c5ff2 elementor-element--toggle-edit-tools elementor-widget elementor-widget-polylang-language-switcher cpel-switcher--layout-horizontal cpel-switcher--align-right elementor-element-editable ui-resizable  cpel-switcher--aspect-ratio-43\" data-widget_type=\"polylang-language-switcher.default\" align=\"right\">\t<div class=\"elementor-widget-container\" align=\"right\">\r\n \t    <nav class=\"cpel-switcher__nav\"><ul class=\"cpel-switcher__list\"><li1 class=\"cpel-switcher__lang\"> \r\n \t      <!-- Link para a p\u00e1gina em pt - br -->\r\n \t    <a lang=\"pt-BR\" hreflang=\"pt-BR\" href=\"https:\/\/sites.usp.br\/bpeanimal\/es\/boas-praticas-em-experimentacao-animal-espanol\/ratas\/ratas-administracion-de-sustancias\/ratas-administracion-de-sustancias-via-intramuscular\/\">\r\n \t    <b><span1 class=\"cpel-switcher__code\">Cambiar idioma:<\/span1><span class=\"cpel-switcher__flag cpel-switcher__flag--es\"><img decoding=\"async\" src=\"data:image\/png;base64,iVBORw0KGgoAAAANSUhEUgAAABAAAAALCAMAAABBPP0LAAAAflBMVEX\/AAD9AAD3AADxAADrAAD\/eXn9bGz8YWH8WVn6UVH5SEj5Pz\/3NDT0Kir9\/QD+\/nL+\/lT18lDt4Uf6+j\/39zD39yf19R3n5wDxflXsZ1Pt4Y3x8zr0wbLs1NXz8xPj4wD37t3jmkvsUU\/Bz6nrykm3vJ72IiL0FBTyDAvhAABEt4UZAAAAX0lEQVR4AQXBQUrFQBBAwXqTDkYE94Jb73+qfwVRcYxVQRBRToiUfoaVpGTrtdS9SO0Z9FR9lVy\/g5c99+dKl30N5uxPuviexXEc9\/msC7TOkd4kHu\/Dlh4itCJ8AP4B0w4Qwmm7CFQAAAAASUVORK5CYII=\" alt=\"Espa\u00f1ol\" width=\"16\" height=\"11\" style=\"width: 16px; height: 11px;\"><\/span><\/a><\/li1><\/b>\t<\/div>\r\n\t\t<div class=\"ui-resizable-handle ui-resizable-e\" style=\"z-index: 90;\"><\/div><div class=\"ui-resizable-handle ui-resizable-w\" style=\"z-index: 90;\"><\/div><\/div>\t\t<\/div>\n\t\t\t\t<\/div>\n\t\t\t\t\t<\/div>\n\t\t<\/div>\n\t\t\t\t\t<\/div>\n\t\t<\/section>\n\t\t\t\t<section class=\"elementor-section elementor-top-section elementor-element elementor-element-56452b0 elementor-section-boxed elementor-section-height-default elementor-section-height-default\" data-id=\"56452b0\" data-element_type=\"section\">\n\t\t\t\t\t\t<div class=\"elementor-container elementor-column-gap-default\">\n\t\t\t\t\t<div class=\"elementor-column elementor-col-100 elementor-top-column elementor-element elementor-element-93ea8b8\" data-id=\"93ea8b8\" data-element_type=\"column\">\n\t\t\t<div class=\"elementor-widget-wrap elementor-element-populated\">\n\t\t\t\t\t\t<div class=\"elementor-element elementor-element-98c825d elementor-widget elementor-widget-video\" data-id=\"98c825d\" data-element_type=\"widget\" data-settings=\"{&quot;youtube_url&quot;:&quot;https:\\\/\\\/youtu.be\\\/TFe1ojxw0mQ&quot;,&quot;video_type&quot;:&quot;youtube&quot;,&quot;controls&quot;:&quot;yes&quot;}\" data-widget_type=\"video.default\">\n\t\t\t\t<div class=\"elementor-widget-container\">\n\t\t\t\t\t<div class=\"elementor-wrapper elementor-open-inline\">\n\t\t\t<div class=\"elementor-video\"><\/div>\t\t<\/div>\n\t\t\t\t<\/div>\n\t\t\t\t<\/div>\n\t\t\t\t\t<\/div>\n\t\t<\/div>\n\t\t\t\t\t<\/div>\n\t\t<\/section>\n\t\t\t\t<section class=\"elementor-section elementor-top-section elementor-element elementor-element-9ac1aa9 elementor-section-boxed elementor-section-height-default elementor-section-height-default\" data-id=\"9ac1aa9\" data-element_type=\"section\">\n\t\t\t\t\t\t<div class=\"elementor-container elementor-column-gap-default\">\n\t\t\t\t\t<div class=\"elementor-column elementor-col-100 elementor-top-column elementor-element elementor-element-c06d935\" data-id=\"c06d935\" data-element_type=\"column\">\n\t\t\t<div class=\"elementor-widget-wrap elementor-element-populated\">\n\t\t\t\t\t\t<div class=\"elementor-element elementor-element-77fb35b elementor-widget elementor-widget-heading\" data-id=\"77fb35b\" data-element_type=\"widget\" data-widget_type=\"heading.default\">\n\t\t\t\t<div class=\"elementor-widget-container\">\n\t\t\t<h2 class=\"elementor-heading-title elementor-size-default\">Administra\u00e7\u00e3o de Subst\u00e2ncias<\/h2>\t\t<\/div>\n\t\t\t\t<\/div>\n\t\t\t\t<div class=\"elementor-element elementor-element-df2fd57 elementor-widget elementor-widget-heading\" data-id=\"df2fd57\" data-element_type=\"widget\" data-widget_type=\"heading.default\">\n\t\t\t\t<div class=\"elementor-widget-container\">\n\t\t\t<h2 class=\"elementor-heading-title elementor-size-default\">Via intramuscular<\/h2>\t\t<\/div>\n\t\t\t\t<\/div>\n\t\t\t\t<div class=\"elementor-element elementor-element-25b9243 elementor-widget elementor-widget-text-editor\" data-id=\"25b9243\" data-element_type=\"widget\" data-widget_type=\"text-editor.default\">\n\t\t\t\t<div class=\"elementor-widget-container\">\n\t\t\t\t\t\t\t<p><b>Materiais:<\/b><\/p>\n<ul>\n<li aria-level=\"1\">Luvas descart\u00e1veis para procedimentos;<\/li>\n<li aria-level=\"1\">Jaleco;<\/li>\n<li aria-level=\"1\">Seringa (1 ml);<\/li>\n<li aria-level=\"1\">Agulha hipod\u00e9rmica (calibre 24 a 30 G);<\/li>\n<li aria-level=\"1\">\u00c1lcool et\u00edlico 70%;<\/li>\n<li aria-level=\"1\">Algod\u00e3o ou gaze.<\/li>\n<\/ul>\n<p><b>Procedimentos:<\/b><\/p>\n<ol>\n<li aria-level=\"1\">Preencha a seringa com o volume de subst\u00e2ncia apropriado segundo a dosagem;<\/li>\n<li aria-level=\"1\">Realize a conten\u00e7\u00e3o do animal, preferencialmente utilizando um&nbsp;<a href=\"https:\/\/sites.usp.br\/bpeanimal\/ratos-contencao-para-realizacao-de-procedimentos-contencao-com-pano-tecnica-v\/\" target=\"_blank\">pano<\/a>;<\/li>\n<li aria-level=\"1\">Realize a antissepsia da \u00e1rea a ser administrada com \u00e1lcool et\u00edlico 70%;<\/li>\n<li aria-level=\"1\">Insira a agulha nos m\u00fasculos do gl\u00fateo, formando um \u00e2ngulo de 90 graus em rela\u00e7\u00e3o ao membro p\u00e9lvico do rato;<\/li>\n<li aria-level=\"1\">Certifique o correto posicionamento da agulha puxando o \u00eambolo da seringa, qualquer sinal de sangue no canh\u00e3o da agulha indica posicionamento incorreto;<\/li>\n<li aria-level=\"1\">Administre a subst\u00e2ncia em um movimento cont\u00ednuo e lento, pois injetar a subst\u00e2ncia de forma r\u00e1pida pode causar trauma tecidual.<\/li>\n<\/ol>\t\t\t\t\t\t<\/div>\n\t\t\t\t<\/div>\n\t\t\t\t\t<\/div>\n\t\t<\/div>\n\t\t\t\t\t<\/div>\n\t\t<\/section>\n\t\t\t\t<section class=\"elementor-section elementor-top-section elementor-element elementor-element-c81ca0d elementor-section-boxed elementor-section-height-default elementor-section-height-default\" data-id=\"c81ca0d\" data-element_type=\"section\">\n\t\t\t\t\t\t<div class=\"elementor-container elementor-column-gap-default\">\n\t\t\t\t\t<div class=\"elementor-column elementor-col-100 elementor-top-column elementor-element elementor-element-8e48366\" data-id=\"8e48366\" data-element_type=\"column\">\n\t\t\t<div class=\"elementor-widget-wrap elementor-element-populated\">\n\t\t\t\t\t\t<div class=\"elementor-element elementor-element-e3adead elementor-widget elementor-widget-image\" data-id=\"e3adead\" data-element_type=\"widget\" data-widget_type=\"image.default\">\n\t\t\t\t<div class=\"elementor-widget-container\">\n\t\t\t\t\t\t\t\t\t\t<figure class=\"wp-caption\">\n\t\t\t\t\t\t\t\t\t\t<img fetchpriority=\"high\" decoding=\"async\" width=\"286\" height=\"300\" src=\"https:\/\/sites.usp.br\/bpeanimal\/wp-content\/uploads\/sites\/1236\/2023\/05\/figura12D-286x300.png\" class=\"attachment-medium size-medium wp-image-984\" alt=\"\" srcset=\"https:\/\/sites.usp.br\/bpeanimal\/wp-content\/uploads\/sites\/1236\/2023\/05\/figura12D-286x300.png 286w, https:\/\/sites.usp.br\/bpeanimal\/wp-content\/uploads\/sites\/1236\/2023\/05\/figura12D.png 375w\" sizes=\"(max-width: 286px) 100vw, 286px\" \/>\t\t\t\t\t\t\t\t\t\t\t<figcaption class=\"widget-image-caption wp-caption-text\">Representa\u00e7\u00e3o gr\u00e1fica da via intramuscular.<\/figcaption>\n\t\t\t\t\t\t\t\t\t\t<\/figure>\n\t\t\t\t\t\t\t<\/div>\n\t\t\t\t<\/div>\n\t\t\t\t\t<\/div>\n\t\t<\/div>\n\t\t\t\t\t<\/div>\n\t\t<\/section>\n\t\t\t\t<\/div>\n\t\t","protected":false},"excerpt":{"rendered":"<p>Cambiar idioma: Administra\u00e7\u00e3o de Subst\u00e2ncias Via intramuscular Materiais: Luvas descart\u00e1veis para procedimentos; Jaleco; Seringa (1 ml); Agulha hipod\u00e9rmica (calibre 24 a 30 G); \u00c1lcool et\u00edlico 70%; Algod\u00e3o ou gaze. Procedimentos: Preencha a seringa com o volume de subst\u00e2ncia apropriado segundo a dosagem; Realize a conten\u00e7\u00e3o do animal, preferencialmente utilizando um&nbsp;pano; Realize a antissepsia da \u00e1rea [&hellip;]<\/p>\n","protected":false},"author":23415,"featured_media":0,"parent":859,"menu_order":0,"comment_status":"closed","ping_status":"closed","template":"","meta":{"_monsterinsights_skip_tracking":false,"_monsterinsights_sitenote_active":false,"_monsterinsights_sitenote_note":"","_monsterinsights_sitenote_category":0,"footnotes":"","_links_to":"","_links_to_target":""},"class_list":["post-475","page","type-page","status-publish","hentry"],"_links":{"self":[{"href":"https:\/\/sites.usp.br\/bpeanimal\/wp-json\/wp\/v2\/pages\/475","targetHints":{"allow":["GET"]}}],"collection":[{"href":"https:\/\/sites.usp.br\/bpeanimal\/wp-json\/wp\/v2\/pages"}],"about":[{"href":"https:\/\/sites.usp.br\/bpeanimal\/wp-json\/wp\/v2\/types\/page"}],"author":[{"embeddable":true,"href":"https:\/\/sites.usp.br\/bpeanimal\/wp-json\/wp\/v2\/users\/23415"}],"replies":[{"embeddable":true,"href":"https:\/\/sites.usp.br\/bpeanimal\/wp-json\/wp\/v2\/comments?post=475"}],"version-history":[{"count":4,"href":"https:\/\/sites.usp.br\/bpeanimal\/wp-json\/wp\/v2\/pages\/475\/revisions"}],"predecessor-version":[{"id":4783,"href":"https:\/\/sites.usp.br\/bpeanimal\/wp-json\/wp\/v2\/pages\/475\/revisions\/4783"}],"up":[{"embeddable":true,"href":"https:\/\/sites.usp.br\/bpeanimal\/wp-json\/wp\/v2\/pages\/859"}],"wp:attachment":[{"href":"https:\/\/sites.usp.br\/bpeanimal\/wp-json\/wp\/v2\/media?parent=475"}],"curies":[{"name":"wp","href":"https:\/\/api.w.org\/{rel}","templated":true}]}}