{"id":479,"date":"2023-01-12T16:28:43","date_gmt":"2023-01-12T18:28:43","guid":{"rendered":"https:\/\/sites.usp.br\/bpeanimal\/?page_id=479"},"modified":"2025-03-19T12:15:38","modified_gmt":"2025-03-19T14:15:38","slug":"ratos-administracao-de-substancias-via-intraperitoneal","status":"publish","type":"page","link":"https:\/\/sites.usp.br\/bpeanimal\/pagina-inicial\/ratos\/ratos-administracao-de-substancias\/ratos-administracao-de-substancias-via-intraperitoneal\/","title":{"rendered":"Ratos &#8211; Administra\u00e7\u00e3o de Subst\u00e2ncias &#8211; Via Intraperitoneal"},"content":{"rendered":"\t\t<div data-elementor-type=\"wp-page\" data-elementor-id=\"479\" class=\"elementor elementor-479\" data-elementor-post-type=\"page\">\n\t\t\t\t\t\t<section class=\"elementor-section elementor-top-section elementor-element elementor-element-7395986 elementor-section-boxed elementor-section-height-default elementor-section-height-default\" data-id=\"7395986\" data-element_type=\"section\">\n\t\t\t\t\t\t<div class=\"elementor-container elementor-column-gap-default\">\n\t\t\t\t\t<div class=\"elementor-column elementor-col-100 elementor-top-column elementor-element elementor-element-b313ce3\" data-id=\"b313ce3\" data-element_type=\"column\">\n\t\t\t<div class=\"elementor-widget-wrap elementor-element-populated\">\n\t\t\t\t\t\t<div class=\"elementor-element elementor-element-9a0afeb elementor-widget elementor-widget-html\" data-id=\"9a0afeb\" data-element_type=\"widget\" data-widget_type=\"html.default\">\n\t\t\t\t<div class=\"elementor-widget-container\">\n\t\t\t\t<div data-id=\"09c5ff2\" data-element_type=\"widget\" data-model-cid=\"c56\" class=\"elementor-element elementor-element-09c5ff2 elementor-element--toggle-edit-tools elementor-widget elementor-widget-polylang-language-switcher cpel-switcher--layout-horizontal cpel-switcher--align-right elementor-element-editable ui-resizable  cpel-switcher--aspect-ratio-43\" data-widget_type=\"polylang-language-switcher.default\" align=\"right\">\t<div class=\"elementor-widget-container\" align=\"right\">\r\n \t    <nav class=\"cpel-switcher__nav\"><ul class=\"cpel-switcher__list\"><li1 class=\"cpel-switcher__lang\"> \r\n \t      <!-- Link para a p\u00e1gina em pt - br -->\r\n \t    <a lang=\"pt-BR\" hreflang=\"pt-BR\" href=\"https:\/\/sites.usp.br\/bpeanimal\/es\/boas-praticas-em-experimentacao-animal-espanol\/ratas\/ratas-administracion-de-sustancias\/ratas-administracion-de-sustancias-via-intraperitoneal\/\">\r\n \t    <b><span1 class=\"cpel-switcher__code\">Cambiar idioma:<\/span1><span class=\"cpel-switcher__flag cpel-switcher__flag--es\"><img decoding=\"async\" src=\"data:image\/png;base64,iVBORw0KGgoAAAANSUhEUgAAABAAAAALCAMAAABBPP0LAAAAflBMVEX\/AAD9AAD3AADxAADrAAD\/eXn9bGz8YWH8WVn6UVH5SEj5Pz\/3NDT0Kir9\/QD+\/nL+\/lT18lDt4Uf6+j\/39zD39yf19R3n5wDxflXsZ1Pt4Y3x8zr0wbLs1NXz8xPj4wD37t3jmkvsUU\/Bz6nrykm3vJ72IiL0FBTyDAvhAABEt4UZAAAAX0lEQVR4AQXBQUrFQBBAwXqTDkYE94Jb73+qfwVRcYxVQRBRToiUfoaVpGTrtdS9SO0Z9FR9lVy\/g5c99+dKl30N5uxPuviexXEc9\/msC7TOkd4kHu\/Dlh4itCJ8AP4B0w4Qwmm7CFQAAAAASUVORK5CYII=\" alt=\"Espa\u00f1ol\" width=\"16\" height=\"11\" style=\"width: 16px; height: 11px;\"><\/span><\/a><\/li1><\/b>\t<\/div>\r\n\t\t<div class=\"ui-resizable-handle ui-resizable-e\" style=\"z-index: 90;\"><\/div><div class=\"ui-resizable-handle ui-resizable-w\" style=\"z-index: 90;\"><\/div><\/div>\t\t<\/div>\n\t\t\t\t<\/div>\n\t\t\t\t\t<\/div>\n\t\t<\/div>\n\t\t\t\t\t<\/div>\n\t\t<\/section>\n\t\t\t\t<section class=\"elementor-section elementor-top-section elementor-element elementor-element-ce90555 elementor-section-boxed elementor-section-height-default elementor-section-height-default\" data-id=\"ce90555\" data-element_type=\"section\">\n\t\t\t\t\t\t<div class=\"elementor-container elementor-column-gap-default\">\n\t\t\t\t\t<div class=\"elementor-column elementor-col-100 elementor-top-column elementor-element elementor-element-7eb4485\" data-id=\"7eb4485\" data-element_type=\"column\">\n\t\t\t<div class=\"elementor-widget-wrap elementor-element-populated\">\n\t\t\t\t\t\t<div class=\"elementor-element elementor-element-256f4f5 elementor-widget elementor-widget-video\" data-id=\"256f4f5\" data-element_type=\"widget\" data-settings=\"{&quot;youtube_url&quot;:&quot;https:\\\/\\\/youtu.be\\\/cONYSh1Y_Mg&quot;,&quot;video_type&quot;:&quot;youtube&quot;,&quot;controls&quot;:&quot;yes&quot;}\" data-widget_type=\"video.default\">\n\t\t\t\t<div class=\"elementor-widget-container\">\n\t\t\t\t\t<div class=\"elementor-wrapper elementor-open-inline\">\n\t\t\t<div class=\"elementor-video\"><\/div>\t\t<\/div>\n\t\t\t\t<\/div>\n\t\t\t\t<\/div>\n\t\t\t\t\t<\/div>\n\t\t<\/div>\n\t\t\t\t\t<\/div>\n\t\t<\/section>\n\t\t\t\t<section class=\"elementor-section elementor-top-section elementor-element elementor-element-5917146 elementor-section-boxed elementor-section-height-default elementor-section-height-default\" data-id=\"5917146\" data-element_type=\"section\">\n\t\t\t\t\t\t<div class=\"elementor-container elementor-column-gap-default\">\n\t\t\t\t\t<div class=\"elementor-column elementor-col-100 elementor-top-column elementor-element elementor-element-fa080aa\" data-id=\"fa080aa\" data-element_type=\"column\">\n\t\t\t<div class=\"elementor-widget-wrap elementor-element-populated\">\n\t\t\t\t\t\t<div class=\"elementor-element elementor-element-d8b48ba elementor-widget elementor-widget-heading\" data-id=\"d8b48ba\" data-element_type=\"widget\" data-widget_type=\"heading.default\">\n\t\t\t\t<div class=\"elementor-widget-container\">\n\t\t\t<h2 class=\"elementor-heading-title elementor-size-default\">Administra\u00e7\u00e3o de Subst\u00e2ncias<\/h2>\t\t<\/div>\n\t\t\t\t<\/div>\n\t\t\t\t<div class=\"elementor-element elementor-element-b6b363d elementor-widget elementor-widget-heading\" data-id=\"b6b363d\" data-element_type=\"widget\" data-widget_type=\"heading.default\">\n\t\t\t\t<div class=\"elementor-widget-container\">\n\t\t\t<h2 class=\"elementor-heading-title elementor-size-default\">Via Intraperitoneal<\/h2>\t\t<\/div>\n\t\t\t\t<\/div>\n\t\t\t\t<div class=\"elementor-element elementor-element-09598ad elementor-widget elementor-widget-text-editor\" data-id=\"09598ad\" data-element_type=\"widget\" data-widget_type=\"text-editor.default\">\n\t\t\t\t<div class=\"elementor-widget-container\">\n\t\t\t\t\t\t\t<p><b>Materiais:<\/b><\/p>\n<ul>\n<li aria-level=\"1\"><span style=\"font-weight: 400;\">Luvas descart\u00e1veis para procedimentos;<\/span><\/li>\n<li style=\"font-weight: 400;\" aria-level=\"1\"><span style=\"font-weight: 400;\">Jaleco;<\/span><\/li>\n<li style=\"font-weight: 400;\" aria-level=\"1\"><span style=\"font-weight: 400;\">Seringa (1 a 3 ml);<\/span><\/li>\n<li style=\"font-weight: 400;\" aria-level=\"1\"><span style=\"font-weight: 400;\">Agulha hipod\u00e9rmica (calibre 22 a 30 G);<\/span><\/li>\n<li style=\"font-weight: 400;\" aria-level=\"1\"><span style=\"font-weight: 400;\">\u00c1lcool et\u00edlico 70%;<\/span><\/li>\n<li style=\"font-weight: 400;\" aria-level=\"1\"><span style=\"font-weight: 400;\">Algod\u00e3o ou gaze.<\/span><\/li>\n<\/ul>\n<p><b>Procedimentos:<\/b><\/p>\n<ol>\n<li style=\"font-weight: 400;\" aria-level=\"1\"><span style=\"font-weight: 400;\">Preencha a seringa com o volume de subst\u00e2ncia apropriado segundo a dosagem;<\/span><\/li>\n<li style=\"font-weight: 400;\" aria-level=\"1\"><span style=\"font-weight: 400;\">Realize a&nbsp;<a href=\"https:\/\/sites.usp.br\/bpeanimal\/ratos-contencao-para-realizacao-de-procedimentos-contencao-do-rato-pelo-dorso-tecnica-iii\/\" target=\"_blank\">conten\u00e7\u00e3o do rato pelo dorso<\/a>, inclinando-o com a cabe\u00e7a voltada para baixo. Essa manobra posicionar\u00e1 os intestinos cranialmente, para longe da \u00e1rea de administra\u00e7\u00e3o;<\/span><\/li>\n<li style=\"font-weight: 400;\" aria-level=\"1\"><span style=\"font-weight: 400;\">Realize a antissepsia da \u00e1rea a ser administrada com \u00e1lcool et\u00edlico 70%;<\/span><\/li>\n<li style=\"font-weight: 400;\" aria-level=\"1\"><span style=\"font-weight: 400;\">Insira a agulha no quadrante inferior direito do abd\u00f4men do animal, com um \u00e2ngulo de aproximadamente 30 graus em rela\u00e7\u00e3o ao corpo do animal,&nbsp; at\u00e9 sentir que a agulha ultrapassou a parede abdominal;<\/span><\/li>\n<li style=\"font-weight: 400;\" aria-level=\"1\"><span style=\"font-weight: 400;\">Certifique o correto posicionamento da agulha puxando o \u00eambolo da seringa fazendo uma leve press\u00e3o negativa at\u00e9 observar um espa\u00e7o de v\u00e1cuo (alternativamente levante a ponta da agulha em dire\u00e7\u00e3o da parede abdominal e observe se n\u00e3o h\u00e1 resist\u00eancia no movimento). Qualquer sinal de sangue ou fluido no canh\u00e3o da agulha indica posicionamento incorreto. Caso ocorra, deve-se descartar o conjunto e utilizar novos instrumentos para evitar induzir peritonite.<\/span><\/li>\n<li style=\"font-weight: 400;\" aria-level=\"1\"><span style=\"font-weight: 400;\">Administre a subst\u00e2ncia em um movimento cont\u00ednuo empurrando lentamente o \u00eambolo da seringa at\u00e9 injetar o volume total.<\/span><\/li>\n<\/ol>\t\t\t\t\t\t<\/div>\n\t\t\t\t<\/div>\n\t\t\t\t\t<\/div>\n\t\t<\/div>\n\t\t\t\t\t<\/div>\n\t\t<\/section>\n\t\t\t\t<section class=\"elementor-section elementor-top-section elementor-element elementor-element-9182c08 elementor-section-boxed elementor-section-height-default elementor-section-height-default\" data-id=\"9182c08\" data-element_type=\"section\">\n\t\t\t\t\t\t<div class=\"elementor-container elementor-column-gap-default\">\n\t\t\t\t\t<div class=\"elementor-column elementor-col-100 elementor-top-column elementor-element elementor-element-be5863d\" data-id=\"be5863d\" data-element_type=\"column\">\n\t\t\t<div class=\"elementor-widget-wrap elementor-element-populated\">\n\t\t\t\t\t\t<div class=\"elementor-element elementor-element-85242c1 elementor-widget elementor-widget-image\" data-id=\"85242c1\" data-element_type=\"widget\" data-widget_type=\"image.default\">\n\t\t\t\t<div class=\"elementor-widget-container\">\n\t\t\t\t\t\t\t\t\t\t<figure class=\"wp-caption\">\n\t\t\t\t\t\t\t\t\t\t<img fetchpriority=\"high\" decoding=\"async\" width=\"286\" height=\"300\" src=\"https:\/\/sites.usp.br\/bpeanimal\/wp-content\/uploads\/sites\/1236\/2023\/05\/figura13-286x300.png\" class=\"attachment-medium size-medium wp-image-988\" alt=\"\" srcset=\"https:\/\/sites.usp.br\/bpeanimal\/wp-content\/uploads\/sites\/1236\/2023\/05\/figura13-286x300.png 286w, https:\/\/sites.usp.br\/bpeanimal\/wp-content\/uploads\/sites\/1236\/2023\/05\/figura13.png 375w\" sizes=\"(max-width: 286px) 100vw, 286px\" \/>\t\t\t\t\t\t\t\t\t\t\t<figcaption class=\"widget-image-caption wp-caption-text\">Representa\u00e7\u00e3o gr\u00e1fica da via intraperitoneal.<\/figcaption>\n\t\t\t\t\t\t\t\t\t\t<\/figure>\n\t\t\t\t\t\t\t<\/div>\n\t\t\t\t<\/div>\n\t\t\t\t\t<\/div>\n\t\t<\/div>\n\t\t\t\t\t<\/div>\n\t\t<\/section>\n\t\t\t\t<\/div>\n\t\t","protected":false},"excerpt":{"rendered":"<p>Cambiar idioma: Administra\u00e7\u00e3o de Subst\u00e2ncias Via Intraperitoneal Materiais: Luvas descart\u00e1veis para procedimentos; Jaleco; Seringa (1 a 3 ml); Agulha hipod\u00e9rmica (calibre 22 a 30 G); \u00c1lcool et\u00edlico 70%; Algod\u00e3o ou gaze. Procedimentos: Preencha a seringa com o volume de subst\u00e2ncia apropriado segundo a dosagem; Realize a&nbsp;conten\u00e7\u00e3o do rato pelo dorso, inclinando-o com a cabe\u00e7a voltada [&hellip;]<\/p>\n","protected":false},"author":23415,"featured_media":0,"parent":859,"menu_order":0,"comment_status":"closed","ping_status":"closed","template":"","meta":{"_monsterinsights_skip_tracking":false,"_monsterinsights_sitenote_active":false,"_monsterinsights_sitenote_note":"","_monsterinsights_sitenote_category":0,"footnotes":"","_links_to":"","_links_to_target":""},"class_list":["post-479","page","type-page","status-publish","hentry"],"_links":{"self":[{"href":"https:\/\/sites.usp.br\/bpeanimal\/wp-json\/wp\/v2\/pages\/479","targetHints":{"allow":["GET"]}}],"collection":[{"href":"https:\/\/sites.usp.br\/bpeanimal\/wp-json\/wp\/v2\/pages"}],"about":[{"href":"https:\/\/sites.usp.br\/bpeanimal\/wp-json\/wp\/v2\/types\/page"}],"author":[{"embeddable":true,"href":"https:\/\/sites.usp.br\/bpeanimal\/wp-json\/wp\/v2\/users\/23415"}],"replies":[{"embeddable":true,"href":"https:\/\/sites.usp.br\/bpeanimal\/wp-json\/wp\/v2\/comments?post=479"}],"version-history":[{"count":4,"href":"https:\/\/sites.usp.br\/bpeanimal\/wp-json\/wp\/v2\/pages\/479\/revisions"}],"predecessor-version":[{"id":4786,"href":"https:\/\/sites.usp.br\/bpeanimal\/wp-json\/wp\/v2\/pages\/479\/revisions\/4786"}],"up":[{"embeddable":true,"href":"https:\/\/sites.usp.br\/bpeanimal\/wp-json\/wp\/v2\/pages\/859"}],"wp:attachment":[{"href":"https:\/\/sites.usp.br\/bpeanimal\/wp-json\/wp\/v2\/media?parent=479"}],"curies":[{"name":"wp","href":"https:\/\/api.w.org\/{rel}","templated":true}]}}