{"id":4826,"date":"2025-03-19T12:42:25","date_gmt":"2025-03-19T14:42:25","guid":{"rendered":"https:\/\/sites.usp.br\/bpeanimal\/?page_id=4826"},"modified":"2025-03-19T13:26:55","modified_gmt":"2025-03-19T15:26:55","slug":"en-construccion","status":"publish","type":"page","link":"https:\/\/sites.usp.br\/bpeanimal\/es\/en-construccion\/","title":{"rendered":"Ratones"},"content":{"rendered":"\t\t<div data-elementor-type=\"wp-page\" data-elementor-id=\"4826\" class=\"elementor elementor-4826\" data-elementor-post-type=\"page\">\n\t\t\t\t\t\t<section class=\"elementor-section elementor-top-section elementor-element elementor-element-e88caf9 elementor-section-boxed elementor-section-height-default elementor-section-height-default\" data-id=\"e88caf9\" data-element_type=\"section\">\n\t\t\t\t\t\t<div class=\"elementor-container elementor-column-gap-default\">\n\t\t\t\t\t<div class=\"elementor-column elementor-col-33 elementor-top-column elementor-element elementor-element-1e1d5f8\" data-id=\"1e1d5f8\" data-element_type=\"column\">\n\t\t\t<div class=\"elementor-widget-wrap elementor-element-populated\">\n\t\t\t\t\t\t<div class=\"elementor-element elementor-element-d92bf18 elementor-widget elementor-widget-text-editor\" data-id=\"d92bf18\" data-element_type=\"widget\" data-widget_type=\"text-editor.default\">\n\t\t\t\t<div class=\"elementor-widget-container\">\n\t\t\t\t\t\t\t<p style=\"text-align: center;\"><strong>Ah, n\u00e3o\u2026<\/strong><\/p><p style=\"text-align: left;\">Este link ainda est\u00e1 em constru\u00e7\u00e3o, estamos trabalhando na tradu\u00e7\u00e3o para que voc\u00ea possa acessar o mais r\u00e1pido poss\u00edvel, <a href=\"https:\/\/sites.usp.br\/bpeanimal\/\">enquanto isso acesse nosso conte\u00fado j\u00e1 dispon\u00edvel em portugu\u00eas.<\/a><\/p>\t\t\t\t\t\t<\/div>\n\t\t\t\t<\/div>\n\t\t\t\t\t<\/div>\n\t\t<\/div>\n\t\t\t\t<div class=\"elementor-column elementor-col-33 elementor-top-column elementor-element elementor-element-8f3bab3\" data-id=\"8f3bab3\" data-element_type=\"column\">\n\t\t\t<div class=\"elementor-widget-wrap elementor-element-populated\">\n\t\t\t\t\t\t<div class=\"elementor-element elementor-element-0ee41ee elementor-widget__width-initial elementor-widget elementor-widget-image\" data-id=\"0ee41ee\" data-element_type=\"widget\" data-widget_type=\"image.default\">\n\t\t\t\t<div class=\"elementor-widget-container\">\n\t\t\t\t\t\t\t\t\t\t\t\t\t<img fetchpriority=\"high\" decoding=\"async\" width=\"300\" height=\"300\" src=\"https:\/\/sites.usp.br\/bpeanimal\/wp-content\/uploads\/sites\/1236\/2025\/03\/emconstrucao-300x300.jpg\" class=\"attachment-medium size-medium wp-image-4732\" alt=\"\" srcset=\"https:\/\/sites.usp.br\/bpeanimal\/wp-content\/uploads\/sites\/1236\/2025\/03\/emconstrucao-300x300.jpg 300w, https:\/\/sites.usp.br\/bpeanimal\/wp-content\/uploads\/sites\/1236\/2025\/03\/emconstrucao-150x150.jpg 150w, https:\/\/sites.usp.br\/bpeanimal\/wp-content\/uploads\/sites\/1236\/2025\/03\/emconstrucao-768x768.jpg 768w, https:\/\/sites.usp.br\/bpeanimal\/wp-content\/uploads\/sites\/1236\/2025\/03\/emconstrucao-45x45.jpg 45w, https:\/\/sites.usp.br\/bpeanimal\/wp-content\/uploads\/sites\/1236\/2025\/03\/emconstrucao-200x200.jpg 200w, https:\/\/sites.usp.br\/bpeanimal\/wp-content\/uploads\/sites\/1236\/2025\/03\/emconstrucao-400x400.jpg 400w, https:\/\/sites.usp.br\/bpeanimal\/wp-content\/uploads\/sites\/1236\/2025\/03\/emconstrucao.jpg 1024w\" sizes=\"(max-width: 300px) 100vw, 300px\" \/>\t\t\t\t\t\t\t\t\t\t\t\t\t<\/div>\n\t\t\t\t<\/div>\n\t\t\t\t\t<\/div>\n\t\t<\/div>\n\t\t\t\t<div class=\"elementor-column elementor-col-33 elementor-top-column elementor-element elementor-element-1be8bff\" data-id=\"1be8bff\" data-element_type=\"column\">\n\t\t\t<div class=\"elementor-widget-wrap elementor-element-populated\">\n\t\t\t\t\t\t<div class=\"elementor-element elementor-element-82ece02 elementor-widget elementor-widget-text-editor\" data-id=\"82ece02\" data-element_type=\"widget\" data-widget_type=\"text-editor.default\">\n\t\t\t\t<div class=\"elementor-widget-container\">\n\t\t\t\t\t\t\t<p><strong>Oh, no\u2026<\/strong><\/p><p style=\"text-align: left;\">Este enlace a\u00fan est\u00e1 en construcci\u00f3n, estamos trabajando en la traducci\u00f3n para que puedas acceder lo m\u00e1s r\u00e1pido posible, <a href=\"https:\/\/sites.usp.br\/bpeanimal\/es\/boas-praticas-em-experimentacao-animal-espanol\/\">mientras tanto accede a nuestro contenido ya disponible en espa\u00f1ol.<\/a><\/p>\t\t\t\t\t\t<\/div>\n\t\t\t\t<\/div>\n\t\t\t\t\t<\/div>\n\t\t<\/div>\n\t\t\t\t\t<\/div>\n\t\t<\/section>\n\t\t\t\t<\/div>\n\t\t","protected":false},"excerpt":{"rendered":"<p>Ah, n\u00e3o\u2026 Este link ainda est\u00e1 em constru\u00e7\u00e3o, estamos trabalhando na tradu\u00e7\u00e3o para que voc\u00ea possa acessar o mais r\u00e1pido poss\u00edvel, enquanto isso acesse nosso conte\u00fado j\u00e1 dispon\u00edvel em portugu\u00eas. Oh, no\u2026 Este enlace a\u00fan est\u00e1 en construcci\u00f3n, estamos trabajando en la traducci\u00f3n para que puedas acceder lo m\u00e1s r\u00e1pido posible, mientras tanto accede a [&hellip;]<\/p>\n","protected":false},"author":23773,"featured_media":0,"parent":0,"menu_order":0,"comment_status":"closed","ping_status":"closed","template":"","meta":{"_monsterinsights_skip_tracking":false,"_monsterinsights_sitenote_active":false,"_monsterinsights_sitenote_note":"","_monsterinsights_sitenote_category":0,"footnotes":"","_links_to":"","_links_to_target":""},"class_list":["post-4826","page","type-page","status-publish","hentry"],"_links":{"self":[{"href":"https:\/\/sites.usp.br\/bpeanimal\/wp-json\/wp\/v2\/pages\/4826","targetHints":{"allow":["GET"]}}],"collection":[{"href":"https:\/\/sites.usp.br\/bpeanimal\/wp-json\/wp\/v2\/pages"}],"about":[{"href":"https:\/\/sites.usp.br\/bpeanimal\/wp-json\/wp\/v2\/types\/page"}],"author":[{"embeddable":true,"href":"https:\/\/sites.usp.br\/bpeanimal\/wp-json\/wp\/v2\/users\/23773"}],"replies":[{"embeddable":true,"href":"https:\/\/sites.usp.br\/bpeanimal\/wp-json\/wp\/v2\/comments?post=4826"}],"version-history":[{"count":4,"href":"https:\/\/sites.usp.br\/bpeanimal\/wp-json\/wp\/v2\/pages\/4826\/revisions"}],"predecessor-version":[{"id":4850,"href":"https:\/\/sites.usp.br\/bpeanimal\/wp-json\/wp\/v2\/pages\/4826\/revisions\/4850"}],"wp:attachment":[{"href":"https:\/\/sites.usp.br\/bpeanimal\/wp-json\/wp\/v2\/media?parent=4826"}],"curies":[{"name":"wp","href":"https:\/\/api.w.org\/{rel}","templated":true}]}}