{"id":893,"date":"2023-05-19T12:05:17","date_gmt":"2023-05-19T14:05:17","guid":{"rendered":"https:\/\/sites.usp.br\/bpeanimal\/?page_id=893"},"modified":"2025-01-12T13:14:01","modified_gmt":"2025-01-12T15:14:01","slug":"ratos-manipulacao-e-contencao","status":"publish","type":"page","link":"https:\/\/sites.usp.br\/bpeanimal\/pagina-inicial\/ratos\/ratos-manipulacao-e-contencao\/","title":{"rendered":"Ratos &#8211; Manipula\u00e7\u00e3o e conten\u00e7\u00e3o"},"content":{"rendered":"\t\t<div data-elementor-type=\"wp-page\" data-elementor-id=\"893\" class=\"elementor elementor-893\" data-elementor-post-type=\"page\">\n\t\t\t\t\t\t<section class=\"elementor-section elementor-top-section elementor-element elementor-element-97d09e4 elementor-section-boxed elementor-section-height-default elementor-section-height-default\" data-id=\"97d09e4\" data-element_type=\"section\">\n\t\t\t\t\t\t<div class=\"elementor-container elementor-column-gap-default\">\n\t\t\t\t\t<div class=\"elementor-column elementor-col-100 elementor-top-column elementor-element elementor-element-d1d93db\" data-id=\"d1d93db\" data-element_type=\"column\">\n\t\t\t<div class=\"elementor-widget-wrap elementor-element-populated\">\n\t\t\t\t\t\t<div class=\"elementor-element elementor-element-d677e13 elementor-widget elementor-widget-text-editor\" data-id=\"d677e13\" data-element_type=\"widget\" data-widget_type=\"text-editor.default\">\n\t\t\t\t<div class=\"elementor-widget-container\">\n\t\t\t\t\t\t\t<section data-id=\"9d633b6\" data-element_type=\"section\" data-settings=\"{&quot;background_background&quot;:&quot;classic&quot;}\"><div><div><div data-id=\"f9608ce\" data-element_type=\"column\"><div><div><section data-id=\"bcb947b\" data-element_type=\"section\"><div><div><div data-id=\"de80b39\" data-element_type=\"column\"><div><div><ul><li data-id=\"873af6e\" data-element_type=\"widget\" data-widget_type=\"heading.default\"><a href=\"https:\/\/sites.usp.br\/bpeanimal\/ratos-manipulacao-e-troca-de-gaiola\/\" target=\"_blank\" rel=\"noopener\">Manipula\u00e7\u00e3o e Troca de Gaiola<\/a><\/li><li data-id=\"873af6e\" data-element_type=\"widget\" data-widget_type=\"heading.default\"><a style=\"font-family: var( --e-global-typography-text-font-family ), Sans-serif; font-weight: var( --e-global-typography-text-font-weight );\" href=\"https:\/\/sites.usp.br\/bpeanimal\/ratos-contencao-para-realizacao-de-procedimentos-contencao-do-rato-pelo-dorso-tecnica-i\/\" target=\"_blank\" rel=\"noopener\">Conten\u00e7\u00e3o do rato pelo dorso \u2013 T\u00e9cnica I<\/a><\/li><li data-id=\"873af6e\" data-element_type=\"widget\" data-widget_type=\"heading.default\"><a style=\"font-family: var( --e-global-typography-text-font-family ), Sans-serif; font-weight: var( --e-global-typography-text-font-weight );\" href=\"https:\/\/sites.usp.br\/bpeanimal\/ratos-contencao-para-realizacao-de-procedimentos-contencao-do-rato-pelo-dorso-tecnica-ii\/\" target=\"_blank\" rel=\"noopener\">Conten\u00e7\u00e3o do rato pelo dorso \u2013 T\u00e9cnica II<\/a><\/li><li data-id=\"873af6e\" data-element_type=\"widget\" data-widget_type=\"heading.default\"><a style=\"font-family: var( --e-global-typography-text-font-family ), Sans-serif; font-weight: var( --e-global-typography-text-font-weight );\" href=\"https:\/\/sites.usp.br\/bpeanimal\/ratos-contencao-para-realizacao-de-procedimentos-contencao-do-rato-pelo-dorso-tecnica-iii\/\" target=\"_blank\" rel=\"noopener\">Conten\u00e7\u00e3o do rato pelo dorso \u2013 T\u00e9cnica III<\/a><\/li><li data-id=\"873af6e\" data-element_type=\"widget\" data-widget_type=\"heading.default\"><a style=\"font-family: var( --e-global-typography-text-font-family ), Sans-serif; font-weight: var( --e-global-typography-text-font-weight );\" href=\"https:\/\/sites.usp.br\/bpeanimal\/ratos-contencao-para-realizacao-de-procedimentos-contencao-com-saco-plastico-tecnica-iv\/\" target=\"_blank\" rel=\"noopener\">Conten\u00e7\u00e3o com Saco Pl\u00e1stico \u2013 T\u00e9cnica IV<\/a><\/li><li data-id=\"873af6e\" data-element_type=\"widget\" data-widget_type=\"heading.default\"><a style=\"font-family: var( --e-global-typography-text-font-family ), Sans-serif; font-weight: var( --e-global-typography-text-font-weight );\" href=\"https:\/\/sites.usp.br\/bpeanimal\/ratos-contencao-para-realizacao-de-procedimentos-contencao-com-pano-tecnica-v\/\" target=\"_blank\" rel=\"noopener\">Conten\u00e7\u00e3o com Pano \u2013 T\u00e9cnica V<\/a><\/li><\/ul><\/div><\/div><\/div><\/div><\/div><\/section><\/div><\/div><\/div><\/div><\/div><\/section>\t\t\t\t\t\t<\/div>\n\t\t\t\t<\/div>\n\t\t\t\t\t<\/div>\n\t\t<\/div>\n\t\t\t\t\t<\/div>\n\t\t<\/section>\n\t\t\t\t<\/div>\n\t\t","protected":false},"excerpt":{"rendered":"<p>Manipula\u00e7\u00e3o e Troca de Gaiola Conten\u00e7\u00e3o do rato pelo dorso \u2013 T\u00e9cnica I Conten\u00e7\u00e3o do rato pelo dorso \u2013 T\u00e9cnica II Conten\u00e7\u00e3o do rato pelo dorso \u2013 T\u00e9cnica III Conten\u00e7\u00e3o com Saco Pl\u00e1stico \u2013 T\u00e9cnica IV Conten\u00e7\u00e3o com Pano \u2013 T\u00e9cnica V<\/p>\n","protected":false},"author":23608,"featured_media":0,"parent":852,"menu_order":29,"comment_status":"closed","ping_status":"closed","template":"","meta":{"_monsterinsights_skip_tracking":false,"_monsterinsights_sitenote_active":false,"_monsterinsights_sitenote_note":"","_monsterinsights_sitenote_category":0,"footnotes":"","_links_to":"","_links_to_target":""},"class_list":["post-893","page","type-page","status-publish","hentry"],"_links":{"self":[{"href":"https:\/\/sites.usp.br\/bpeanimal\/wp-json\/wp\/v2\/pages\/893","targetHints":{"allow":["GET"]}}],"collection":[{"href":"https:\/\/sites.usp.br\/bpeanimal\/wp-json\/wp\/v2\/pages"}],"about":[{"href":"https:\/\/sites.usp.br\/bpeanimal\/wp-json\/wp\/v2\/types\/page"}],"author":[{"embeddable":true,"href":"https:\/\/sites.usp.br\/bpeanimal\/wp-json\/wp\/v2\/users\/23608"}],"replies":[{"embeddable":true,"href":"https:\/\/sites.usp.br\/bpeanimal\/wp-json\/wp\/v2\/comments?post=893"}],"version-history":[{"count":4,"href":"https:\/\/sites.usp.br\/bpeanimal\/wp-json\/wp\/v2\/pages\/893\/revisions"}],"predecessor-version":[{"id":4417,"href":"https:\/\/sites.usp.br\/bpeanimal\/wp-json\/wp\/v2\/pages\/893\/revisions\/4417"}],"up":[{"embeddable":true,"href":"https:\/\/sites.usp.br\/bpeanimal\/wp-json\/wp\/v2\/pages\/852"}],"wp:attachment":[{"href":"https:\/\/sites.usp.br\/bpeanimal\/wp-json\/wp\/v2\/media?parent=893"}],"curies":[{"name":"wp","href":"https:\/\/api.w.org\/{rel}","templated":true}]}}