{"id":932,"date":"2023-05-19T12:43:44","date_gmt":"2023-05-19T14:43:44","guid":{"rendered":"https:\/\/sites.usp.br\/bpeanimal\/?page_id=932"},"modified":"2025-01-12T13:14:38","modified_gmt":"2025-01-12T15:14:38","slug":"camundongos","status":"publish","type":"page","link":"https:\/\/sites.usp.br\/bpeanimal\/pagina-inicial\/camundongos\/","title":{"rendered":"Camundongos"},"content":{"rendered":"\t\t<div data-elementor-type=\"wp-page\" data-elementor-id=\"932\" class=\"elementor elementor-932\" data-elementor-post-type=\"page\">\n\t\t\t\t\t\t<section class=\"elementor-section elementor-top-section elementor-element elementor-element-e105cc1 elementor-section-boxed elementor-section-height-default elementor-section-height-default\" data-id=\"e105cc1\" data-element_type=\"section\">\n\t\t\t\t\t\t<div class=\"elementor-container elementor-column-gap-default\">\n\t\t\t\t\t<div class=\"elementor-column elementor-col-100 elementor-top-column elementor-element elementor-element-ad82132\" data-id=\"ad82132\" data-element_type=\"column\">\n\t\t\t<div class=\"elementor-widget-wrap elementor-element-populated\">\n\t\t\t\t\t\t<div class=\"elementor-element elementor-element-3ed5776 elementor-widget elementor-widget-text-editor\" data-id=\"3ed5776\" data-element_type=\"widget\" data-widget_type=\"text-editor.default\">\n\t\t\t\t<div class=\"elementor-widget-container\">\n\t\t\t\t\t\t\t<ul><li><a href=\"https:\/\/sites.usp.br\/bpeanimal\/camundongos-manipulacao\/\">Manipula\u00e7\u00e3o e Conten\u00e7\u00e3o<\/a><\/li><li><a href=\"https:\/\/sites.usp.br\/bpeanimal\/camundongos-administracao-de-substancias\/\">Administra\u00e7\u00e3o de subst\u00e2ncias<\/a><\/li><li><a href=\"https:\/\/sites.usp.br\/bpeanimal\/camundongos-coleta-de-sangue\/\">Coleta de sangue<\/a><\/li><li><a href=\"https:\/\/sites.usp.br\/bpeanimal\/camundongos-outros-procedimentos\/\">Outros procedimentos<\/a><\/li><\/ul>\t\t\t\t\t\t<\/div>\n\t\t\t\t<\/div>\n\t\t\t\t\t<\/div>\n\t\t<\/div>\n\t\t\t\t\t<\/div>\n\t\t<\/section>\n\t\t\t\t<\/div>\n\t\t","protected":false},"excerpt":{"rendered":"<p>Manipula\u00e7\u00e3o e Conten\u00e7\u00e3o Administra\u00e7\u00e3o de subst\u00e2ncias Coleta de sangue Outros procedimentos<\/p>\n","protected":false},"author":23608,"featured_media":0,"parent":79,"menu_order":40,"comment_status":"closed","ping_status":"closed","template":"","meta":{"_monsterinsights_skip_tracking":false,"_monsterinsights_sitenote_active":false,"_monsterinsights_sitenote_note":"","_monsterinsights_sitenote_category":0,"footnotes":"","_links_to":"","_links_to_target":""},"class_list":["post-932","page","type-page","status-publish","hentry"],"_links":{"self":[{"href":"https:\/\/sites.usp.br\/bpeanimal\/wp-json\/wp\/v2\/pages\/932","targetHints":{"allow":["GET"]}}],"collection":[{"href":"https:\/\/sites.usp.br\/bpeanimal\/wp-json\/wp\/v2\/pages"}],"about":[{"href":"https:\/\/sites.usp.br\/bpeanimal\/wp-json\/wp\/v2\/types\/page"}],"author":[{"embeddable":true,"href":"https:\/\/sites.usp.br\/bpeanimal\/wp-json\/wp\/v2\/users\/23608"}],"replies":[{"embeddable":true,"href":"https:\/\/sites.usp.br\/bpeanimal\/wp-json\/wp\/v2\/comments?post=932"}],"version-history":[{"count":4,"href":"https:\/\/sites.usp.br\/bpeanimal\/wp-json\/wp\/v2\/pages\/932\/revisions"}],"predecessor-version":[{"id":4429,"href":"https:\/\/sites.usp.br\/bpeanimal\/wp-json\/wp\/v2\/pages\/932\/revisions\/4429"}],"up":[{"embeddable":true,"href":"https:\/\/sites.usp.br\/bpeanimal\/wp-json\/wp\/v2\/pages\/79"}],"wp:attachment":[{"href":"https:\/\/sites.usp.br\/bpeanimal\/wp-json\/wp\/v2\/media?parent=932"}],"curies":[{"name":"wp","href":"https:\/\/api.w.org\/{rel}","templated":true}]}}