{"id":349,"date":"2025-04-01T11:27:18","date_gmt":"2025-04-01T13:27:18","guid":{"rendered":"https:\/\/sites.usp.br\/brazil_summerschool\/ribeirao-preto-city\/"},"modified":"2025-04-09T15:29:59","modified_gmt":"2025-04-09T17:29:59","slug":"ribeirao-preto-city","status":"publish","type":"page","link":"https:\/\/sites.usp.br\/brazil_summerschool\/ribeirao-preto-city\/","title":{"rendered":"Ribeir\u00e3o Preto City"},"content":{"rendered":"<p>DISCOVER RIBEIR\u00c3O PRETO<\/p>\n<p>Ribeir\u00e3o Preto, which translates to &#8220;black stream&#8221; in Portuguese, is a city located in the State of S\u00e3o Paulo, Brazil. It has earned the nickname &#8220;Brazilian California&#8221; due to its economy rooted in agribusiness, high technology, wealth, and a consistently sunny climate throughout the year. With a population of 694,534 residents, Ribeir\u00e3o Preto ranks as the eighth-largest municipality in the state. The city covers a total area of 652.2 square kilometers and is situated at a latitude of 21\u00b0 10&#8242; 42&#8243; South and a longitude of 47\u00b0 48&#8242; 24&#8243; West. It is located 330 km from the state capital and 708 km from Bras\u00edlia, the federal capital. The average altitude in Ribeir\u00e3o Preto is 546.8 meters.<\/p>\n<p>&nbsp;<\/p>\n<p><img decoding=\"async\" class=\"aligncenter\" src=\"https:\/\/www.fearp.usp.br\/images\/ioffice\/Ribeir%C3%A3o_Foto_1.jpg\" alt=\"Ribeir\u00e3o Foto 1\" \/><\/p>\n<p>HISTORY<\/p>\n<p>The city was founded on June 19th, 1856, by farmers who had migrated from the southeast of the S\u00e3o Paulo State in search of a favorable climate and fertile soil for coffee cultivation. The city is situated along a stream known as the &#8220;Black Stream,&#8221; from which it derived its name. Over time, the farmers&#8217; decision proved to be highly suitable, and the fertile soil of the Ribeir\u00e3o Preto region enabled Brazil&#8217;s highest crop productivity.<\/p>\n<p>ECONOMIC FORMATION<\/p>\n<p>After the New York Stock Exchange crash in 1929, Ribeir\u00e3o Preto, which had relied solely on exportation crops, faced an economic collapse. The city had to adapt to its new circumstances. Given its relatively remote location from other major Brazilian urban centers, Ribeir\u00e3o Preto identified a new economic path in the services and commercial sectors, focusing on local and regional demands. The second economic boom in Ribeir\u00e3o Preto&#8217;s history occurred after the oil crisis in the 1970s. The surge in oil prices prompted Brazil to seek alternative fuel sources, leading to the establishment of the ethanol fuel program known as Pro\u00c1lcool. This program spurred the development of technology enabling the use of ethanol (sugarcane alcohol) as both an automotive fuel and a gasoline additive. The latter improved performance and reduced pollutant emissions. Under the Pro\u00c1lcool program, local farmers received government subsidies to cultivate sugarcane. The high land productivity in the vicinity of Ribeir\u00e3o Preto swiftly positioned the region as the world&#8217;s largest producer of ethanol and sugar, responsible for 30 percent of Brazil&#8217;s sugarcane alcohol fuel. In contrast to the city&#8217;s initial economic boom, this time Ribeir\u00e3o Preto&#8217;s farmers and entrepreneurs diversified their investments, making the city one of Brazil&#8217;s most significant agribusiness hubs. Apart from sugar and ethanol, Ribeir\u00e3o Preto&#8217;s major products include orange juice, cotton, rice, meat, dairy products, textiles, machinery, steel, furniture, building materials, agrochemicals, pharmaceuticals, and beer. The sugarcane boom ushered in a new era of prosperity for the city, earning it the moniker &#8220;Brazilian California&#8221; during the 1980s and early 1990s. This increased wealth transformed Ribeir\u00e3o Preto into a sophisticated services center serving Brazil and South America<\/p>\n<p>TOURIST ATTRACTIONS<\/p>\n<p>Pinguim- The famous Brazilian beerhouse was built by Antartica (the first beer-producing factory in the city, which today is a brand from AB InBev). There are now 2 Pinguim places in the block, a beerhouse, and a gift shop.<\/p>\n<p><img loading=\"lazy\" decoding=\"async\" class=\"aligncenter\" src=\"https:\/\/www.fearp.usp.br\/images\/ioffice\/Ribeir%C3%A3o_Foto_4.jpg\" alt=\"Ribeir\u00e3o Foto 4\" width=\"411\" height=\"308\" \/><\/p>\n<p>Pedro II Theater- The 2nd biggest Brazilian opera theater in public capacity (after Municipal Sao Paulo Theater) first opened on October 8th, 1930. In 1980 a big fire hit the building and after more than a ten-year period of abandon, the city hall decided to rebuild it and it was reopened in April 1996. It\u2019s located on the same block as Pinguim, being the main attraction.<\/p>\n<p><img loading=\"lazy\" decoding=\"async\" class=\"aligncenter\" src=\"https:\/\/www.fearp.usp.br\/images\/ioffice\/Theatro-Pedro-II.jpg\" alt=\"Theatro Pedro II\" width=\"488\" height=\"305\" \/><\/p>\n<p>Metropolitan Cathedral- When the cathedral at XV November Square was put down, this new one was built, and then founded in 1920. Stylized in romantic and gothic lines, its main attractions are the colored glasses in the window and the paintings inside from Benedito Calixto, dated 1817. It\u2019s located downtown, in front of Pra\u00e7a das Bandeiras, which presents people with a craft fair on weekends.<\/p>\n<p><img loading=\"lazy\" decoding=\"async\" class=\"aligncenter\" src=\"https:\/\/www.fearp.usp.br\/images\/ioffice\/Ribeir%C3%A3o_Foto_7.jpg\" alt=\"Ribeir\u00e3o Foto 7\" width=\"281\" height=\"281\" \/><\/p>\n<p>Pref. Dr. Luiz Roberto J\u00e1bali Park \/ (Curupira Park)\u2013 Opened on 18th December 2000, the environment complex is the largest leisure area in the city. There are 152 thousand m\u00b2 with artificial lakes, waterfalls, and paved trails that can be ridden on foot or by bicycle. There is a great tropical forest in the area with a variety of birds and little mammals. It is open daily from 6 am to 7 pm Address: Av. Cost\u00e1bile Romano, 337<\/p>\n<p><img loading=\"lazy\" decoding=\"async\" class=\"article-thumb-image u-fullWidth u-vcenter entered loaded aligncenter\" src=\"https:\/\/media.revide.com.br\/cache\/b7\/4c\/b74c03066eed446d9753a780b2828160.jpg\" alt=\"Primeira fase de revitaliza\u00e7\u00e3o do Parque Curupira ser\u00e1 entregue nesse s\u00e1bado, 12\" width=\"377\" height=\"236\" data-src=\"https:\/\/media.revide.com.br\/cache\/b7\/4c\/b74c03066eed446d9753a780b2828160.jpg\" data-ll-status=\"loaded\" \/><\/p>\n<p>Dr. Luis Carlos Raya Park- Opened in 2004, this park is great for walking, playing games, to relaxing watching the artificial waterfalls. It is situated in the so-called wealthiest area of the city, the south area. Address: Av. Wladimir Meirelles Ferreira, s\/n. 12<\/p>\n<p><img loading=\"lazy\" decoding=\"async\" class=\"aligncenter\" src=\"https:\/\/www.fearp.usp.br\/images\/ioffice\/Ribeir%C3%A3o_Foto_3.jpg\" alt=\"Ribeir\u00e3o Foto 3\" width=\"389\" height=\"286\" \/><\/p>\n<p>Parque das Artes- Located near the Ribeir\u00e3o Shopping in Nova Alian\u00e7a neighborhood, the Park received an investment of R$2.5 million to be restructured and revitalized. With 45,000 m2 of green area and about 23,000 m2 of three interconnected artificial lakes, the park features an indoor running track and walk about 1,500 meters long and three meters wide. The Arts Park, which is open daily from 6 am to 9 pm.<\/p>\n<div class=\"ECzcp t w z Z1 Pi PX Px PJ\">\n<div class=\"fnUGq _Z k u Q3\">\n<div class=\"BCTuz NB\">\n<div class=\"biGQs _P socJU KxBGd\"><\/div>\n<\/div>\n<div class=\"IJoyG Q3\"><\/div>\n<\/div>\n<\/div>\n<div class=\"zNMPR w f j u\"><picture class=\"NhWcC _R mdkdE QjYVS afQPz eXZKw\"><source srcset=\"https:\/\/dynamic-media-cdn.tripadvisor.com\/media\/photo-o\/21\/63\/42\/80\/novembro-de-2021-durante.jpg?w=400&amp;h=-1&amp;s=1 1x,https:\/\/dynamic-media-cdn.tripadvisor.com\/media\/photo-o\/21\/63\/42\/80\/novembro-de-2021-durante.jpg?w=800&amp;h=-1&amp;s=1 2x\" media=\"(max-width: 400px)\" \/><source srcset=\"https:\/\/dynamic-media-cdn.tripadvisor.com\/media\/photo-o\/21\/63\/42\/80\/novembro-de-2021-durante.jpg?w=500&amp;h=-1&amp;s=1 1x,https:\/\/dynamic-media-cdn.tripadvisor.com\/media\/photo-o\/21\/63\/42\/80\/novembro-de-2021-durante.jpg?w=1000&amp;h=-1&amp;s=1 2x\" media=\"(max-width: 500px)\" \/><source srcset=\"https:\/\/dynamic-media-cdn.tripadvisor.com\/media\/photo-o\/21\/63\/42\/80\/novembro-de-2021-durante.jpg?w=600&amp;h=-1&amp;s=1 1x,https:\/\/dynamic-media-cdn.tripadvisor.com\/media\/photo-o\/21\/63\/42\/80\/novembro-de-2021-durante.jpg?w=1200&amp;h=-1&amp;s=1 2x\" media=\"(max-width: 600px)\" \/><source srcset=\"https:\/\/dynamic-media-cdn.tripadvisor.com\/media\/photo-o\/21\/63\/42\/80\/novembro-de-2021-durante.jpg?w=700&amp;h=-1&amp;s=1 1x,https:\/\/dynamic-media-cdn.tripadvisor.com\/media\/photo-o\/21\/63\/42\/80\/novembro-de-2021-durante.jpg?w=1400&amp;h=-1&amp;s=1 2x\" media=\"(max-width: 700px)\" \/><source srcset=\"https:\/\/dynamic-media-cdn.tripadvisor.com\/media\/photo-o\/21\/63\/42\/80\/novembro-de-2021-durante.jpg?w=800&amp;h=-1&amp;s=1 1x,https:\/\/dynamic-media-cdn.tripadvisor.com\/media\/photo-o\/21\/63\/42\/80\/novembro-de-2021-durante.jpg?w=1400&amp;h=-1&amp;s=1 2x\" media=\"(max-width: 800px)\" \/><source srcset=\"https:\/\/dynamic-media-cdn.tripadvisor.com\/media\/photo-o\/21\/63\/42\/80\/novembro-de-2021-durante.jpg?w=900&amp;h=-1&amp;s=1 1x,https:\/\/dynamic-media-cdn.tripadvisor.com\/media\/photo-o\/21\/63\/42\/80\/novembro-de-2021-durante.jpg?w=1400&amp;h=-1&amp;s=1 2x\" media=\"(max-width: 900px)\" \/><source srcset=\"https:\/\/dynamic-media-cdn.tripadvisor.com\/media\/photo-o\/21\/63\/42\/80\/novembro-de-2021-durante.jpg?w=1000&amp;h=-1&amp;s=1 1x,https:\/\/dynamic-media-cdn.tripadvisor.com\/media\/photo-o\/21\/63\/42\/80\/novembro-de-2021-durante.jpg?w=1400&amp;h=-1&amp;s=1 2x\" media=\"(max-width: 1000px)\" \/><source srcset=\"https:\/\/dynamic-media-cdn.tripadvisor.com\/media\/photo-o\/21\/63\/42\/80\/novembro-de-2021-durante.jpg?w=1100&amp;h=-1&amp;s=1 1x,https:\/\/dynamic-media-cdn.tripadvisor.com\/media\/photo-o\/21\/63\/42\/80\/novembro-de-2021-durante.jpg?w=1400&amp;h=-1&amp;s=1 2x\" media=\"(max-width: 1023px)\" \/><source srcset=\"https:\/\/dynamic-media-cdn.tripadvisor.com\/media\/photo-o\/21\/63\/42\/80\/novembro-de-2021-durante.jpg?w=900&amp;h=-1&amp;s=1 1x,https:\/\/dynamic-media-cdn.tripadvisor.com\/media\/photo-o\/21\/63\/42\/80\/novembro-de-2021-durante.jpg?w=1400&amp;h=-1&amp;s=1 2x\" media=\"(max-width: 1125px)\" \/><img loading=\"lazy\" decoding=\"async\" class=\"aligncenter\" src=\"https:\/\/dynamic-media-cdn.tripadvisor.com\/media\/photo-o\/21\/63\/42\/80\/novembro-de-2021-durante.jpg?w=1000&amp;h=-1&amp;s=1\" srcset=\"https:\/\/dynamic-media-cdn.tripadvisor.com\/media\/photo-o\/21\/63\/42\/80\/novembro-de-2021-durante.jpg?w=1000&amp;h=-1&amp;s=1 1x,https:\/\/dynamic-media-cdn.tripadvisor.com\/media\/photo-o\/21\/63\/42\/80\/novembro-de-2021-durante.jpg?w=1400&amp;h=-1&amp;s=1 2x\" alt=\"Novembro de 2021 Durante uma corridinha matutina!\" width=\"409\" height=\"307\" \/><\/picture><\/div>\n<p>CLIMATE<\/p>\n<p>Ribeir\u00e3o Preto is a very warm city during the whole year. Generally between May and September, the temperature drops considerably in the mornings and at night, but it is still hot during the afternoons. It\u00b4s strongly important to remember that in these months, the air humidity is considerably very low and it rarely rains. \u00b7Average winter temperature 19\u00ba C (68\u00ba F) \u00b7Average summer temperature 35\u00ba C (90\u00ba F)<\/p>\n<p>TRANSPORTATION<\/p>\n<p>You can get around on foot in the downtown area, once the places aren\u2019t so far. But if you want to go anywhere else, you are strongly recommended to go by bus, by car or by taxi.<\/p>\n<p>By car<\/p>\n<p>To drive in Brazil, foreigners must have either a foreign driver&#8217;s license with a translation or an international driver&#8217;s license. They are allowed to drive for a period of up to 180 days after entering the country. After this duration, they are required to take the Brazilian driving exams.<\/p>\n<p>By bus<\/p>\n<p>Be aware that the city buses in Ribeirao Preto are managed by the company \u201cRitmo\u201d which does not accept cash. You can only use a specific card that can be purchased at strategic points such as the Coach Station, Airport, USP Campus (near the Clinic Hospital), Central Bus Stations, and Shopping Malls. The specific card for students (with a 50% discount on the fare) may be issued after enrollment at FEA-RP. Instructions on this matter will be given at the orientation meetings. You can either check online the itineraries and schedules on Ritmo\u00b4s website or use apps on your phones and tablets. The apps available are them before arriving in the city. Moovit and CittaMobi. Remember to download<\/p>\n<p>By taxi<\/p>\n<p>Uber is a very popular way of affordable and comfortable transportation. It operates in Ribeir\u00e3o Preto, S\u00e3o Paulo, Bras\u00edlia, Rio de Janeiro, and in other main capitals. Taxi is the most expensive way to get around, but it is also comfortable and faster. You can ask for one on the street, go to any taxi stop, or call one by phone. Ask your buddy for the number of a good taxi company. You can use the apps 99Taxis and Easytaxi on your smartphone to call certified cabs.<\/p>\n<p>OPENING HOURS<\/p>\n<p>Shopping centers<\/p>\n<p>Ribeir\u00e3o Shopping, Shopping Iguatemi Ribeir\u00e3o, Novo Shopping and Santa Ursula Shopping Malls are open from 10 am to 10 pm from Monday to Saturday. On Sundays and holidays, they open from 2 pm to 8 pm.<\/p>\n<p>Street commerce<\/p>\n<p>Usually, it\u2019s open from 9 am to 6 pm from Monday to Friday and from 9 am to 1 pm on Saturdays and closed on Sundays and Holidays Banks It&#8217;s open from Monday to Friday, between 10 am and 4 pm. On the USP campus, there are branches of Banco do Brasil, Santander, and Bradesco.<\/p>\n<p>NIGHTLIFE<\/p>\n<p>Ribeir\u00e3o Preto is predominantly a city for young people. With seven big universities within the city, it draws young students from all over the country to study. Due to this and the pleasant climate, Ribeir\u00e3o has a great nightlife. The city is renowned as the &#8220;Terra do Chopp,&#8221; which translates to &#8220;The Land of Draft Beer,&#8221; thanks to its reputation for having the best draft beer in the country. Good music can be found all over the town within a wide range of tastes, from traditional MPB (M\u00fasica Popular Brasileira- Brazilian Popular Music) and Samba to Heavy Metal. There are various venues where you can enjoy music, not only at bars that feature live performances but also at concerts. Ribeir\u00e3o Preto holds spacious halls that are frequently utilized for gigs, concerts by bands and singers, as well as orchestral performances. Throughout the week, you can attend parties, typically organized by student groups or university students themselves. These gatherings take place in \u201cRep\u00fablicas\u201d (student communal houses) or at local nightclubs within the city. Bars are also a popular choice for students. Some of these establishments are conveniently situated near USP, attracting numerous students who gather to celebrate special occasions or simply socialize with friends. Others are renowned for hosting live music events in the evenings, creating a lively atmosphere where people enjoy drinks and dancing.<\/p>\n","protected":false},"excerpt":{"rendered":"<p>DISCOVER RIBEIR\u00c3O PRETO Ribeir\u00e3o Preto, which translates to &#8220;black stream&#8221; in Portuguese, is a city located in the State of S\u00e3o Paulo, Brazil. It has earned the nickname &#8220;Brazilian California&#8221; due to its economy rooted in agribusiness, high technology, wealth, and a consistently sunny climate throughout the year. With a population of 694,534 residents, Ribeir\u00e3o<a href=\"https:\/\/sites.usp.br\/brazil_summerschool\/ribeirao-preto-city\/\">[&#8230;]<\/a><\/p>\n","protected":false},"author":24583,"featured_media":0,"parent":0,"menu_order":3,"comment_status":"closed","ping_status":"closed","template":"","meta":{"footnotes":"","_links_to":"","_links_to_target":""},"class_list":["post-349","page","type-page","status-publish","hentry"],"_links":{"self":[{"href":"https:\/\/sites.usp.br\/brazil_summerschool\/wp-json\/wp\/v2\/pages\/349","targetHints":{"allow":["GET"]}}],"collection":[{"href":"https:\/\/sites.usp.br\/brazil_summerschool\/wp-json\/wp\/v2\/pages"}],"about":[{"href":"https:\/\/sites.usp.br\/brazil_summerschool\/wp-json\/wp\/v2\/types\/page"}],"author":[{"embeddable":true,"href":"https:\/\/sites.usp.br\/brazil_summerschool\/wp-json\/wp\/v2\/users\/24583"}],"replies":[{"embeddable":true,"href":"https:\/\/sites.usp.br\/brazil_summerschool\/wp-json\/wp\/v2\/comments?post=349"}],"version-history":[{"count":1,"href":"https:\/\/sites.usp.br\/brazil_summerschool\/wp-json\/wp\/v2\/pages\/349\/revisions"}],"predecessor-version":[{"id":438,"href":"https:\/\/sites.usp.br\/brazil_summerschool\/wp-json\/wp\/v2\/pages\/349\/revisions\/438"}],"wp:attachment":[{"href":"https:\/\/sites.usp.br\/brazil_summerschool\/wp-json\/wp\/v2\/media?parent=349"}],"curies":[{"name":"wp","href":"https:\/\/api.w.org\/{rel}","templated":true}]}}