{"id":601,"date":"2022-11-22T13:23:50","date_gmt":"2022-11-22T16:23:50","guid":{"rendered":"https:\/\/sites.usp.br\/bswoc2023\/?page_id=601"},"modified":"2023-01-25T16:32:09","modified_gmt":"2023-01-25T19:32:09","slug":"from-spain","status":"publish","type":"page","link":"https:\/\/sites.usp.br\/bswoc2023\/from-spain\/","title":{"rendered":"From Spain"},"content":{"rendered":"\t\t<div data-elementor-type=\"wp-page\" data-elementor-id=\"601\" class=\"elementor elementor-601\" data-elementor-post-type=\"page\">\n\t\t\t\t\t\t<section class=\"elementor-section elementor-top-section elementor-element elementor-element-65df56a0 elementor-section-boxed elementor-section-height-default elementor-section-height-default\" data-id=\"65df56a0\" data-element_type=\"section\">\n\t\t\t\t\t\t<div class=\"elementor-container elementor-column-gap-default\">\n\t\t\t\t\t<div class=\"elementor-column elementor-col-100 elementor-top-column elementor-element elementor-element-42cdaa00\" data-id=\"42cdaa00\" data-element_type=\"column\">\n\t\t\t<div class=\"elementor-widget-wrap elementor-element-populated\">\n\t\t\t\t\t\t<div class=\"elementor-element elementor-element-20b1b5dd elementor-widget elementor-widget-text-editor\" data-id=\"20b1b5dd\" data-element_type=\"widget\" data-widget_type=\"text-editor.default\">\n\t\t\t\t<div class=\"elementor-widget-container\">\n\t\t\t\t\t\t\t<h5><strong>Dr. Rosario Fern\u00e1ndez<\/strong><\/h5><p>Full professor at the University of Seville.<\/p><p style=\"text-align: justify;\"><img decoding=\"async\" class=\" wp-image-1340 alignleft\" src=\"https:\/\/sites.usp.br\/bswoc2023\/wp-content\/uploads\/sites\/1199\/2023\/01\/Rosario-Fernandez-Fernandez-300x297.jpg\" alt=\"\" width=\"182\" height=\"180\" srcset=\"https:\/\/sites.usp.br\/bswoc2023\/wp-content\/uploads\/sites\/1199\/2023\/01\/Rosario-Fernandez-Fernandez-300x297.jpg 300w, https:\/\/sites.usp.br\/bswoc2023\/wp-content\/uploads\/sites\/1199\/2023\/01\/Rosario-Fernandez-Fernandez-262x260.jpg 262w, https:\/\/sites.usp.br\/bswoc2023\/wp-content\/uploads\/sites\/1199\/2023\/01\/Rosario-Fernandez-Fernandez-45x45.jpg 45w, https:\/\/sites.usp.br\/bswoc2023\/wp-content\/uploads\/sites\/1199\/2023\/01\/Rosario-Fernandez-Fernandez-400x396.jpg 400w, https:\/\/sites.usp.br\/bswoc2023\/wp-content\/uploads\/sites\/1199\/2023\/01\/Rosario-Fernandez-Fernandez.jpg 662w\" sizes=\"(max-width: 182px) 100vw, 182px\" \/>PhD degree in 1985 (University of Seville). Postdoctoral stage at the University of Paris-Sud (1986\u20131987). Associate Professor (1987) and then Full Professor (2008) at the University of Seville. Member of the Royal Sevillian Academy of Sciences, Member of the Spanish Research Agency (MICCIN), President of the Organic Chemistry Group of the RSEQ. Award for Research Excellence (RSEQ 2019), and FAMA Award to the research trajectory (University of Seville 2019).<\/p><div class=\"\"><p style=\"text-align: justify;\">Her research group is interested in new synthetic methodologies, enantioselective synthesis, asymmetric catalysis, organocatalysis, hydrazones, <em>N<\/em>-Heterocyclic carbenes, cross-coupling reactions, and C-H activation.<\/p><\/div><p>Twitter: <a href=\"https:\/\/twitter.com\/lassafdezgroup\">@LassaFdezGroup<\/a>.<\/p><hr style=\"height: 2px; border-width: 0; color: gray; background-color: gray;\" \/><h5>\u00a0<\/h5><h5><strong>Dr. Vicente Gotor-Fern\u00e1ndez<\/strong><\/h5><p>University of Oviedo &#8211; Associate Professor.<\/p><p style=\"text-align: justify;\"><img decoding=\"async\" class=\"wp-image-1340 alignright\" src=\"https:\/\/sites.usp.br\/bswoc2023\/wp-content\/uploads\/sites\/1199\/2023\/01\/bqtrKOox_400x400.jpg\" alt=\"\" width=\"182\" height=\"180\" \/>Prof. Gotor-Fern\u00e1ndez studied his Licenciature in Chemistry in the University of Oviedo (1992-1997), specializing in Organic Chemistry. In July 2001, he obtained his Doctorate in Chemistry working in the chemoenzymatic synthesis of vitamin D3 analogues. Then, he moved to the University of Edinburgh in 2002 a Marie Curie postdoctoral contract focusing on the development of chemoenzymatic deracemization processes of amines. After two years, he returned to the University of Oviedo where he received two competitive postdoctoral contracts (Juan de la Cierva 2005-2007 and Ram\u00f3n y Cajal 2008-2012). In this time, he performed a short-term placement in the Universidade Federal do Cear\u00e1 (Fortaleza, Brazil, 2009).<\/p><div class=\"\"><p style=\"text-align: justify;\">In June 2012, Prof. Gotor-Fern\u00e1ndez became Associate Professor of the University of Oviedo inside the Organic Chemistry area of the Organic and Inorganic Chemistry Department. He is co-author of around 170 scientific contributions including research articles, reviews, chapter books and patents, mostly in the field of Biocatalysis and organic synthesis. His main current research interest involves the development of selective chemoenzymatic routes for the asymmetric synthesis of organic compounds using hydrolases, oxidoreductases and transferases, and the design of chemo- and multienzymatic concurrent processes paying special attention to the combination of enzymes with different metal species.<\/p><\/div><p>Twitter account:\u00a0<a href=\"https:\/\/twitter.com\/gotorfernandez\">@gotorfernandez<\/a> <a href=\"https:\/\/mobile.twitter.com\/bioorganicaUOVI\">@bioorganicaUOVI<\/a>.<br \/>Website: <a href=\"https:\/\/bioorganica.grupos.uniovi.es\/en\/inicio\">https:\/\/bioorganica.grupos.uniovi.es\/en\/inicio<\/a><\/p><hr style=\"height: 2px; border-width: 0; color: gray; background-color: gray;\" \/><h5>\u00a0<\/h5><h5><strong>Dr. Mart\u00edn Fa\u00f1an\u00e1s-Mastral<\/strong><\/h5><p>CiQUS-University of Santiago de Compostela &#8211; Associate Professor<\/p><p style=\"text-align: justify;\"><img decoding=\"async\" class=\" wp-image-1340 alignleft\" src=\"https:\/\/sites.usp.br\/bswoc2023\/wp-content\/uploads\/sites\/1199\/2023\/01\/Prof.-Martin.jpg\" alt=\"\" width=\"151\" height=\"201\" \/>Prof. Fa\u00f1an\u00e1s-Mastral received his Ph.D. from the University of Oviedo under the supervision of Prof. Jos\u00e9 Barluenga and Prof. Fernando Aznar, in 2007. He performed a predoctoral stay at the group of Prof. Steven Ley at the University of Cambridge (UK). In 2009 he joined the group of Prof. Ben L. Feringa at the University of Groningen (The Netherlands) as a postdoctoral researcher. In 2014 he moved to CiQUS, at the University of Santiago de Compostela, as Ram\u00f3n y Cajal fellow. In 2020 he was promoted to Associate Professor. He has been awarded the &#8220;Thieme Chemistry Journal Award&#8221; (2015), the \u201cRSEQ-Sigma Aldrich Young Researchers Award\u201d (2016), and the \u201cRSEQ-Lilly Young Researcher Award\u201d (2018). In 2019, he received an ERC-Consolidator Grant.<\/p><div class=\"\"><p style=\"text-align: justify;\"><img loading=\"lazy\" decoding=\"async\" class=\"wp-image-1677 alignright\" src=\"https:\/\/sites.usp.br\/bswoc2023\/wp-content\/uploads\/sites\/1199\/2023\/01\/prof.-Martin-researchgroup.jpg\" alt=\"\" width=\"199\" height=\"156\" \/>Prof. Fa\u00f1an\u00e1s-Mastral leads a research group at CiQUS and his research is based on the development of novel transition metal catalyzed reactions that allow to perform highly atom-efficient and sustainable transformations oriented towards enantioselective C-C bond formation, alkane functionalization, and synthesis of biologically active compounds.<\/p><\/div><p>Twitter account: <a href=\"https:\/\/twitter.com\/mfananasmastral\">@mfananasmastral<\/a>.<br \/>Group website: <a href=\"https:\/\/fananasmastralgroup.com\/\">https:\/\/fananasmastralgroup.com\/.<\/a><\/p><hr style=\"height: 2px; border-width: 0; color: gray; background-color: gray;\" \/><h5>\u00a0<\/h5><h5><strong>Dr. Jose L. Vicario<\/strong><\/h5><p>University of the Basque Country (UPV\/EHU) &#8211; Full Professor<\/p><p style=\"text-align: justify;\"><img loading=\"lazy\" decoding=\"async\" class=\"wp-image-1340 alignright\" src=\"https:\/\/sites.usp.br\/bswoc2023\/wp-content\/uploads\/sites\/1199\/2023\/01\/JLV-Jose-L.-Vicario.jpg\" alt=\"\" width=\"138\" height=\"184\" \/>Jose L. Vicario was born in Spain in 1973. He graduated in Chemistry from the University of the Basque Country (UPV\/EHU) in 1997 and finished undergraduate studies as Erasmus student under the guidance of Prof. Dr. Gerard van Koten at Utrecht University. Afterwards, he received his PhD in 2000 in the University of the Basque Country (Thesis directors: Prof. Dr. M. Dolores Bad\u00eda and Prof. Dr. Esther Dom\u00ednguez). After postdoctoral studies in 2002 at the RWTH Aachen (Germany) under the supervision of Prof. Dr. Dieter Enders, he returned to UPV\/EHU as Associate Professor and was promoted to full professor in May 2016 where he started his independent career in 2006. He is recipient of the \u201cLilly Lecture Award\u201d in 2009, granted by the Spanish Royal Society of Chemistry and Lilly and in 2016 he was awarded with the \u201cIgnacio Ribas\u201d medal by the Organic Chemistry division of the Spanish Royal Society of Chemistry.<\/p><div class=\"\"><p style=\"text-align: justify;\">Current research interests of our group deal with the design of new methodologies in asymmetric synthesis, particularly focused on asymmetric organocatalysis, and the stereocontrolled synthesis of pharmacologically active compounds and natural products.<\/p><\/div><p>Twitter account:\u00a0<a href=\"https:\/\/twitter.com\/joselvicario1\">@JoseLVicario1<\/a>.<br \/>Website: <a href=\"http:\/\/ww.ehu.es\/gsa\">http:\/\/ww.ehu.es\/gsa<\/a><\/p><hr style=\"height: 2px; border-width: 0; color: gray; background-color: gray;\" \/><h5>\u00a0<\/h5><h5><strong>Dr. Manuel Alcarazo<\/strong><\/h5><p>Georg August Universit\u00e4t G\u00f6ttingen &#8211; Full Professor<\/p><p style=\"text-align: justify;\"><img loading=\"lazy\" decoding=\"async\" class=\" wp-image-1340 alignleft\" src=\"https:\/\/sites.usp.br\/bswoc2023\/wp-content\/uploads\/sites\/1199\/2023\/01\/Photo-Alcarazo-2-Manuel-Alcarazo.jpg\" width=\"142\" height=\"198\" \/>2005 PhD in Chemistry at the Instituto de Investigaciones Qu\u00edmicas (CSIC)\/University of Seville, (ES). Supervisors: Prof. Dr. Jos\u00e9 M. Lassaletta\/Prof. Dr. Rosario Fern\u00e1ndez. 2006 \u2013 2008 Postdoctoral Research Associate with Prof. Dr. Alois F\u00fcrstner at the Max-Planck-Institut f\u00fcr Kohlenforschung, M\u00fclheim an der Ruhr (DE). 2009 \u2013 2015 Group Leader; at the Max-Planck-Institut f\u00fcr Kohlenforschung; M\u00fclheim an der Ruhr (DE). Since 2015 Full Professor at the Institut f\u00fcr Organische und Biomolekulare Chemie, University of G\u00f6ttingen, DE.<\/p><p style=\"text-align: justify;\">Awards:<\/p><p style=\"text-align: justify;\">2017 &#8211; ERC Consolidator Grant SULFOSOL. Grant agreement ID: 771295;<br \/>2015 \u2013 2018 Student\u2019s Association award for excellence in teaching (Univ. of G\u00f6ttingen, four times);<br \/>2014 Chemistry-Prize from the Academy of Science of G\u00f6ttingen;<br \/>2013 Dozenten-Prize from the Fonds der Chemischen Industrie;<br \/>2013 Prize for young researchers from the Academy of Science of Westphalia;<br \/>2012 ADUC-Prize for Habilitands from the German Society of Chemistry (GDCh);<br \/>2011 ERC Starting Grant. FRUSTRATED HYDROGEN. Grant agreement ID: 277963;<br \/>2011 Sigma-Aldrich-RSEQ Prize for young researchers.<\/p><div class=\"\"><p style=\"text-align: justify;\">His research group is interested in mainly three areas of research:<br \/>-The development of efficient methodologies for the highly enantioselective synthesis of helicenes, as well as heterohelicenes;<br \/>-The use of sulfonium salts as alternative platforms to the well-stablished hypervalent I(III) reagents;<br \/>-The design of organocatalysts based on element-ligand cooperation.<\/p><\/div><p>Group website: <a href=\"https:\/\/www.uni-goettingen.de\/en\/manuel+alcarazo\/569046.html\">https:\/\/www.uni-goettingen.de\/en\/manuel+alcarazo\/569046.html<\/a><\/p><hr style=\"height: 2px; border-width: 0; color: gray; background-color: gray;\" \/><h5>\u00a0<\/h5><h5><strong>Dr. Aitziber L. Cortajarena<\/strong><\/h5><p>CIC biomaGUNE, Spain. Ikerbasque Research Professor \/ Scientific Director<\/p><p style=\"text-align: justify;\"><img loading=\"lazy\" decoding=\"async\" class=\"wp-image-1340 alignright\" src=\"https:\/\/sites.usp.br\/bswoc2023\/wp-content\/uploads\/sites\/1199\/2023\/01\/Cortajarena_404_466-Aitziber-Lopez-Cortajarena.jpg\" alt=\"\" width=\"150\" height=\"174\" \/>Prof. Cortajarena completed her Ph.D. in Biochemistry at the University of the Basque Country (Spain) and held a postdoctoral fellow at the Department of Molecular Biophysics and Biochemistry at Yale University. Currently, she is Ikerbasque Prof. and Scientific Director of CIC biomaGUNE, leading the Biomolecular Nanotechnology Lab. She has published around 100 articles cited and has obtained several European grants, including an ERC Consolidator, ERC-PoC, and four FET-Open.<\/p><div class=\"\"><p style=\"text-align: justify;\"><img loading=\"lazy\" decoding=\"async\" class=\" wp-image-1750 alignleft\" src=\"https:\/\/sites.usp.br\/bswoc2023\/wp-content\/uploads\/sites\/1199\/2023\/01\/Biomol_nano_Logp-Aitziber-Lopez-Cortajarena-300x45.jpg\" alt=\"\" width=\"360\" height=\"54\" srcset=\"https:\/\/sites.usp.br\/bswoc2023\/wp-content\/uploads\/sites\/1199\/2023\/01\/Biomol_nano_Logp-Aitziber-Lopez-Cortajarena-300x45.jpg 300w, https:\/\/sites.usp.br\/bswoc2023\/wp-content\/uploads\/sites\/1199\/2023\/01\/Biomol_nano_Logp-Aitziber-Lopez-Cortajarena-1024x152.jpg 1024w, https:\/\/sites.usp.br\/bswoc2023\/wp-content\/uploads\/sites\/1199\/2023\/01\/Biomol_nano_Logp-Aitziber-Lopez-Cortajarena-500x74.jpg 500w, https:\/\/sites.usp.br\/bswoc2023\/wp-content\/uploads\/sites\/1199\/2023\/01\/Biomol_nano_Logp-Aitziber-Lopez-Cortajarena-768x114.jpg 768w, https:\/\/sites.usp.br\/bswoc2023\/wp-content\/uploads\/sites\/1199\/2023\/01\/Biomol_nano_Logp-Aitziber-Lopez-Cortajarena-400x59.jpg 400w, https:\/\/sites.usp.br\/bswoc2023\/wp-content\/uploads\/sites\/1199\/2023\/01\/Biomol_nano_Logp-Aitziber-Lopez-Cortajarena.jpg 1225w\" sizes=\"(max-width: 360px) 100vw, 360px\" \/>Her research group focuses on protein engineering toward the generation of functional nanostructures and bioinspired materials for applications in biotechnology and biomedicine, including catalysis, imaging, advanced therapies, sensing, bioelectronics and lighting among others. The main research lines are focused on the development of versatile platforms based on biomolecules and cover from the fundamental development of protein-based tools to the validation of biomolecule-based technologies in biomedical and technological applications.<\/p><\/div><p>Twitter account:\u00a0<a href=\"https:\/\/twitter.com\/BioMolNano_bmG?s=20&amp;t=QAHvUbzTTxY67lEICgU7QQ\">@BioMolNano_bmG<\/a>.<br \/>Website: <a href=\"http:\/\/personal.cicbiomagune.es\/alcortajarena\/index.php\">http:\/\/personal.cicbiomagune.es\/alcortajarena\/index.php<\/a><\/p><hr style=\"height: 2px; border-width: 0; color: gray; background-color: gray;\" \/><h5>\u00a0<\/h5><h5><strong>Dr. Fernando P. Coss\u00edo<\/strong><\/h5><p>University of the Basque Country (UPV\/EHU) &#8211; Full Professor of Organic Chemistry<\/p><p style=\"text-align: justify;\"><img loading=\"lazy\" decoding=\"async\" class=\" wp-image-1340 alignleft\" src=\"https:\/\/sites.usp.br\/bswoc2023\/wp-content\/uploads\/sites\/1199\/2023\/01\/\u252c\u00aejmbielsa_00084-Fernando-Cossio.jpg\" alt=\"\" width=\"151\" height=\"201\" \/>Professor Fernando P. Coss\u00edo obtained his PhD in 1986 at the University of the Basque Country (UPV\/EHU) under the supervision of Prof. Claudio Palomo. From 1987 to 1988 he carried out a postdoctoral stay with Prof. Jean-Paul Picard at the Centre National de la Recherche Scientifique (CNRS) in Talence (France). In 1993 he was a visiting scholar at the University of California Los Angeles (UCLA, USA) in the group of Prof. Kendall N. Houk. He has been Vice-Rector for Research and International Relations (2001-2004) of the UPV\/EHU. Since 2009 he has been appointed Scientific Director of Ikerbasque, the Basque Foundation for the Advancement of Science. Throughout his scientific career, he has received, among other distinctions, the following academic awards: Ignacio Rivas Award, granted by the group of Organic Chemistry of the Spanish Royal Society of Chemistry (2011). Janssen- Cilag Prize in Organic Chemistry (2013), Special Research Prize of the Royal Academy of Exact, Physical and Natural Sciences of Zaragoza (2016). In 2020 he received the Medal of the Spanish Royal Society of Chemistry, and joined the Chemistry Europe Fellows class of 2020\/21.<\/p><div class=\"\"><p style=\"text-align: justify;\">His research interests include different aspects of medicinal chemistry (design, chemical synthesis and validation of inhibitors of epigenetic enzymes), physical and computational chemistry (study of reaction mechanisms) and, more recently, the interface between supramolecular chemistry and particle physics (neutrinoless double beta decay nuclear reactions).<\/p><\/div><p>Twitter account: <a href=\"https:\/\/twitter.com\/cossiofp\">@CossioFp<\/a>.<br \/>Group website: <a href=\"https:\/\/www.ehu.eus\/es\/web\/qbmm\/hasiera \">https:\/\/www.ehu.eus\/es\/web\/qbmm\/hasiera<\/a><\/p><hr style=\"height: 2px; border-width: 0; color: gray; background-color: gray;\" \/>\t\t\t\t\t\t<\/div>\n\t\t\t\t<\/div>\n\t\t\t\t\t<\/div>\n\t\t<\/div>\n\t\t\t\t\t<\/div>\n\t\t<\/section>\n\t\t\t\t<\/div>\n\t\t","protected":false},"excerpt":{"rendered":"<p>Dr. Rosario Fern\u00e1ndez Full professor at the University of Seville. PhD degree in 1985 (University of Seville). Postdoctoral stage at the University of Paris-Sud (1986\u20131987). Associate Professor (1987) and then Full Professor (2008) at&#46;&#46;&#46;<\/p>\n","protected":false},"author":23314,"featured_media":0,"parent":0,"menu_order":0,"comment_status":"closed","ping_status":"closed","template":"","meta":{"footnotes":"","_links_to":"","_links_to_target":""},"class_list":["post-601","page","type-page","status-publish","hentry"],"yoast_head":"<!-- This site is optimized with the Yoast SEO plugin v27.3 - https:\/\/yoast.com\/product\/yoast-seo-wordpress\/ -->\n<title>From Spain - VII Brazil-Spain Workshop of Organic Chemistry<\/title>\n<meta name=\"robots\" content=\"index, follow, max-snippet:-1, max-image-preview:large, max-video-preview:-1\" \/>\n<link rel=\"canonical\" href=\"https:\/\/sites.usp.br\/bswoc2023\/from-spain\/\" \/>\n<meta name=\"twitter:label1\" content=\"Est. reading time\" \/>\n\t<meta name=\"twitter:data1\" content=\"7 minutes\" \/>\n<script type=\"application\/ld+json\" class=\"yoast-schema-graph\">{\"@context\":\"https:\\\/\\\/schema.org\",\"@graph\":[{\"@type\":\"WebPage\",\"@id\":\"https:\\\/\\\/sites.usp.br\\\/bswoc2023\\\/from-spain\\\/\",\"url\":\"https:\\\/\\\/sites.usp.br\\\/bswoc2023\\\/from-spain\\\/\",\"name\":\"From Spain - VII Brazil-Spain Workshop of Organic Chemistry\",\"isPartOf\":{\"@id\":\"https:\\\/\\\/sites.usp.br\\\/bswoc2023\\\/#website\"},\"primaryImageOfPage\":{\"@id\":\"https:\\\/\\\/sites.usp.br\\\/bswoc2023\\\/from-spain\\\/#primaryimage\"},\"image\":{\"@id\":\"https:\\\/\\\/sites.usp.br\\\/bswoc2023\\\/from-spain\\\/#primaryimage\"},\"thumbnailUrl\":\"https:\\\/\\\/sites.usp.br\\\/bswoc2023\\\/wp-content\\\/uploads\\\/sites\\\/1199\\\/2023\\\/01\\\/Rosario-Fernandez-Fernandez-300x297.jpg\",\"datePublished\":\"2022-11-22T16:23:50+00:00\",\"dateModified\":\"2023-01-25T19:32:09+00:00\",\"inLanguage\":\"en-US\",\"potentialAction\":[{\"@type\":\"ReadAction\",\"target\":[\"https:\\\/\\\/sites.usp.br\\\/bswoc2023\\\/from-spain\\\/\"]}]},{\"@type\":\"ImageObject\",\"inLanguage\":\"en-US\",\"@id\":\"https:\\\/\\\/sites.usp.br\\\/bswoc2023\\\/from-spain\\\/#primaryimage\",\"url\":\"https:\\\/\\\/sites.usp.br\\\/bswoc2023\\\/wp-content\\\/uploads\\\/sites\\\/1199\\\/2023\\\/01\\\/Rosario-Fernandez-Fernandez.jpg\",\"contentUrl\":\"https:\\\/\\\/sites.usp.br\\\/bswoc2023\\\/wp-content\\\/uploads\\\/sites\\\/1199\\\/2023\\\/01\\\/Rosario-Fernandez-Fernandez.jpg\",\"width\":662,\"height\":656},{\"@type\":\"WebSite\",\"@id\":\"https:\\\/\\\/sites.usp.br\\\/bswoc2023\\\/#website\",\"url\":\"https:\\\/\\\/sites.usp.br\\\/bswoc2023\\\/\",\"name\":\"VII Brazil-Spain Workshop of Organic Chemistry\",\"description\":\"7th Brazil-Spain Workshop Organic Chemistry will take place on July 10-12, 2023 in Ribeir\u00e3o Preto-SP, Brazil\",\"publisher\":{\"@id\":\"https:\\\/\\\/sites.usp.br\\\/bswoc2023\\\/#organization\"},\"potentialAction\":[{\"@type\":\"SearchAction\",\"target\":{\"@type\":\"EntryPoint\",\"urlTemplate\":\"https:\\\/\\\/sites.usp.br\\\/bswoc2023\\\/?s={search_term_string}\"},\"query-input\":{\"@type\":\"PropertyValueSpecification\",\"valueRequired\":true,\"valueName\":\"search_term_string\"}}],\"inLanguage\":\"en-US\"},{\"@type\":\"Organization\",\"@id\":\"https:\\\/\\\/sites.usp.br\\\/bswoc2023\\\/#organization\",\"name\":\"VII Brazil-Spain Workshop of Organic Chemistry\",\"url\":\"https:\\\/\\\/sites.usp.br\\\/bswoc2023\\\/\",\"logo\":{\"@type\":\"ImageObject\",\"inLanguage\":\"en-US\",\"@id\":\"https:\\\/\\\/sites.usp.br\\\/bswoc2023\\\/#\\\/schema\\\/logo\\\/image\\\/\",\"url\":\"https:\\\/\\\/sites.usp.br\\\/bswoc2023\\\/wp-content\\\/uploads\\\/sites\\\/1199\\\/2022\\\/11\\\/BSWOC2023logo.jpg\",\"contentUrl\":\"https:\\\/\\\/sites.usp.br\\\/bswoc2023\\\/wp-content\\\/uploads\\\/sites\\\/1199\\\/2022\\\/11\\\/BSWOC2023logo.jpg\",\"width\":789,\"height\":260,\"caption\":\"VII Brazil-Spain Workshop of Organic Chemistry\"},\"image\":{\"@id\":\"https:\\\/\\\/sites.usp.br\\\/bswoc2023\\\/#\\\/schema\\\/logo\\\/image\\\/\"}}]}<\/script>\n<!-- \/ Yoast SEO plugin. -->","yoast_head_json":{"title":"From Spain - VII Brazil-Spain Workshop of Organic Chemistry","robots":{"index":"index","follow":"follow","max-snippet":"max-snippet:-1","max-image-preview":"max-image-preview:large","max-video-preview":"max-video-preview:-1"},"canonical":"https:\/\/sites.usp.br\/bswoc2023\/from-spain\/","twitter_misc":{"Est. reading time":"7 minutes"},"schema":{"@context":"https:\/\/schema.org","@graph":[{"@type":"WebPage","@id":"https:\/\/sites.usp.br\/bswoc2023\/from-spain\/","url":"https:\/\/sites.usp.br\/bswoc2023\/from-spain\/","name":"From Spain - VII Brazil-Spain Workshop of Organic Chemistry","isPartOf":{"@id":"https:\/\/sites.usp.br\/bswoc2023\/#website"},"primaryImageOfPage":{"@id":"https:\/\/sites.usp.br\/bswoc2023\/from-spain\/#primaryimage"},"image":{"@id":"https:\/\/sites.usp.br\/bswoc2023\/from-spain\/#primaryimage"},"thumbnailUrl":"https:\/\/sites.usp.br\/bswoc2023\/wp-content\/uploads\/sites\/1199\/2023\/01\/Rosario-Fernandez-Fernandez-300x297.jpg","datePublished":"2022-11-22T16:23:50+00:00","dateModified":"2023-01-25T19:32:09+00:00","inLanguage":"en-US","potentialAction":[{"@type":"ReadAction","target":["https:\/\/sites.usp.br\/bswoc2023\/from-spain\/"]}]},{"@type":"ImageObject","inLanguage":"en-US","@id":"https:\/\/sites.usp.br\/bswoc2023\/from-spain\/#primaryimage","url":"https:\/\/sites.usp.br\/bswoc2023\/wp-content\/uploads\/sites\/1199\/2023\/01\/Rosario-Fernandez-Fernandez.jpg","contentUrl":"https:\/\/sites.usp.br\/bswoc2023\/wp-content\/uploads\/sites\/1199\/2023\/01\/Rosario-Fernandez-Fernandez.jpg","width":662,"height":656},{"@type":"WebSite","@id":"https:\/\/sites.usp.br\/bswoc2023\/#website","url":"https:\/\/sites.usp.br\/bswoc2023\/","name":"VII Brazil-Spain Workshop of Organic Chemistry","description":"7th Brazil-Spain Workshop Organic Chemistry will take place on July 10-12, 2023 in Ribeir\u00e3o Preto-SP, Brazil","publisher":{"@id":"https:\/\/sites.usp.br\/bswoc2023\/#organization"},"potentialAction":[{"@type":"SearchAction","target":{"@type":"EntryPoint","urlTemplate":"https:\/\/sites.usp.br\/bswoc2023\/?s={search_term_string}"},"query-input":{"@type":"PropertyValueSpecification","valueRequired":true,"valueName":"search_term_string"}}],"inLanguage":"en-US"},{"@type":"Organization","@id":"https:\/\/sites.usp.br\/bswoc2023\/#organization","name":"VII Brazil-Spain Workshop of Organic Chemistry","url":"https:\/\/sites.usp.br\/bswoc2023\/","logo":{"@type":"ImageObject","inLanguage":"en-US","@id":"https:\/\/sites.usp.br\/bswoc2023\/#\/schema\/logo\/image\/","url":"https:\/\/sites.usp.br\/bswoc2023\/wp-content\/uploads\/sites\/1199\/2022\/11\/BSWOC2023logo.jpg","contentUrl":"https:\/\/sites.usp.br\/bswoc2023\/wp-content\/uploads\/sites\/1199\/2022\/11\/BSWOC2023logo.jpg","width":789,"height":260,"caption":"VII Brazil-Spain Workshop of Organic Chemistry"},"image":{"@id":"https:\/\/sites.usp.br\/bswoc2023\/#\/schema\/logo\/image\/"}}]}},"_links":{"self":[{"href":"https:\/\/sites.usp.br\/bswoc2023\/wp-json\/wp\/v2\/pages\/601","targetHints":{"allow":["GET"]}}],"collection":[{"href":"https:\/\/sites.usp.br\/bswoc2023\/wp-json\/wp\/v2\/pages"}],"about":[{"href":"https:\/\/sites.usp.br\/bswoc2023\/wp-json\/wp\/v2\/types\/page"}],"author":[{"embeddable":true,"href":"https:\/\/sites.usp.br\/bswoc2023\/wp-json\/wp\/v2\/users\/23314"}],"replies":[{"embeddable":true,"href":"https:\/\/sites.usp.br\/bswoc2023\/wp-json\/wp\/v2\/comments?post=601"}],"version-history":[{"count":4,"href":"https:\/\/sites.usp.br\/bswoc2023\/wp-json\/wp\/v2\/pages\/601\/revisions"}],"predecessor-version":[{"id":1760,"href":"https:\/\/sites.usp.br\/bswoc2023\/wp-json\/wp\/v2\/pages\/601\/revisions\/1760"}],"wp:attachment":[{"href":"https:\/\/sites.usp.br\/bswoc2023\/wp-json\/wp\/v2\/media?parent=601"}],"curies":[{"name":"wp","href":"https:\/\/api.w.org\/{rel}","templated":true}]}}