{"id":618,"date":"2022-11-22T13:43:17","date_gmt":"2022-11-22T16:43:17","guid":{"rendered":"https:\/\/sites.usp.br\/bswoc2023\/?page_id=618"},"modified":"2023-01-12T07:17:09","modified_gmt":"2023-01-12T10:17:09","slug":"useful-information","status":"publish","type":"page","link":"https:\/\/sites.usp.br\/bswoc2023\/useful-information\/","title":{"rendered":"Useful information"},"content":{"rendered":"\t\t<div data-elementor-type=\"wp-page\" data-elementor-id=\"618\" class=\"elementor elementor-618\" data-elementor-post-type=\"page\">\n\t\t\t\t\t\t<section class=\"elementor-section elementor-top-section elementor-element elementor-element-2155c09 elementor-section-boxed elementor-section-height-default elementor-section-height-default\" data-id=\"2155c09\" data-element_type=\"section\">\n\t\t\t\t\t\t<div class=\"elementor-container elementor-column-gap-default\">\n\t\t\t\t\t<div class=\"elementor-column elementor-col-100 elementor-top-column elementor-element elementor-element-3fd4db7\" data-id=\"3fd4db7\" data-element_type=\"column\">\n\t\t\t<div class=\"elementor-widget-wrap elementor-element-populated\">\n\t\t\t\t\t\t<div class=\"elementor-element elementor-element-d454112 elementor-widget elementor-widget-text-editor\" data-id=\"d454112\" data-element_type=\"widget\" data-widget_type=\"text-editor.default\">\n\t\t\t\t<div class=\"elementor-widget-container\">\n\t\t\t\t\t\t\t<p><strong>General information<\/strong><\/p><p style=\"text-align: justify;\">Ribeir\u00e3o Preto is 314 Km away from the city of S\u00e3o Paulo and the seventh most populated city in the state of S\u00e3o Paulo with a population of <a href=\"https:\/\/www.ibge.gov.br\/cidades-e-estados\/sp\/ribeirao-preto.html\">720,116 inhabitants<\/a>.\u00a0<strong>It is a considerably warm city during almost the entire year<\/strong>. <strong>It is important to note that the air humidity is quite low with rare rainy days, so it is crucial to stay hydrated.<\/strong><\/p><p style=\"text-align: justify;\">Please be aware that the type N plug <img decoding=\"async\" class=\"wp-image-1600 alignright\" src=\"https:\/\/sites.usp.br\/bswoc2023\/wp-content\/uploads\/sites\/1199\/2023\/01\/type-N-socket-and-plug-bswoc.png\" alt=\"\" width=\"108\" height=\"108\" srcset=\"https:\/\/sites.usp.br\/bswoc2023\/wp-content\/uploads\/sites\/1199\/2023\/01\/type-N-socket-and-plug-bswoc.png 200w, https:\/\/sites.usp.br\/bswoc2023\/wp-content\/uploads\/sites\/1199\/2023\/01\/type-N-socket-and-plug-bswoc-160x160.png 160w, https:\/\/sites.usp.br\/bswoc2023\/wp-content\/uploads\/sites\/1199\/2023\/01\/type-N-socket-and-plug-bswoc-320x320.png 320w, https:\/\/sites.usp.br\/bswoc2023\/wp-content\/uploads\/sites\/1199\/2023\/01\/type-N-socket-and-plug-bswoc-45x45.png 45w\" sizes=\"(max-width: 108px) 100vw, 108px\" \/>and socket are the standard in Brazil and the main voltage may be 127V or 220V depending on where you may be staying in Ribeir\u00e3o Preto (there are places where you may find both).<\/p><p style=\"text-align: justify;\">\u00a0<strong>How to get to Ribeir\u00e3o Preto-SP<\/strong><\/p><p style=\"text-align: justify;\"><strong><img decoding=\"async\" class=\" wp-image-1625 alignleft\" src=\"https:\/\/sites.usp.br\/bswoc2023\/wp-content\/uploads\/sites\/1199\/2023\/01\/airplane-300x300.png\" alt=\"\" width=\"120\" height=\"120\" srcset=\"https:\/\/sites.usp.br\/bswoc2023\/wp-content\/uploads\/sites\/1199\/2023\/01\/airplane-300x300.png 300w, https:\/\/sites.usp.br\/bswoc2023\/wp-content\/uploads\/sites\/1199\/2023\/01\/airplane-260x260.png 260w, https:\/\/sites.usp.br\/bswoc2023\/wp-content\/uploads\/sites\/1199\/2023\/01\/airplane-160x160.png 160w, https:\/\/sites.usp.br\/bswoc2023\/wp-content\/uploads\/sites\/1199\/2023\/01\/airplane-320x320.png 320w, https:\/\/sites.usp.br\/bswoc2023\/wp-content\/uploads\/sites\/1199\/2023\/01\/airplane-45x45.png 45w, https:\/\/sites.usp.br\/bswoc2023\/wp-content\/uploads\/sites\/1199\/2023\/01\/airplane-200x200.png 200w, https:\/\/sites.usp.br\/bswoc2023\/wp-content\/uploads\/sites\/1199\/2023\/01\/airplane-400x400.png 400w, https:\/\/sites.usp.br\/bswoc2023\/wp-content\/uploads\/sites\/1199\/2023\/01\/airplane.png 512w\" sizes=\"(max-width: 120px) 100vw, 120px\" \/>1. By plane<\/strong><\/p><p style=\"text-align: justify;\">The state capital of S\u00e3o Paulo has two major airports, Congonhas Airport (CGH) for domestic flights and the Guarulhos International Airport &#8211; Governador Andr\u00e9 Franco Montoro (GRU) for the international ones. After arriving at CGH or GRU, you can take a second flight to Ribeir\u00e3o Preto Airport &#8220;State Airport Doutor Leite Lopes&#8221;(RAO), from where you may request a taxi or an uber driver.<\/p><p style=\"text-align: justify;\">From CGH to RAO (Flight companies):<\/p><ul style=\"text-align: justify;\"><li>VOEPASS Website: <a href=\"https:\/\/www.voepass.com.br\/Ecommerce\/FlightSearch.aspx?culture=en&amp;Currency=3\">https:\/\/www.voepass.com.br\/empresa\/site\/;<\/a><\/li><li>Azul Airlines Website: <a href=\"https:\/\/www.voeazul.com.br\/mobile\/en\/home\">https:\/\/www.voeazul.com.br\/mobile\/en\/home;<\/a><\/li><li>Gol Website: <a href=\"https:\/\/www.voegol.com.br\/en-us\">https:\/\/www.voegol.com.br\/en-us.<\/a><\/li><\/ul><p style=\"text-align: justify;\">From GRU to RAO (Flight companies):<\/p><ul style=\"text-align: justify;\"><li>LATAM Airlines Website: <a href=\"https:\/\/www.latamairlines.com\/us\/en\">https:\/\/www.latamairlines.com\/us\/en<\/a>;<\/li><li>Gol Website: <a href=\"https:\/\/www.voegol.com.br\/en-us\">https:\/\/www.voegol.com.br\/en-us.<\/a><\/li><\/ul><p style=\"text-align: justify;\">To check arrival and departure information, please<a href=\"https:\/\/www.gru.com.br\/en\/passenger\/flights\"> click here for GRU.\u00a0<\/a><\/p><p style=\"text-align: justify;\">Additionally, there are direct flights from Rio de Janeiro (Santos Dumont Airport, SDU) and Belo Horizonte (Tancredo Neves International Airport, CNF) to Ribeir\u00e3o Preto Airport.<\/p><p style=\"text-align: justify;\">From SDU to RAO (Flight companies):<\/p><ul style=\"text-align: justify;\"><li>VOEPASS Website: <a href=\"https:\/\/www.voepass.com.br\/Ecommerce\/FlightSearch.aspx?culture=en&amp;Currency=3\">https:\/\/www.voepass.com.br\/empresa\/site\/;<\/a><\/li><li>Gol Website: <a href=\"https:\/\/www.voegol.com.br\/en-us\">https:\/\/www.voegol.com.br\/en-us.<\/a><\/li><\/ul><p style=\"text-align: justify;\">From CNF to RAO:<\/p><ul style=\"text-align: justify;\"><li>Azul Airlines Website: <a href=\"https:\/\/www.voeazul.com.br\/mobile\/en\/home\">https:\/\/www.voeazul.com.br\/mobile\/en\/home.<\/a><\/li><\/ul><p style=\"text-align: justify;\"><strong><img decoding=\"async\" class=\" wp-image-1626 alignleft\" src=\"https:\/\/sites.usp.br\/bswoc2023\/wp-content\/uploads\/sites\/1199\/2023\/01\/bus-300x300.png\" alt=\"\" width=\"133\" height=\"133\" srcset=\"https:\/\/sites.usp.br\/bswoc2023\/wp-content\/uploads\/sites\/1199\/2023\/01\/bus-300x300.png 300w, https:\/\/sites.usp.br\/bswoc2023\/wp-content\/uploads\/sites\/1199\/2023\/01\/bus-260x260.png 260w, https:\/\/sites.usp.br\/bswoc2023\/wp-content\/uploads\/sites\/1199\/2023\/01\/bus-160x160.png 160w, https:\/\/sites.usp.br\/bswoc2023\/wp-content\/uploads\/sites\/1199\/2023\/01\/bus-320x320.png 320w, https:\/\/sites.usp.br\/bswoc2023\/wp-content\/uploads\/sites\/1199\/2023\/01\/bus-45x45.png 45w, https:\/\/sites.usp.br\/bswoc2023\/wp-content\/uploads\/sites\/1199\/2023\/01\/bus-200x200.png 200w, https:\/\/sites.usp.br\/bswoc2023\/wp-content\/uploads\/sites\/1199\/2023\/01\/bus-400x400.png 400w, https:\/\/sites.usp.br\/bswoc2023\/wp-content\/uploads\/sites\/1199\/2023\/01\/bus.png 512w\" sizes=\"(max-width: 133px) 100vw, 133px\" \/>2. By Bus<\/strong><\/p><p style=\"text-align: justify;\">It is possible to take a shuttle bus called Airport Bus Service (blue and red) from both airports in the city of S\u00e3o Paulo, GRU and CGH, to the Tiet\u00ea Bus Station, from where you may take a second bus to Ribeir\u00e3o Preto. There are two bus companies that cover this route, <a href=\"https:\/\/www.rapidoribeiraopreto.com.br\">R\u00e1pido Ribeir\u00e3o Preto<\/a> and <a href=\"https:\/\/www.viacaocometa.com.br\/\">Via\u00e7\u00e3o Cometa<\/a>.<\/p><p>\u00a0<\/p><p style=\"text-align: justify;\"><strong>What to do in the city<\/strong><\/p><p style=\"text-align: justify;\">There is always a great variety of events taking place in Ribeir\u00e3o Preto. A great website to look for something to do while being in the city is <a href=\"https:\/\/varaldiverso.com.br\/\">&#8220;Varal diverso&#8221;<\/a>. As a suggestion, it is worth visiting the <span id=\"page26R_mcid428\" class=\"markedContent\"><span dir=\"ltr\" role=\"presentation\"><a href=\"https:\/\/www.theatropedro2.com.br\/\">Pedro II Theater<\/a>, an opera house <\/span><\/span><span id=\"page26R_mcid429\" class=\"markedContent\"><span dir=\"ltr\" role=\"presentation\">downtown that hosts varied presentations.<\/span><\/span><\/p>\t\t\t\t\t\t<\/div>\n\t\t\t\t<\/div>\n\t\t\t\t\t<\/div>\n\t\t<\/div>\n\t\t\t\t\t<\/div>\n\t\t<\/section>\n\t\t\t\t<\/div>\n\t\t","protected":false},"excerpt":{"rendered":"<p>General information Ribeir\u00e3o Preto is 314 Km away from the city of S\u00e3o Paulo and the seventh most populated city in the state of S\u00e3o Paulo with a population of 720,116 inhabitants.\u00a0It is a&#46;&#46;&#46;<\/p>\n","protected":false},"author":23314,"featured_media":0,"parent":0,"menu_order":0,"comment_status":"closed","ping_status":"closed","template":"","meta":{"footnotes":"","_links_to":"","_links_to_target":""},"class_list":["post-618","page","type-page","status-publish","hentry"],"yoast_head":"<!-- This site is optimized with the Yoast SEO plugin v27.3 - https:\/\/yoast.com\/product\/yoast-seo-wordpress\/ -->\n<title>Useful information - VII Brazil-Spain Workshop of Organic Chemistry<\/title>\n<meta name=\"robots\" content=\"index, follow, max-snippet:-1, max-image-preview:large, max-video-preview:-1\" \/>\n<link rel=\"canonical\" href=\"https:\/\/sites.usp.br\/bswoc2023\/useful-information\/\" \/>\n<meta name=\"twitter:label1\" content=\"Est. reading time\" \/>\n\t<meta name=\"twitter:data1\" content=\"2 minutes\" \/>\n<script type=\"application\/ld+json\" class=\"yoast-schema-graph\">{\"@context\":\"https:\\\/\\\/schema.org\",\"@graph\":[{\"@type\":\"WebPage\",\"@id\":\"https:\\\/\\\/sites.usp.br\\\/bswoc2023\\\/useful-information\\\/\",\"url\":\"https:\\\/\\\/sites.usp.br\\\/bswoc2023\\\/useful-information\\\/\",\"name\":\"Useful information - VII Brazil-Spain Workshop of Organic Chemistry\",\"isPartOf\":{\"@id\":\"https:\\\/\\\/sites.usp.br\\\/bswoc2023\\\/#website\"},\"primaryImageOfPage\":{\"@id\":\"https:\\\/\\\/sites.usp.br\\\/bswoc2023\\\/useful-information\\\/#primaryimage\"},\"image\":{\"@id\":\"https:\\\/\\\/sites.usp.br\\\/bswoc2023\\\/useful-information\\\/#primaryimage\"},\"thumbnailUrl\":\"https:\\\/\\\/sites.usp.br\\\/bswoc2023\\\/wp-content\\\/uploads\\\/sites\\\/1199\\\/2023\\\/01\\\/type-N-socket-and-plug-bswoc.png\",\"datePublished\":\"2022-11-22T16:43:17+00:00\",\"dateModified\":\"2023-01-12T10:17:09+00:00\",\"inLanguage\":\"en-US\",\"potentialAction\":[{\"@type\":\"ReadAction\",\"target\":[\"https:\\\/\\\/sites.usp.br\\\/bswoc2023\\\/useful-information\\\/\"]}]},{\"@type\":\"ImageObject\",\"inLanguage\":\"en-US\",\"@id\":\"https:\\\/\\\/sites.usp.br\\\/bswoc2023\\\/useful-information\\\/#primaryimage\",\"url\":\"https:\\\/\\\/sites.usp.br\\\/bswoc2023\\\/wp-content\\\/uploads\\\/sites\\\/1199\\\/2023\\\/01\\\/type-N-socket-and-plug-bswoc.png\",\"contentUrl\":\"https:\\\/\\\/sites.usp.br\\\/bswoc2023\\\/wp-content\\\/uploads\\\/sites\\\/1199\\\/2023\\\/01\\\/type-N-socket-and-plug-bswoc.png\",\"width\":200,\"height\":200},{\"@type\":\"WebSite\",\"@id\":\"https:\\\/\\\/sites.usp.br\\\/bswoc2023\\\/#website\",\"url\":\"https:\\\/\\\/sites.usp.br\\\/bswoc2023\\\/\",\"name\":\"VII Brazil-Spain Workshop of Organic Chemistry\",\"description\":\"7th Brazil-Spain Workshop Organic Chemistry will take place on July 10-12, 2023 in Ribeir\u00e3o Preto-SP, Brazil\",\"publisher\":{\"@id\":\"https:\\\/\\\/sites.usp.br\\\/bswoc2023\\\/#organization\"},\"potentialAction\":[{\"@type\":\"SearchAction\",\"target\":{\"@type\":\"EntryPoint\",\"urlTemplate\":\"https:\\\/\\\/sites.usp.br\\\/bswoc2023\\\/?s={search_term_string}\"},\"query-input\":{\"@type\":\"PropertyValueSpecification\",\"valueRequired\":true,\"valueName\":\"search_term_string\"}}],\"inLanguage\":\"en-US\"},{\"@type\":\"Organization\",\"@id\":\"https:\\\/\\\/sites.usp.br\\\/bswoc2023\\\/#organization\",\"name\":\"VII Brazil-Spain Workshop of Organic Chemistry\",\"url\":\"https:\\\/\\\/sites.usp.br\\\/bswoc2023\\\/\",\"logo\":{\"@type\":\"ImageObject\",\"inLanguage\":\"en-US\",\"@id\":\"https:\\\/\\\/sites.usp.br\\\/bswoc2023\\\/#\\\/schema\\\/logo\\\/image\\\/\",\"url\":\"https:\\\/\\\/sites.usp.br\\\/bswoc2023\\\/wp-content\\\/uploads\\\/sites\\\/1199\\\/2022\\\/11\\\/BSWOC2023logo.jpg\",\"contentUrl\":\"https:\\\/\\\/sites.usp.br\\\/bswoc2023\\\/wp-content\\\/uploads\\\/sites\\\/1199\\\/2022\\\/11\\\/BSWOC2023logo.jpg\",\"width\":789,\"height\":260,\"caption\":\"VII Brazil-Spain Workshop of Organic Chemistry\"},\"image\":{\"@id\":\"https:\\\/\\\/sites.usp.br\\\/bswoc2023\\\/#\\\/schema\\\/logo\\\/image\\\/\"}}]}<\/script>\n<!-- \/ Yoast SEO plugin. -->","yoast_head_json":{"title":"Useful information - VII Brazil-Spain Workshop of Organic Chemistry","robots":{"index":"index","follow":"follow","max-snippet":"max-snippet:-1","max-image-preview":"max-image-preview:large","max-video-preview":"max-video-preview:-1"},"canonical":"https:\/\/sites.usp.br\/bswoc2023\/useful-information\/","twitter_misc":{"Est. reading time":"2 minutes"},"schema":{"@context":"https:\/\/schema.org","@graph":[{"@type":"WebPage","@id":"https:\/\/sites.usp.br\/bswoc2023\/useful-information\/","url":"https:\/\/sites.usp.br\/bswoc2023\/useful-information\/","name":"Useful information - VII Brazil-Spain Workshop of Organic Chemistry","isPartOf":{"@id":"https:\/\/sites.usp.br\/bswoc2023\/#website"},"primaryImageOfPage":{"@id":"https:\/\/sites.usp.br\/bswoc2023\/useful-information\/#primaryimage"},"image":{"@id":"https:\/\/sites.usp.br\/bswoc2023\/useful-information\/#primaryimage"},"thumbnailUrl":"https:\/\/sites.usp.br\/bswoc2023\/wp-content\/uploads\/sites\/1199\/2023\/01\/type-N-socket-and-plug-bswoc.png","datePublished":"2022-11-22T16:43:17+00:00","dateModified":"2023-01-12T10:17:09+00:00","inLanguage":"en-US","potentialAction":[{"@type":"ReadAction","target":["https:\/\/sites.usp.br\/bswoc2023\/useful-information\/"]}]},{"@type":"ImageObject","inLanguage":"en-US","@id":"https:\/\/sites.usp.br\/bswoc2023\/useful-information\/#primaryimage","url":"https:\/\/sites.usp.br\/bswoc2023\/wp-content\/uploads\/sites\/1199\/2023\/01\/type-N-socket-and-plug-bswoc.png","contentUrl":"https:\/\/sites.usp.br\/bswoc2023\/wp-content\/uploads\/sites\/1199\/2023\/01\/type-N-socket-and-plug-bswoc.png","width":200,"height":200},{"@type":"WebSite","@id":"https:\/\/sites.usp.br\/bswoc2023\/#website","url":"https:\/\/sites.usp.br\/bswoc2023\/","name":"VII Brazil-Spain Workshop of Organic Chemistry","description":"7th Brazil-Spain Workshop Organic Chemistry will take place on July 10-12, 2023 in Ribeir\u00e3o Preto-SP, Brazil","publisher":{"@id":"https:\/\/sites.usp.br\/bswoc2023\/#organization"},"potentialAction":[{"@type":"SearchAction","target":{"@type":"EntryPoint","urlTemplate":"https:\/\/sites.usp.br\/bswoc2023\/?s={search_term_string}"},"query-input":{"@type":"PropertyValueSpecification","valueRequired":true,"valueName":"search_term_string"}}],"inLanguage":"en-US"},{"@type":"Organization","@id":"https:\/\/sites.usp.br\/bswoc2023\/#organization","name":"VII Brazil-Spain Workshop of Organic Chemistry","url":"https:\/\/sites.usp.br\/bswoc2023\/","logo":{"@type":"ImageObject","inLanguage":"en-US","@id":"https:\/\/sites.usp.br\/bswoc2023\/#\/schema\/logo\/image\/","url":"https:\/\/sites.usp.br\/bswoc2023\/wp-content\/uploads\/sites\/1199\/2022\/11\/BSWOC2023logo.jpg","contentUrl":"https:\/\/sites.usp.br\/bswoc2023\/wp-content\/uploads\/sites\/1199\/2022\/11\/BSWOC2023logo.jpg","width":789,"height":260,"caption":"VII Brazil-Spain Workshop of Organic Chemistry"},"image":{"@id":"https:\/\/sites.usp.br\/bswoc2023\/#\/schema\/logo\/image\/"}}]}},"_links":{"self":[{"href":"https:\/\/sites.usp.br\/bswoc2023\/wp-json\/wp\/v2\/pages\/618","targetHints":{"allow":["GET"]}}],"collection":[{"href":"https:\/\/sites.usp.br\/bswoc2023\/wp-json\/wp\/v2\/pages"}],"about":[{"href":"https:\/\/sites.usp.br\/bswoc2023\/wp-json\/wp\/v2\/types\/page"}],"author":[{"embeddable":true,"href":"https:\/\/sites.usp.br\/bswoc2023\/wp-json\/wp\/v2\/users\/23314"}],"replies":[{"embeddable":true,"href":"https:\/\/sites.usp.br\/bswoc2023\/wp-json\/wp\/v2\/comments?post=618"}],"version-history":[{"count":4,"href":"https:\/\/sites.usp.br\/bswoc2023\/wp-json\/wp\/v2\/pages\/618\/revisions"}],"predecessor-version":[{"id":1672,"href":"https:\/\/sites.usp.br\/bswoc2023\/wp-json\/wp\/v2\/pages\/618\/revisions\/1672"}],"wp:attachment":[{"href":"https:\/\/sites.usp.br\/bswoc2023\/wp-json\/wp\/v2\/media?parent=618"}],"curies":[{"name":"wp","href":"https:\/\/api.w.org\/{rel}","templated":true}]}}