{"id":512,"date":"2018-01-23T19:32:42","date_gmt":"2018-01-23T21:32:42","guid":{"rendered":"http:\/\/sites.usp.br\/businessandcrime\/?page_id=512"},"modified":"2020-03-03T20:01:13","modified_gmt":"2020-03-03T23:01:13","slug":"data-base","status":"publish","type":"page","link":"https:\/\/sites.usp.br\/businessandcrime\/data-base\/","title":{"rendered":"Data base"},"content":{"rendered":"<p class=\"mentions-texteditor__content\">COMPLIANCE &#8211; Curso Internacional IBCCRIM-Coimbra (In\u00edcio 06.05)<\/p>\n<p class=\"mentions-texteditor__content\">*Info: https:\/\/www.ibccrim.org.br\/compliance2020<\/p>\n<p>&nbsp;<\/p>\n<p>&nbsp;<\/p>\n<p>&nbsp;<\/p>\n<p>V Seminario Internacional TCE-SP<\/p>\n<p>https:\/\/www.youtube.com\/watch?v=_2sDVATKwzM&#038;t=10829s<\/p>\n<p>&nbsp;<\/p>\n<p>Palestra Compliance &#8211; Escola Superior Minist\u00e9rio P\u00fablico de Goi\u00e1s<\/p>\n<p><iframe loading=\"lazy\" title=\"Palestra Compliance (02 de agosto de 2019)\" width=\"500\" height=\"375\" src=\"https:\/\/www.youtube.com\/embed\/W9v6qBcMwL4?feature=oembed\" frameborder=\"0\" allow=\"accelerometer; autoplay; clipboard-write; encrypted-media; gyroscope; picture-in-picture; web-share\" referrerpolicy=\"strict-origin-when-cross-origin\" allowfullscreen><\/iframe><\/p>\n<p>&nbsp;<\/p>\n<p>&nbsp;<\/p>\n<p>IV Semin\u00e1rio Internacional Boa Governan\u00e7a no Setor P\u00fablico &#8211; TCE-SP<\/p>\n<p><iframe loading=\"lazy\" title=\"IV Semin\u00e1rio Internacional Boa Governan\u00e7a no Setor P\u00fablico - 29\/08\/2018\" width=\"500\" height=\"281\" src=\"https:\/\/www.youtube.com\/embed\/k8n5LfXLOtI?feature=oembed\" frameborder=\"0\" allow=\"accelerometer; autoplay; clipboard-write; encrypted-media; gyroscope; picture-in-picture; web-share\" referrerpolicy=\"strict-origin-when-cross-origin\" allowfullscreen><\/iframe><\/p>\n<p>&nbsp;<\/p>\n<p><a href=\"http:\/\/sites.usp.br\/businessandcrime\/usp-analysis-food-safety\/\">USP Analyzes: Food Safety<\/a><\/p>\n<p>B&amp;C members comment on Weak Flesh Operation and its relations to food safety control.<\/p>\n<div id=\"fullpost\" class=\"entry-content\">\n<div class=\"post_content\">\u00a0&#8212;<\/div>\n<p><a href=\"http:\/\/sites.usp.br\/businessandcrime\/seminar-compliance-programs\/\">Seminar of Compliance Programs<\/a><\/p>\n<p>Professor Eduardo Saad-Diniz lecture in Brazilian Super Court of Justice about compliance programs role.<\/p>\n<\/div>\n<p>&#8212;<\/p>\n<p><a href=\"http:\/\/sites.usp.br\/businessandcrime\/usp-analyzes-samarco-case\/\">USP Analyzes:\u00a0Samarco Case<\/a><\/p>\n<p>B&amp;C member comment of the Samarco Case legal consequences.<\/p>\n<p>&#8212;<\/p>\n<p><a href=\"http:\/\/sites.usp.br\/businessandcrime\/conference-court-accounts-state-sao-paulo\/\">Corruption prevention<\/a><\/p>\n<p>Professor Eduardo Saad-Diniz lecture at the Court of Accounts of the State of S\u00e3o Paulo.<\/p>\n<p>&#8212;<\/p>\n<p><a href=\"http:\/\/sites.usp.br\/businessandcrime\/international-seminar-good-governance-public-sector\/\">International Seminar of Good Governance in the Public Sector<\/a><\/p>\n<p>&#8212;<\/p>\n<p>O ensino da bio\u00e9tica nos cursos de gradua\u00e7\u00e3o<\/p>\n<p>http:\/\/iptv.usp.br\/portal\/video.action;jsessionid=9D33E72BA80F8B1A874231B26B44BBE1?idItem=32974&#038;idVideoVersion=29294<\/p>\n<p>&#8212;<\/p>\n<p>2o. Semin\u00e1rio de Direito Econ\u00f4mico FDRP\/USP<\/p>\n<p>http:\/\/iptv.usp.br\/portal\/video.action;jsessionid=4D29232890734ECEA539081E2511246A?idItem=38065&#038;idVideoVersion=46539<\/p>\n<p>&nbsp;<\/p>\n<p>&#8212;<\/p>\n<p>Compliance como ferramenta de gest\u00e3o<\/p>\n<p><iframe loading=\"lazy\" title=\"Compliance como ferramenta de gest\u00e3o | Minuto CRECI: Entrevistas\" width=\"500\" height=\"281\" src=\"https:\/\/www.youtube.com\/embed\/zbD-08mXWbY?feature=oembed\" frameborder=\"0\" allow=\"accelerometer; autoplay; clipboard-write; encrypted-media; gyroscope; picture-in-picture; web-share\" referrerpolicy=\"strict-origin-when-cross-origin\" allowfullscreen><\/iframe><\/p>\n<p>&nbsp;<\/p>\n<p>&#8212;<\/p>\n<p>Governan\u00e7a e Compliance: Estrat\u00e9gias de Preven\u00e7\u00e3o \u00e0 Corrup\u00e7\u00e3o FDRP\/USP (Edital PRP 473\/2016)<\/p>\n<p>http:\/\/iptv.usp.br\/portal\/video.action?idItem=35176<\/p>\n<p>http:\/\/iptv.usp.br\/portal\/video.action;jsessionid=06AEB6E25EB56F86A4077EB35ECB434C?idItem=35176&#038;idVideoVersion=31148<\/p>\n<p>&nbsp;<\/p>\n<p>&#8212;<\/p>\n<p>Strategic Workshop \u2013 Governan\u00e7a, Risco e Compliance realizado no dia 14\/04\/2016 no audit\u00f3rio da Faculdade de Direito de Ribeir\u00e3o Preto &#8211; USP<\/p>\n<p>I) http:\/\/iptv.usp.br\/portal\/video.action?idItem=33156<\/p>\n<p>II) https:\/\/iptv.usp.br\/portal\/video.action;jsessionid=37B363661A6B47EF496A9C502662E91D?idItem=33163&amp;idVideoVersion=29440<\/p>\n<p>&nbsp;<\/p>\n<p>&nbsp;<\/p>\n","protected":false},"excerpt":{"rendered":"<p>COMPLIANCE &#8211; Curso Internacional IBCCRIM-Coimbra (In\u00edcio 06.05) *Info: https:\/\/www.ibccrim.org.br\/compliance2020 &nbsp; &nbsp; &nbsp; V Seminario Internacional [&hellip;]<\/p>\n","protected":false},"author":523,"featured_media":0,"parent":0,"menu_order":0,"comment_status":"closed","ping_status":"closed","template":"","meta":{"footnotes":"","_links_to":"","_links_to_target":""},"class_list":["post-512","page","type-page","status-publish","hentry"],"_links":{"self":[{"href":"https:\/\/sites.usp.br\/businessandcrime\/wp-json\/wp\/v2\/pages\/512","targetHints":{"allow":["GET"]}}],"collection":[{"href":"https:\/\/sites.usp.br\/businessandcrime\/wp-json\/wp\/v2\/pages"}],"about":[{"href":"https:\/\/sites.usp.br\/businessandcrime\/wp-json\/wp\/v2\/types\/page"}],"author":[{"embeddable":true,"href":"https:\/\/sites.usp.br\/businessandcrime\/wp-json\/wp\/v2\/users\/523"}],"replies":[{"embeddable":true,"href":"https:\/\/sites.usp.br\/businessandcrime\/wp-json\/wp\/v2\/comments?post=512"}],"version-history":[{"count":5,"href":"https:\/\/sites.usp.br\/businessandcrime\/wp-json\/wp\/v2\/pages\/512\/revisions"}],"predecessor-version":[{"id":1371,"href":"https:\/\/sites.usp.br\/businessandcrime\/wp-json\/wp\/v2\/pages\/512\/revisions\/1371"}],"wp:attachment":[{"href":"https:\/\/sites.usp.br\/businessandcrime\/wp-json\/wp\/v2\/media?parent=512"}],"curies":[{"name":"wp","href":"https:\/\/api.w.org\/{rel}","templated":true}]}}