{"id":723,"date":"2018-07-17T21:52:22","date_gmt":"2018-07-18T00:52:22","guid":{"rendered":"http:\/\/sites.usp.br\/businessandcrime\/?page_id=723"},"modified":"2018-07-17T21:55:31","modified_gmt":"2018-07-18T00:55:31","slug":"seminar-compliance-programs","status":"publish","type":"page","link":"https:\/\/sites.usp.br\/businessandcrime\/seminar-compliance-programs\/","title":{"rendered":"Seminar of Compliance Programs"},"content":{"rendered":"<p><strong>Seminar of Compliance Programs<\/strong><\/p>\n<p>Conference organized by the National School of Judges (Escola Nacional de Forma\u00e7\u00e3o e Aperfei\u00e7oamento dos Magistrados &#8211; ENFAM), Professor Ana Fraz\u00e3o and Minister Ricardo Villas B\u00f4as Cueva.<\/p>\n<p>Event took place at the\u00a0Brazilian\u00a0Superior Court of Justice (Superior Tribunal de Justi\u00e7a) in October 27th, 2017.<\/p>\n<p>For Professor Eduardo Saad-Diniz&#8217;s speech watch\u00a0from minute 6:10:10 on:<\/p>\n<p><iframe loading=\"lazy\" title=\"Semin\u00e1rio Programas de Compliance\" width=\"500\" height=\"375\" src=\"https:\/\/www.youtube.com\/embed\/nSm0vZSa-CI?start=23335&#038;feature=oembed\" frameborder=\"0\" allow=\"accelerometer; autoplay; clipboard-write; encrypted-media; gyroscope; picture-in-picture; web-share\" referrerpolicy=\"strict-origin-when-cross-origin\" allowfullscreen><\/iframe><\/p>\n","protected":false},"excerpt":{"rendered":"<p>Seminar of Compliance Programs Conference organized by the National School of Judges (Escola Nacional de [&hellip;]<\/p>\n","protected":false},"author":523,"featured_media":0,"parent":0,"menu_order":0,"comment_status":"closed","ping_status":"closed","template":"","meta":{"footnotes":"","_links_to":"","_links_to_target":""},"class_list":["post-723","page","type-page","status-publish","hentry"],"_links":{"self":[{"href":"https:\/\/sites.usp.br\/businessandcrime\/wp-json\/wp\/v2\/pages\/723","targetHints":{"allow":["GET"]}}],"collection":[{"href":"https:\/\/sites.usp.br\/businessandcrime\/wp-json\/wp\/v2\/pages"}],"about":[{"href":"https:\/\/sites.usp.br\/businessandcrime\/wp-json\/wp\/v2\/types\/page"}],"author":[{"embeddable":true,"href":"https:\/\/sites.usp.br\/businessandcrime\/wp-json\/wp\/v2\/users\/523"}],"replies":[{"embeddable":true,"href":"https:\/\/sites.usp.br\/businessandcrime\/wp-json\/wp\/v2\/comments?post=723"}],"version-history":[{"count":1,"href":"https:\/\/sites.usp.br\/businessandcrime\/wp-json\/wp\/v2\/pages\/723\/revisions"}],"predecessor-version":[{"id":724,"href":"https:\/\/sites.usp.br\/businessandcrime\/wp-json\/wp\/v2\/pages\/723\/revisions\/724"}],"wp:attachment":[{"href":"https:\/\/sites.usp.br\/businessandcrime\/wp-json\/wp\/v2\/media?parent=723"}],"curies":[{"name":"wp","href":"https:\/\/api.w.org\/{rel}","templated":true}]}}