{"id":2907,"date":"2022-07-27T21:42:08","date_gmt":"2022-07-28T00:42:08","guid":{"rendered":"https:\/\/sites.usp.br\/c-nikkei\/?page_id=2907"},"modified":"2025-03-20T00:46:43","modified_gmt":"2025-03-20T03:46:43","slug":"quem-somos","status":"publish","type":"page","link":"https:\/\/sites.usp.br\/c-nikkei\/quem-somos\/","title":{"rendered":"Quem somos"},"content":{"rendered":"\t\t<div data-elementor-type=\"wp-page\" data-elementor-id=\"2907\" class=\"elementor elementor-2907\" data-elementor-post-type=\"page\">\n\t\t\t\t\t\t<section class=\"elementor-section elementor-top-section elementor-element elementor-element-7528af8 elementor-section-boxed elementor-section-height-default elementor-section-height-default\" data-id=\"7528af8\" data-element_type=\"section\">\n\t\t\t\t\t\t<div class=\"elementor-container elementor-column-gap-default\">\n\t\t\t\t\t<div class=\"elementor-column elementor-col-100 elementor-top-column elementor-element elementor-element-3fd603f\" data-id=\"3fd603f\" data-element_type=\"column\">\n\t\t\t<div class=\"elementor-widget-wrap elementor-element-populated\">\n\t\t\t\t\t\t<div class=\"elementor-element elementor-element-edb60f4 elementor-widget elementor-widget-text-editor\" data-id=\"edb60f4\" data-element_type=\"widget\" data-widget_type=\"text-editor.default\">\n\t\t\t\t<div class=\"elementor-widget-container\">\n\t\t\t\t\t\t\t<p><strong>Pesquisadores da USP<\/strong><\/p><p>Profa. Dra. <strong>Eliza A. Tashiro Perez<\/strong> &#8211; Faculdade de Filosofia, Letras e Ci\u00eancias Humanas da USP &#8211;\u00a0 <a href=\"http:\/\/lattes.cnpq.br\/1097054726911679\">Curr\u00edculo Lattes<\/a><\/p><p>Profa. Dra. <strong>Nina S. T. Hirata<\/strong> &#8211; Instituto de Matem\u00e1tica e Estat\u00edstica da USP &#8211; <a style=\"font-size: 18px; background-color: #f9f9f9;\" href=\"http:\/\/lattes.cnpq.br\/0644408634493034\" target=\"_blank\" rel=\"noopener\">Curr\u00edculo Lattes<\/a><\/p><p>Prof. Dr. <strong>Silvio Y. M. Miyazak<\/strong>i\u00a0 &#8211; Escola de Artes, Ci\u00eancias e Humanidades da USP &#8211; <a href=\"http:\/\/lattes.cnpq.br\/0980158087171155\">Curr\u00edculo Lattes<\/a><\/p><p><strong>Pesquisadores internacionais<\/strong><\/p><p class=\"rm-researcher-name\">Prof. Ph.D. in Business Administration, <strong>Fumitaka Iwanami<\/strong> &#8211; Department of Contemporary Applied Economics, Faculty of Economics, Komazawa University (Tokyo, Japan) &#8211; <a href=\"https:\/\/researchmap.jp\/muy_2536\">Research Map<\/a><\/p><p><span lang=\"EN-US\">Prof. Dr. of Sociology, <strong>Yoko Kino<\/strong> \u2013 Department of Sociology, Faculty of Sociology, Toyo University (Tokyo, Japan)\u00a0<\/span>\u2013<span lang=\"EN-US\">\u00a0<\/span> &#8211; <a href=\"https:\/\/researchmap.jp\/Quino\">Research Map<\/a><\/p>\t\t\t\t\t\t<\/div>\n\t\t\t\t<\/div>\n\t\t\t\t\t<\/div>\n\t\t<\/div>\n\t\t\t\t\t<\/div>\n\t\t<\/section>\n\t\t\t\t<\/div>\n\t\t","protected":false},"excerpt":{"rendered":"<p>Pesquisadores da USP Profa. Dra. Eliza A. Tashiro Perez &#8211; Faculdade de Filosofia, Letras e Ci\u00eancias Humanas da USP &#8211;\u00a0 Curr\u00edculo Lattes Profa. Dra. Nina S. T. Hirata &#8211; Instituto de Matem\u00e1tica e Estat\u00edstica da USP &#8211; Curr\u00edculo Lattes Prof. Dr. Silvio Y. M. Miyazaki\u00a0 &#8211; Escola de Artes, Ci\u00eancias e Humanidades da USP &#8211; [&hellip;]<\/p>\n","protected":false},"author":367,"featured_media":0,"parent":0,"menu_order":0,"comment_status":"closed","ping_status":"closed","template":"","meta":{"_monsterinsights_skip_tracking":false,"_monsterinsights_sitenote_active":false,"_monsterinsights_sitenote_note":"","_monsterinsights_sitenote_category":0,"footnotes":"","_links_to":"","_links_to_target":""},"class_list":["post-2907","page","type-page","status-publish","hentry","entry"],"_links":{"self":[{"href":"https:\/\/sites.usp.br\/c-nikkei\/wp-json\/wp\/v2\/pages\/2907","targetHints":{"allow":["GET"]}}],"collection":[{"href":"https:\/\/sites.usp.br\/c-nikkei\/wp-json\/wp\/v2\/pages"}],"about":[{"href":"https:\/\/sites.usp.br\/c-nikkei\/wp-json\/wp\/v2\/types\/page"}],"author":[{"embeddable":true,"href":"https:\/\/sites.usp.br\/c-nikkei\/wp-json\/wp\/v2\/users\/367"}],"replies":[{"embeddable":true,"href":"https:\/\/sites.usp.br\/c-nikkei\/wp-json\/wp\/v2\/comments?post=2907"}],"version-history":[{"count":4,"href":"https:\/\/sites.usp.br\/c-nikkei\/wp-json\/wp\/v2\/pages\/2907\/revisions"}],"predecessor-version":[{"id":3044,"href":"https:\/\/sites.usp.br\/c-nikkei\/wp-json\/wp\/v2\/pages\/2907\/revisions\/3044"}],"wp:attachment":[{"href":"https:\/\/sites.usp.br\/c-nikkei\/wp-json\/wp\/v2\/media?parent=2907"}],"curies":[{"name":"wp","href":"https:\/\/api.w.org\/{rel}","templated":true}]}}