{"id":774,"date":"2021-10-22T09:09:20","date_gmt":"2021-10-22T12:09:20","guid":{"rendered":"https:\/\/sites.usp.br\/padrao8\/?page_id=774"},"modified":"2025-02-09T22:19:51","modified_gmt":"2025-02-10T01:19:51","slug":"sobre-pagina","status":"publish","type":"page","link":"https:\/\/sites.usp.br\/c-nikkei\/sobre-pagina\/","title":{"rendered":"Sobre-p\u00e1gina"},"content":{"rendered":"<h2>SOBRE<\/h2>\n<p style=\"mso-margin-top-alt: auto; mso-margin-bottom-alt: auto; line-height: normal;\"><a href=\"https:\/\/sites.usp.br\/c-nikkei\/wp-content\/uploads\/sites\/1145\/2022\/07\/cartaz-1.jpg\"><img fetchpriority=\"high\" decoding=\"async\" src=\"https:\/\/sites.usp.br\/c-nikkei\/wp-content\/uploads\/sites\/1145\/2022\/07\/cartaz-1-202x300.jpg\" alt=\"\" width=\"202\" height=\"300\" \/><\/a><br \/>\nO marco da imigra\u00e7\u00e3o japonesa no Brasil foi a chegada do navio <em>Kasato Maru<\/em> em 1908. No in\u00edcio, os imigrantes dedicaram-se \u00e0 lavoura,\u00a0 entretanto, \u00e0 medida que se fixaram no pa\u00eds, junto com os seus descendentes, expandiram as suas atividades econ\u00f4micas no com\u00e9rcio, constitu\u00edram cooperativas, assim como abriram associa\u00e7\u00f5es culturais e esportivas &#8211; organiza\u00e7\u00f5es no sentido amplo da palavra.<\/p>\n<p style=\"mso-margin-top-alt: auto; mso-margin-bottom-alt: auto; line-height: normal;\">Diversas organiza\u00e7\u00f5es produziram materiais impressos, tais como informativos, anu\u00e1rios e relat\u00f3rios, algumas j\u00e1 n\u00e3o existem mais, assim como os seus materiais. Algumas das causas da perda dos materiais s\u00e3o por eventualidades, tais como inc\u00eandios ou inunda\u00e7\u00f5es, destrui\u00e7\u00e3o deliberada, por exemplo, durante a Segunda Guerra Mundial, ou mesmo por falta de interesse na preserva\u00e7\u00e3o.<\/p>\n<p style=\"mso-margin-top-alt: auto; mso-margin-bottom-alt: auto; line-height: normal;\">Acredita-se que ainda haja uma s\u00e9rie de materiais de organiza\u00e7\u00f5es fundadas por japoneses e seus descendentes, denominados como nikkei, sendo que os prop\u00f3sitos do projeto de pesquisa &#8220;Humanidades Digitais: digitaliza\u00e7\u00e3o e preserva\u00e7\u00e3o de documentos da comunidade nikkei&#8221; s\u00e3o assegurar a preserva\u00e7\u00e3o desses materiais por meio da digitaliza\u00e7\u00e3o, a disponibiliza\u00e7\u00e3o quando poss\u00edvel, uma vez que h\u00e1 quest\u00f5es de propriedade intelectual e possibilitar que sejam fonte de futuras pesquisas.<\/p>\n<p style=\"mso-margin-top-alt: auto; mso-margin-bottom-alt: auto; line-height: normal;\">Essas pesquisas podem ser interdisciplinares e multidisciplinares, abrangendo Letras, Economia, Computa\u00e7\u00e3o, Hist\u00f3ria, Rela\u00e7\u00f5es Internacionais, Sociologia, Antropologia, entre outros campos do conhecimento. Pode-se afirmar que h\u00e1 valor cient\u00edfico nessas fontes.<\/p>\n<h2>Evolu\u00e7\u00e3o<\/h2>\n<p style=\"mso-margin-top-alt: auto; mso-margin-bottom-alt: auto; line-height: normal;\"><a href=\"https:\/\/sites.usp.br\/c-nikkei\/wp-content\/uploads\/sites\/1145\/2022\/07\/IMG_20180413_153432771_HDR-scaled.jpg\"><img decoding=\"async\" src=\"https:\/\/sites.usp.br\/c-nikkei\/wp-content\/uploads\/sites\/1145\/2022\/07\/IMG_20180413_153432771_HDR-225x300.jpg\" alt=\"\" width=\"225\" height=\"300\" \/><\/a><\/p>\n<p style=\"mso-margin-top-alt: auto; mso-margin-bottom-alt: auto; line-height: normal;\">A Professora Eliza A. Tashiro Perez da Faculdade de Filosofia, Letras e Ci\u00eancias Humanas da USP e o Professor Silvio Yoshiro Mizuguchi Miyazaki da Escola de Artes, Ci\u00eancias e Humanidades, ambos docentes do Programa de P\u00f3s-Gradua\u00e7\u00e3o em L\u00edngua, Literatura e Cultura Japonesa da USP participaram do\u00a0 I Congresso em Humanidades Digitais, realizado na Funda\u00e7\u00e3o Get\u00falio Vargas no Rio de Janeiro em 2018, para conhecer o campo das Humanidades Digitais.<\/p>\n<p style=\"mso-margin-top-alt: auto; mso-margin-bottom-alt: auto; line-height: normal;\">Na ocasi\u00e3o tamb\u00e9m apresentaram um p\u00f4ster intitulado <b>Pr\u00e1xis do cotidiano nipo-brasileiro: Uma proposta de preserva\u00e7\u00e3o da mem\u00f3ria<\/b> [download id=&#8221;2898&#8243;] como uma primeira iniciativa de divulgar um estudo interdisciplinar em coautoria.<\/p>\n<p style=\"mso-margin-top-alt: auto; mso-margin-bottom-alt: auto; line-height: normal;\">Em 2022 h\u00e1 a retomada do projeto de pesquisa, somada \u00e0 participa\u00e7\u00e3o da professora Nina S.T. Hirata do Instituto de Matem\u00e1tica e Computa\u00e7\u00e3o da USP, cujo interesse \u00e9 em\u00a0rela\u00e7\u00e3o ao reconhecimento de padr\u00f5es e an\u00e1lise de imagens.<\/p>\n<p style=\"mso-margin-top-alt: auto; mso-margin-bottom-alt: auto; line-height: normal;\">Com a estada do professor Iwanami da <a href=\"https:\/\/www.komazawa-u.ac.jp\/english\/\">Komazawa University<\/a> e da professora Kino da <a href=\"https:\/\/www.toyo.ac.jp\/en\/\">Toyo University<\/a> como pesquisadores visitantes do Centro de Estudos Japoneses das USP, entre abril de 2024 e mar\u00e7o de 2025, houve a incorpora\u00e7\u00e3o deles como membros internacionais do projeto e a realiza\u00e7\u00e3o de pesquisas de campo para obten\u00e7\u00e3o de fontes.<\/p>\n","protected":false},"excerpt":{"rendered":"<p>SOBRE O marco da imigra\u00e7\u00e3o japonesa no Brasil foi a chegada do navio Kasato Maru em 1908. No in\u00edcio, os imigrantes dedicaram-se \u00e0 lavoura,\u00a0 entretanto, \u00e0 medida que se fixaram no pa\u00eds, junto com os seus descendentes, expandiram as suas atividades econ\u00f4micas no com\u00e9rcio, constitu\u00edram cooperativas, assim como abriram associa\u00e7\u00f5es culturais e esportivas &#8211; organiza\u00e7\u00f5es [&hellip;]<\/p>\n","protected":false},"author":22641,"featured_media":0,"parent":0,"menu_order":0,"comment_status":"closed","ping_status":"closed","template":"","meta":{"_monsterinsights_skip_tracking":false,"_monsterinsights_sitenote_active":false,"_monsterinsights_sitenote_note":"","_monsterinsights_sitenote_category":0,"footnotes":"","_links_to":"","_links_to_target":""},"class_list":["post-774","page","type-page","status-publish","hentry","entry"],"_links":{"self":[{"href":"https:\/\/sites.usp.br\/c-nikkei\/wp-json\/wp\/v2\/pages\/774","targetHints":{"allow":["GET"]}}],"collection":[{"href":"https:\/\/sites.usp.br\/c-nikkei\/wp-json\/wp\/v2\/pages"}],"about":[{"href":"https:\/\/sites.usp.br\/c-nikkei\/wp-json\/wp\/v2\/types\/page"}],"author":[{"embeddable":true,"href":"https:\/\/sites.usp.br\/c-nikkei\/wp-json\/wp\/v2\/users\/22641"}],"replies":[{"embeddable":true,"href":"https:\/\/sites.usp.br\/c-nikkei\/wp-json\/wp\/v2\/comments?post=774"}],"version-history":[{"count":4,"href":"https:\/\/sites.usp.br\/c-nikkei\/wp-json\/wp\/v2\/pages\/774\/revisions"}],"predecessor-version":[{"id":3032,"href":"https:\/\/sites.usp.br\/c-nikkei\/wp-json\/wp\/v2\/pages\/774\/revisions\/3032"}],"wp:attachment":[{"href":"https:\/\/sites.usp.br\/c-nikkei\/wp-json\/wp\/v2\/media?parent=774"}],"curies":[{"name":"wp","href":"https:\/\/api.w.org\/{rel}","templated":true}]}}