{"id":108,"date":"2018-10-25T14:33:17","date_gmt":"2018-10-25T16:33:17","guid":{"rendered":"http:\/\/sites.usp.br\/calourofilo\/?page_id=108"},"modified":"2026-02-05T12:29:18","modified_gmt":"2026-02-05T14:29:18","slug":"semana-de-recepcao","status":"publish","type":"page","link":"https:\/\/sites.usp.br\/calourofilo\/semana-de-recepcao\/","title":{"rendered":"Semana de Recep\u00e7\u00e3o"},"content":{"rendered":"<h3>Semana de Recep\u00e7\u00e3o aos Calouros 2026<\/h3>\n<p>Data: 23\/02 (segunda) a 27\/02 (sexta)<\/p>\n<h2><span style=\"color: #4d69e3;\"><a style=\"color: #4d69e3;\" href=\"https:\/\/drive.google.com\/drive\/folders\/19GW4GbXjocrQEHcqOczc99yUKE9aJBYV?usp=sharing\" target=\"_blank\" rel=\"noopener\"><strong>Clique aqui para acessar a programa\u00e7\u00e3o<\/strong><\/a><\/span><\/h2>\n<p>&nbsp;<\/p>\n<hr \/>\n<h3><span style=\"color: #800000;\"><strong><u><br \/>\nATEN\u00c7\u00c3O<\/u>:<\/strong><\/span><\/h3>\n<p><strong><u>O trote \u00e9 proibido na USP (Portaria GR n\u00ba3154 de 27\/4\/1999 &#8211; D.O.E 29\/04\/1999)<\/u><\/strong><strong>.<\/strong><\/p>\n<p><strong> Qualquer calouro(a) que se sentir constrangido(a) ou amea\u00e7ado(a) durante alguma\u00a0 atividade aplicada pelos colegas deve registrar o fato pelo Disque-trote: 0800-0121090 ou no atendimento online (chat), segunda a sexta-feira, das 9h \u00e0s 21h, ou pelo e-mail: <\/strong><a href=\"mailto:disquetrote@usp.br\"><strong>disquetrote@usp.br<\/strong><\/a>.<\/p>\n<p>Aplicativo Disque Trote: dispon\u00edvel no\u00a0<a href=\"https:\/\/play.google.com\/store\/apps\/details?id=br.usp.sti.disquetroteusp\">Google Play<\/a>\u00a0e na\u00a0<a href=\"https:\/\/apps.apple.com\/us\/app\/disque-trote-usp\/id1437790727?ls=1\">APP Store<\/a><\/p>\n<p>&nbsp;<\/p>\n<hr \/>\n<p>&nbsp;<\/p>\n<p>Servi\u00e7o de Gradua\u00e7\u00e3o da FFCLRP\/USP<br \/>\n(16) 3315-3674, 3315-4673, 3315-3677, 315-0086, 3315-4674.<br \/>\nEndere\u00e7o: Rua Cl\u00f3vis Vieira, Casa 38 (dentro do Campus da USP\/RP)<br \/>\nE-mail: <a href=\"mailto:graduacao@listas.ffclrp.usp.br\">graduacao@listas.ffclrp.usp.br<\/a><\/p>\n","protected":false},"excerpt":{"rendered":"<p>Semana de Recep\u00e7\u00e3o aos Calouros 2026 Data: 23\/02 (segunda) a 27\/02 (sexta) Clique aqui para [&hellip;]<\/p>\n","protected":false},"author":783,"featured_media":0,"parent":0,"menu_order":0,"comment_status":"closed","ping_status":"closed","template":"","meta":{"footnotes":"","_links_to":"","_links_to_target":""},"class_list":["post-108","page","type-page","status-publish","hentry"],"_links":{"self":[{"href":"https:\/\/sites.usp.br\/calourofilo\/wp-json\/wp\/v2\/pages\/108","targetHints":{"allow":["GET"]}}],"collection":[{"href":"https:\/\/sites.usp.br\/calourofilo\/wp-json\/wp\/v2\/pages"}],"about":[{"href":"https:\/\/sites.usp.br\/calourofilo\/wp-json\/wp\/v2\/types\/page"}],"author":[{"embeddable":true,"href":"https:\/\/sites.usp.br\/calourofilo\/wp-json\/wp\/v2\/users\/783"}],"replies":[{"embeddable":true,"href":"https:\/\/sites.usp.br\/calourofilo\/wp-json\/wp\/v2\/comments?post=108"}],"version-history":[{"count":6,"href":"https:\/\/sites.usp.br\/calourofilo\/wp-json\/wp\/v2\/pages\/108\/revisions"}],"predecessor-version":[{"id":589,"href":"https:\/\/sites.usp.br\/calourofilo\/wp-json\/wp\/v2\/pages\/108\/revisions\/589"}],"wp:attachment":[{"href":"https:\/\/sites.usp.br\/calourofilo\/wp-json\/wp\/v2\/media?parent=108"}],"curies":[{"name":"wp","href":"https:\/\/api.w.org\/{rel}","templated":true}]}}