{"id":116,"date":"2018-10-25T14:53:47","date_gmt":"2018-10-25T16:53:47","guid":{"rendered":"http:\/\/sites.usp.br\/calourofilo\/?page_id=116"},"modified":"2023-04-24T15:01:33","modified_gmt":"2023-04-24T17:01:33","slug":"ciencia-da-computacao","status":"publish","type":"page","link":"https:\/\/sites.usp.br\/calourofilo\/cursos\/ciencia-da-computacao\/","title":{"rendered":"Ci\u00eancia da Computa\u00e7\u00e3o"},"content":{"rendered":"<p>O curso de <strong>Bacharelado em Ci\u00eancia da Computa\u00e7\u00e3o<\/strong> (BCC) \u00e9 oferecido pelo <strong>Departamento de Computa\u00e7\u00e3o e Matem\u00e1tica<\/strong> (DCM) da Faculdade de Filosofia, Ci\u00eancias e Letras de Ribeir\u00e3o Preto (FFCLRP). Criado em 2019, \u00e9 um <strong>curso de per\u00edodo integral<\/strong> com <strong>dura\u00e7\u00e3o de quatro anos<\/strong>.<\/p>\n<p>O BCC tem como objetivo formar profissionais <strong>com s\u00f3lidos conhecimentos te\u00f3ricos e pr\u00e1ticos nas principais \u00e1reas da Computa\u00e7\u00e3o<\/strong>, qualificando-os para atuar em diferentes vertentes de atividades que exijam o uso de recursos e tecnologias computacionais. Para viabilizar esta forma\u00e7\u00e3o, o curso oferece um elenco de disciplinas de embasamento l\u00f3gico e matem\u00e1tico, s\u00f3lida forma\u00e7\u00e3o em fundamentos, m\u00e9todos e tecnologias de computa\u00e7\u00e3o, seguindo as Diretrizes Curriculares para Cursos de Computa\u00e7\u00e3o estabelecidas pela C\u00e2mara de Educa\u00e7\u00e3o Superior do Conselho Nacional de Educa\u00e7\u00e3o do Minist\u00e9rio da Educa\u00e7\u00e3o, estando tamb\u00e9m em conformidade com o Curr\u00edculo de Refer\u00eancia para Ci\u00eancia da Computa\u00e7\u00e3o proposto pela Sociedade Brasileira de Computa\u00e7\u00e3o. Espera-se do egresso que possua conhecimento necess\u00e1rio para projetar, desenvolver e gerenciar sistemas computacionais. A capacidade de transcender a Ci\u00eancia da Computa\u00e7\u00e3o, assimilando e compreendendo as suas \u00e1reas de atua\u00e7\u00e3o, tanto em termos te\u00f3ricos como em termos pr\u00e1ticos e tecnol\u00f3gicos tamb\u00e9m \u00e9 essencial para este profissional, assim como a atitude cr\u00edtica e \u00e9tica diante das demandas sociais.<\/p>\n<p>O curso procura atender aos seguintes delineamentos b\u00e1sicos:<\/p>\n<p>1) conter forte componente conceitual e de Ci\u00eancia da Computa\u00e7\u00e3o que fundamentam a teoria e a pr\u00e1tica profissional, para permitir a atividade criativa e independ\u00eancia de pensamento, em contraposi\u00e7\u00e3o ao predom\u00ednio do treinamento t\u00e9cnico- profissional;<\/p>\n<p>2) prover aos alunos instrumentos fundamentais de conhecimento e habilidade relacionados com seu campo de atua\u00e7\u00e3o, transcendendo os conhecimentos fundamentais em Ci\u00eancia da Computa\u00e7\u00e3o para as suas \u00e1reas de aplica\u00e7\u00f5es;<\/p>\n<p>3) formar profissionais que possuam flexibilidade de pensamento e atua\u00e7\u00e3o, de modo a permitir adapta\u00e7\u00e3o a diferentes perfis de forma\u00e7\u00e3o, de aptid\u00e3o e de interesse de carreira profissional, assim como os princ\u00edpios \u00e9ticos que norteiam as suas atividades.<\/p>\n<p>No BCC as compet\u00eancias e habilidades desenvolvidas pelos egressos os habilitam a atuar nas atividades consagradas para um profissional de Ci\u00eancia da Computa\u00e7\u00e3o, a saber, em institui\u00e7\u00f5es de natureza p\u00fablica ou privada, de diferentes ramos de atividade, desempenhando tarefas relacionadas \u00e0s diversas tecnologias computacionais, criando solu\u00e7\u00f5es para desenvolvimento, implementa\u00e7\u00e3o e gest\u00e3o de sistemas computacionais, desempenhando as fun\u00e7\u00f5es de analista de sistemas, projetista de software, analista de suporte de sistemas, consultor de Tecnologia da Informa\u00e7\u00e3o (TI), em cargos de chefia intermedi\u00e1ria e superior. Esses profissionais atuam em institui\u00e7\u00f5es que realizam atividades de desenvolvimento, consultoria e gest\u00e3o de sistemas computacionais. Considerando-se o contexto de forte atua\u00e7\u00e3o cient\u00edfica provido pela USP, juntamente com a forma\u00e7\u00e3o oferecida em atividades extracurriculares, o egresso estar\u00e1 tamb\u00e9m preparado para atuar no ambiente de pesquisa. Al\u00e9m destas \u00e1reas, as disciplinas optativas oferecidas trazem conhecimentos adicionais que os capacitam a atuar em \u00e1reas de aplica\u00e7\u00f5es espec\u00edficas.<\/p>\n<p>A estrutura do curso baseia-se em eixos formativos compostos pelas disciplinas obrigat\u00f3rias e optativas eletivas. Os eixos formativos s\u00e3o:<\/p>\n<ul>\n<li>Matem\u00e1tica e F\u00edsica<\/li>\n<li>Fundamentos de Computa\u00e7\u00e3o<\/li>\n<li>Tecnologias de Computa\u00e7\u00e3o<\/li>\n<li>Forma\u00e7\u00e3o Human\u00edstica e Profissional<\/li>\n<li>Forma\u00e7\u00e3o Complementar (disciplinas optativas)<\/li>\n<\/ul>\n<p>Na matriz curricular do curso, os eixos de Matem\u00e1tica e F\u00edsica e Fundamentos de Computa\u00e7\u00e3o concentram-se nos primeiros semestres, seguindo-se as disciplinas de Tecnologia de Computa\u00e7\u00e3o e de Forma\u00e7\u00e3o Aplicada, que se concentram na segunda metade do curso. As disciplinas de Forma\u00e7\u00e3o Social e Profissional est\u00e3o distribu\u00eddas ao longo da matriz curricular. O \u00faltimo semestre do curso \u00e9 reservado ao desenvolvimento de um projeto de gradua\u00e7\u00e3o, o qual poder\u00e1 ser realizado por meio de um est\u00e1gio em empresa ou um trabalho de conclus\u00e3o de curso, ambos sob a supervis\u00e3o de um docente do curso.<\/p>\n<p>As disciplinas eletivas s\u00e3o elencadas para escolha do aluno, permitindo forma\u00e7\u00e3o aprofundada em algumas \u00e1reas da Computa\u00e7\u00e3o, assim como a aquisi\u00e7\u00e3o de conhecimento em \u00e1reas de aplica\u00e7\u00e3o, a saber, neg\u00f3cios, f\u00edsica e sa\u00fade. Os alunos ser\u00e3o estimulados a cursar uma quantidade maior de cr\u00e9ditos de disciplinas optativas al\u00e9m do m\u00ednimo exigido, de acordo com a sua aptid\u00e3o e interesse. Al\u00e9m do conjunto de disciplinas optativas oferecidas pelo DCM, algumas das disciplinas optativas s\u00e3o de responsabilidade do Departamento de F\u00edsica (DF) da FFCLRP, outras da Faculdade de Medicina de Ribeir\u00e3o Preto (FMRP) e outras da Faculdade de Economia, Administra\u00e7\u00e3o e Contabilidade de Ribeir\u00e3o Preto (FEARP).<\/p>\n<p>A forma\u00e7\u00e3o complementar e o desenvolvimento pessoal s\u00e3o estimulados e incentivados, de forma que o aluno possa se dedicar a atividades que auxiliem na integraliza\u00e7\u00e3o de conhecimento e no conv\u00edvio social e profissional. Estas atividades s\u00e3o constantes e diversificadas, tais como inicia\u00e7\u00e3o cient\u00edfica, atividades de cultura e extens\u00e3o, monitorias, servi\u00e7os \u00e0 comunidade, participa\u00e7\u00e3o em colegiados e agremia\u00e7\u00f5es, dentre outras. O desenvolvimento de atividades acad\u00eamicas complementares (AACs) \u00e9 obrigat\u00f3rio.<\/p>\n<p>Com rela\u00e7\u00e3o \u00e0 forma\u00e7\u00e3o cient\u00edfica, o estudante \u00e9 estimulado a desenvolver atividades de inicia\u00e7\u00e3o cient\u00edfica nas diferentes linhas de pesquisa dos docentes do curso, em conv\u00edvio com estudantes de p\u00f3s-gradua\u00e7\u00e3o e contando com toda a infraestrutura, a bagagem e a tradi\u00e7\u00e3o de pesquisa inerentes \u00e0 pr\u00f3pria USP. Como est\u00edmulo ao desenvolvimento de atividades de pesquisa, o estudante poder\u00e1 obter bolsas solicitadas pelos docentes orientadores \u00e0s ag\u00eancias de fomento, bem como bolsas oferecidas pela pr\u00f3pria USP. O ambiente de pesquisa na FFCLRP e a valoriza\u00e7\u00e3o da atividade cient\u00edfica desenvolvida pelo estudante t\u00eam contribu\u00eddo para a forma\u00e7\u00e3o de um profissional mais cr\u00edtico e predisposto \u00e0 renova\u00e7\u00e3o continuada do conhecimento, que poder\u00e1 atuar tanto na \u00e1rea acad\u00eamica como na \u00e1rea aplicada.<\/p>\n<ul>\n<li><a href=\"http:\/\/dcm.ffclrp.usp.br\/arquivos\/grade_BCC.pdf\" target=\"_blank\" rel=\"noopener noreferrer\">Estrutura Curricular do Curso<\/a><\/li>\n<li><a href=\"https:\/\/www.ffclrp.usp.br\/graduacoes\/cursos.php?g=47\" target=\"_blank\" rel=\"noopener noreferrer\">Mais informa\u00e7\u00f5es\u00a0no site da FFCLRP<\/a><\/li>\n<li><a href=\"http:\/\/sites.usp.br\/calourofilo\/departamento-de-computacao-e-matematica\/\" target=\"_blank\" rel=\"noopener noreferrer\">Departamento de Computa\u00e7\u00e3o e Matem\u00e1tica<\/a><\/li>\n<\/ul>\n","protected":false},"excerpt":{"rendered":"<p>O curso de Bacharelado em Ci\u00eancia da Computa\u00e7\u00e3o (BCC) \u00e9 oferecido pelo Departamento de Computa\u00e7\u00e3o [&hellip;]<\/p>\n","protected":false},"author":783,"featured_media":0,"parent":113,"menu_order":0,"comment_status":"closed","ping_status":"closed","template":"","meta":{"footnotes":"","_links_to":"","_links_to_target":""},"class_list":["post-116","page","type-page","status-publish","hentry"],"_links":{"self":[{"href":"https:\/\/sites.usp.br\/calourofilo\/wp-json\/wp\/v2\/pages\/116","targetHints":{"allow":["GET"]}}],"collection":[{"href":"https:\/\/sites.usp.br\/calourofilo\/wp-json\/wp\/v2\/pages"}],"about":[{"href":"https:\/\/sites.usp.br\/calourofilo\/wp-json\/wp\/v2\/types\/page"}],"author":[{"embeddable":true,"href":"https:\/\/sites.usp.br\/calourofilo\/wp-json\/wp\/v2\/users\/783"}],"replies":[{"embeddable":true,"href":"https:\/\/sites.usp.br\/calourofilo\/wp-json\/wp\/v2\/comments?post=116"}],"version-history":[{"count":4,"href":"https:\/\/sites.usp.br\/calourofilo\/wp-json\/wp\/v2\/pages\/116\/revisions"}],"predecessor-version":[{"id":526,"href":"https:\/\/sites.usp.br\/calourofilo\/wp-json\/wp\/v2\/pages\/116\/revisions\/526"}],"up":[{"embeddable":true,"href":"https:\/\/sites.usp.br\/calourofilo\/wp-json\/wp\/v2\/pages\/113"}],"wp:attachment":[{"href":"https:\/\/sites.usp.br\/calourofilo\/wp-json\/wp\/v2\/media?parent=116"}],"curies":[{"name":"wp","href":"https:\/\/api.w.org\/{rel}","templated":true}]}}