{"id":139,"date":"2018-10-25T15:25:04","date_gmt":"2018-10-25T17:25:04","guid":{"rendered":"http:\/\/sites.usp.br\/calourofilo\/?page_id=139"},"modified":"2022-02-21T11:25:45","modified_gmt":"2022-02-21T13:25:45","slug":"ciencias-biologicas","status":"publish","type":"page","link":"https:\/\/sites.usp.br\/calourofilo\/cursos\/ciencias-biologicas\/","title":{"rendered":"Ci\u00eancias Biol\u00f3gicas"},"content":{"rendered":"<p>O Curso de <strong>Ci\u00eancias Biol\u00f3gicas<\/strong> da Faculdade de Filosofia, Ci\u00eancias e Letras de Ribeir\u00e3o Preto \u2013 USP est\u00e1 estruturado de acordo com a legisla\u00e7\u00e3o vigente no pa\u00eds que autoriza o funcionamento dos cursos de ensino superior. O curso \u00e9 ministrado em tempo integral e composto pelas <strong>habilita\u00e7\u00f5es<\/strong> <strong>Licenciatura e Bacharelado, em Ci\u00eancias Biol\u00f3gicas<\/strong>. As habilita\u00e7\u00f5es t\u00eam <strong>ingresso \u00fanico<\/strong>, permitindo que os estudantes cursem as duas ou, pelo menos uma das habilita\u00e7\u00f5es, dentro do prazo m\u00e1ximo previsto de conclus\u00e3o de curso.<\/p>\n<p>O curso compreende um conjunto de disciplinas que pertencem ao N\u00facleo de Forma\u00e7\u00e3o B\u00e1sica, de seis semestres, que \u00e9 comum para as duas habilita\u00e7\u00f5es. Durante este per\u00edodo, o estudante pode optar por cursar disciplinas de uma ou das duas habilita\u00e7\u00f5es.<\/p>\n<p>A habilita\u00e7\u00e3o <strong>Licenciatura<\/strong> tem dura\u00e7\u00e3o m\u00ednima de oito semestres. O licenciado formado tem a possibilidade de atuar dentro de sua \u00e1rea em escolas p\u00fablicas ou particulares, institui\u00e7\u00f5es sociais e\/ou comunit\u00e1rias, cient\u00edficas e de pesquisa; como membro de equipes multidisciplinares e em atividades comunit\u00e1rias. A forma\u00e7\u00e3o do licenciado se inicia desde o primeiro ano do curso, pois s\u00e3o oferecidas atividades para a amplia\u00e7\u00e3o do seu universo cultural e s\u00e3o realizados <strong>est\u00e1gios curriculares supervisionados<\/strong> em escolas, procurando apresentar ao estudante uma integra\u00e7\u00e3o entre conhecimentos pr\u00e1ticos e te\u00f3ricos pertinentes a forma\u00e7\u00e3o do professor de Biologia, dentro das diretrizes propostas pelo programa de Forma\u00e7\u00e3o de Professores da USP.<\/p>\n<p>A habilita\u00e7\u00e3o <strong>Bacharelado<\/strong> tem dura\u00e7\u00e3o m\u00ednima de nove semestres. A complementa\u00e7\u00e3o da forma\u00e7\u00e3o do bacharel \u00e9 feita com disciplinas optativas eletivas e est\u00e1gios de pesquisa, que incentivam a autonomia e permitem ao estudante uma forma\u00e7\u00e3o acad\u00eamica plural, respeitando a diversidade individual e suas inclina\u00e7\u00f5es acad\u00eamicas e profissionais, o que, respeitando \u00e1reas designadas aos bi\u00f3logos, dar\u00e1 subs\u00eddios para que ele seja capaz de atuar em diversas quest\u00f5es, tais como meio ambiente e biodiversidade, sa\u00fade, biotecnologia e produ\u00e7\u00e3o e \u00e1rea acad\u00eamica.<\/p>\n<p>Para ambas habilita\u00e7\u00f5es s\u00e3o exigidas a constru\u00e7\u00e3o e execu\u00e7\u00e3o de um projeto de pesquisa, apresentado como <strong>monografia<\/strong>, que \u00e9 parte da disciplina \u201c<strong>Trabalho de Conclus\u00e3o de Curso<\/strong>\u201d. Esta atividade \u00e9 um diferencial para forma\u00e7\u00e3o de uma vis\u00e3o cr\u00edtica em um profissional.<\/p>\n<p>Tanto o Licenciado como o Bacharel estar\u00e3o habilitados para a p\u00f3s-gradua\u00e7\u00e3o nas diversas \u00e1reas de concentra\u00e7\u00e3o da Biologia e, com t\u00edtulos de Mestre ou Doutor, que complementem sua gradua\u00e7\u00e3o, poder\u00e3o atuar em \u00e1reas do ensino superior.<\/p>\n<ul>\n<li>Estruturas Curriculares do Curso\n<ul>\n<li><a href=\"http:\/\/uspdigital.usp.br\/jupiterweb\/listarGradeCurricular?codcg=59&amp;codcur=59012&amp;codhab=100&amp;tipo=V\" target=\"_blank\" rel=\"noopener noreferrer\">N\u00facleo Geral<\/a><\/li>\n<li><a href=\"https:\/\/uspdigital.usp.br\/jupiterweb\/listarGradeCurricular?codcg=59&amp;codcur=59012&amp;codhab=600&amp;tipo=N\" target=\"_blank\" rel=\"noopener noreferrer\">Bacharelado<\/a><\/li>\n<li><a href=\"http:\/\/uspdigital.usp.br\/jupiterweb\/listarGradeCurricular?codcg=59&amp;codcur=59012&amp;codhab=200&amp;tipo=V\" target=\"_blank\" rel=\"noopener noreferrer\">Licenciatura<\/a><\/li>\n<\/ul>\n<\/li>\n<li><a href=\"https:\/\/www.ffclrp.usp.br\/graduacoes\/cursos.php?g=35\" target=\"_blank\" rel=\"noopener noreferrer\">Mais informa\u00e7\u00f5es no site da FFCLRP<\/a><\/li>\n<li><a href=\"http:\/\/sites.usp.br\/calourofilo\/departamentos\/departamento-de-biologia\/\" target=\"_blank\" rel=\"noopener noreferrer\">Departamento de\u00a0Biologia<\/a><\/li>\n<\/ul>\n","protected":false},"excerpt":{"rendered":"<p>O Curso de Ci\u00eancias Biol\u00f3gicas da Faculdade de Filosofia, Ci\u00eancias e Letras de Ribeir\u00e3o Preto [&hellip;]<\/p>\n","protected":false},"author":783,"featured_media":0,"parent":113,"menu_order":0,"comment_status":"closed","ping_status":"closed","template":"","meta":{"footnotes":"","_links_to":"","_links_to_target":""},"class_list":["post-139","page","type-page","status-publish","hentry"],"_links":{"self":[{"href":"https:\/\/sites.usp.br\/calourofilo\/wp-json\/wp\/v2\/pages\/139","targetHints":{"allow":["GET"]}}],"collection":[{"href":"https:\/\/sites.usp.br\/calourofilo\/wp-json\/wp\/v2\/pages"}],"about":[{"href":"https:\/\/sites.usp.br\/calourofilo\/wp-json\/wp\/v2\/types\/page"}],"author":[{"embeddable":true,"href":"https:\/\/sites.usp.br\/calourofilo\/wp-json\/wp\/v2\/users\/783"}],"replies":[{"embeddable":true,"href":"https:\/\/sites.usp.br\/calourofilo\/wp-json\/wp\/v2\/comments?post=139"}],"version-history":[{"count":4,"href":"https:\/\/sites.usp.br\/calourofilo\/wp-json\/wp\/v2\/pages\/139\/revisions"}],"predecessor-version":[{"id":442,"href":"https:\/\/sites.usp.br\/calourofilo\/wp-json\/wp\/v2\/pages\/139\/revisions\/442"}],"up":[{"embeddable":true,"href":"https:\/\/sites.usp.br\/calourofilo\/wp-json\/wp\/v2\/pages\/113"}],"wp:attachment":[{"href":"https:\/\/sites.usp.br\/calourofilo\/wp-json\/wp\/v2\/media?parent=139"}],"curies":[{"name":"wp","href":"https:\/\/api.w.org\/{rel}","templated":true}]}}