{"id":206,"date":"2018-10-25T16:59:08","date_gmt":"2018-10-25T18:59:08","guid":{"rendered":"http:\/\/sites.usp.br\/calourofilo\/?page_id=206"},"modified":"2023-03-13T16:25:56","modified_gmt":"2023-03-13T18:25:56","slug":"apresentacao","status":"publish","type":"page","link":"https:\/\/sites.usp.br\/calourofilo\/campus\/apresentacao\/","title":{"rendered":"Apresenta\u00e7\u00e3o"},"content":{"rendered":"<p><iframe loading=\"lazy\" src=\"https:\/\/www.youtube.com\/embed\/7YBU0GbnzFU\" width=\"560\" height=\"315\" frameborder=\"0\" allowfullscreen=\"allowfullscreen\"><\/iframe><\/p>\n<h4><strong>Um Pouco da Hist\u00f3ria do Campus<\/strong><\/h4>\n<p>A hist\u00f3ria do <em>Campus<\/em> da USP de Ribeir\u00e3o Preto est\u00e1 ligada \u00e0 hist\u00f3ria da cidade de Ribeir\u00e3o Preto e ao tempo em que ela foi a \u201cCapital do Caf\u00e9\u201d. No local onde ele se encontra, no in\u00edcio do s\u00e9culo, situava-se a Fazenda Monte Alegre, de propriedade do Coronel Francisco Schmidt, conhecido como \u201cO Rei do Caf\u00e9\u201d.<\/p>\n<p>Os 237 alqueires da fazenda foram doados \u00e0 USP em 1951, quando come\u00e7ou a instalar-se a Faculdade de Medicina de Ribeir\u00e3o Preto, sob a dire\u00e7\u00e3o de Zeferino Vaz, que, mais tarde, fundaria a segunda universidade paulista, a UNICAMP. Antes dessa Unidade em Ribeir\u00e3o Preto, a antiga fazenda, desapropriada por Get\u00falio Vargas, foi ocupada por uma Escola Pr\u00e1tica de Agricultura a qual, anos depois, foi transferida para a cidade de Jaboticabal, dando origem ao Col\u00e9gio T\u00e9cnico Agr\u00edcola e ao <em>Campus<\/em> da UNESP.<\/p>\n<p>Distante cerca de oito quil\u00f4metros do centro da cidade, o <em>Campus<\/em> de Ribeir\u00e3o Preto encontra-se, hoje, totalmente envolvido pela expans\u00e3o urbana do munic\u00edpio e, apenas em sua divisa oeste, predominam atividades agr\u00edcolas. Possui, ainda, uma bela nascente de \u00e1gua, cuja constru\u00e7\u00e3o remonta ao tempo dos escravos. O <em>Campus<\/em> \u00e9 composto pelas unidades de ensino: Escola de Enfermagem (EERP), Faculdade de Ci\u00eancias Farmac\u00eauticas (FCFRP), Faculdade de Economia, Administra\u00e7\u00e3o e Contabilidade (FEARP), Faculdade de Filosofia, Ci\u00eancias e Letras (FFCLRP), Faculdade de Medicina (FMRP), Faculdade de Odontologia (FORP), Faculdade de Direito (FDRP) e Escola de Educa\u00e7\u00e3o F\u00edsica e Esporte (EEFERP); pela Unidade respons\u00e1vel pela administra\u00e7\u00e3o e gest\u00e3o do <em>Campus, <\/em>a Prefeitura do <em>Campus<\/em> da USP Ribeir\u00e3o Preto (PUSP RP), pela Biblioteca Central, pelo Centro de Tecnologia da Informa\u00e7\u00e3o de Ribeir\u00e3o Preto (CETIRP) e pelo Servi\u00e7o de Verifica\u00e7\u00e3o de \u00d3bitos do Interior (SVOI). Tamb\u00e9m est\u00e3o nele sediados os centros de excel\u00eancia em pesquisa e na \u00e1rea da sa\u00fade: o Hospital das Cl\u00ednicas (HC-FMRPUSP), o Centro Regional de Hemoterapia \u2013 Hemocentro (CRH-FMRPUSP), o Centro de Medicina Legal (CEMEL FMRP &#8211; SVOI) e o SUPERA Parque de Inova\u00e7\u00e3o e Tecnologia de Ribeir\u00e3o Preto. A comunidade USP-RP \u00e9 composta por 948 docentes, 1.650 funcion\u00e1rios (al\u00e9m de outros 500 terceirizados), 6.766 alunos de Gradua\u00e7\u00e3o, 3.517 alunos de P\u00f3s-Gradua\u00e7\u00e3o, 470 P\u00f3s-Doutorandos, mais 2.200 alunos de Resid\u00eancia, de MBA, de Aperfei\u00e7oamento e de Aprimoramento e Especializa\u00e7\u00e3o distribu\u00eddos nas diferentes Unidades do <em>Campus<\/em>, no HCFMRP e no Hemocentro. Somam-se a este volume v\u00e1rios docentes, pesquisadores e alunos visitantes de outras regi\u00f5es do Brasil e do exterior que tornam estes n\u00fameros ainda mais expressivos.<\/p>\n","protected":false},"excerpt":{"rendered":"<p>Um Pouco da Hist\u00f3ria do Campus A hist\u00f3ria do Campus da USP de Ribeir\u00e3o Preto [&hellip;]<\/p>\n","protected":false},"author":783,"featured_media":0,"parent":496,"menu_order":0,"comment_status":"closed","ping_status":"closed","template":"","meta":{"footnotes":"","_links_to":"","_links_to_target":""},"class_list":["post-206","page","type-page","status-publish","hentry"],"_links":{"self":[{"href":"https:\/\/sites.usp.br\/calourofilo\/wp-json\/wp\/v2\/pages\/206","targetHints":{"allow":["GET"]}}],"collection":[{"href":"https:\/\/sites.usp.br\/calourofilo\/wp-json\/wp\/v2\/pages"}],"about":[{"href":"https:\/\/sites.usp.br\/calourofilo\/wp-json\/wp\/v2\/types\/page"}],"author":[{"embeddable":true,"href":"https:\/\/sites.usp.br\/calourofilo\/wp-json\/wp\/v2\/users\/783"}],"replies":[{"embeddable":true,"href":"https:\/\/sites.usp.br\/calourofilo\/wp-json\/wp\/v2\/comments?post=206"}],"version-history":[{"count":5,"href":"https:\/\/sites.usp.br\/calourofilo\/wp-json\/wp\/v2\/pages\/206\/revisions"}],"predecessor-version":[{"id":506,"href":"https:\/\/sites.usp.br\/calourofilo\/wp-json\/wp\/v2\/pages\/206\/revisions\/506"}],"up":[{"embeddable":true,"href":"https:\/\/sites.usp.br\/calourofilo\/wp-json\/wp\/v2\/pages\/496"}],"wp:attachment":[{"href":"https:\/\/sites.usp.br\/calourofilo\/wp-json\/wp\/v2\/media?parent=206"}],"curies":[{"name":"wp","href":"https:\/\/api.w.org\/{rel}","templated":true}]}}