{"id":217,"date":"2018-10-25T17:01:40","date_gmt":"2018-10-25T19:01:40","guid":{"rendered":"http:\/\/sites.usp.br\/calourofilo\/?page_id=217"},"modified":"2026-02-05T12:26:11","modified_gmt":"2026-02-05T14:26:11","slug":"alimentacao","status":"publish","type":"page","link":"https:\/\/sites.usp.br\/calourofilo\/alimentacao\/","title":{"rendered":"Alimenta\u00e7\u00e3o"},"content":{"rendered":"<h4><strong>Se\u00e7\u00e3o de Alimenta\u00e7\u00e3o<\/strong><\/h4>\n<p>O <strong>Restaurante Universit\u00e1rio<\/strong> serve caf\u00e9 da manh\u00e3, almo\u00e7o e jantar por sistema\u00a0<em>self-service,\u00a0<\/em>\u00a0onde somente o prato principal \u00e9 servido em por\u00e7\u00f5es individuais. A Se\u00e7\u00e3o oferece em seus card\u00e1pios no caf\u00e9 da manh\u00e3: p\u00e3o, margarina, caf\u00e9, leite e fruta. No almo\u00e7o e no jantar: salada de folhas, saladas de legumes, carne ou op\u00e7\u00e3o vegetariana, guarni\u00e7\u00e3o, arroz, feij\u00e3o, sobremesa, suco e p\u00e3es.<\/p>\n<p>O card\u00e1pio completo \u00e9 divulgado semanalmente na p\u00e1gina\u00a0<a href=\"http:\/\/www.prefeiturarp.usp.br\/\">www.prefeiturarp.usp.br<\/a><\/p>\n<p>O controle de acesso ao restaurante \u00e9 feito\u00a0eletronicamente,\u00a0por meio do Sistema Rucard, sendo, portanto,<strong> obrigat\u00f3rio o uso da carteirinha USP\u00a0<\/strong><strong>ou do aplicativo e-Card<\/strong>.<\/p>\n<p><strong>Mais\u00a0informa\u00e7\u00f5es<\/strong>:<\/p>\n<ul>\n<li>Telefones: (16) 3315-4650\u00a0\/ 3315-4640\u00a0\/3315-9220<\/li>\n<li>E-mail:\u00a0<a href=\"mailto:scalim.pc@usp.br\" target=\"_blank\" rel=\"noopener noreferrer\">scalim.pc@usp.br<\/a><\/li>\n<li>Site:\u00a0<a href=\"http:\/\/www.prefeiturarp.usp.br\/page.asp?url=SCALIM-53\" target=\"_blank\" rel=\"noopener noreferrer\">http:\/\/www.prefeiturarp.usp.br\/page.asp?url=SCALIM-53<\/a><\/li>\n<\/ul>\n<p>&nbsp;<\/p>\n","protected":false},"excerpt":{"rendered":"<p>Se\u00e7\u00e3o de Alimenta\u00e7\u00e3o O Restaurante Universit\u00e1rio serve caf\u00e9 da manh\u00e3, almo\u00e7o e jantar por sistema\u00a0self-service,\u00a0\u00a0onde [&hellip;]<\/p>\n","protected":false},"author":783,"featured_media":0,"parent":0,"menu_order":0,"comment_status":"closed","ping_status":"closed","template":"","meta":{"footnotes":"","_links_to":"","_links_to_target":""},"class_list":["post-217","page","type-page","status-publish","hentry"],"_links":{"self":[{"href":"https:\/\/sites.usp.br\/calourofilo\/wp-json\/wp\/v2\/pages\/217","targetHints":{"allow":["GET"]}}],"collection":[{"href":"https:\/\/sites.usp.br\/calourofilo\/wp-json\/wp\/v2\/pages"}],"about":[{"href":"https:\/\/sites.usp.br\/calourofilo\/wp-json\/wp\/v2\/types\/page"}],"author":[{"embeddable":true,"href":"https:\/\/sites.usp.br\/calourofilo\/wp-json\/wp\/v2\/users\/783"}],"replies":[{"embeddable":true,"href":"https:\/\/sites.usp.br\/calourofilo\/wp-json\/wp\/v2\/comments?post=217"}],"version-history":[{"count":5,"href":"https:\/\/sites.usp.br\/calourofilo\/wp-json\/wp\/v2\/pages\/217\/revisions"}],"predecessor-version":[{"id":586,"href":"https:\/\/sites.usp.br\/calourofilo\/wp-json\/wp\/v2\/pages\/217\/revisions\/586"}],"wp:attachment":[{"href":"https:\/\/sites.usp.br\/calourofilo\/wp-json\/wp\/v2\/media?parent=217"}],"curies":[{"name":"wp","href":"https:\/\/api.w.org\/{rel}","templated":true}]}}