{"id":240,"date":"2018-10-25T17:03:16","date_gmt":"2018-10-25T19:03:16","guid":{"rendered":"http:\/\/sites.usp.br\/calourofilo\/?page_id=240"},"modified":"2023-03-13T16:23:45","modified_gmt":"2023-03-13T18:23:45","slug":"blocos-da-ffclrp","status":"publish","type":"page","link":"https:\/\/sites.usp.br\/calourofilo\/ffclrp\/blocos-da-ffclrp\/","title":{"rendered":"Blocos"},"content":{"rendered":"<h4><strong>Blocos da Fil\u00f4 Humanas<\/strong><\/h4>\n<ul>\n<li>Bloco 1 \u2013 Diretoria \/ Administra\u00e7\u00e3o FFCLRP<\/li>\n<li>Bloco 2 \u2013 Biologia (Secretaria, Laborat\u00f3rios Did\u00e1ticos)<\/li>\n<li>Bloco 3 \u2013 Psicologia (Secretaria, CINDEDI, Psicobiologia, Sala Pr\u00f3-Aluno, Laborat\u00f3rio de Ensino e Pesquisa em Psicopatologia, Drogas e Sociedade \u2013 LePsis, Laborat\u00f3rio de Psicologia da Educa\u00e7\u00e3o e Escolar-Lapees, Laborat\u00f3rio de Psicologia Socioambiental e Pr\u00e1ticas Educativas-LAPSAPE) \/ DIALOG-Laborat\u00f3rio de Pesquisa em Pr\u00e1ticas Dial\u00f3gicas e Colaborativas<\/li>\n<li>Bloco 4 \u2013 Salas de Aula \/ Cantina \/ Guarita<\/li>\n<li>Bloco 5 \u2013 Psicologia (Centro de Psicologia Aplicada \u2013 CPA, Secretaria da PG Psicologia, Psicobiologia)<\/li>\n<li>Bloco 6 \u2013 Psicologia (Psicobiologia, Psicof\u00edsica e Percep\u00e7\u00e3o, Ci\u00eancias Humanas e Sociais, Secretaria PG Psicobiologia) \/ CIDRA<\/li>\n<li>Bloco 7 \u2013 Biologia (Ecologia, Zoologia de Invertebrados, Comportamento Animal)<\/li>\n<li>Bloco 7 Anexo \u2013 Laborat\u00f3rio de Ecologia, Laborat\u00f3rio de Nutri\u00e7\u00e3o e Dep\u00f3sito de Materiais de Pesquisa<\/li>\n<li>Bloco 8 \u2013 Biologia (Ecologia, Zoologia de Invertebrados)<\/li>\n<li>Bloco 8A \u2013 Laborat\u00f3rio de Palinoecologia<\/li>\n<li>Bloco 8B \u2013 Laborat\u00f3rio de P\u00f3s-graduandos<\/li>\n<li>Bloco 8C \u2013 Escrit\u00f3rio T\u00e9cnico<\/li>\n<li>Bloco 9 \u2013 Biologia (Paleontologia, Secretaria de P\u00f3s-Gradua\u00e7\u00e3o em Biologia Comparada e Entomologia)<\/li>\n<li>Bloco 10 \u2013 Biologia (Microbiologia, Biologia Celular)<\/li>\n<li>Bloco 11 \u2013 Garagem, Setor de Suprimentos, Setores Operacionais<\/li>\n<li>Bloco 12 \u2013 Biologia (Bot\u00e2nica)<\/li>\n<li>Bloco 12A \u2013 Herb\u00e1rio<\/li>\n<li>Bloco 12 e 14 Anexo \u2013 Laborat\u00f3rio de Evolu\u00e7\u00e3o e Eco-fisiologia de Tetr\u00e1podes<\/li>\n<li>Bloco 13 \u2013 Anfiteatro Andr\u00e9 Jacquemin, Centro de Divulga\u00e7\u00e3o e Documenta\u00e7\u00e3o Cient\u00edfica (CDDC), L@IFE, Secretaria do DEDIC; Secretaria da P\u00f3s-Gradua\u00e7\u00e3o em Educa\u00e7\u00e3o; Laborat\u00f3rio Pedag\u00f3gico Paulo Freire 2<\/li>\n<li>Bloco 14 \u2013 Biologia (Fisiologia, Biologia Tecidual, Zoologia de Invertebrados)<\/li>\n<li>Bloco 15 \u2013 Biologia (Biologia Molecular, Zoologia de Invertebrados, Fisiologia)<\/li>\n<li>Bloco 16 \u2013 Centro Did\u00e1tico (Se\u00e7\u00e3o de Inform\u00e1tica, Se\u00e7\u00e3o de Audiovisual, Centro de Produ\u00e7\u00e3o Digital, Salas de Aula, Anfiteatro Lucien Lison, Zeladoria)<\/li>\n<li>Bloco 17 \u2013 Biologia (Zoologia de Vertebrados)<\/li>\n<li>Bloco 18 \u2013 Biologia (Gen\u00e9tica de Abelhas e Dros\u00f3phila)<\/li>\n<li>Bloco 19 \u2013 Biologia (Mutag\u00eanese, Citogen\u00e9tica)<\/li>\n<li>Bloco 20 \u2013 (casa 34) Psicologia (Cl\u00ednica Psicol\u00f3gica do CPA, Servi\u00e7o de Orienta\u00e7\u00e3o Profissional, N\u00facleo de Ensino e Pesquisa em Psicologia da Sa\u00fade)<\/li>\n<li>Bloco 21 \u2013 (casa 35) Psicologia (Cl\u00ednica Psicol\u00f3gica do CPA, Servi\u00e7o de Orienta\u00e7\u00e3o Profissional, N\u00facleo de Ensino e Pesquisa em Psicologia da Sa\u00fade)<\/li>\n<li>Bloco 22 \u2013 (casa 36) Biologia (Centro de Servi\u00e7os Ambientais \/ Laborat\u00f3rio de Estudos de Servi\u00e7os Ambientais)<\/li>\n<li>Bloco 23 \u2013 (casa 37) Servi\u00e7o de P\u00f3s-Gradua\u00e7\u00e3o \/ Ed\u00edcula casas 37 e 38 (Fundos) \u2013 Se\u00e7\u00e3o de Apoio Institucional<\/li>\n<li>Bloco 24 \u2013 (casa 38) Servi\u00e7o de Gradua\u00e7\u00e3o \/ Ed\u00edcula casas 37 e 38 (Fundos) \u2013 Se\u00e7\u00e3o de Apoio Institucional<\/li>\n<li>Bloco 25 \u2013 (casa 39) Biologia (N\u00facleo de Pol\u00edtica e Ci\u00eancia Ambiental)<\/li>\n<li>Bloco 26 \u2013 Macac\u00e1rio \u2013 Biologia<\/li>\n<li>Bloco 27 \u2013 Centro de Viv\u00eancia<\/li>\n<li>Bloco 28 \u2013 Laborat\u00f3rios Pedag\u00f3gicos (DEDIC e Biologia)<\/li>\n<li>Bloco 29 \u2013 M\u00fasica &#8211; Sala de Concertos da Tulha (Laborat\u00f3rio de Ci\u00eancias da Performance, Ensaio dos Corpos Est\u00e1veis, Arquivo das Orquestras, Salas de Aula e de Ensaios, Secretaria do LCP-DM)<\/li>\n<li>Bloco 30 \u2013 (Casa 11 \u2013 Rua dos Bambus) \u2013 M\u00fasica (Laborat\u00f3rio de Ci\u00eancia da Performance) \/ Futura Secretaria da USP-\u00d3pera<\/li>\n<li>Bloco 31 \u2013 (Casa 15 \u2013 Rua das Paineiras) \u2013 M\u00fasica (Secretaria do DM)<\/li>\n<li>Bloco 32 \u2013 (Casa F \u2013 Rua Func. Miguel Romualdo Aguiar, 02) \u2013 Departamento de Biologia \u2013 Laborat\u00f3rio Profa. Maria Sol<\/li>\n<li>Bloco 33 \u2013 (Casa G \u2013 Rua Func. Miguel Romualdo Aguiar, 01) \u2013 Se\u00e7\u00e3o de Suprimentos (Dep\u00f3sito patrim\u00f4nio)<\/li>\n<li>Bloco 34 \u2013 M\u00fasica \u2013 Bloco Did\u00e1tico (Salas de aula, Sala de Grava\u00e7\u00e3o e Laborat\u00f3rios)- LabPG<\/li>\n<li>Bloco 35 \u2013 Casa 118 \u2013 Rua dos T\u00e9cnicos \u2013 Departamento de Biologia \u2013 Laborat\u00f3rio de Ecologia de Comunidades e Funcionamento de Ecossistemas de Ribeir\u00e3o Preto-ECOFERP<\/li>\n<li>Bloco 36 \u2013 Casa 40 (Rua Cl\u00f3vis Vieira) \u2013 EAD-Curso de Licenciatura em Ci\u00eancias \u2013 Polo Administrativo<\/li>\n<\/ul>\n<h4><strong>Blocos da Fil\u00f4 Exatas<\/strong><\/h4>\n<ul>\n<li>Bloco 1 Exatas \u2013 DCM<\/li>\n<li>Bloco 2 Exatas \u2013 F\u00edsica<\/li>\n<li>Bloco 3 Exatas \u2013 F\u00edsica<\/li>\n<li>Bloco 4 Exatas \u2013 Bloco Did\u00e1tico \u2013 Exatas<\/li>\n<li>Bloco 5 Exatas \u2013 F\u00edsica (superior) e Qu\u00edmica (t\u00e9rreo) \u2013 LPFG-Laborat\u00f3rio de Pesquisas Forenses e Gen\u00f4micas<\/li>\n<li>Bloco 6 Exatas \u2013 Qu\u00edmica (t\u00e9rreo) \/ DEDIC (docentes do DEDIC \u2013 superior)<\/li>\n<li>Bloco 7 Exatas \u2013 Qu\u00edmica<\/li>\n<li>Bloco 8 Exatas \u2013 Qu\u00edmica<\/li>\n<li>Bloco 9 Exatas \u2013 Laborat\u00f3rios Did\u00e1ticos do Departamento de Qu\u00edmica<\/li>\n<li>Bloco 10 Exatas \u2013 Laborat\u00f3rios Did\u00e1ticos do Departamento de Qu\u00edmica<\/li>\n<li>Bloco 11 Exatas \u2013 Qu\u00edmica (LASCO)<\/li>\n<li>Bloco 12 Exatas \u2013 Sala do Compressor da C\u00e2mara Fria<\/li>\n<li>Bloco 13 Exatas \u2013 Cabine de For\u00e7a<\/li>\n<li>Bloco 14 Exatas \u2013 Dep\u00f3sito de Solventes<\/li>\n<li>Bloco 15 Exatas \u2013 Centro de Viv\u00eancia das Exatas<\/li>\n<li>Bloco 16 Exatas \u2013 Cantina<\/li>\n<li>Bloco 17 Exatas \u2013 Laborat\u00f3rio de Fotobiologia e Fotomedicina<\/li>\n<li>Bloco 18 Exatas \u2013 Qu\u00edmica<\/li>\n<\/ul>\n","protected":false},"excerpt":{"rendered":"<p>Blocos da Fil\u00f4 Humanas Bloco 1 \u2013 Diretoria \/ Administra\u00e7\u00e3o FFCLRP Bloco 2 \u2013 Biologia [&hellip;]<\/p>\n","protected":false},"author":783,"featured_media":0,"parent":501,"menu_order":0,"comment_status":"closed","ping_status":"closed","template":"","meta":{"footnotes":"","_links_to":"","_links_to_target":""},"class_list":["post-240","page","type-page","status-publish","hentry"],"_links":{"self":[{"href":"https:\/\/sites.usp.br\/calourofilo\/wp-json\/wp\/v2\/pages\/240","targetHints":{"allow":["GET"]}}],"collection":[{"href":"https:\/\/sites.usp.br\/calourofilo\/wp-json\/wp\/v2\/pages"}],"about":[{"href":"https:\/\/sites.usp.br\/calourofilo\/wp-json\/wp\/v2\/types\/page"}],"author":[{"embeddable":true,"href":"https:\/\/sites.usp.br\/calourofilo\/wp-json\/wp\/v2\/users\/783"}],"replies":[{"embeddable":true,"href":"https:\/\/sites.usp.br\/calourofilo\/wp-json\/wp\/v2\/comments?post=240"}],"version-history":[{"count":3,"href":"https:\/\/sites.usp.br\/calourofilo\/wp-json\/wp\/v2\/pages\/240\/revisions"}],"predecessor-version":[{"id":503,"href":"https:\/\/sites.usp.br\/calourofilo\/wp-json\/wp\/v2\/pages\/240\/revisions\/503"}],"up":[{"embeddable":true,"href":"https:\/\/sites.usp.br\/calourofilo\/wp-json\/wp\/v2\/pages\/501"}],"wp:attachment":[{"href":"https:\/\/sites.usp.br\/calourofilo\/wp-json\/wp\/v2\/media?parent=240"}],"curies":[{"name":"wp","href":"https:\/\/api.w.org\/{rel}","templated":true}]}}